{"id":4378,"date":"2021-05-11T10:18:16","date_gmt":"2021-05-11T03:18:16","guid":{"rendered":"https:\/\/ladigi.vn\/thiet-ke-website\/?post_type=product&#038;p=4378"},"modified":"2025-01-11T00:34:50","modified_gmt":"2025-01-10T17:34:50","slug":"thiet-ke-website-gioi-thieu-o-to-giong-vinfast","status":"publish","type":"product","link":"https:\/\/ladigi.vn\/thiet-ke-website\/mau-web\/thiet-ke-website-gioi-thieu-o-to-giong-vinfast\/","title":{"rendered":"B\u00e1n \u00d4 T\u00f4 Gi\u1ed1ng VinFast"},"content":{"rendered":"<h1>\n D\u1ecbch v\u1ee5 Thi\u1ebft k\u1ebf website B\u00e1n \u00d4 T\u00f4 Gi\u1ed1ng VinFast<br \/>\n<\/h1>\n<p>\n Ch\u00e0o m\u1eebng b\u1ea1n \u0111\u1ebfn v\u1edbi d\u1ecbch v\u1ee5 thi\u1ebft k\u1ebf website b\u00e1n \u00f4 t\u00f4 chuy\u00ean nghi\u1ec7p, n\u01a1i m\u00e0 b\u1ea1n c\u00f3 th\u1ec3 s\u1edf h\u1eefu m\u1ed9t trang web kh\u00f4ng ch\u1ec9 \u0111\u1eb9p m\u1eaft m\u00e0 c\u00f2n d\u1ec5 s\u1eed d\u1ee5ng v\u00e0 t\u1ed1i \u01b0u cho m\u1ecdi thi\u1ebft b\u1ecb. V\u1edbi giao di\u1ec7n \u0111\u01b0\u1ee3c thi\u1ebft k\u1ebf tinh t\u1ebf, ch\u00fang t\u00f4i \u0111\u1ea3m b\u1ea3o mang \u0111\u1ebfn cho b\u1ea1n m\u1ed9t tr\u1ea3i nghi\u1ec7m ng\u01b0\u1eddi d\u00f9ng tuy\u1ec7t v\u1eddi c\u00f9ng v\u1edbi h\u00ecnh \u1ea3nh s\u1ea3n ph\u1ea9m s\u1eafc n\u00e9t, thu h\u00fat s\u1ef1 ch\u00fa \u00fd c\u1ee7a kh\u00e1ch h\u00e0ng.\n<\/p>\n<p>\n <strong><br \/>\n  T\u00ednh n\u0103ng n\u1ed5i b\u1eadt c\u1ee7a d\u1ecbch v\u1ee5 thi\u1ebft k\u1ebf website b\u00e1n \u00f4 t\u00f4 gi\u1ed1ng VinFast:<br \/>\n <\/strong>\n<\/p>\n<ul>\n<li>\n<p>\n   <strong><br \/>\n    Giao di\u1ec7n chuy\u00ean nghi\u1ec7p:<br \/>\n   <\/strong><br \/>\n   Website c\u1ee7a b\u1ea1n s\u1ebd \u0111\u01b0\u1ee3c thi\u1ebft k\u1ebf v\u1edbi giao di\u1ec7n \u0111\u1eb9p, hi\u1ec7n \u0111\u1ea1i v\u00e0 d\u1ec5 s\u1eed d\u1ee5ng, gi\u00fap kh\u00e1ch h\u00e0ng d\u1ec5 d\u00e0ng t\u00ecm ki\u1ebfm v\u00e0 ch\u1ecdn l\u1ef1a \u00f4 t\u00f4.\n  <\/p>\n<\/li>\n<li>\n<p>\n   <strong><br \/>\n    T\u01b0\u01a1ng th\u00edch tr\u00ean m\u1ecdi thi\u1ebft b\u1ecb:<br \/>\n   <\/strong><br \/>\n   Ch\u00fang t\u00f4i cam k\u1ebft r\u1eb1ng website c\u1ee7a b\u1ea1n s\u1ebd ho\u1ea1t \u0111\u1ed9ng ho\u00e0n h\u1ea3o tr\u00ean m\u1ecdi lo\u1ea1i thi\u1ebft b\u1ecb, t\u1eeb m\u00e1y t\u00ednh b\u00e0n \u0111\u1ebfn \u0111i\u1ec7n tho\u1ea1i di \u0111\u1ed9ng, mang l\u1ea1i tr\u1ea3i nghi\u1ec7m ng\u01b0\u1eddi d\u00f9ng li\u1ec1n m\u1ea1ch.\n  <\/p>\n<\/li>\n<li>\n<p>\n   <strong><br \/>\n    M\u00e3 ngu\u1ed3n WordPress v\u1edbi Theme Flatsome v\u00e0 UX Builder:<br \/>\n   <\/strong><br \/>\n   V\u1edbi m\u00e3 ngu\u1ed3n WordPress, b\u1ea1n c\u00f3 th\u1ec3 d\u1ec5 d\u00e0ng t\u00f9y bi\u1ebfn n\u1ed9i dung v\u00e0 giao di\u1ec7n trang web c\u1ee7a m\u00ecnh th\u00f4ng qua theme Flatsome v\u00e0 c\u00f4ng c\u1ee5 UX Builder. \u0110i\u1ec1u n\u00e0y gi\u00fap b\u1ea1n ti\u1ebft ki\u1ec7m th\u1eddi gian v\u00e0 d\u1ec5 d\u00e0ng th\u1ef1c hi\u1ec7n c\u00e1c thay \u0111\u1ed5i khi c\u1ea7n thi\u1ebft.\n  <\/p>\n<\/li>\n<li>\n<p>\n   <strong><br \/>\n    T\u1ed1c \u0111\u1ed9 t\u1ea3i trang nhanh:<br \/>\n   <\/strong><br \/>\n   Ch\u00fang t\u00f4i t\u1ed1i \u01b0u h\u00f3a t\u1ed1c \u0111\u1ed9 t\u1ea3i trang, gi\u00fap kh\u00e1ch h\u00e0ng kh\u00f4ng ph\u1ea3i ch\u1edd \u0111\u1ee3i l\u00e2u khi truy c\u1eadp website. \u0110i\u1ec1u n\u00e0y kh\u00f4ng ch\u1ec9 n\u00e2ng cao tr\u1ea3i nghi\u1ec7m ng\u01b0\u1eddi d\u00f9ng m\u00e0 c\u00f2n c\u00f3 th\u1ec3 c\u1ea3i thi\u1ec7n th\u1ee9 h\u1ea1ng SEO c\u1ee7a b\u1ea1n tr\u00ean c\u00e1c c\u00f4ng c\u1ee5 t\u00ecm ki\u1ebfm.\n  <\/p>\n<\/li>\n<\/ul>\n<p>\n N\u1ebfu b\u1ea1n \u0111ang t\u00ecm ki\u1ebfm m\u1ed9t d\u1ecbch v\u1ee5 thi\u1ebft k\u1ebf website uy t\u00edn v\u00e0 chuy\u00ean nghi\u1ec7p, h\u00e3y \u0111\u1ebfn v\u1edbi<br \/>\n <strong><br \/>\n  LADIGI Agency<br \/>\n <\/strong><br \/>\n . Ch\u00fang t\u00f4i lu\u00f4n s\u1eb5n s\u00e0ng \u0111\u1ed3ng h\u00e0nh c\u00f9ng b\u1ea1n trong vi\u1ec7c x\u00e2y d\u1ef1ng m\u1ed9t website b\u00e1n \u00f4 t\u00f4 \u1ea5n t\u01b0\u1ee3ng v\u00e0 hi\u1ec7u qu\u1ea3.\n<\/p>\n<p>\n Kh\u00e1m ph\u00e1 th\u00eam v\u1ec1 ch\u00fang t\u00f4i t\u1ea1i \u0111\u00e2y:<br \/>\n <a href=\"https:\/\/ladigi.vn\/thiet-ke-website\/\"><br \/>\n  Thi\u1ebft k\u1ebf giao di\u1ec7n website LADIGI<br \/>\n <\/a><\/p>\n","protected":false},"excerpt":{"rendered":"<p>D\u1ecbch v\u1ee5 thi\u1ebft k\u1ebf website b\u00e1n \u00f4 t\u00f4 gi\u1ed1ng VinFast cung c\u1ea5p giao di\u1ec7n \u0111\u1eb9p, chuy\u00ean nghi\u1ec7p v\u00e0 d\u1ec5 s\u1eed d\u1ee5ng. Website t\u01b0\u01a1ng th\u00edch tr\u00ean m\u1ecdi thi\u1ebft b\u1ecb, s\u1eed d\u1ee5ng m\u00e3 ngu\u1ed3n Wordpress v\u1edbi Theme Flatsome v\u00e0 UX Builder gi\u00fap t\u00f9y bi\u1ebfn d\u1ec5 d\u00e0ng. T\u1ed1c \u0111\u1ed9 t\u1ea3i trang nhanh, t\u1ed1i \u01b0u tr\u1ea3i nghi\u1ec7m ng\u01b0\u1eddi d\u00f9ng.<\/p>\n","protected":false},"featured_media":4380,"comment_status":"open","ping_status":"closed","template":"","meta":[],"product_cat":[16,33],"product_tag":[24],"class_list":{"0":"post-4378","1":"product","2":"type-product","3":"status-publish","4":"has-post-thumbnail","6":"product_cat-tat-ca","7":"product_cat-o-to","8":"product_tag-cong-ty","10":"first","11":"instock","12":"shipping-taxable","13":"purchasable","14":"product-type-simple"},"_links":{"self":[{"href":"https:\/\/ladigi.vn\/thiet-ke-website\/wp-json\/wp\/v2\/product\/4378","targetHints":{"allow":["GET"]}}],"collection":[{"href":"https:\/\/ladigi.vn\/thiet-ke-website\/wp-json\/wp\/v2\/product"}],"about":[{"href":"https:\/\/ladigi.vn\/thiet-ke-website\/wp-json\/wp\/v2\/types\/product"}],"replies":[{"embeddable":true,"href":"https:\/\/ladigi.vn\/thiet-ke-website\/wp-json\/wp\/v2\/comments?post=4378"}],"wp:featuredmedia":[{"embeddable":true,"href":"https:\/\/ladigi.vn\/thiet-ke-website\/wp-json\/wp\/v2\/media\/4380"}],"wp:attachment":[{"href":"https:\/\/ladigi.vn\/thiet-ke-website\/wp-json\/wp\/v2\/media?parent=4378"}],"wp:term":[{"taxonomy":"product_cat","embeddable":true,"href":"https:\/\/ladigi.vn\/thiet-ke-website\/wp-json\/wp\/v2\/product_cat?post=4378"},{"taxonomy":"product_tag","embeddable":true,"href":"https:\/\/ladigi.vn\/thiet-ke-website\/wp-json\/wp\/v2\/product_tag?post=4378"}],"curies":[{"name":"wp","href":"https:\/\/api.w.org\/{rel}","templated":true}]}}