{"id":4384,"date":"2021-05-11T10:19:39","date_gmt":"2021-05-11T03:19:39","guid":{"rendered":"https:\/\/ladigi.vn\/thiet-ke-website\/?post_type=product&#038;p=4384"},"modified":"2025-01-11T00:37:33","modified_gmt":"2025-01-10T17:37:33","slug":"thiet-ke-web-trung-tam-anh-ngu-mau-so-3","status":"publish","type":"product","link":"https:\/\/ladigi.vn\/thiet-ke-website\/mau-web\/thiet-ke-web-trung-tam-anh-ngu-mau-so-3\/","title":{"rendered":"Trung T\u00e2m Anh Ng\u1eef"},"content":{"rendered":"<h1>\n D\u1ecbch v\u1ee5 Thi\u1ebft k\u1ebf website Trung T\u00e2m Anh Ng\u1eef<br \/>\n<\/h1>\n<p>\n Ch\u00e0o m\u1eebng b\u1ea1n \u0111\u1ebfn v\u1edbi d\u1ecbch v\u1ee5 thi\u1ebft k\u1ebf website chuy\u00ean bi\u1ec7t cho c\u00e1c Trung T\u00e2m Anh Ng\u1eef! V\u1edbi \u0111\u1ed9i ng\u0169 thi\u1ebft k\u1ebf chuy\u00ean nghi\u1ec7p v\u00e0 nhi\u1ec1u n\u0103m kinh nghi\u1ec7m, ch\u00fang t\u00f4i cam k\u1ebft mang \u0111\u1ebfn cho b\u1ea1n m\u1ed9t website kh\u00f4ng ch\u1ec9 \u0111\u1eb9p m\u1eaft m\u00e0 c\u00f2n ph\u00f9 h\u1ee3p v\u1edbi t\u1ea5t c\u1ea3 nhu c\u1ea7u c\u1ee7a b\u1ea1n.\n<\/p>\n<h2>\n Giao Di\u1ec7n \u0110\u1eb9p, Chuy\u00ean Nghi\u1ec7p, D\u1ec5 S\u1eed D\u1ee5ng<br \/>\n<\/h2>\n<p>\n Ch\u00fang t\u00f4i hi\u1ec3u r\u1eb1ng \u1ea5n t\u01b0\u1ee3ng \u0111\u1ea7u ti\u00ean l\u00e0 r\u1ea5t quan tr\u1ecdng. Ch\u00ednh v\u00ec th\u1ebf, giao di\u1ec7n website c\u1ee7a b\u1ea1n s\u1ebd \u0111\u01b0\u1ee3c thi\u1ebft k\u1ebf \u0111\u1eb9p v\u00e0 \u0111\u1ea7y t\u00ednh chuy\u00ean nghi\u1ec7p. Ng\u01b0\u1eddi d\u00f9ng s\u1ebd d\u1ec5 d\u00e0ng \u0111i\u1ec1u h\u01b0\u1edbng v\u00e0 t\u00ecm th\u1ea5y th\u00f4ng tin m\u00e0 h\u1ecd c\u1ea7n, t\u1eeb \u0111\u00f3 n\u00e2ng cao tr\u1ea3i nghi\u1ec7m ng\u01b0\u1eddi s\u1eed d\u1ee5ng c\u0169ng nh\u01b0 t\u0103ng kh\u1ea3 n\u0103ng t\u01b0\u01a1ng t\u00e1c v\u1edbi kh\u00e1ch h\u00e0ng.\n<\/p>\n<h2>\n T\u01b0\u01a1ng Th\u00edch Tr\u00ean M\u1ecdi Thi\u1ebft B\u1ecb<br \/>\n<\/h2>\n<p>\n Trong th\u1eddi \u0111\u1ea1i c\u00f4ng ngh\u1ec7 ng\u00e0y nay, vi\u1ec7c truy c\u1eadp website t\u1eeb nhi\u1ec1u thi\u1ebft b\u1ecb kh\u00e1c nhau l\u00e0 h\u1ebft s\u1ee9c ph\u1ed5 bi\u1ebfn. \u0110\u00f3 l\u00e0 l\u00fd do t\u1ea1i sao website c\u1ee7a b\u1ea1n s\u1ebd \u0111\u01b0\u1ee3c t\u1ed1i \u01b0u h\u00f3a \u0111\u1ec3 t\u01b0\u01a1ng th\u00edch tr\u00ean m\u1ecdi thi\u1ebft b\u1ecb, t\u1eeb m\u00e1y t\u00ednh \u0111\u1ec3 b\u00e0n cho \u0111\u1ebfn \u0111i\u1ec7n tho\u1ea1i di \u0111\u1ed9ng v\u00e0 m\u00e1y t\u00ednh b\u1ea3ng. \u0110i\u1ec1u n\u00e0y gi\u00fap \u0111\u1ea3m b\u1ea3o r\u1eb1ng ng\u01b0\u1eddi d\u00f9ng c\u00f3 th\u1ec3 truy c\u1eadp th\u00f4ng tin m\u1ecdi l\u00fac, m\u1ecdi n\u01a1i.\n<\/p>\n<h2>\n M\u00e3 Ngu\u1ed3n WordPress v\u1edbi Theme Flatsome v\u00e0 UX Builder<br \/>\n<\/h2>\n<p>\n Website c\u1ee7a b\u1ea1n s\u1ebd \u0111\u01b0\u1ee3c x\u00e2y d\u1ef1ng tr\u00ean n\u1ec1n t\u1ea3ng WordPress m\u1ea1nh m\u1ebd, s\u1eed d\u1ee5ng Theme Flatsome v\u1edbi UX Builder, cho ph\u00e9p b\u1ea1n d\u1ec5 d\u00e0ng t\u00f9y ch\u1ec9nh n\u1ed9i dung theo \u00fd mu\u1ed1n m\u00e0 kh\u00f4ng c\u1ea7n ki\u1ebfn th\u1ee9c l\u1eadp tr\u00ecnh s\u00e2u. B\u1ea1n c\u00f3 th\u1ec3 thay \u0111\u1ed5i h\u00ecnh \u1ea3nh, v\u0103n b\u1ea3n v\u00e0 c\u1ea5u tr\u00fac trang ch\u1ec9 v\u1edbi v\u00e0i c\u00fa nh\u1ea5p chu\u1ed9t, gi\u00fap b\u1ea1n ti\u1ebft ki\u1ec7m th\u1eddi gian v\u00e0 t\u1ed1i \u01b0u h\u00f3a quy tr\u00ecnh qu\u1ea3n l\u00fd n\u1ed9i dung.\n<\/p>\n<h2>\n T\u1ed1c \u0110\u1ed9 T\u1ea3i Trang Nhanh<br \/>\n<\/h2>\n<p>\n Ch\u00fang t\u00f4i lu\u00f4n \u0111\u1eb7t t\u1ed1c \u0111\u1ed9 t\u1ea3i trang l\u00ean h\u00e0ng \u0111\u1ea7u. Website nhanh gi\u00fap c\u1ea3i thi\u1ec7n tr\u1ea3i nghi\u1ec7m ng\u01b0\u1eddi d\u00f9ng v\u00e0 t\u0103ng kh\u1ea3 n\u0103ng gi\u1eef ch\u00e2n kh\u00e1ch h\u00e0ng. Kh\u00e1ch h\u00e0ng s\u1ebd kh\u00f4ng ph\u1ea3i ch\u1edd \u0111\u1ee3i l\u00e2u, t\u1eeb \u0111\u00f3 gi\u1ea3m t\u1ef7 l\u1ec7 tho\u00e1t trang v\u00e0 n\u00e2ng cao hi\u1ec7u qu\u1ea3 kinh doanh c\u1ee7a b\u1ea1n.\n<\/p>\n<p>\n Ch\u00fang t\u00f4i t\u1ef1 h\u00e0o l\u00e0 \u0111\u01a1n v\u1ecb thi\u1ebft k\u1ebf website h\u00e0ng \u0111\u1ea7u v\u1edbi ch\u1ea5t l\u01b0\u1ee3ng d\u1ecbch v\u1ee5 t\u1ed1t nh\u1ea5t. H\u00e3y \u0111\u1ec3 LADIGI gi\u00fap b\u1ea1n x\u00e2y d\u1ef1ng m\u1ed9t website Trung T\u00e2m Anh Ng\u1eef \u1ea5n t\u01b0\u1ee3ng v\u00e0 chuy\u00ean nghi\u1ec7p.\n<\/p>\n<p>\n N\u1ebfu b\u1ea1n \u0111ang t\u00ecm ki\u1ebfm m\u1ed9t \u0111\u01a1n v\u1ecb thi\u1ebft k\u1ebf website uy t\u00edn, h\u00e3y tham kh\u1ea3o<br \/>\n <a href=\"https:\/\/ladigi.vn\/thiet-ke-website\/\"><br \/>\n  D\u1ecbch v\u1ee5 thi\u1ebft k\u1ebf giao di\u1ec7n website tr\u1ecdn g\u00f3i LADIGI<br \/>\n <\/a><br \/>\n \u0111\u1ec3 \u0111\u01b0\u1ee3c t\u01b0 v\u1ea5n v\u00e0 b\u00e1o gi\u00e1 chi ti\u1ebft. Ch\u00fang t\u00f4i r\u1ea5t mong \u0111\u01b0\u1ee3c \u0111\u1ed3ng h\u00e0nh c\u00f9ng b\u1ea1n!<\/p>\n","protected":false},"excerpt":{"rendered":"<p>D\u1ecbch v\u1ee5 Thi\u1ebft k\u1ebf website Trung T\u00e2m Anh Ng\u1eef mang \u0111\u1ebfn giao di\u1ec7n chuy\u00ean nghi\u1ec7p, b\u1eaft m\u1eaft v\u00e0 d\u1ec5 s\u1eed d\u1ee5ng. Website ho\u00e0n to\u00e0n t\u01b0\u01a1ng th\u00edch tr\u00ean m\u1ecdi thi\u1ebft b\u1ecb, s\u1eed d\u1ee5ng m\u00e3 ngu\u1ed3n WordPress v\u1edbi Theme Flatsome v\u00e0 UX Builder t\u00f9y bi\u1ebfn linh ho\u1ea1t, c\u00f9ng t\u1ed1c \u0111\u1ed9 t\u1ea3i trang nhanh ch\u00f3ng cho tr\u1ea3i nghi\u1ec7m t\u1ed1t nh\u1ea5t.<\/p>\n","protected":false},"featured_media":4385,"comment_status":"open","ping_status":"closed","template":"","meta":[],"product_cat":[16,32,36],"product_tag":[24],"class_list":{"0":"post-4384","1":"product","2":"type-product","3":"status-publish","4":"has-post-thumbnail","6":"product_cat-tat-ca","7":"product_cat-giao-duc","8":"product_cat-trung-tam","9":"product_tag-cong-ty","11":"first","12":"instock","13":"shipping-taxable","14":"purchasable","15":"product-type-simple"},"_links":{"self":[{"href":"https:\/\/ladigi.vn\/thiet-ke-website\/wp-json\/wp\/v2\/product\/4384","targetHints":{"allow":["GET"]}}],"collection":[{"href":"https:\/\/ladigi.vn\/thiet-ke-website\/wp-json\/wp\/v2\/product"}],"about":[{"href":"https:\/\/ladigi.vn\/thiet-ke-website\/wp-json\/wp\/v2\/types\/product"}],"replies":[{"embeddable":true,"href":"https:\/\/ladigi.vn\/thiet-ke-website\/wp-json\/wp\/v2\/comments?post=4384"}],"wp:featuredmedia":[{"embeddable":true,"href":"https:\/\/ladigi.vn\/thiet-ke-website\/wp-json\/wp\/v2\/media\/4385"}],"wp:attachment":[{"href":"https:\/\/ladigi.vn\/thiet-ke-website\/wp-json\/wp\/v2\/media?parent=4384"}],"wp:term":[{"taxonomy":"product_cat","embeddable":true,"href":"https:\/\/ladigi.vn\/thiet-ke-website\/wp-json\/wp\/v2\/product_cat?post=4384"},{"taxonomy":"product_tag","embeddable":true,"href":"https:\/\/ladigi.vn\/thiet-ke-website\/wp-json\/wp\/v2\/product_tag?post=4384"}],"curies":[{"name":"wp","href":"https:\/\/api.w.org\/{rel}","templated":true}]}}