{"id":4394,"date":"2021-05-11T10:28:33","date_gmt":"2021-05-11T03:28:33","guid":{"rendered":"https:\/\/ladigi.vn\/thiet-ke-website\/?post_type=product&#038;p=4394"},"modified":"2025-01-11T00:42:01","modified_gmt":"2025-01-10T17:42:01","slug":"thiet-ke-website-ban-tour-du-lich-mau-so-3","status":"publish","type":"product","link":"https:\/\/ladigi.vn\/thiet-ke-website\/mau-web\/thiet-ke-website-ban-tour-du-lich-mau-so-3\/","title":{"rendered":"B\u00e1n Tour Du L\u1ecbch"},"content":{"rendered":"<h1>\n D\u1ecbch v\u1ee5 Thi\u1ebft k\u1ebf website B\u00e1n Tour Du L\u1ecbch<br \/>\n<\/h1>\n<p>\n B\u1ea1n \u0111ang t\u00ecm ki\u1ebfm m\u1ed9t d\u1ecbch v\u1ee5 thi\u1ebft k\u1ebf website b\u00e1n tour du l\u1ecbch \u0111\u1eb9p, chuy\u00ean nghi\u1ec7p v\u00e0 d\u1ec5 s\u1eed d\u1ee5ng? Ch\u00fang t\u00f4i t\u1ef1 h\u00e0o gi\u1edbi thi\u1ec7u gi\u1ea3i ph\u00e1p thi\u1ebft k\u1ebf website ho\u00e0n h\u1ea3o cho ng\u00e0nh du l\u1ecbch, mang \u0111\u1ebfn cho b\u1ea1n m\u1ed9t giao di\u1ec7n kh\u00f4ng ch\u1ec9 b\u1eaft m\u1eaft m\u00e0 c\u00f2n d\u1ec5 d\u00e0ng thao t\u00e1c.\n<\/p>\n<h2>\n Giao di\u1ec7n \u0111\u1eb9p v\u00e0 d\u1ec5 s\u1eed d\u1ee5ng<br \/>\n<\/h2>\n<p>\n Ch\u00fang t\u00f4i cam k\u1ebft mang \u0111\u1ebfn cho b\u1ea1n m\u1ed9t giao di\u1ec7n web \u0111\u01b0\u1ee3c thi\u1ebft k\u1ebf t\u1ec9 m\u1ec9, chuy\u00ean nghi\u1ec7p v\u00e0 th\u00e2n thi\u1ec7n v\u1edbi ng\u01b0\u1eddi d\u00f9ng. Kh\u00e1ch h\u00e0ng s\u1ebd c\u00f3 tr\u1ea3i nghi\u1ec7m mua s\u1eafm tuy\u1ec7t v\u1eddi khi d\u1ec5 d\u00e0ng t\u00ecm ki\u1ebfm th\u00f4ng tin, l\u1ef1a ch\u1ecdn tour v\u00e0 thanh to\u00e1n m\u1ed9t c\u00e1ch nhanh ch\u00f3ng.\n<\/p>\n<h2>\n T\u01b0\u01a1ng th\u00edch tr\u00ean m\u1ecdi thi\u1ebft b\u1ecb<br \/>\n<\/h2>\n<p>\n Website c\u1ee7a b\u1ea1n s\u1ebd \u0111\u01b0\u1ee3c t\u1ed1i \u01b0u h\u00f3a \u0111\u1ec3 ho\u1ea1t \u0111\u1ed9ng t\u1ed1t tr\u00ean m\u1ecdi thi\u1ebft b\u1ecb, t\u1eeb m\u00e1y t\u00ednh \u0111\u1ec3 b\u00e0n \u0111\u1ebfn smartphone, gi\u00fap b\u1ea3o \u0111\u1ea3m r\u1eb1ng kh\u00e1ch h\u00e0ng c\u00f3 th\u1ec3 truy c\u1eadp d\u1ec5 d\u00e0ng b\u1ea5t c\u1ee9 l\u00fac n\u00e0o, \u1edf \u0111\u00e2u.\n<\/p>\n<h2>\n M\u00e3 ngu\u1ed3n WordPress v\u1edbi Theme Flatsome v\u00e0 UX Builder<br \/>\n<\/h2>\n<p>\n Ch\u00fang t\u00f4i s\u1eed d\u1ee5ng m\u00e3 ngu\u1ed3n WordPress v\u1eefng ch\u1eafc, k\u1ebft h\u1ee3p v\u1edbi Theme Flatsome v\u00e0 UX Builder gi\u00fap b\u1ea1n d\u1ec5 d\u00e0ng t\u00f9y bi\u1ebfn giao di\u1ec7n theo \u00fd mu\u1ed1n c\u1ee7a m\u00ecnh. B\u1ea1n s\u1ebd kh\u00f4ng c\u1ea7n qu\u00e1 am hi\u1ec3u v\u1ec1 c\u00f4ng ngh\u1ec7 m\u00e0 v\u1eabn c\u00f3 th\u1ec3 qu\u1ea3n l\u00fd v\u00e0 thay \u0111\u1ed5i n\u1ed9i dung website m\u1ed9t c\u00e1ch linh ho\u1ea1t.\n<\/p>\n<h2>\n T\u1ed1c \u0111\u1ed9 t\u1ea3i trang nhanh<br \/>\n<\/h2>\n<p>\n Ch\u00fang t\u00f4i hi\u1ec3u r\u1eb1ng t\u1ed1c \u0111\u1ed9 t\u1ea3i trang l\u00e0 y\u1ebfu t\u1ed1 s\u1ed1ng c\u00f2n trong vi\u1ec7c gi\u1eef ch\u00e2n kh\u00e1ch h\u00e0ng. V\u1edbi gi\u1ea3i ph\u00e1p thi\u1ebft k\u1ebf website t\u1ed1i \u01b0u, ch\u00fang t\u00f4i cam k\u1ebft mang \u0111\u1ebfn tr\u1ea3i nghi\u1ec7m l\u01b0\u1edbt web nhanh ch\u00f3ng, m\u01b0\u1ee3t m\u00e0 gi\u00fap kh\u00e1ch h\u00e0ng kh\u00f4ng ph\u1ea3i ch\u1edd \u0111\u1ee3i.\n<\/p>\n<hr\/>\n<p>\n N\u1ebfu b\u1ea1n \u0111ang t\u00ecm ki\u1ebfm m\u1ed9t \u0111\u01a1n v\u1ecb thi\u1ebft k\u1ebf website uy t\u00edn v\u00e0 ch\u1ea5t l\u01b0\u1ee3ng, h\u00e3y li\u00ean h\u1ec7 v\u1edbi<br \/>\n <strong><br \/>\n  LADIGI Agency<br \/>\n <\/strong><br \/>\n . Ch\u00fang t\u00f4i s\u1ebd gi\u00fap b\u1ea1n x\u00e2y d\u1ef1ng m\u1ed9t website b\u00e1n tour du l\u1ecbch kh\u00f4ng ch\u1ec9 \u0111\u1eb9p m\u1eaft m\u00e0 c\u00f2n hi\u1ec7u qu\u1ea3 trong kinh doanh.\n<\/p>\n<p>\n <a href=\"https:\/\/ladigi.vn\/thiet-ke-website\/\"><br \/>\n  C\u00e1c d\u1ecbch v\u1ee5 thi\u1ebft k\u1ebf website \u0111a n\u1ec1n t\u1ea3ng<br \/>\n <\/a><br \/>\n c\u1ee7a ch\u00fang t\u00f4i s\u1ebd \u0111\u00e1p \u1ee9ng m\u1ecdi nhu c\u1ea7u c\u1ee7a b\u1ea1n. H\u00e3y \u0111\u1ec3 ch\u00fang t\u00f4i \u0111\u1ed3ng h\u00e0nh c\u00f9ng b\u1ea1n tr\u00ean con \u0111\u01b0\u1eddng ph\u00e1t tri\u1ec3n kinh doanh du l\u1ecbch!<\/p>\n","protected":false},"excerpt":{"rendered":"<p>D\u1ecbch v\u1ee5 thi\u1ebft k\u1ebf website b\u00e1n tour du l\u1ecbch mang \u0111\u1ebfn giao di\u1ec7n \u0111\u1eb9p, chuy\u00ean nghi\u1ec7p v\u00e0 d\u1ec5 s\u1eed d\u1ee5ng, t\u01b0\u01a1ng th\u00edch tr\u00ean m\u1ecdi thi\u1ebft b\u1ecb. S\u1eed d\u1ee5ng m\u00e3 ngu\u1ed3n Wordpress v\u1edbi Theme Flatsome v\u00e0 UX Builder, gi\u00fap t\u00f9y bi\u1ebfn d\u1ec5 d\u00e0ng. \u0110\u1eb7c bi\u1ec7t, t\u1ed1c \u0111\u1ed9 t\u1ea3i trang nhanh ch\u00f3ng, n\u00e2ng cao tr\u1ea3i nghi\u1ec7m ng\u01b0\u1eddi d\u00f9ng.<\/p>\n","protected":false},"featured_media":4397,"comment_status":"open","ping_status":"closed","template":"","meta":[],"product_cat":[16,27],"product_tag":[24],"class_list":{"0":"post-4394","1":"product","2":"type-product","3":"status-publish","4":"has-post-thumbnail","6":"product_cat-tat-ca","7":"product_cat-du-lich","8":"product_tag-cong-ty","10":"first","11":"instock","12":"shipping-taxable","13":"purchasable","14":"product-type-simple"},"_links":{"self":[{"href":"https:\/\/ladigi.vn\/thiet-ke-website\/wp-json\/wp\/v2\/product\/4394","targetHints":{"allow":["GET"]}}],"collection":[{"href":"https:\/\/ladigi.vn\/thiet-ke-website\/wp-json\/wp\/v2\/product"}],"about":[{"href":"https:\/\/ladigi.vn\/thiet-ke-website\/wp-json\/wp\/v2\/types\/product"}],"replies":[{"embeddable":true,"href":"https:\/\/ladigi.vn\/thiet-ke-website\/wp-json\/wp\/v2\/comments?post=4394"}],"wp:featuredmedia":[{"embeddable":true,"href":"https:\/\/ladigi.vn\/thiet-ke-website\/wp-json\/wp\/v2\/media\/4397"}],"wp:attachment":[{"href":"https:\/\/ladigi.vn\/thiet-ke-website\/wp-json\/wp\/v2\/media?parent=4394"}],"wp:term":[{"taxonomy":"product_cat","embeddable":true,"href":"https:\/\/ladigi.vn\/thiet-ke-website\/wp-json\/wp\/v2\/product_cat?post=4394"},{"taxonomy":"product_tag","embeddable":true,"href":"https:\/\/ladigi.vn\/thiet-ke-website\/wp-json\/wp\/v2\/product_tag?post=4394"}],"curies":[{"name":"wp","href":"https:\/\/api.w.org\/{rel}","templated":true}]}}