{"id":4401,"date":"2021-05-11T10:31:39","date_gmt":"2021-05-11T03:31:39","guid":{"rendered":"https:\/\/ladigi.vn\/thiet-ke-website\/?post_type=product&#038;p=4401"},"modified":"2025-01-11T00:44:43","modified_gmt":"2025-01-10T17:44:43","slug":"thiet-ke-web-shop-hoa-tuoi-mau-so-3","status":"publish","type":"product","link":"https:\/\/ladigi.vn\/thiet-ke-website\/mau-web\/thiet-ke-web-shop-hoa-tuoi-mau-so-3\/","title":{"rendered":"Shop B\u00e1n Hoa T\u01b0\u01a1i"},"content":{"rendered":"<h1>\n D\u1ecbch v\u1ee5 Thi\u1ebft k\u1ebf website Shop B\u00e1n Hoa T\u01b0\u01a1i<br \/>\n<\/h1>\n<p>\n Trong th\u1eddi \u0111\u1ea1i c\u00f4ng ngh\u1ec7 s\u1ed1 hi\u1ec7n nay, vi\u1ec7c s\u1edf h\u1eefu m\u1ed9t website b\u00e1n hoa t\u01b0\u01a1i \u0111\u1eb9p v\u00e0 chuy\u00ean nghi\u1ec7p l\u00e0 \u0111i\u1ec1u v\u00f4 c\u00f9ng c\u1ea7n thi\u1ebft gi\u00fap b\u1ea1n thu h\u00fat kh\u00e1ch h\u00e0ng v\u00e0 n\u00e2ng cao doanh thu. Ch\u00fang t\u00f4i cung c\u1ea5p d\u1ecbch v\u1ee5 thi\u1ebft k\u1ebf website shop b\u00e1n hoa t\u01b0\u01a1i v\u1edbi nh\u1eefng \u0111\u1eb7c \u0111i\u1ec3m n\u1ed5i b\u1eadt gi\u00fap b\u1ea1n n\u1ed5i b\u1eadt gi\u1eefa th\u1ecb tr\u01b0\u1eddng c\u1ea1nh tranh.\n<\/p>\n<h2>\n Giao di\u1ec7n web \u0111\u1eb9p v\u00e0 chuy\u00ean nghi\u1ec7p<br \/>\n<\/h2>\n<p>\n Ch\u00fang t\u00f4i mang \u0111\u1ebfn cho b\u1ea1n m\u1ed9t giao di\u1ec7n website \u0111\u01b0\u1ee3c thi\u1ebft k\u1ebf tinh t\u1ebf, hi\u1ec7n \u0111\u1ea1i v\u00e0 chuy\u00ean nghi\u1ec7p. Ngh\u1ec7 thu\u1eadt trong thi\u1ebft k\u1ebf giao di\u1ec7n gi\u00fap t\u1ea1o \u1ea5n t\u01b0\u1ee3ng t\u1ed1t v\u1edbi kh\u00e1ch h\u00e0ng ngay t\u1eeb c\u00e1i nh\u00ecn \u0111\u1ea7u ti\u00ean, t\u1eeb \u0111\u00f3 gia t\u0103ng t\u1ef7 l\u1ec7 chuy\u1ec3n \u0111\u1ed5i kh\u00e1ch h\u00e0ng. C\u00e1c y\u1ebfu t\u1ed1 nh\u01b0 m\u00e0u s\u1eafc, b\u1ed1 c\u1ee5c v\u00e0 h\u00ecnh \u1ea3nh \u0111\u1ec1u \u0111\u01b0\u1ee3c ch\u00fa tr\u1ecdng \u0111\u1ec3 t\u1ea1o n\u00ean m\u1ed9t kh\u00f4ng gian mua s\u1eafm h\u00e0i h\u00f2a v\u00e0 d\u1ec5 ch\u1ecbu.\n<\/p>\n<h2>\n T\u01b0\u01a1ng th\u00edch tr\u00ean m\u1ecdi thi\u1ebft b\u1ecb<br \/>\n<\/h2>\n<p>\n V\u1edbi xu th\u1ebf s\u1eed d\u1ee5ng di \u0111\u1ed9ng ng\u00e0y c\u00e0ng t\u0103ng, website c\u1ee7a b\u1ea1n c\u1ea7n ph\u1ea3i ho\u1ea1t \u0111\u1ed9ng t\u1ed1t tr\u00ean m\u1ecdi thi\u1ebft b\u1ecb, t\u1eeb m\u00e1y t\u00ednh \u0111\u1ec3 b\u00e0n \u0111\u1ebfn smartphone. Ch\u00fang t\u00f4i cam k\u1ebft website shop b\u00e1n hoa t\u01b0\u01a1i m\u00e0 b\u1ea1n s\u1edf h\u1eefu s\u1ebd \u0111\u01b0\u1ee3c t\u1ed1i \u01b0u h\u00f3a \u0111\u1ec3 \u0111\u1ea3m b\u1ea3o tr\u1ea3i nghi\u1ec7m ng\u01b0\u1eddi d\u00f9ng t\u1ed1t nh\u1ea5t b\u1ea5t k\u1ec3 thi\u1ebft b\u1ecb n\u00e0o.\n<\/p>\n<h2>\n M\u00e3 ngu\u1ed3n WordPress v\u1edbi Theme Flatsome v\u00e0 UX Builder<br \/>\n<\/h2>\n<p>\n \u0110\u1ec3 gi\u00fap b\u1ea1n d\u1ec5 d\u00e0ng qu\u1ea3n l\u00fd v\u00e0 t\u00f9y bi\u1ebfn website c\u1ee7a m\u00ecnh, ch\u00fang t\u00f4i s\u1eed d\u1ee5ng m\u00e3 ngu\u1ed3n WordPress v\u1edbi Theme Flatsome hi\u1ec7n \u0111\u1ea1i. UX Builder cho ph\u00e9p b\u1ea1n t\u00f9y ch\u1ec9nh giao di\u1ec7n m\u1ed9t c\u00e1ch d\u1ec5 d\u00e0ng m\u00e0 kh\u00f4ng c\u1ea7n ph\u1ea3i c\u00f3 ki\u1ebfn th\u1ee9c l\u1eadp tr\u00ecnh. \u0110i\u1ec1u n\u00e0y gi\u00fap b\u1ea1n linh ho\u1ea1t thay \u0111\u1ed5i n\u1ed9i dung, h\u00ecnh \u1ea3nh v\u00e0 b\u1ed1 c\u1ee5c theo nhu c\u1ea7u kinh doanh c\u1ee7a m\u00ecnh.\n<\/p>\n<h2>\n T\u1ed1c \u0111\u1ed9 t\u1ea3i trang nhanh<br \/>\n<\/h2>\n<p>\n Ng\u01b0\u1eddi d\u00f9ng kh\u00f4ng c\u00f3 \u0111\u1ee7 ki\u00ean nh\u1eabn \u0111\u1ec3 ch\u1edd \u0111\u1ee3i m\u1ed9t trang web t\u1ea3i ch\u1eadm. V\u1edbi d\u1ecbch v\u1ee5 thi\u1ebft k\u1ebf website c\u1ee7a ch\u00fang t\u00f4i, b\u1ea1n s\u1ebd nh\u1eadn \u0111\u01b0\u1ee3c m\u1ed9t trang web c\u00f3 t\u1ed1c \u0111\u1ed9 t\u1ea3i nhanh, gi\u00fap c\u1ea3i thi\u1ec7n tr\u1ea3i nghi\u1ec7m ng\u01b0\u1eddi d\u00f9ng v\u00e0 t\u0103ng th\u1eddi gian truy c\u1eadp trang.\n<\/p>\n<hr\/>\n<p>\n N\u1ebfu b\u1ea1n \u0111ang t\u00ecm ki\u1ebfm m\u1ed9t \u0111\u1ed1i t\u00e1c thi\u1ebft k\u1ebf website chuy\u00ean nghi\u1ec7p, h\u00e3y \u0111\u1ebfn v\u1edbi<br \/>\n <strong><br \/>\n  LADIGI Agency<br \/>\n <\/strong><br \/>\n . Ch\u00fang t\u00f4i cam k\u1ebft mang \u0111\u1ebfn cho b\u1ea1n nh\u1eefng gi\u1ea3i ph\u00e1p t\u1ed1i \u01b0u nh\u1ea5t \u0111\u1ec3 ph\u00e1t tri\u1ec3n kinh doanh tr\u1ef1c tuy\u1ebfn. \u0110\u1eebng ng\u1ea7n ng\u1ea1i li\u00ean h\u1ec7 \u0111\u1ec3 \u0111\u01b0\u1ee3c t\u01b0 v\u1ea5n v\u00e0 h\u1ed7 tr\u1ee3!\n<\/p>\n<p>\n <a href=\"https:\/\/ladigi.vn\/thiet-ke-website\/\"><br \/>\n  Thi\u1ebft k\u1ebf website chuy\u00ean nghi\u1ec7p tr\u1ecdn g\u00f3i<br \/>\n <\/a><\/p>\n","protected":false},"excerpt":{"rendered":"<p>D\u1ecbch v\u1ee5 thi\u1ebft k\u1ebf website shop b\u00e1n hoa t\u01b0\u01a1i mang \u0111\u1ebfn giao di\u1ec7n \u0111\u1eb9p, chuy\u00ean nghi\u1ec7p v\u00e0 d\u1ec5 s\u1eed d\u1ee5ng, t\u01b0\u01a1ng th\u00edch tr\u00ean m\u1ecdi thi\u1ebft b\u1ecb. S\u1eed d\u1ee5ng m\u00e3 ngu\u1ed3n Wordpress k\u1ebft h\u1ee3p Theme Flatsome v\u00e0 UX Builder, d\u1ec5 d\u00e0ng t\u00f9y bi\u1ebfn theo nhu c\u1ea7u. T\u1ed1c \u0111\u1ed9 t\u1ea3i trang nhanh, n\u00e2ng cao tr\u1ea3i nghi\u1ec7m ng\u01b0\u1eddi d\u00f9ng.<\/p>\n","protected":false},"featured_media":4402,"comment_status":"open","ping_status":"closed","template":"","meta":[],"product_cat":[16,25],"product_tag":[23],"class_list":{"0":"post-4401","1":"product","2":"type-product","3":"status-publish","4":"has-post-thumbnail","6":"product_cat-tat-ca","7":"product_cat-shop-hoa","8":"product_tag-ban-hang","10":"first","11":"instock","12":"shipping-taxable","13":"purchasable","14":"product-type-simple"},"_links":{"self":[{"href":"https:\/\/ladigi.vn\/thiet-ke-website\/wp-json\/wp\/v2\/product\/4401","targetHints":{"allow":["GET"]}}],"collection":[{"href":"https:\/\/ladigi.vn\/thiet-ke-website\/wp-json\/wp\/v2\/product"}],"about":[{"href":"https:\/\/ladigi.vn\/thiet-ke-website\/wp-json\/wp\/v2\/types\/product"}],"replies":[{"embeddable":true,"href":"https:\/\/ladigi.vn\/thiet-ke-website\/wp-json\/wp\/v2\/comments?post=4401"}],"wp:featuredmedia":[{"embeddable":true,"href":"https:\/\/ladigi.vn\/thiet-ke-website\/wp-json\/wp\/v2\/media\/4402"}],"wp:attachment":[{"href":"https:\/\/ladigi.vn\/thiet-ke-website\/wp-json\/wp\/v2\/media?parent=4401"}],"wp:term":[{"taxonomy":"product_cat","embeddable":true,"href":"https:\/\/ladigi.vn\/thiet-ke-website\/wp-json\/wp\/v2\/product_cat?post=4401"},{"taxonomy":"product_tag","embeddable":true,"href":"https:\/\/ladigi.vn\/thiet-ke-website\/wp-json\/wp\/v2\/product_tag?post=4401"}],"curies":[{"name":"wp","href":"https:\/\/api.w.org\/{rel}","templated":true}]}}