{"id":7677,"date":"2024-08-05T14:44:38","date_gmt":"2024-08-05T07:44:38","guid":{"rendered":"https:\/\/ladigi.vn\/thiet-ke-website\/?post_type=product&#038;p=7677"},"modified":"2025-01-09T20:47:28","modified_gmt":"2025-01-09T13:47:28","slug":"cong-ty-tu-van-du-hoc","status":"publish","type":"product","link":"https:\/\/ladigi.vn\/thiet-ke-website\/mau-web\/cong-ty-tu-van-du-hoc\/","title":{"rendered":"C\u00f4ng ty t\u01b0 v\u1ea5n du h\u1ecdc"},"content":{"rendered":"<p>Trong k\u1ef7 nguy\u00ean s\u1ed1 hi\u1ec7n nay, vi\u1ec7c s\u1edf h\u1eefu m\u1ed9t website chuy\u00ean nghi\u1ec7p v\u00e0 d\u1ec5 s\u1eed d\u1ee5ng l\u00e0 y\u1ebfu t\u1ed1 quan tr\u1ecdng \u0111\u1ec3 c\u00f4ng ty t\u01b0 v\u1ea5n du h\u1ecdc t\u1ea1o d\u1ef1ng s\u1ef1 tin t\u01b0\u1edfng v\u00e0 thu h\u00fat kh\u00e1ch h\u00e0ng. M\u1ed9t website \u0111\u01b0\u1ee3c thi\u1ebft k\u1ebf v\u1edbi giao di\u1ec7n \u0111\u1eb9p m\u1eaft, chuy\u00ean nghi\u1ec7p kh\u00f4ng ch\u1ec9 n\u00e2ng cao gi\u00e1 tr\u1ecb th\u01b0\u01a1ng hi\u1ec7u m\u00e0 c\u00f2n mang l\u1ea1i tr\u1ea3i nghi\u1ec7m ng\u01b0\u1eddi d\u00f9ng tuy\u1ec7t v\u1eddi, t\u1eeb \u0111\u00f3 th\u00fac \u0111\u1ea9y t\u1ef7 l\u1ec7 chuy\u1ec3n \u0111\u1ed5i. D\u01b0\u1edbi \u0111\u00e2y l\u00e0 nh\u1eefng y\u1ebfu t\u1ed1 quan tr\u1ecdng c\u1ea7n c\u00f3 trong thi\u1ebft k\u1ebf website cho c\u00f4ng ty t\u01b0 v\u1ea5n du h\u1ecdc, v\u1edbi n\u1ec1n t\u1ea3ng WordPress v\u00e0 Theme Flatsome.<\/p>\n<h3>1. <strong>Giao Di\u1ec7n Web \u0110\u1eb9p v\u00e0 Chuy\u00ean Nghi\u1ec7p<\/strong><\/h3>\n<p>Giao di\u1ec7n website c\u00f4ng ty t\u01b0 v\u1ea5n du h\u1ecdc c\u1ea7n ph\u1ea3i t\u1ea1o \u0111\u01b0\u1ee3c \u1ea5n t\u01b0\u1ee3ng ngay t\u1eeb c\u00e1i nh\u00ecn \u0111\u1ea7u ti\u00ean. C\u00e1c y\u1ebfu t\u1ed1 nh\u01b0 m\u00e0u s\u1eafc, h\u00ecnh \u1ea3nh v\u00e0 c\u1ea5u tr\u00fac b\u1ed1 c\u1ee5c c\u1ea7n ph\u1ea3i \u0111\u01b0\u1ee3c l\u1ef1a ch\u1ecdn c\u1ea9n th\u1eadn \u0111\u1ec3 ph\u00f9 h\u1ee3p v\u1edbi ng\u00e0nh ngh\u1ec1 v\u00e0 \u0111\u1ed1i t\u01b0\u1ee3ng kh\u00e1ch h\u00e0ng. D\u01b0\u1edbi \u0111\u00e2y l\u00e0 c\u00e1c y\u1ebfu t\u1ed1 t\u1ea1o n\u00ean m\u1ed9t giao di\u1ec7n web \u0111\u1eb9p v\u00e0 chuy\u00ean nghi\u1ec7p:<\/p>\n<ul>\n<li><strong>M\u00e0u s\u1eafc h\u00e0i h\u00f2a<\/strong>: M\u00e0u s\u1eafc tr\u00ean website c\u1ea7n th\u1ec3 hi\u1ec7n \u0111\u01b0\u1ee3c s\u1ef1 uy t\u00edn v\u00e0 \u0111\u00e1ng tin c\u1eady. Th\u00f4ng th\u01b0\u1eddng, c\u00e1c t\u00f4ng m\u00e0u nh\u01b0 xanh d\u01b0\u01a1ng, xanh l\u00e1 c\u00e2y hay x\u00e1m \u0111\u01b0\u1ee3c s\u1eed d\u1ee5ng trong c\u00e1c website t\u01b0 v\u1ea5n du h\u1ecdc, v\u00ec ch\u00fang mang l\u1ea1i c\u1ea3m gi\u00e1c an to\u00e0n v\u00e0 chuy\u00ean nghi\u1ec7p.<\/li>\n<li><strong>H\u00ecnh \u1ea3nh ch\u1ea5t l\u01b0\u1ee3ng cao<\/strong>: S\u1eed d\u1ee5ng nh\u1eefng h\u00ecnh \u1ea3nh s\u1eafc n\u00e9t, chuy\u00ean nghi\u1ec7p v\u1ec1 c\u00e1c tr\u01b0\u1eddng h\u1ecdc, c\u1ea3nh quan c\u00e1c qu\u1ed1c gia, hay c\u00e1c ho\u1ea1t \u0111\u1ed9ng du h\u1ecdc sinh \u0111\u1ec3 t\u1ea1o s\u1ef1 h\u1ea5p d\u1eabn v\u00e0 s\u1ed1ng \u0111\u1ed9ng cho website.<\/li>\n<li><strong>B\u1ed1 c\u1ee5c r\u00f5 r\u00e0ng, d\u1ec5 d\u00e0ng di chuy\u1ec3n<\/strong>: C\u00e1c th\u00f4ng tin tr\u00ean website c\u1ea7n \u0111\u01b0\u1ee3c s\u1eafp x\u1ebfp m\u1ed9t c\u00e1ch khoa h\u1ecdc, gi\u00fap ng\u01b0\u1eddi d\u00f9ng d\u1ec5 d\u00e0ng t\u00ecm ki\u1ebfm v\u00e0 hi\u1ec3u r\u00f5 c\u00e1c d\u1ecbch v\u1ee5 m\u00e0 c\u00f4ng ty cung c\u1ea5p. C\u00e1c menu ph\u1ea3i d\u1ec5 s\u1eed d\u1ee5ng v\u00e0 d\u1ec5 d\u00e0ng \u0111i\u1ec1u h\u01b0\u1edbng.<\/li>\n<\/ul>\n<h3>2. <strong>M\u00e3 Ngu\u1ed3n WordPress v\u1edbi Theme Flatsome<\/strong><\/h3>\n<p>Vi\u1ec7c l\u1ef1a ch\u1ecdn n\u1ec1n t\u1ea3ng m\u00e3 ngu\u1ed3n cho website \u0111\u00f3ng vai tr\u00f2 quan tr\u1ecdng trong vi\u1ec7c ph\u00e1t tri\u1ec3n v\u00e0 b\u1ea3o tr\u00ec website sau n\u00e0y. WordPress v\u1edbi Theme Flatsome l\u00e0 s\u1ef1 l\u1ef1a ch\u1ecdn t\u1ed1i \u01b0u, mang l\u1ea1i s\u1ef1 linh ho\u1ea1t v\u00e0 t\u00ednh t\u00f9y bi\u1ebfn cao cho vi\u1ec7c thi\u1ebft k\u1ebf website c\u00f4ng ty t\u01b0 v\u1ea5n du h\u1ecdc. D\u01b0\u1edbi \u0111\u00e2y l\u00e0 l\u00fd do t\u1ea1i sao:<\/p>\n<ul>\n<li><strong>M\u00e3 ngu\u1ed3n WordPress<\/strong>: \u0110\u00e2y l\u00e0 n\u1ec1n t\u1ea3ng ph\u1ed5 bi\u1ebfn v\u00e0 d\u1ec5 s\u1eed d\u1ee5ng nh\u1ea5t cho c\u00e1c website, \u0111\u1eb7c bi\u1ec7t l\u00e0 \u0111\u1ed1i v\u1edbi nh\u1eefng ng\u01b0\u1eddi kh\u00f4ng c\u00f3 kinh nghi\u1ec7m l\u1eadp tr\u00ecnh. WordPress cung c\u1ea5p h\u00e0ng ng\u00e0n plugin h\u1ed7 tr\u1ee3 t\u1ed1i \u01b0u h\u00f3a SEO, b\u1ea3o m\u1eadt v\u00e0 n\u00e2ng cao tr\u1ea3i nghi\u1ec7m ng\u01b0\u1eddi d\u00f9ng.<\/li>\n<li><strong>Theme Flatsome<\/strong>: Flatsome l\u00e0 m\u1ed9t trong nh\u1eefng theme WordPress t\u1ed1t nh\u1ea5t cho vi\u1ec7c thi\u1ebft k\u1ebf website th\u01b0\u01a1ng m\u1ea1i \u0111i\u1ec7n t\u1eed, nh\u01b0ng c\u0169ng r\u1ea5t ph\u00f9 h\u1ee3p v\u1edbi c\u00e1c website d\u1ecbch v\u1ee5 nh\u01b0 t\u01b0 v\u1ea5n du h\u1ecdc. Flatsome \u0111\u01b0\u1ee3c bi\u1ebft \u0111\u1ebfn v\u1edbi giao di\u1ec7n \u0111\u1eb9p, d\u1ec5 t\u00f9y ch\u1ec9nh v\u00e0 t\u1ed1c \u0111\u1ed9 t\u1ea3i nhanh. V\u1edbi Flatsome, b\u1ea1n c\u00f3 th\u1ec3 t\u1ea1o ra nh\u1eefng trang web chuy\u00ean nghi\u1ec7p m\u00e0 kh\u00f4ng c\u1ea7n ki\u1ebfn th\u1ee9c l\u1eadp tr\u00ecnh qu\u00e1 s\u00e2u.<\/li>\n<li><strong>UX Builder<\/strong>: Theme Flatsome \u0111i k\u00e8m v\u1edbi UX Builder, m\u1ed9t c\u00f4ng c\u1ee5 k\u00e9o v\u00e0 th\u1ea3 (drag-and-drop) r\u1ea5t d\u1ec5 s\u1eed d\u1ee5ng. V\u1edbi UX Builder, b\u1ea1n c\u00f3 th\u1ec3 t\u00f9y bi\u1ebfn thi\u1ebft k\u1ebf website m\u00e0 kh\u00f4ng c\u1ea7n ph\u1ea3i bi\u1ebft l\u1eadp tr\u00ecnh. C\u00f4ng c\u1ee5 n\u00e0y gi\u00fap t\u1ea1o c\u00e1c trang web \u0111\u1eb9p m\u1eaft, chuy\u00ean nghi\u1ec7p m\u00e0 kh\u00f4ng g\u1eb7p ph\u1ea3i c\u00e1c h\u1ea1n ch\u1ebf v\u1ec1 thi\u1ebft k\u1ebf.<\/li>\n<\/ul>\n<h3>3. <strong>T\u00ednh N\u0103ng T\u00f9y Bi\u1ebfn D\u1ec5 D\u00e0ng<\/strong><\/h3>\n<p>Khi s\u1eed d\u1ee5ng WordPress v\u00e0 Theme Flatsome, website c\u1ee7a b\u1ea1n s\u1ebd c\u00f3 kh\u1ea3 n\u0103ng t\u00f9y bi\u1ebfn r\u1ea5t cao. B\u1ea1n c\u00f3 th\u1ec3 d\u1ec5 d\u00e0ng th\u00eam m\u1edbi ho\u1eb7c ch\u1ec9nh s\u1eeda c\u00e1c y\u1ebfu t\u1ed1 nh\u01b0:<\/p>\n<ul>\n<li><strong>Trang ch\u1ee7 n\u1ed5i b\u1eadt v\u1edbi c\u00e1c d\u1ecbch v\u1ee5 ch\u00ednh<\/strong>: Cung c\u1ea5p c\u00e1c th\u00f4ng tin v\u1ec1 d\u1ecbch v\u1ee5 t\u01b0 v\u1ea5n du h\u1ecdc, bao g\u1ed3m c\u00e1c g\u00f3i t\u01b0 v\u1ea5n, quy tr\u00ecnh l\u00e0m vi\u1ec7c, c\u00e1c tr\u01b0\u1eddng h\u1ecdc \u0111\u1ed1i t\u00e1c, c\u00e1c qu\u1ed1c gia ti\u1ec1m n\u0103ng, v\u00e0 th\u00f4ng tin h\u1ecdc b\u1ed5ng.<\/li>\n<li><strong>Ch\u1ee9c n\u0103ng blog<\/strong>: V\u1edbi t\u00ednh n\u0103ng blog tr\u00ean WordPress, c\u00f4ng ty c\u00f3 th\u1ec3 chia s\u1ebb c\u00e1c b\u00e0i vi\u1ebft, tin t\u1ee9c c\u1eadp nh\u1eadt v\u1ec1 du h\u1ecdc, gi\u00fap t\u0103ng c\u01b0\u1eddng SEO v\u00e0 t\u1ea1o d\u1ef1ng uy t\u00edn chuy\u00ean m\u00f4n.<\/li>\n<li><strong>Form \u0111\u0103ng k\u00fd t\u01b0 v\u1ea5n<\/strong>: Thi\u1ebft k\u1ebf c\u00e1c form li\u00ean h\u1ec7 \u0111\u01a1n gi\u1ea3n, d\u1ec5 s\u1eed d\u1ee5ng gi\u00fap kh\u00e1ch h\u00e0ng nhanh ch\u00f3ng \u0111\u0103ng k\u00fd t\u01b0 v\u1ea5n ho\u1eb7c y\u00eau c\u1ea7u th\u00f4ng tin.<\/li>\n<li><strong>Ch\u1ee9c n\u0103ng h\u1ed7 tr\u1ee3 tr\u1ef1c tuy\u1ebfn<\/strong>: Vi\u1ec7c t\u00edch h\u1ee3p c\u00e1c c\u00f4ng c\u1ee5 h\u1ed7 tr\u1ee3 tr\u1ef1c tuy\u1ebfn nh\u01b0 chat bot ho\u1eb7c live chat gi\u00fap c\u00f4ng ty t\u01b0 v\u1ea5n v\u00e0 gi\u1ea3i \u0111\u00e1p th\u1eafc m\u1eafc c\u1ee7a kh\u00e1ch h\u00e0ng nhanh ch\u00f3ng, n\u00e2ng cao ch\u1ea5t l\u01b0\u1ee3ng d\u1ecbch v\u1ee5.<\/li>\n<\/ul>\n<h3>4. <strong>T\u1ed1i \u01afu H\u00f3a SEO v\u00e0 T\u1ed1c \u0110\u1ed9 T\u1ea3i Trang<\/strong><\/h3>\n<p>M\u1ed9t website kh\u00f4ng ch\u1ec9 c\u1ea7n \u0111\u1eb9p m\u00e0 c\u00f2n c\u1ea7n ph\u1ea3i nhanh v\u00e0 d\u1ec5 t\u00ecm ki\u1ebfm tr\u00ean c\u00e1c c\u00f4ng c\u1ee5 t\u00ecm ki\u1ebfm. C\u00e1c y\u1ebfu t\u1ed1 t\u1ed1i \u01b0u h\u00f3a SEO c\u1ea7n \u0111\u01b0\u1ee3c xem x\u00e9t khi thi\u1ebft k\u1ebf website cho c\u00f4ng ty t\u01b0 v\u1ea5n du h\u1ecdc:<\/p>\n<ul>\n<li><strong>T\u1ed1i \u01b0u h\u00f3a t\u1eeb kh\u00f3a<\/strong>: C\u00e1c t\u1eeb kh\u00f3a nh\u01b0 &#8220;t\u01b0 v\u1ea5n du h\u1ecdc&#8221;, &#8220;du h\u1ecdc M\u1ef9&#8221;, &#8220;du h\u1ecdc \u00dac&#8221;, &#8220;du h\u1ecdc Anh&#8221;, v.v&#8230; c\u1ea7n \u0111\u01b0\u1ee3c t\u1ed1i \u01b0u h\u00f3a tr\u00ean to\u00e0n b\u1ed9 website, t\u1eeb ti\u00eau \u0111\u1ec1, m\u00f4 t\u1ea3, \u0111\u1ebfn n\u1ed9i dung b\u00e0i vi\u1ebft.<\/li>\n<li><strong>T\u1ed1c \u0111\u1ed9 t\u1ea3i trang<\/strong>: Theme Flatsome c\u00f3 m\u00e3 ngu\u1ed3n t\u1ed1i \u01b0u v\u00e0 kh\u1ea3 n\u0103ng t\u01b0\u01a1ng th\u00edch cao v\u1edbi c\u00e1c c\u00f4ng c\u1ee5 c\u1ea3i thi\u1ec7n t\u1ed1c \u0111\u1ed9 t\u1ea3i trang. \u0110i\u1ec1u n\u00e0y s\u1ebd gi\u00fap website c\u1ee7a b\u1ea1n kh\u00f4ng ch\u1ec9 nhanh ch\u00f3ng m\u00e0 c\u00f2n c\u00f3 l\u1ee3i cho vi\u1ec7c SEO.<\/li>\n<\/ul>\n<p>Website c\u1ee7a c\u00f4ng ty t\u01b0 v\u1ea5n du h\u1ecdc kh\u00f4ng ch\u1ec9 l\u00e0 n\u01a1i gi\u1edbi thi\u1ec7u d\u1ecbch v\u1ee5, m\u00e0 c\u00f2n l\u00e0 c\u00f4ng c\u1ee5 quan tr\u1ecdng trong vi\u1ec7c t\u1ea1o d\u1ef1ng m\u1ed1i quan h\u1ec7 v\u1edbi kh\u00e1ch h\u00e0ng v\u00e0 n\u00e2ng cao hi\u1ec7u qu\u1ea3 kinh doanh. H\u1ee3p t\u00e1c v\u1edbi <strong>LADIGI Agency<\/strong>, b\u1ea1n s\u1ebd c\u00f3 m\u1ed9t website <strong>\u0111\u1eb9p, chuy\u00ean nghi\u1ec7p, d\u1ec5 s\u1eed d\u1ee5ng<\/strong> v\u1edbi m\u00e3 ngu\u1ed3n <strong>WordPress<\/strong>, <strong>Theme Flatsome<\/strong> v\u00e0 <strong>UX Builder<\/strong> d\u1ec5 t\u00f9y bi\u1ebfn, gi\u00fap c\u00f4ng ty c\u1ee7a b\u1ea1n ph\u00e1t tri\u1ec3n b\u1ec1n v\u1eefng v\u00e0 \u0111\u1ea1t \u0111\u01b0\u1ee3c th\u00e0nh c\u00f4ng trong ng\u00e0nh t\u01b0 v\u1ea5n du h\u1ecdc.<\/p>\n","protected":false},"excerpt":{"rendered":"<p>Website c\u00f4ng ty t\u01b0 v\u1ea5n du h\u1ecdc \u0111\u01b0\u1ee3c thi\u1ebft k\u1ebf tr\u00ean n\u1ec1n t\u1ea3ng WordPress v\u1edbi theme Flatsome, mang \u0111\u1ebfn giao di\u1ec7n \u0111\u1eb9p m\u1eaft, chuy\u00ean nghi\u1ec7p, d\u1ec5 s\u1eed d\u1ee5ng v\u00e0 d\u1ec5 d\u00e0ng t\u00f9y bi\u1ebfn, gi\u00fap n\u00e2ng cao tr\u1ea3i nghi\u1ec7m ng\u01b0\u1eddi d\u00f9ng v\u00e0 h\u1ed7 tr\u1ee3 c\u00f4ng ty ph\u00e1t tri\u1ec3n th\u01b0\u01a1ng hi\u1ec7u tr\u1ef1c tuy\u1ebfn hi\u1ec7u qu\u1ea3.<\/p>\n","protected":false},"featured_media":7678,"comment_status":"open","ping_status":"closed","template":"","meta":[],"product_cat":[16,43,32],"product_tag":[24],"class_list":{"0":"post-7677","1":"product","2":"type-product","3":"status-publish","4":"has-post-thumbnail","6":"product_cat-tat-ca","7":"product_cat-du-hoc","8":"product_cat-giao-duc","9":"product_tag-cong-ty","11":"first","12":"instock","13":"shipping-taxable","14":"purchasable","15":"product-type-simple"},"_links":{"self":[{"href":"https:\/\/ladigi.vn\/thiet-ke-website\/wp-json\/wp\/v2\/product\/7677","targetHints":{"allow":["GET"]}}],"collection":[{"href":"https:\/\/ladigi.vn\/thiet-ke-website\/wp-json\/wp\/v2\/product"}],"about":[{"href":"https:\/\/ladigi.vn\/thiet-ke-website\/wp-json\/wp\/v2\/types\/product"}],"replies":[{"embeddable":true,"href":"https:\/\/ladigi.vn\/thiet-ke-website\/wp-json\/wp\/v2\/comments?post=7677"}],"wp:featuredmedia":[{"embeddable":true,"href":"https:\/\/ladigi.vn\/thiet-ke-website\/wp-json\/wp\/v2\/media\/7678"}],"wp:attachment":[{"href":"https:\/\/ladigi.vn\/thiet-ke-website\/wp-json\/wp\/v2\/media?parent=7677"}],"wp:term":[{"taxonomy":"product_cat","embeddable":true,"href":"https:\/\/ladigi.vn\/thiet-ke-website\/wp-json\/wp\/v2\/product_cat?post=7677"},{"taxonomy":"product_tag","embeddable":true,"href":"https:\/\/ladigi.vn\/thiet-ke-website\/wp-json\/wp\/v2\/product_tag?post=7677"}],"curies":[{"name":"wp","href":"https:\/\/api.w.org\/{rel}","templated":true}]}}