{"id":8071,"date":"2025-01-12T11:43:03","date_gmt":"2025-01-12T04:43:03","guid":{"rendered":"https:\/\/ladigi.vn\/thiet-ke-website\/?post_type=product&#038;p=8071"},"modified":"2025-01-12T19:37:48","modified_gmt":"2025-01-12T12:37:48","slug":"theme-wordpress-landing-page-grab","status":"publish","type":"product","link":"https:\/\/ladigi.vn\/thiet-ke-website\/mau-web\/theme-wordpress-landing-page-grab\/","title":{"rendered":"Landing Page Grab"},"content":{"rendered":"<h1>\n Thi\u1ebft k\u1ebf website Theme wordpress landing page grab &#8211; S\u1ef1 l\u1ef1a ch\u1ecdn ho\u00e0n h\u1ea3o cho doanh nghi\u1ec7p c\u1ee7a b\u1ea1n<br \/>\n<\/h1>\n<p>\n B\u1ea1n \u0111ang t\u00ecm ki\u1ebfm m\u1ed9t giao di\u1ec7n web \u0111\u1eb9p, chuy\u00ean nghi\u1ec7p v\u00e0 d\u1ec5 s\u1eed d\u1ee5ng cho doanh nghi\u1ec7p c\u1ee7a m\u00ecnh? B\u1ea1n mu\u1ed1n trang web c\u1ee7a m\u00ecnh c\u00f3 th\u1ec3 hi\u1ec3n th\u1ecb t\u1ed1t tr\u00ean m\u1ecdi thi\u1ebft b\u1ecb v\u00e0 c\u00f3 t\u1ed1c \u0111\u1ed9 t\u1ea3i trang nhanh? V\u1eady th\u00ec d\u1ecbch v\u1ee5 thi\u1ebft k\u1ebf website Theme wordpress landing page grab c\u1ee7a ch\u00fang t\u00f4i ch\u00ednh l\u00e0 l\u1ef1a ch\u1ecdn ho\u00e0n h\u1ea3o cho b\u1ea1n.\n<\/p>\n<p>\n V\u1edbi giao di\u1ec7n \u0111\u01b0\u1ee3c thi\u1ebft k\u1ebf \u0111\u1eb9p m\u1eaft v\u00e0 chuy\u00ean nghi\u1ec7p, trang web c\u1ee7a b\u1ea1n s\u1ebd thu h\u00fat ng\u01b0\u1eddi d\u00f9ng ngay t\u1eeb c\u00e1i nh\u00ecn \u0111\u1ea7u ti\u00ean. Ch\u00fang t\u00f4i s\u1eed d\u1ee5ng m\u00e3 ngu\u1ed3n WordPress v\u1edbi Theme Flatsome v\u00e0 UX Builder \u0111\u1ec3 t\u1ea1o ra nh\u1eefng giao di\u1ec7n \u0111\u1eb9p v\u00e0 d\u1ec5 t\u00f9y bi\u1ebfn theo \u00fd mu\u1ed1n c\u1ee7a b\u1ea1n. \u0110i\u1ec1u n\u00e0y gi\u00fap cho trang web c\u1ee7a b\u1ea1n tr\u1edf n\u00ean \u0111\u1ed9c \u0111\u00e1o v\u00e0 kh\u00e1c bi\u1ec7t so v\u1edbi c\u00e1c \u0111\u1ed1i th\u1ee7 c\u1ea1nh tranh.\n<\/p>\n<p>\n Kh\u00f4ng ch\u1ec9 \u0111\u1eb9p m\u1eaft v\u00e0 chuy\u00ean nghi\u1ec7p, giao di\u1ec7n web c\u1ee7a ch\u00fang t\u00f4i c\u00f2n \u0111\u01b0\u1ee3c thi\u1ebft k\u1ebf t\u01b0\u01a1ng th\u00edch tr\u00ean m\u1ecdi thi\u1ebft b\u1ecb, t\u1eeb m\u00e1y t\u00ednh \u0111\u1ec3 b\u00e0n \u0111\u1ebfn \u0111i\u1ec7n tho\u1ea1i di \u0111\u1ed9ng. \u0110i\u1ec1u n\u00e0y gi\u00fap cho ng\u01b0\u1eddi d\u00f9ng c\u00f3 th\u1ec3 truy c\u1eadp v\u00e0 tr\u1ea3i nghi\u1ec7m trang web c\u1ee7a b\u1ea1n m\u1ed9t c\u00e1ch thu\u1eadn ti\u1ec7n v\u00e0 d\u1ec5 d\u00e0ng.\n<\/p>\n<p>\n M\u1ed9t trong nh\u1eefng \u0111i\u1ec3m n\u1ed5i b\u1eadt c\u1ee7a giao di\u1ec7n web c\u1ee7a ch\u00fang t\u00f4i l\u00e0 t\u1ed1c \u0111\u1ed9 t\u1ea3i trang nhanh. V\u1edbi s\u1ef1 c\u1ea3i ti\u1ebfn v\u1ec1 m\u00e3 ngu\u1ed3n v\u00e0 t\u1ed1i \u01b0u h\u00f3a h\u00ecnh \u1ea3nh, trang web c\u1ee7a b\u1ea1n s\u1ebd c\u00f3 th\u1eddi gian t\u1ea3i trang nhanh h\u01a1n, gi\u00fap cho ng\u01b0\u1eddi d\u00f9ng kh\u00f4ng b\u1ecb ch\u1edd \u0111\u1ee3i v\u00e0 t\u0103ng c\u01b0\u1eddng tr\u1ea3i nghi\u1ec7m c\u1ee7a h\u1ecd tr\u00ean trang web c\u1ee7a b\u1ea1n.\n<\/p>\n<p>\n V\u1eady b\u1ea1n c\u00f2n ch\u1ea7n ch\u1eeb g\u00ec n\u1eefa m\u00e0 kh\u00f4ng l\u1ef1a ch\u1ecdn d\u1ecbch v\u1ee5 thi\u1ebft k\u1ebf website Theme wordpress landing page grab c\u1ee7a ch\u00fang t\u00f4i? H\u00e3y \u0111\u1ec3 ch\u00fang t\u00f4i gi\u00fap b\u1ea1n t\u1ea1o ra m\u1ed9t trang web \u0111\u1eb9p v\u00e0 chuy\u00ean nghi\u1ec7p, gi\u00fap cho doanh nghi\u1ec7p c\u1ee7a b\u1ea1n ph\u00e1t tri\u1ec3n m\u1ea1nh m\u1ebd h\u01a1n.\n<\/p>\n<p>\n LADIGI (LADIGI Agency) l\u00e0 \u0111\u01a1n v\u1ecb chuy\u00ean cung c\u1ea5p d\u1ecbch v\u1ee5 thi\u1ebft k\u1ebf website tr\u1ecdn g\u00f3i uy t\u00edn. V\u1edbi \u0111\u1ed9i ng\u0169 nh\u00e2n vi\u00ean gi\u00e0u kinh nghi\u1ec7m v\u00e0 s\u1ef1 s\u00e1ng t\u1ea1o, ch\u00fang t\u00f4i cam k\u1ebft mang \u0111\u1ebfn cho b\u1ea1n nh\u1eefng giao di\u1ec7n web \u0111\u1eb9p v\u00e0 chuy\u00ean nghi\u1ec7p nh\u1ea5t. H\u00e3y \u0111\u1ec3 ch\u00fang t\u00f4i gi\u00fap b\u1ea1n t\u1ea1o n\u00ean m\u1ed9t trang web \u0111\u1ea7y \u1ea5n t\u01b0\u1ee3ng v\u00e0 thu h\u00fat kh\u00e1ch h\u00e0ng.\n<\/p>\n<p>\n V\u1edbi d\u1ecbch v\u1ee5 thi\u1ebft k\u1ebf web tr\u1ecdn g\u00f3i c\u1ee7a LADIGI, b\u1ea1n s\u1ebd \u0111\u01b0\u1ee3c h\u01b0\u1edfng nhi\u1ec1u \u01b0u \u0111\u00e3i v\u00e0 d\u1ecbch v\u1ee5 ch\u1ea5t l\u01b0\u1ee3ng nh\u1ea5t. \u0110\u1eebng ch\u1ea7n ch\u1eeb n\u1eefa, h\u00e3y li\u00ean h\u1ec7 v\u1edbi ch\u00fang t\u00f4i ngay \u0111\u1ec3 b\u1eaft \u0111\u1ea7u x\u00e2y d\u1ef1ng trang web c\u1ee7a m\u00ecnh.\n<\/p>\n<p>\n <a href=\"https:\/\/ladigi.vn\/thiet-ke-website\/\"><br \/>\n  D\u1ecbch v\u1ee5 thi\u1ebft k\u1ebf web tr\u1ecdn g\u00f3i uy t\u00edn<br \/>\n <\/a><br \/>\n c\u1ee7a ch\u00fang t\u00f4i s\u1ebd gi\u00fap cho doanh nghi\u1ec7p c\u1ee7a b\u1ea1n tr\u1edf n\u00ean chuy\u00ean nghi\u1ec7p v\u00e0 hi\u1ec7u qu\u1ea3 h\u01a1n bao gi\u1edd h\u1ebft. H\u00e3y \u0111\u1ec3 LADIGI c\u00f9ng b\u1ea1n chinh ph\u1ee5c th\u1ecb tr\u01b0\u1eddng k\u1ef9 thu\u1eadt s\u1ed1 v\u00e0 \u0111\u01b0a doanh nghi\u1ec7p c\u1ee7a b\u1ea1n l\u00ean m\u1ed9t t\u1ea7m cao m\u1edbi!<\/p>\n","protected":false},"excerpt":{"rendered":"<p>D\u1ecbch v\u1ee5 Thi\u1ebft k\u1ebf website Theme wordpress landing page grab mang \u0111\u1ebfn cho kh\u00e1ch h\u00e0ng m\u1ed9t giao di\u1ec7n web \u0111\u1eb9p v\u00e0 chuy\u00ean nghi\u1ec7p, \u0111\u1ed3ng th\u1eddi c\u0169ng r\u1ea5t d\u1ec5 s\u1eed d\u1ee5ng. V\u1edbi t\u00ednh n\u0103ng t\u01b0\u01a1ng th\u00edch tr\u00ean m\u1ecdi thi\u1ebft b\u1ecb, ng\u01b0\u1eddi d\u00f9ng c\u00f3 th\u1ec3 truy c\u1eadp v\u00e0 tr\u1ea3i nghi\u1ec7m trang web m\u1ed9t c\u00e1ch thu\u1eadn ti\u1ec7n. S\u1eed d\u1ee5ng m\u00e3 ngu\u1ed3n Wordpress v\u00e0 Theme Flatsome c\u00f9ng v\u1edbi UX Builder, kh\u00e1ch h\u00e0ng c\u00f3 th\u1ec3 t\u00f9y bi\u1ebfn trang web theo \u00fd mu\u1ed1n. \u0110\u1eb7c bi\u1ec7t, t\u1ed1c \u0111\u1ed9 t\u1ea3i trang nhanh gi\u00fap trang web c\u1ee7a b\u1ea1n lu\u00f4n m\u01b0\u1ee3t m\u00e0 v\u00e0 thu h\u00fat \u0111\u01b0\u1ee3c nhi\u1ec1u kh\u00e1ch h\u00e0ng h\u01a1n.<\/p>\n","protected":false},"featured_media":8072,"comment_status":"open","ping_status":"closed","template":"","meta":[],"product_cat":[16],"product_tag":[],"class_list":{"0":"post-8071","1":"product","2":"type-product","3":"status-publish","4":"has-post-thumbnail","6":"product_cat-tat-ca","8":"first","9":"instock","10":"shipping-taxable","11":"product-type-external"},"_links":{"self":[{"href":"https:\/\/ladigi.vn\/thiet-ke-website\/wp-json\/wp\/v2\/product\/8071","targetHints":{"allow":["GET"]}}],"collection":[{"href":"https:\/\/ladigi.vn\/thiet-ke-website\/wp-json\/wp\/v2\/product"}],"about":[{"href":"https:\/\/ladigi.vn\/thiet-ke-website\/wp-json\/wp\/v2\/types\/product"}],"replies":[{"embeddable":true,"href":"https:\/\/ladigi.vn\/thiet-ke-website\/wp-json\/wp\/v2\/comments?post=8071"}],"wp:featuredmedia":[{"embeddable":true,"href":"https:\/\/ladigi.vn\/thiet-ke-website\/wp-json\/wp\/v2\/media\/8072"}],"wp:attachment":[{"href":"https:\/\/ladigi.vn\/thiet-ke-website\/wp-json\/wp\/v2\/media?parent=8071"}],"wp:term":[{"taxonomy":"product_cat","embeddable":true,"href":"https:\/\/ladigi.vn\/thiet-ke-website\/wp-json\/wp\/v2\/product_cat?post=8071"},{"taxonomy":"product_tag","embeddable":true,"href":"https:\/\/ladigi.vn\/thiet-ke-website\/wp-json\/wp\/v2\/product_tag?post=8071"}],"curies":[{"name":"wp","href":"https:\/\/api.w.org\/{rel}","templated":true}]}}