{"id":8087,"date":"2025-01-12T12:09:45","date_gmt":"2025-01-12T05:09:45","guid":{"rendered":"https:\/\/ladigi.vn\/thiet-ke-website\/?post_type=product&#038;p=8087"},"modified":"2025-01-12T19:36:54","modified_gmt":"2025-01-12T12:36:54","slug":"theme-wordpress-landing-page-nuoc-giat","status":"publish","type":"product","link":"https:\/\/ladigi.vn\/thiet-ke-website\/mau-web\/theme-wordpress-landing-page-nuoc-giat\/","title":{"rendered":"N\u01b0\u1edbc gi\u1eb7t"},"content":{"rendered":"<h1>\n Thi\u1ebft k\u1ebf website chuy\u00ean nghi\u1ec7p v\u1edbi Theme WordPress Landing Page N\u01b0\u1edbc Gi\u1eb7t<br \/>\n<\/h1>\n<p>\n B\u1ea1n \u0111ang l\u00e0 ch\u1ee7 s\u1edf h\u1eefu c\u1ee7a m\u1ed9t th\u01b0\u01a1ng hi\u1ec7u n\u01b0\u1edbc gi\u1eb7t v\u00e0 \u0111ang mu\u1ed1n m\u1edf r\u1ed9ng th\u1ecb tr\u01b0\u1eddng b\u00e1n h\u00e0ng tr\u1ef1c tuy\u1ebfn? B\u1ea1n \u0111ang t\u00ecm ki\u1ebfm m\u1ed9t gi\u1ea3i ph\u00e1p thi\u1ebft k\u1ebf website \u0111\u1eb9p, chuy\u00ean nghi\u1ec7p v\u00e0 d\u1ec5 s\u1eed d\u1ee5ng \u0111\u1ec3 gi\u1edbi thi\u1ec7u s\u1ea3n ph\u1ea9m c\u1ee7a m\u00ecnh? H\u00e3y \u0111\u1ec3 LADIGI Agency gi\u00fap b\u1ea1n!\n<\/p>\n<p>\n V\u1edbi nhi\u1ec1u n\u0103m kinh nghi\u1ec7m trong l\u0129nh v\u1ef1c thi\u1ebft k\u1ebf website, ch\u00fang t\u00f4i t\u1ef1 tin mang \u0111\u1ebfn cho b\u1ea1n d\u1ecbch v\u1ee5 thi\u1ebft k\u1ebf website Theme WordPress Landing Page N\u01b0\u1edbc Gi\u1eb7t tuy\u1ec7t v\u1eddi. Ch\u00fang t\u00f4i cam k\u1ebft s\u1ebd \u0111em \u0111\u1ebfn cho b\u1ea1n m\u1ed9t giao di\u1ec7n web \u0111\u1eb9p m\u1eaft, chuy\u00ean nghi\u1ec7p v\u00e0 d\u1ec5 s\u1eed d\u1ee5ng.\n<\/p>\n<h2>\n Giao di\u1ec7n web \u0111\u1eb9p, chuy\u00ean nghi\u1ec7p, d\u1ec5 s\u1eed d\u1ee5ng<br \/>\n<\/h2>\n<p>\n V\u1edbi m\u1ee5c \u0111\u00edch gi\u1edbi thi\u1ec7u s\u1ea3n ph\u1ea9m n\u01b0\u1edbc gi\u1eb7t, giao di\u1ec7n web c\u1ee7a b\u1ea1n c\u1ea7n ph\u1ea3i th\u1ec3 hi\u1ec7n \u0111\u01b0\u1ee3c s\u1ef1 s\u1ea1ch s\u1ebd, t\u01b0\u01a1i m\u1edbi v\u00e0 hi\u1ec7n \u0111\u1ea1i. Ch\u00fang t\u00f4i s\u1ebd thi\u1ebft k\u1ebf cho b\u1ea1n m\u1ed9t giao di\u1ec7n web \u0111\u1eb9p, \u0111\u1ea3m b\u1ea3o thu h\u00fat s\u1ef1 ch\u00fa \u00fd c\u1ee7a kh\u00e1ch h\u00e0ng ngay t\u1eeb c\u00e1i nh\u00ecn \u0111\u1ea7u ti\u00ean.\n<\/p>\n<p>\n Ngo\u00e0i ra, giao di\u1ec7n web c\u0169ng c\u1ea7n ph\u1ea3i chuy\u00ean nghi\u1ec7p v\u00e0 d\u1ec5 s\u1eed d\u1ee5ng. Ch\u00fang t\u00f4i s\u1ebd t\u1ed1i \u01b0u h\u00f3a c\u1ea5u tr\u00fac v\u00e0 b\u1ed1 c\u1ee5c c\u1ee7a website \u0111\u1ec3 gi\u00fap kh\u00e1ch h\u00e0ng d\u1ec5 d\u00e0ng t\u00ecm th\u1ea5y th\u00f4ng tin v\u00e0 mua h\u00e0ng. \u0110\u1ed3ng th\u1eddi, ch\u00fang t\u00f4i c\u0169ng s\u1ebd t\u00edch h\u1ee3p c\u00e1c t\u00ednh n\u0103ng hi\u1ec7n \u0111\u1ea1i nh\u01b0 chatbot, ch\u1ee9c n\u0103ng t\u00ecm ki\u1ebfm, \u0111\u0103ng k\u00fd nh\u1eadn tin t\u1ee9c,&#8230; gi\u00fap t\u0103ng c\u01b0\u1eddng t\u01b0\u01a1ng t\u00e1c v\u00e0 t\u0103ng c\u01b0\u1eddng kh\u1ea3 n\u0103ng b\u00e1n h\u00e0ng tr\u1ef1c tuy\u1ebfn.\n<\/p>\n<h2>\n T\u01b0\u01a1ng th\u00edch tr\u00ean m\u1ecdi thi\u1ebft b\u1ecb<br \/>\n<\/h2>\n<p>\n V\u1edbi s\u1ef1 ph\u00e1t tri\u1ec3n c\u1ee7a c\u00f4ng ngh\u1ec7, ng\u01b0\u1eddi d\u00f9ng truy c\u1eadp v\u00e0o website kh\u00f4ng ch\u1ec9 b\u1eb1ng m\u00e1y t\u00ednh m\u00e0 c\u00f2n b\u1eb1ng \u0111i\u1ec7n tho\u1ea1i di \u0111\u1ed9ng v\u00e0 m\u00e1y t\u00ednh b\u1ea3ng. V\u00ec v\u1eady, giao di\u1ec7n web c\u1ee7a b\u1ea1n c\u1ea7n ph\u1ea3i t\u01b0\u01a1ng th\u00edch tr\u00ean m\u1ecdi thi\u1ebft b\u1ecb \u0111\u1ec3 \u0111\u1ea3m b\u1ea3o kh\u00e1ch h\u00e0ng c\u00f3 tr\u1ea3i nghi\u1ec7m t\u1ed1t nh\u1ea5t.\n<\/p>\n<p>\n Ch\u00fang t\u00f4i s\u1eed d\u1ee5ng m\u00e3 ngu\u1ed3n WordPress v\u1edbi Theme Flatsome v\u00e0 UX Builder \u0111\u1ec3 thi\u1ebft k\u1ebf website cho b\u1ea1n. \u0110i\u1ec1u n\u00e0y gi\u00fap ch\u00fang t\u00f4i d\u1ec5 d\u00e0ng t\u00f9y bi\u1ebfn giao di\u1ec7n web theo \u00fd mu\u1ed1n c\u1ee7a b\u1ea1n v\u00e0 \u0111\u1ea3m b\u1ea3o t\u00ednh t\u01b0\u01a1ng th\u00edch tr\u00ean m\u1ecdi thi\u1ebft b\u1ecb.\n<\/p>\n<h2>\n M\u00e3 ngu\u1ed3n WordPress v\u1edbi Theme Flatsome v\u00e0 UX Builder d\u1ec5 t\u00f9y bi\u1ebfn<br \/>\n<\/h2>\n<p>\n M\u00e3 ngu\u1ed3n WordPress l\u00e0 m\u1ed9t trong nh\u1eefng n\u1ec1n t\u1ea3ng ph\u1ed5 bi\u1ebfn nh\u1ea5t trong vi\u1ec7c thi\u1ebft k\u1ebf website. V\u1edbi Theme Flatsome v\u00e0 UX Builder, ch\u00fang t\u00f4i c\u00f3 th\u1ec3 t\u00f9y bi\u1ebfn giao di\u1ec7n web c\u1ee7a b\u1ea1n m\u1ed9t c\u00e1ch d\u1ec5 d\u00e0ng v\u00e0 nhanh ch\u00f3ng. \u0110i\u1ec1u n\u00e0y gi\u00fap ti\u1ebft ki\u1ec7m th\u1eddi gian v\u00e0 chi ph\u00ed cho b\u1ea1n.\n<\/p>\n<h2>\n T\u1ed1c \u0111\u1ed9 t\u1ea3i trang nhanh<br \/>\n<\/h2>\n<p>\n T\u1ed1c \u0111\u1ed9 t\u1ea3i trang l\u00e0 m\u1ed9t y\u1ebfu t\u1ed1 quan tr\u1ecdng trong vi\u1ec7c \u0111\u00e1nh gi\u00e1 ch\u1ea5t l\u01b0\u1ee3ng c\u1ee7a m\u1ed9t website. Ch\u00fang t\u00f4i cam k\u1ebft s\u1ebd thi\u1ebft k\u1ebf website c\u1ee7a b\u1ea1n v\u1edbi t\u1ed1c \u0111\u1ed9 t\u1ea3i trang nhanh, gi\u00fap kh\u00e1ch h\u00e0ng truy c\u1eadp v\u00e0 tr\u1ea3i nghi\u1ec7m s\u1ea3n ph\u1ea9m c\u1ee7a b\u1ea1n m\u1ed9t c\u00e1ch thu\u1eadn ti\u1ec7n v\u00e0 d\u1ec5 d\u00e0ng.\n<\/p>\n<p>\n Cu\u1ed1i c\u00f9ng, \u0111\u1ec3 \u0111\u1ea3m b\u1ea3o ch\u1ea5t l\u01b0\u1ee3ng v\u00e0 hi\u1ec7u qu\u1ea3 trong vi\u1ec7c thi\u1ebft k\u1ebf website, ch\u00fang t\u00f4i lu\u00f4n tu\u00e2n th\u1ee7 c\u00e1c ti\u00eau chu\u1ea9n v\u00e0 quy tr\u00ecnh chuy\u00ean nghi\u1ec7p. Ch\u00fang t\u00f4i cam k\u1ebft s\u1ebd mang \u0111\u1ebfn cho b\u1ea1n m\u1ed9t s\u1ea3n ph\u1ea9m ho\u00e0n h\u1ea3o v\u00e0 \u0111\u00e1p \u1ee9ng \u0111\u01b0\u1ee3c m\u1ecdi y\u00eau c\u1ea7u c\u1ee7a b\u1ea1n.\n<\/p>\n<h2>\n \u0110\u01a1n v\u1ecb thi\u1ebft k\u1ebf website LADIGI (LADIGI Agency)<br \/>\n<\/h2>\n<p>\n LADIGI Agency l\u00e0 \u0111\u01a1n v\u1ecb chuy\u00ean cung c\u1ea5p c\u00e1c d\u1ecbch v\u1ee5 thi\u1ebft k\u1ebf website chuy\u00ean nghi\u1ec7p v\u00e0 tr\u1ecdn g\u00f3i. V\u1edbi \u0111\u1ed9i ng\u0169 nh\u00e2n vi\u00ean gi\u00e0u kinh nghi\u1ec7m v\u00e0 s\u1ef1 s\u00e1ng t\u1ea1o, ch\u00fang t\u00f4i cam k\u1ebft s\u1ebd mang \u0111\u1ebfn cho b\u1ea1n nh\u1eefng gi\u1ea3i ph\u00e1p t\u1ed1i \u01b0u v\u00e0 hi\u1ec7u qu\u1ea3 nh\u1ea5t.\n<\/p>\n<p>\n N\u1ebfu b\u1ea1n \u0111ang c\u00f3 nhu c\u1ea7u thi\u1ebft k\u1ebf website chuy\u00ean nghi\u1ec7p, h\u00e3y li\u00ean h\u1ec7 ngay v\u1edbi ch\u00fang t\u00f4i \u0111\u1ec3 \u0111\u01b0\u1ee3c t\u01b0 v\u1ea5n v\u00e0 h\u1ed7 tr\u1ee3. V\u1edbi d\u1ecbch v\u1ee5 thi\u1ebft k\u1ebf website tr\u1ecdn g\u00f3i c\u1ee7a LADIGI, b\u1ea1n s\u1ebd kh\u00f4ng c\u00f2n ph\u1ea3i lo l\u1eafng v\u1ec1 b\u1ea5t k\u1ef3 chi ph\u00ed ph\u00e1t sinh n\u00e0o.\n<\/p>\n<p>\n H\u00e3y \u0111\u1ec3 LADIGI Agency gi\u00fap b\u1ea1n mang th\u01b0\u01a1ng hi\u1ec7u n\u01b0\u1edbc gi\u1eb7t c\u1ee7a m\u00ecnh \u0111\u1ebfn g\u1ea7n h\u01a1n v\u1edbi kh\u00e1ch h\u00e0ng th\u00f4ng qua m\u1ed9t giao di\u1ec7n web chuy\u00ean nghi\u1ec7p v\u00e0 hi\u1ec7u qu\u1ea3. \u0110\u1ec3 bi\u1ebft th\u00eam th\u00f4ng tin chi ti\u1ebft v\u1ec1 d\u1ecbch v\u1ee5 thi\u1ebft k\u1ebf website c\u1ee7a ch\u00fang t\u00f4i, vui l\u00f2ng truy c\u1eadp<br \/>\n <a href=\"https:\/\/ladigi.vn\/thiet-ke-website\/\"><br \/>\n  Thi\u1ebft k\u1ebf website chuy\u00ean nghi\u1ec7p tr\u1ecdn g\u00f3i LADIGI<br \/>\n <\/a><br \/>\n . Ch\u00fang t\u00f4i hy v\u1ecdng s\u1ebd c\u00f3 c\u01a1 h\u1ed9i \u0111\u01b0\u1ee3c h\u1ee3p t\u00e1c c\u00f9ng b\u1ea1n!<\/p>\n","protected":false},"excerpt":{"rendered":"<p>D\u1ecbch v\u1ee5 Thi\u1ebft k\u1ebf website Theme wordpress landing page n\u01b0\u1edbc gi\u1eb7t cung c\u1ea5p m\u1ed9t giao di\u1ec7n web \u0111\u1eb9p v\u00e0 chuy\u00ean nghi\u1ec7p, gi\u00fap ng\u01b0\u1eddi d\u00f9ng d\u1ec5 d\u00e0ng t\u00ecm ki\u1ebfm th\u00f4ng tin v\u00e0 s\u1eed d\u1ee5ng. V\u1edbi tinh th\u1ea7n t\u01b0\u01a1ng th\u00edch tr\u00ean m\u1ecdi thi\u1ebft b\u1ecb, kh\u00e1ch h\u00e0ng c\u00f3 th\u1ec3 truy c\u1eadp trang web c\u1ee7a b\u1ea1n tr\u00ean \u0111i\u1ec7n tho\u1ea1i, m\u00e1y t\u00ednh b\u1ea3ng ho\u1eb7c m\u00e1y t\u00ednh \u0111\u1ec3 b\u00e0n m\u1ed9t c\u00e1ch thu\u1eadn ti\u1ec7n. M\u00e3 ngu\u1ed3n Wordpress v\u1edbi Theme Flatsome v\u00e0 UX Builder gi\u00fap d\u1ec5 d\u00e0ng t\u00f9y bi\u1ebfn n\u1ed9i dung v\u00e0 thi\u1ebft k\u1ebf trang web theo \u00fd mu\u1ed1n c\u1ee7a kh\u00e1ch h\u00e0ng. \u0110\u1eb7c bi\u1ec7t, t\u1ed1c \u0111\u1ed9 t\u1ea3i trang nhanh gi\u00fap kh\u00e1ch h\u00e0ng tr\u1ea3i nghi\u1ec7m trang web m\u1ed9t c\u00e1ch m\u01b0\u1ee3t m\u00e0 v\u00e0 hi\u1ec7u qu\u1ea3.<\/p>\n","protected":false},"featured_media":8088,"comment_status":"open","ping_status":"closed","template":"","meta":[],"product_cat":[16],"product_tag":[],"class_list":{"0":"post-8087","1":"product","2":"type-product","3":"status-publish","4":"has-post-thumbnail","6":"product_cat-tat-ca","8":"first","9":"instock","10":"shipping-taxable","11":"product-type-external"},"_links":{"self":[{"href":"https:\/\/ladigi.vn\/thiet-ke-website\/wp-json\/wp\/v2\/product\/8087","targetHints":{"allow":["GET"]}}],"collection":[{"href":"https:\/\/ladigi.vn\/thiet-ke-website\/wp-json\/wp\/v2\/product"}],"about":[{"href":"https:\/\/ladigi.vn\/thiet-ke-website\/wp-json\/wp\/v2\/types\/product"}],"replies":[{"embeddable":true,"href":"https:\/\/ladigi.vn\/thiet-ke-website\/wp-json\/wp\/v2\/comments?post=8087"}],"wp:featuredmedia":[{"embeddable":true,"href":"https:\/\/ladigi.vn\/thiet-ke-website\/wp-json\/wp\/v2\/media\/8088"}],"wp:attachment":[{"href":"https:\/\/ladigi.vn\/thiet-ke-website\/wp-json\/wp\/v2\/media?parent=8087"}],"wp:term":[{"taxonomy":"product_cat","embeddable":true,"href":"https:\/\/ladigi.vn\/thiet-ke-website\/wp-json\/wp\/v2\/product_cat?post=8087"},{"taxonomy":"product_tag","embeddable":true,"href":"https:\/\/ladigi.vn\/thiet-ke-website\/wp-json\/wp\/v2\/product_tag?post=8087"}],"curies":[{"name":"wp","href":"https:\/\/api.w.org\/{rel}","templated":true}]}}