{"id":8107,"date":"2025-01-12T12:31:43","date_gmt":"2025-01-12T05:31:43","guid":{"rendered":"https:\/\/ladigi.vn\/thiet-ke-website\/?post_type=product&#038;p=8107"},"modified":"2025-01-12T19:35:35","modified_gmt":"2025-01-12T12:35:35","slug":"theme-wordpress-landing-page-xit-makup","status":"publish","type":"product","link":"https:\/\/ladigi.vn\/thiet-ke-website\/mau-web\/theme-wordpress-landing-page-xit-makup\/","title":{"rendered":"L\u00e0m \u0111\u1eb9p v\u00e0 trang \u0111i\u1ec3m"},"content":{"rendered":"<h1>\n D\u1ecbch v\u1ee5 Thi\u1ebft k\u1ebf website Theme wordpress landing page x\u1ecbt makup<br \/>\n<\/h1>\n<p>\n B\u1ea1n l\u00e0 ch\u1ee7 s\u1edf h\u1eefu c\u1ee7a m\u1ed9t th\u01b0\u01a1ng hi\u1ec7u x\u1ecbt makup v\u00e0 \u0111ang t\u00ecm ki\u1ebfm m\u1ed9t gi\u1ea3i ph\u00e1p \u0111\u1ec3 gi\u1edbi thi\u1ec7u s\u1ea3n ph\u1ea9m c\u1ee7a m\u00ecnh \u0111\u1ebfn v\u1edbi kh\u00e1ch h\u00e0ng m\u1ed9t c\u00e1ch chuy\u00ean nghi\u1ec7p v\u00e0 hi\u1ec7u qu\u1ea3? V\u1eady th\u00ec d\u1ecbch v\u1ee5 Thi\u1ebft k\u1ebf website Theme wordpress landing page x\u1ecbt makup c\u1ee7a ch\u00fang t\u00f4i s\u1ebd l\u00e0 l\u1ef1a ch\u1ecdn ho\u00e0n h\u1ea3o cho b\u1ea1n.\n<\/p>\n<p>\n V\u1edbi h\u01a1n 10 n\u0103m kinh nghi\u1ec7m trong l\u0129nh v\u1ef1c thi\u1ebft k\u1ebf website, LADIGI Agency t\u1ef1 tin \u0111em \u0111\u1ebfn cho b\u1ea1n m\u1ed9t giao di\u1ec7n web \u0111\u1eb9p, chuy\u00ean nghi\u1ec7p v\u00e0 d\u1ec5 s\u1eed d\u1ee5ng. Ch\u00fang t\u00f4i hi\u1ec3u r\u1eb1ng m\u1ed9t giao di\u1ec7n web \u0111\u1eb9p l\u00e0 y\u1ebfu t\u1ed1 quan tr\u1ecdng \u0111\u1ec3 thu h\u00fat s\u1ef1 ch\u00fa \u00fd c\u1ee7a kh\u00e1ch h\u00e0ng v\u00e0 t\u1ea1o n\u00ean \u1ea5n t\u01b0\u1ee3ng m\u1ea1nh m\u1ebd v\u1ec1 th\u01b0\u01a1ng hi\u1ec7u c\u1ee7a b\u1ea1n.\n<\/p>\n<p>\n \u0110\u1eb7c bi\u1ec7t, giao di\u1ec7n web \u0111\u01b0\u1ee3c thi\u1ebft k\u1ebf b\u1edfi ch\u00fang t\u00f4i s\u1ebd t\u01b0\u01a1ng th\u00edch tr\u00ean m\u1ecdi thi\u1ebft b\u1ecb, t\u1eeb m\u00e1y t\u00ednh \u0111\u1ec3 b\u00e0n \u0111\u1ebfn \u0111i\u1ec7n tho\u1ea1i di \u0111\u1ed9ng. \u0110i\u1ec1u n\u00e0y \u0111\u1ea3m b\u1ea3o r\u1eb1ng kh\u00e1ch h\u00e0ng c\u1ee7a b\u1ea1n c\u00f3 th\u1ec3 truy c\u1eadp v\u00e0 tr\u1ea3i nghi\u1ec7m website c\u1ee7a b\u1ea1n \u1edf b\u1ea5t k\u1ef3 \u0111\u00e2u v\u00e0 b\u1ea5t k\u1ef3 khi n\u00e0o.\n<\/p>\n<p>\n M\u00e3 ngu\u1ed3n WordPress v\u1edbi Theme Flatsome v\u00e0 UX Builder l\u00e0 s\u1ef1 k\u1ebft h\u1ee3p ho\u00e0n h\u1ea3o \u0111\u1ec3 t\u1ea1o ra m\u1ed9t giao di\u1ec7n web \u0111\u1eb9p v\u00e0 d\u1ec5 t\u00f9y bi\u1ebfn. Ch\u00fang t\u00f4i cam k\u1ebft mang \u0111\u1ebfn cho b\u1ea1n m\u1ed9t website \u0111\u1ea7y \u0111\u1ee7 t\u00ednh n\u0103ng v\u00e0 \u0111\u00e1p \u1ee9ng \u0111\u1ea7y \u0111\u1ee7 c\u00e1c y\u00eau c\u1ea7u c\u1ee7a b\u1ea1n.\n<\/p>\n<p>\n Ngo\u00e0i ra, t\u1ed1c \u0111\u1ed9 t\u1ea3i trang c\u1ee7a website c\u0169ng l\u00e0 m\u1ed9t y\u1ebfu t\u1ed1 quan tr\u1ecdng \u0111\u1ec3 thu h\u00fat kh\u00e1ch h\u00e0ng v\u00e0 n\u00e2ng cao tr\u1ea3i nghi\u1ec7m ng\u01b0\u1eddi d\u00f9ng. Ch\u00fang t\u00f4i s\u1eed d\u1ee5ng c\u00e1c c\u00f4ng ngh\u1ec7 hi\u1ec7n \u0111\u1ea1i v\u00e0 t\u1ed1i \u01b0u h\u00f3a website c\u1ee7a b\u1ea1n \u0111\u1ec3 \u0111\u1ea3m b\u1ea3o t\u1ed1c \u0111\u1ed9 t\u1ea3i trang nhanh v\u00e0 m\u01b0\u1ee3t m\u00e0.\n<\/p>\n<p>\n V\u1edbi d\u1ecbch v\u1ee5 Thi\u1ebft k\u1ebf website Theme wordpress landing page x\u1ecbt makup c\u1ee7a ch\u00fang t\u00f4i, b\u1ea1n s\u1ebd c\u00f3 m\u1ed9t giao di\u1ec7n web \u0111\u1eb9p, chuy\u00ean nghi\u1ec7p, d\u1ec5 s\u1eed d\u1ee5ng v\u00e0 t\u1ed1c \u0111\u1ed9 t\u1ea3i trang nhanh. \u0110i\u1ec1u n\u00e0y s\u1ebd gi\u00fap b\u1ea1n thu h\u00fat \u0111\u01b0\u1ee3c nhi\u1ec1u kh\u00e1ch h\u00e0ng h\u01a1n v\u00e0 t\u0103ng doanh s\u1ed1 b\u00e1n h\u00e0ng c\u1ee7a m\u00ecnh.\n<\/p>\n<p>\n \u0110\u1eebng ng\u1ea7n ng\u1ea1i li\u00ean h\u1ec7 v\u1edbi ch\u00fang t\u00f4i ngay h\u00f4m nay \u0111\u1ec3 \u0111\u01b0\u1ee3c t\u01b0 v\u1ea5n v\u00e0 b\u1eaft \u0111\u1ea7u thi\u1ebft k\u1ebf website cho th\u01b0\u01a1ng hi\u1ec7u x\u1ecbt makup c\u1ee7a b\u1ea1n. Ch\u00fang t\u00f4i cam k\u1ebft mang \u0111\u1ebfn cho b\u1ea1n m\u1ed9t tr\u1ea3i nghi\u1ec7m d\u1ecbch v\u1ee5 chuy\u00ean nghi\u1ec7p v\u00e0 ch\u1ea5t l\u01b0\u1ee3ng nh\u1ea5t.\n<\/p>\n<p>\n H\u00e3y truy c\u1eadp<br \/>\n <a href=\"https:\/\/ladigi.vn\/thiet-ke-website\/\"><br \/>\n  Thi\u1ebft k\u1ebf website \u0111\u1ea7y \u0111\u1ee7 t\u00ednh n\u0103ng LADIGI<br \/>\n <\/a><br \/>\n \u0111\u1ec3 bi\u1ebft th\u00eam th\u00f4ng tin chi ti\u1ebft v\u1ec1 d\u1ecbch v\u1ee5 c\u1ee7a ch\u00fang t\u00f4i. Ch\u00fang t\u00f4i hy v\u1ecdng s\u1ebd c\u00f3 c\u01a1 h\u1ed9i \u0111\u01b0\u1ee3c h\u1ee3p t\u00e1c c\u00f9ng b\u1ea1n trong t\u01b0\u01a1ng lai g\u1ea7n.\n<\/p>\n<p>\n LADIGI Agency &#8211; \u0110\u1ed3ng h\u00e0nh c\u00f9ng s\u1ef1 th\u00e0nh c\u00f4ng c\u1ee7a b\u1ea1n!<\/p>\n","protected":false},"excerpt":{"rendered":"<p>D\u1ecbch v\u1ee5 Thi\u1ebft k\u1ebf website Theme wordpress landing page x\u1ecbt makup mang \u0111\u1ebfn cho kh\u00e1ch h\u00e0ng m\u1ed9t giao di\u1ec7n web \u0111\u1eb9p v\u00e0 chuy\u00ean nghi\u1ec7p, d\u1ec5 s\u1eed d\u1ee5ng tr\u00ean m\u1ecdi thi\u1ebft b\u1ecb. S\u1eed d\u1ee5ng m\u00e3 ngu\u1ed3n Wordpress v\u1edbi Theme Flatsome v\u00e0 UX Builder, ch\u00fang t\u00f4i \u0111\u1ea3m b\u1ea3o t\u00ednh t\u00f9y bi\u1ebfn cao, \u0111\u00e1p \u1ee9ng \u0111\u01b0\u1ee3c m\u1ecdi nhu c\u1ea7u c\u1ee7a kh\u00e1ch h\u00e0ng. \u0110\u1eb7c bi\u1ec7t, t\u1ed1c \u0111\u1ed9 t\u1ea3i trang nhanh gi\u00fap ng\u01b0\u1eddi d\u00f9ng tr\u1ea3i nghi\u1ec7m website m\u1ed9t c\u00e1ch thu\u1eadn l\u1ee3i v\u00e0 hi\u1ec7u qu\u1ea3. Kh\u00f4ng ch\u1ec9 \u0111\u01a1n thu\u1ea7n l\u00e0 m\u1ed9t trang web, ch\u00fang t\u00f4i cam k\u1ebft mang \u0111\u1ebfn cho b\u1ea1n m\u1ed9t tr\u1ea3i nghi\u1ec7m tuy\u1ec7t v\u1eddi.<\/p>\n","protected":false},"featured_media":8108,"comment_status":"open","ping_status":"closed","template":"","meta":[],"product_cat":[16],"product_tag":[],"class_list":{"0":"post-8107","1":"product","2":"type-product","3":"status-publish","4":"has-post-thumbnail","6":"product_cat-tat-ca","8":"first","9":"instock","10":"shipping-taxable","11":"product-type-external"},"_links":{"self":[{"href":"https:\/\/ladigi.vn\/thiet-ke-website\/wp-json\/wp\/v2\/product\/8107","targetHints":{"allow":["GET"]}}],"collection":[{"href":"https:\/\/ladigi.vn\/thiet-ke-website\/wp-json\/wp\/v2\/product"}],"about":[{"href":"https:\/\/ladigi.vn\/thiet-ke-website\/wp-json\/wp\/v2\/types\/product"}],"replies":[{"embeddable":true,"href":"https:\/\/ladigi.vn\/thiet-ke-website\/wp-json\/wp\/v2\/comments?post=8107"}],"wp:featuredmedia":[{"embeddable":true,"href":"https:\/\/ladigi.vn\/thiet-ke-website\/wp-json\/wp\/v2\/media\/8108"}],"wp:attachment":[{"href":"https:\/\/ladigi.vn\/thiet-ke-website\/wp-json\/wp\/v2\/media?parent=8107"}],"wp:term":[{"taxonomy":"product_cat","embeddable":true,"href":"https:\/\/ladigi.vn\/thiet-ke-website\/wp-json\/wp\/v2\/product_cat?post=8107"},{"taxonomy":"product_tag","embeddable":true,"href":"https:\/\/ladigi.vn\/thiet-ke-website\/wp-json\/wp\/v2\/product_tag?post=8107"}],"curies":[{"name":"wp","href":"https:\/\/api.w.org\/{rel}","templated":true}]}}