{"id":8119,"date":"2025-01-12T13:47:20","date_gmt":"2025-01-12T06:47:20","guid":{"rendered":"https:\/\/ladigi.vn\/thiet-ke-website\/?post_type=product&#038;p=8119"},"modified":"2025-01-12T13:49:01","modified_gmt":"2025-01-12T06:49:01","slug":"theme-wordpress-noi-that-dong-gia","status":"publish","type":"product","link":"https:\/\/ladigi.vn\/thiet-ke-website\/mau-web\/theme-wordpress-noi-that-dong-gia\/","title":{"rendered":"N\u1ed9i th\u1ea5t \u0111\u1ed3ng gia"},"content":{"rendered":"<p>\n Ch\u00e0o m\u1eebng qu\u00fd kh\u00e1ch \u0111\u1ebfn v\u1edbi LADIGI Agency &#8211; \u0111\u01a1n v\u1ecb chuy\u00ean cung c\u1ea5p d\u1ecbch v\u1ee5 thi\u1ebft k\u1ebf website chuy\u00ean nghi\u1ec7p v\u00e0 \u0111\u1eb3ng c\u1ea5p. Ch\u00fang t\u00f4i t\u1ef1 h\u00e0o l\u00e0 \u0111\u01a1n v\u1ecb h\u00e0ng \u0111\u1ea7u trong l\u0129nh v\u1ef1c thi\u1ebft k\u1ebf website Theme wordpress n\u1ed9i th\u1ea5t \u0111\u1ed3ng gia.\n<\/p>\n<p>\n V\u1edbi s\u1ef1 ph\u00e1t tri\u1ec3n kh\u00f4ng ng\u1eebng c\u1ee7a c\u00f4ng ngh\u1ec7, vi\u1ec7c c\u00f3 m\u1ed9t website \u0111\u1eb9p, chuy\u00ean nghi\u1ec7p v\u00e0 d\u1ec5 s\u1eed d\u1ee5ng l\u00e0 \u0111i\u1ec1u c\u1ea7n thi\u1ebft \u0111\u1ec3 gi\u00fap doanh nghi\u1ec7p c\u1ee7a b\u1ea1n n\u1ed5i b\u1eadt v\u00e0 thu h\u00fat \u0111\u01b0\u1ee3c nhi\u1ec1u kh\u00e1ch h\u00e0ng h\u01a1n. V\u00e0 ch\u00ednh v\u00ec v\u1eady, LADIGI Agency \u0111\u00e3 nghi\u00ean c\u1ee9u v\u00e0 ph\u00e1t tri\u1ec3n d\u1ecbch v\u1ee5 thi\u1ebft k\u1ebf website Theme wordpress n\u1ed9i th\u1ea5t \u0111\u1ed3ng gia \u0111\u1ec3 \u0111\u00e1p \u1ee9ng nhu c\u1ea7u ng\u00e0y c\u00e0ng cao c\u1ee7a kh\u00e1ch h\u00e0ng.\n<\/p>\n<p>\n M\u1ed9t trong nh\u1eefng \u0111i\u1ec3m n\u1ed5i b\u1eadt c\u1ee7a d\u1ecbch v\u1ee5 c\u1ee7a ch\u00fang t\u00f4i l\u00e0 giao di\u1ec7n web \u0111\u01b0\u1ee3c thi\u1ebft k\u1ebf \u0111\u1eb9p, chuy\u00ean nghi\u1ec7p v\u00e0 d\u1ec5 s\u1eed d\u1ee5ng. Ch\u00fang t\u00f4i s\u1eed d\u1ee5ng Theme Flatsome v\u00e0 UX Builder \u0111\u1ec3 t\u1ea1o ra giao di\u1ec7n \u0111\u1eb9p m\u1eaft v\u00e0 d\u1ec5 t\u00f9y bi\u1ebfn theo \u00fd mu\u1ed1n c\u1ee7a kh\u00e1ch h\u00e0ng. \u0110\u1eb7c bi\u1ec7t, website c\u1ee7a ch\u00fang t\u00f4i \u0111\u01b0\u1ee3c t\u1ed1i \u01b0u h\u00f3a \u0111\u1ec3 t\u01b0\u01a1ng th\u00edch tr\u00ean m\u1ecdi thi\u1ebft b\u1ecb, t\u1eeb m\u00e1y t\u00ednh \u0111\u1ec3 b\u00e0n \u0111\u1ebfn \u0111i\u1ec7n tho\u1ea1i di \u0111\u1ed9ng, gi\u00fap kh\u00e1ch h\u00e0ng d\u1ec5 d\u00e0ng truy c\u1eadp v\u00e0 tr\u1ea3i nghi\u1ec7m s\u1ea3n ph\u1ea9m c\u1ee7a b\u1ea1n m\u1ed9t c\u00e1ch thu\u1eadn ti\u1ec7n nh\u1ea5t.\n<\/p>\n<p>\n M\u00e3 ngu\u1ed3n WordPress c\u00f9ng v\u1edbi Theme Flatsome v\u00e0 UX Builder c\u0169ng gi\u00fap t\u0103ng t\u1ed1c \u0111\u1ed9 t\u1ea3i trang c\u1ee7a website, gi\u00fap kh\u00e1ch h\u00e0ng tr\u1ea3i nghi\u1ec7m s\u1ea3n ph\u1ea9m c\u1ee7a b\u1ea1n m\u1ed9t c\u00e1ch nhanh ch\u00f3ng v\u00e0 hi\u1ec7u qu\u1ea3. \u0110\u1eb7c bi\u1ec7t, ch\u00fang t\u00f4i lu\u00f4n \u0111\u1ea3m b\u1ea3o s\u1ef1 \u1ed5n \u0111\u1ecbnh v\u00e0 b\u1ea3o m\u1eadt cho website c\u1ee7a b\u1ea1n, gi\u00fap b\u1ea1n y\u00ean t\u00e2m v\u1ec1 vi\u1ec7c qu\u1ea3n l\u00fd v\u00e0 ph\u00e1t tri\u1ec3n doanh nghi\u1ec7p c\u1ee7a m\u00ecnh tr\u00ean m\u00f4i tr\u01b0\u1eddng tr\u1ef1c tuy\u1ebfn.\n<\/p>\n<p>\n V\u1edbi \u0111\u1ed9i ng\u0169 nh\u00e2n vi\u00ean gi\u00e0u kinh nghi\u1ec7m v\u00e0 t\u1eadn t\u00e2m, ch\u00fang t\u00f4i cam k\u1ebft s\u1ebd mang \u0111\u1ebfn cho kh\u00e1ch h\u00e0ng nh\u1eefng d\u1ecbch v\u1ee5 t\u1ed1t nh\u1ea5t v\u00e0 \u0111\u00e1p \u1ee9ng m\u1ecdi y\u00eau c\u1ea7u c\u1ee7a kh\u00e1ch h\u00e0ng v\u1edbi m\u1ee9c gi\u00e1 c\u1ea1nh tranh nh\u1ea5t tr\u00ean th\u1ecb tr\u01b0\u1eddng.\n<\/p>\n<p>\n N\u1ebfu b\u1ea1n \u0111ang t\u00ecm ki\u1ebfm m\u1ed9t \u0111\u01a1n v\u1ecb thi\u1ebft k\u1ebf website chuy\u00ean nghi\u1ec7p v\u00e0 \u0111\u1eb3ng c\u1ea5p, h\u00e3y li\u00ean h\u1ec7 ngay v\u1edbi LADIGI Agency \u0111\u1ec3 \u0111\u01b0\u1ee3c t\u01b0 v\u1ea5n v\u00e0 h\u1ed7 tr\u1ee3 t\u1ed1t nh\u1ea5t. Ch\u00fang t\u00f4i cam k\u1ebft s\u1ebd mang \u0111\u1ebfn cho b\u1ea1n m\u1ed9t website chu\u1ea9n responsive v\u00e0 \u0111\u00e1p \u1ee9ng m\u1ecdi nhu c\u1ea7u kinh doanh c\u1ee7a b\u1ea1n.\n<\/p>\n<p>\n \u0110\u1ec3 bi\u1ebft th\u00eam th\u00f4ng tin chi ti\u1ebft v\u1ec1 d\u1ecbch v\u1ee5 thi\u1ebft k\u1ebf website c\u1ee7a ch\u00fang t\u00f4i, vui l\u00f2ng truy c\u1eadp website<br \/>\n <a href=\"https:\/\/ladigi.vn\/thiet-ke-website\/\"><br \/>\n  Thi\u1ebft k\u1ebf web chu\u1ea9n responsive LADIGI<br \/>\n <\/a><br \/>\n . Ch\u00fang t\u00f4i lu\u00f4n s\u1eb5n s\u00e0ng \u0111\u00f3n nh\u1eadn v\u00e0 ph\u1ee5c v\u1ee5 b\u1ea1n m\u1ecdi l\u00fac, m\u1ecdi n\u01a1i.\n<\/p>\n<p>\n H\u00e3y \u0111\u1ec3 LADIGI Agency tr\u1edf th\u00e0nh \u0111\u1ed1i t\u00e1c tin c\u1eady c\u1ee7a b\u1ea1n trong vi\u1ec7c ph\u00e1t tri\u1ec3n doanh nghi\u1ec7p tr\u00ean m\u00f4i tr\u01b0\u1eddng tr\u1ef1c tuy\u1ebfn. C\u1ea3m \u01a1n qu\u00fd kh\u00e1ch \u0111\u00e3 tin t\u01b0\u1edfng v\u00e0 l\u1ef1a ch\u1ecdn d\u1ecbch v\u1ee5 c\u1ee7a ch\u00fang t\u00f4i!<\/p>\n","protected":false},"excerpt":{"rendered":"<p>D\u1ecbch v\u1ee5 Thi\u1ebft k\u1ebf website Theme wordpress n\u1ed9i th\u1ea5t \u0111\u1ed3ng gia mang \u0111\u1ebfn cho kh\u00e1ch h\u00e0ng m\u1ed9t giao di\u1ec7n web \u0111\u1eb9p v\u00e0 chuy\u00ean nghi\u1ec7p, v\u1edbi thi\u1ebft k\u1ebf d\u1ec5 s\u1eed d\u1ee5ng v\u00e0 t\u01b0\u01a1ng th\u00edch tr\u00ean m\u1ecdi thi\u1ebft b\u1ecb. S\u1eed d\u1ee5ng m\u00e3 ngu\u1ed3n Wordpress k\u1ebft h\u1ee3p v\u1edbi Theme Flatsome v\u00e0 UX Builder, ch\u00fang t\u00f4i cam k\u1ebft \u0111em \u0111\u1ebfn cho kh\u00e1ch h\u00e0ng m\u1ed9t trang web d\u1ec5 t\u00f9y bi\u1ebfn v\u00e0 t\u1ed1i \u01b0u h\u00f3a t\u1ed1c \u0111\u1ed9 t\u1ea3i trang, gi\u00fap n\u00e2ng cao tr\u1ea3i nghi\u1ec7m c\u1ee7a ng\u01b0\u1eddi d\u00f9ng. V\u1edbi d\u1ecbch v\u1ee5 c\u1ee7a ch\u00fang t\u00f4i, kh\u00e1ch h\u00e0ng s\u1ebd c\u00f3 m\u1ed9t website n\u1ed9i th\u1ea5t \u0111\u1eb9p v\u00e0 hi\u1ec7u qu\u1ea3 trong vi\u1ec7c thu h\u00fat kh\u00e1ch h\u00e0ng.<\/p>\n","protected":false},"featured_media":8120,"comment_status":"open","ping_status":"closed","template":"","meta":[],"product_cat":[16],"product_tag":[],"class_list":{"0":"post-8119","1":"product","2":"type-product","3":"status-publish","4":"has-post-thumbnail","6":"product_cat-tat-ca","8":"first","9":"instock","10":"shipping-taxable","11":"product-type-external"},"_links":{"self":[{"href":"https:\/\/ladigi.vn\/thiet-ke-website\/wp-json\/wp\/v2\/product\/8119","targetHints":{"allow":["GET"]}}],"collection":[{"href":"https:\/\/ladigi.vn\/thiet-ke-website\/wp-json\/wp\/v2\/product"}],"about":[{"href":"https:\/\/ladigi.vn\/thiet-ke-website\/wp-json\/wp\/v2\/types\/product"}],"replies":[{"embeddable":true,"href":"https:\/\/ladigi.vn\/thiet-ke-website\/wp-json\/wp\/v2\/comments?post=8119"}],"wp:featuredmedia":[{"embeddable":true,"href":"https:\/\/ladigi.vn\/thiet-ke-website\/wp-json\/wp\/v2\/media\/8120"}],"wp:attachment":[{"href":"https:\/\/ladigi.vn\/thiet-ke-website\/wp-json\/wp\/v2\/media?parent=8119"}],"wp:term":[{"taxonomy":"product_cat","embeddable":true,"href":"https:\/\/ladigi.vn\/thiet-ke-website\/wp-json\/wp\/v2\/product_cat?post=8119"},{"taxonomy":"product_tag","embeddable":true,"href":"https:\/\/ladigi.vn\/thiet-ke-website\/wp-json\/wp\/v2\/product_tag?post=8119"}],"curies":[{"name":"wp","href":"https:\/\/api.w.org\/{rel}","templated":true}]}}