{"id":8159,"date":"2025-01-12T18:44:30","date_gmt":"2025-01-12T11:44:30","guid":{"rendered":"https:\/\/ladigi.vn\/thiet-ke-website\/?post_type=product&#038;p=8159"},"modified":"2025-01-12T18:46:12","modified_gmt":"2025-01-12T11:46:12","slug":"theme-wordpress-vay-tien-nhanh","status":"publish","type":"product","link":"https:\/\/ladigi.vn\/thiet-ke-website\/mau-web\/theme-wordpress-vay-tien-nhanh\/","title":{"rendered":"Vay ti\u1ec1n nhanh"},"content":{"rendered":"<h1>\n Thi\u1ebft k\u1ebf website Theme wordpress vay ti\u1ec1n nhanh<br \/>\n<\/h1>\n<p>\n B\u1ea1n \u0111ang c\u00f3 nhu c\u1ea7u t\u00ecm ki\u1ebfm m\u1ed9t website \u0111\u1ec3 qu\u1ea3ng b\u00e1 d\u1ecbch v\u1ee5 vay ti\u1ec1n nhanh c\u1ee7a m\u00ecnh? B\u1ea1n mu\u1ed1n c\u00f3 m\u1ed9t giao di\u1ec7n web \u0111\u1eb9p, chuy\u00ean nghi\u1ec7p v\u00e0 d\u1ec5 s\u1eed d\u1ee5ng \u0111\u1ec3 thu h\u00fat kh\u00e1ch h\u00e0ng? H\u00e3y \u0111\u1ec3 LADIGI Agency gi\u00fap b\u1ea1n v\u1edbi d\u1ecbch v\u1ee5 thi\u1ebft k\u1ebf website Theme wordpress vay ti\u1ec1n nhanh.\n<\/p>\n<h2>\n Giao di\u1ec7n web \u0111\u1eb9p, chuy\u00ean nghi\u1ec7p, d\u1ec5 s\u1eed d\u1ee5ng<br \/>\n<\/h2>\n<p>\n V\u1edbi kinh nghi\u1ec7m l\u00e2u n\u0103m trong l\u0129nh v\u1ef1c thi\u1ebft k\u1ebf website, LADIGI Agency cam k\u1ebft mang \u0111\u1ebfn cho b\u1ea1n m\u1ed9t giao di\u1ec7n web \u0111\u1eb9p, chuy\u00ean nghi\u1ec7p v\u00e0 d\u1ec5 s\u1eed d\u1ee5ng. Ch\u00fang t\u00f4i lu\u00f4n \u0111\u1eb7t kh\u00e1ch h\u00e0ng l\u00ean h\u00e0ng \u0111\u1ea7u v\u00e0 t\u1ea1o ra nh\u1eefng giao di\u1ec7n web t\u1ed1i \u01b0u nh\u1ea5t \u0111\u1ec3 thu h\u00fat s\u1ef1 ch\u00fa \u00fd c\u1ee7a kh\u00e1ch h\u00e0ng.\n<\/p>\n<h2>\n T\u01b0\u01a1ng th\u00edch tr\u00ean m\u1ecdi thi\u1ebft b\u1ecb<br \/>\n<\/h2>\n<p>\n V\u1edbi s\u1ef1 ph\u00e1t tri\u1ec3n c\u1ee7a c\u00f4ng ngh\u1ec7, vi\u1ec7c truy c\u1eadp website tr\u00ean c\u00e1c thi\u1ebft b\u1ecb di \u0111\u1ed9ng nh\u01b0 \u0111i\u1ec7n tho\u1ea1i hay m\u00e1y t\u00ednh b\u1ea3ng ng\u00e0y c\u00e0ng tr\u1edf n\u00ean ph\u1ed5 bi\u1ebfn. V\u00ec v\u1eady, vi\u1ec7c c\u00f3 m\u1ed9t giao di\u1ec7n web t\u01b0\u01a1ng th\u00edch tr\u00ean m\u1ecdi thi\u1ebft b\u1ecb l\u00e0 \u0111i\u1ec1u c\u1ea7n thi\u1ebft. V\u1edbi d\u1ecbch v\u1ee5 thi\u1ebft k\u1ebf website Theme wordpress vay ti\u1ec1n nhanh c\u1ee7a LADIGI Agency, b\u1ea1n ho\u00e0n to\u00e0n y\u00ean t\u00e2m v\u1edbi vi\u1ec7c giao di\u1ec7n web c\u1ee7a b\u1ea1n s\u1ebd hi\u1ec3n th\u1ecb \u0111\u1ea7y \u0111\u1ee7 v\u00e0 \u0111\u1eb9p m\u1eaft tr\u00ean m\u1ecdi thi\u1ebft b\u1ecb.\n<\/p>\n<h2>\n M\u00e3 ngu\u1ed3n WordPress v\u1edbi Theme Flatsome v\u00e0 UX Builder d\u1ec5 t\u00f9y bi\u1ebfn<br \/>\n<\/h2>\n<p>\n M\u00e3 ngu\u1ed3n WordPress \u0111\u01b0\u1ee3c s\u1eed d\u1ee5ng trong d\u1ecbch v\u1ee5 thi\u1ebft k\u1ebf website c\u1ee7a LADIGI Agency l\u00e0 m\u00e3 ngu\u1ed3n m\u1edf, \u0111\u01b0\u1ee3c s\u1eed d\u1ee5ng r\u1ed9ng r\u00e3i tr\u00ean to\u00e0n th\u1ebf gi\u1edbi. \u0110i\u1ec1u n\u00e0y \u0111\u1ea3m b\u1ea3o t\u00ednh b\u1ea3o m\u1eadt v\u00e0 t\u00ednh \u1ed5n \u0111\u1ecbnh cho website c\u1ee7a b\u1ea1n. Ngo\u00e0i ra, ch\u00fang t\u00f4i s\u1eed d\u1ee5ng Theme Flatsome v\u00e0 UX Builder \u0111\u1ec3 t\u1ea1o ra nh\u1eefng giao di\u1ec7n web \u0111\u1eb9p v\u00e0 d\u1ec5 t\u00f9y bi\u1ebfn theo \u00fd mu\u1ed1n c\u1ee7a kh\u00e1ch h\u00e0ng.\n<\/p>\n<h2>\n T\u1ed1c \u0111\u1ed9 t\u1ea3i trang nhanh<br \/>\n<\/h2>\n<p>\n T\u1ed1c \u0111\u1ed9 t\u1ea3i trang l\u00e0 y\u1ebfu t\u1ed1 quan tr\u1ecdng trong tr\u1ea3i nghi\u1ec7m c\u1ee7a ng\u01b0\u1eddi d\u00f9ng khi truy c\u1eadp website. V\u1edbi d\u1ecbch v\u1ee5 thi\u1ebft k\u1ebf website c\u1ee7a LADIGI Agency, ch\u00fang t\u00f4i cam k\u1ebft t\u1ed1i \u01b0u t\u1ed1c \u0111\u1ed9 t\u1ea3i trang \u0111\u1ec3 \u0111em l\u1ea1i tr\u1ea3i nghi\u1ec7m t\u1ed1t nh\u1ea5t cho kh\u00e1ch h\u00e0ng c\u1ee7a b\u1ea1n.\n<\/p>\n<p>\n V\u1edbi nh\u1eefng th\u00f4ng tin tr\u00ean, b\u1ea1n \u0111\u00e3 hi\u1ec3u v\u00ec sao n\u00ean ch\u1ecdn LADIGI Agency l\u00e0 \u0111\u01a1n v\u1ecb thi\u1ebft k\u1ebf website cho d\u1ecbch v\u1ee5 vay ti\u1ec1n nhanh c\u1ee7a b\u1ea1n. Ch\u00fang t\u00f4i cam k\u1ebft mang \u0111\u1ebfn cho b\u1ea1n m\u1ed9t giao di\u1ec7n web \u0111\u1eb9p, chuy\u00ean nghi\u1ec7p v\u00e0 d\u1ec5 s\u1eed d\u1ee5ng, t\u01b0\u01a1ng th\u00edch tr\u00ean m\u1ecdi thi\u1ebft b\u1ecb, m\u00e3 ngu\u1ed3n WordPress v\u1edbi Theme Flatsome v\u00e0 UX Builder d\u1ec5 t\u00f9y bi\u1ebfn v\u00e0 t\u1ed1c \u0111\u1ed9 t\u1ea3i trang nhanh.\n<\/p>\n<p>\n H\u00e3y truy c\u1eadp<br \/>\n <a href=\"https:\/\/ladigi.vn\/thiet-ke-website\/\"><br \/>\n  D\u1ecbch v\u1ee5 Thi\u1ebft k\u1ebf giao di\u1ec7n website tr\u1ecdn g\u00f3i<br \/>\n <\/a><br \/>\n \u0111\u1ec3 bi\u1ebft th\u00eam chi ti\u1ebft v\u1ec1 d\u1ecbch v\u1ee5 c\u1ee7a ch\u00fang t\u00f4i v\u00e0 li\u00ean h\u1ec7 ngay \u0111\u1ec3 \u0111\u01b0\u1ee3c t\u01b0 v\u1ea5n v\u00e0 b\u00e1o gi\u00e1. Ch\u00fang t\u00f4i lu\u00f4n s\u1eb5n s\u00e0ng h\u1ed7 tr\u1ee3 b\u1ea1n trong vi\u1ec7c ph\u00e1t tri\u1ec3n th\u01b0\u01a1ng hi\u1ec7u v\u00e0 kinh doanh tr\u1ef1c tuy\u1ebfn.<\/p>\n","protected":false},"excerpt":{"rendered":"<p>D\u1ecbch v\u1ee5 Thi\u1ebft k\u1ebf website Theme Wordpress vay ti\u1ec1n nhanh mang \u0111\u1ebfn cho kh\u00e1ch h\u00e0ng m\u1ed9t trang web \u0111\u1eb9p v\u00e0 chuy\u00ean nghi\u1ec7p, v\u1edbi giao di\u1ec7n d\u1ec5 s\u1eed d\u1ee5ng v\u00e0 t\u01b0\u01a1ng th\u00edch tr\u00ean m\u1ecdi thi\u1ebft b\u1ecb. S\u1eed d\u1ee5ng m\u00e3 ngu\u1ed3n Wordpress v\u1edbi Theme Flatsome v\u00e0 UX Builder, ch\u00fang t\u00f4i \u0111\u1ea3m b\u1ea3o kh\u00e1ch h\u00e0ng c\u00f3 th\u1ec3 t\u00f9y bi\u1ebfn trang web theo \u00fd th\u00edch m\u1ed9t c\u00e1ch d\u1ec5 d\u00e0ng. \u0110\u1eb7c bi\u1ec7t, t\u1ed1c \u0111\u1ed9 t\u1ea3i trang nhanh s\u1ebd gi\u00fap kh\u00e1ch h\u00e0ng ti\u1ebft ki\u1ec7m th\u1eddi gian v\u00e0 tr\u1ea3i nghi\u1ec7m trang web m\u1ed9t c\u00e1ch m\u01b0\u1ee3t m\u00e0.<\/p>\n","protected":false},"featured_media":8160,"comment_status":"open","ping_status":"closed","template":"","meta":[],"product_cat":[16],"product_tag":[],"class_list":{"0":"post-8159","1":"product","2":"type-product","3":"status-publish","4":"has-post-thumbnail","6":"product_cat-tat-ca","8":"first","9":"instock","10":"shipping-taxable","11":"product-type-external"},"_links":{"self":[{"href":"https:\/\/ladigi.vn\/thiet-ke-website\/wp-json\/wp\/v2\/product\/8159","targetHints":{"allow":["GET"]}}],"collection":[{"href":"https:\/\/ladigi.vn\/thiet-ke-website\/wp-json\/wp\/v2\/product"}],"about":[{"href":"https:\/\/ladigi.vn\/thiet-ke-website\/wp-json\/wp\/v2\/types\/product"}],"replies":[{"embeddable":true,"href":"https:\/\/ladigi.vn\/thiet-ke-website\/wp-json\/wp\/v2\/comments?post=8159"}],"wp:featuredmedia":[{"embeddable":true,"href":"https:\/\/ladigi.vn\/thiet-ke-website\/wp-json\/wp\/v2\/media\/8160"}],"wp:attachment":[{"href":"https:\/\/ladigi.vn\/thiet-ke-website\/wp-json\/wp\/v2\/media?parent=8159"}],"wp:term":[{"taxonomy":"product_cat","embeddable":true,"href":"https:\/\/ladigi.vn\/thiet-ke-website\/wp-json\/wp\/v2\/product_cat?post=8159"},{"taxonomy":"product_tag","embeddable":true,"href":"https:\/\/ladigi.vn\/thiet-ke-website\/wp-json\/wp\/v2\/product_tag?post=8159"}],"curies":[{"name":"wp","href":"https:\/\/api.w.org\/{rel}","templated":true}]}}