{"id":8194,"date":"2025-01-11T13:36:09","date_gmt":"2025-01-11T06:36:09","guid":{"rendered":"https:\/\/ladigi.vn\/thiet-ke-website\/?post_type=product&#038;p=8194"},"modified":"2025-01-11T13:38:10","modified_gmt":"2025-01-11T06:38:10","slug":"theme-wordpress-ban-yen-sao-03","status":"publish","type":"product","link":"https:\/\/ladigi.vn\/thiet-ke-website\/mau-web\/theme-wordpress-ban-yen-sao-03\/","title":{"rendered":"Shop b\u00e1n y\u1ebfn s\u00e0o"},"content":{"rendered":"<h1>\n D\u1ecbch v\u1ee5 Thi\u1ebft k\u1ebf website Theme WordPress b\u00e1n y\u1ebfn s\u00e0o<br \/>\n<\/h1>\n<p>\n Ch\u00fang t\u00f4i r\u1ea5t vui m\u1eebng gi\u1edbi thi\u1ec7u d\u1ecbch v\u1ee5 thi\u1ebft k\u1ebf website WordPress v\u1edbi Theme d\u00e0nh ri\u00eang cho vi\u1ec7c b\u00e1n y\u1ebfn s\u00e0o. V\u1edbi s\u1ea3n ph\u1ea9m n\u00e0y, b\u1ea1n s\u1ebd nh\u1eadn \u0111\u01b0\u1ee3c m\u1ed9t giao di\u1ec7n web \u0111\u01b0\u1ee3c thi\u1ebft k\u1ebf \u0111\u1eb9p m\u1eaft, chuy\u00ean nghi\u1ec7p v\u00e0 d\u1ec5 s\u1eed d\u1ee5ng, gi\u00fap thu h\u00fat kh\u00e1ch h\u00e0ng ngay t\u1eeb c\u00e1i nh\u00ecn \u0111\u1ea7u ti\u00ean.\n<\/p>\n<h2>\n \u0110i\u1ec3m n\u1ed5i b\u1eadt c\u1ee7a d\u1ecbch v\u1ee5:<br \/>\n<\/h2>\n<ul>\n<li>\n  <strong><br \/>\n   Giao di\u1ec7n \u0111\u1eb9p, chuy\u00ean nghi\u1ec7p:<br \/>\n  <\/strong><br \/>\n  Website c\u1ee7a b\u1ea1n s\u1ebd kh\u00f4ng nh\u1eefng n\u1ed5i b\u1eadt m\u00e0 c\u00f2n ph\u1ea3n \u00e1nh \u0111\u00fang gi\u00e1 tr\u1ecb v\u00e0 s\u1ef1 sang tr\u1ecdng c\u1ee7a s\u1ea3n ph\u1ea9m y\u1ebfn s\u00e0o.\n <\/li>\n<li>\n  <strong><br \/>\n   T\u01b0\u01a1ng th\u00edch tr\u00ean m\u1ecdi thi\u1ebft b\u1ecb:<br \/>\n  <\/strong><br \/>\n  D\u00f9 kh\u00e1ch h\u00e0ng truy c\u1eadp t\u1eeb m\u00e1y t\u00ednh \u0111\u1ec3 b\u00e0n, laptop hay smartphone, website c\u1ee7a b\u1ea1n v\u1eabn mang l\u1ea1i tr\u1ea3i nghi\u1ec7m t\u1ed1t nh\u1ea5t v\u1edbi giao di\u1ec7n responsive.\n <\/li>\n<li>\n  <strong><br \/>\n   M\u00e3 ngu\u1ed3n WordPress v\u1edbi Theme Flatsome v\u00e0 UX Builder:<br \/>\n  <\/strong><br \/>\n  Ch\u00fang t\u00f4i s\u1eed d\u1ee5ng m\u00e3 ngu\u1ed3n WordPress v\u1edbi Theme Flatsome v\u00e0 UX Builder, gi\u00fap b\u1ea1n d\u1ec5 d\u00e0ng t\u00f9y bi\u1ebfn, ch\u1ec9nh s\u1eeda \u0111\u1ec3 ph\u00f9 h\u1ee3p v\u1edbi nhu c\u1ea7u c\u1ee7a ri\u00eang b\u1ea1n m\u00e0 kh\u00f4ng c\u1ea7n ph\u1ea3i am hi\u1ec3u qu\u00e1 nhi\u1ec1u v\u1ec1 l\u1eadp tr\u00ecnh.\n <\/li>\n<li>\n  <strong><br \/>\n   T\u1ed1c \u0111\u1ed9 t\u1ea3i trang nhanh:<br \/>\n  <\/strong><br \/>\n  Website nhanh ch\u00f3ng v\u00e0 m\u01b0\u1ee3t m\u00e0 s\u1ebd gi\u1eef ch\u00e2n kh\u00e1ch h\u00e0ng l\u00e2u h\u01a1n, n\u00e2ng cao kh\u1ea3 n\u0103ng chuy\u1ec3n \u0111\u1ed5i.\n <\/li>\n<\/ul>\n<h3>\n Gi\u1edbi thi\u1ec7u v\u1ec1 \u0111\u01a1n v\u1ecb thi\u1ebft k\u1ebf web<br \/>\n<\/h3>\n<p>\n Ch\u00fang t\u00f4i t\u1ef1 h\u00e0o l\u00e0 \u0111\u01a1n v\u1ecb thi\u1ebft k\u1ebf website chuy\u00ean nghi\u1ec7p t\u1ea1i Vi\u1ec7t Nam. V\u1edbi kinh nghi\u1ec7m l\u00e2u n\u0103m trong l\u0129nh v\u1ef1c thi\u1ebft k\u1ebf web v\u00e0 kh\u00f4ng ng\u1eebng c\u1eadp nh\u1eadt xu h\u01b0\u1edbng, LADIGI Agency cam k\u1ebft mang \u0111\u1ebfn s\u1ea3n ph\u1ea9m ch\u1ea5t l\u01b0\u1ee3ng nh\u1ea5t cho kh\u00e1ch h\u00e0ng.\n<\/p>\n<p>\n N\u1ebfu b\u1ea1n \u0111ang t\u00ecm ki\u1ebfm m\u1ed9t d\u1ecbch v\u1ee5 thi\u1ebft k\u1ebf website tr\u1ecdn g\u00f3i, h\u00e3y tham kh\u1ea3o th\u00eam t\u1ea1i<br \/>\n <a href=\"https:\/\/ladigi.vn\/thiet-ke-website\/\"><br \/>\n  Thi\u1ebft k\u1ebf website tr\u1ecdn g\u00f3i<br \/>\n <\/a><br \/>\n . Ch\u00fang t\u00f4i s\u1eb5n s\u00e0ng \u0111\u1ed3ng h\u00e0nh c\u00f9ng b\u1ea1n trong h\u00e0nh tr\u00ecnh ph\u00e1t tri\u1ec3n th\u01b0\u01a1ng hi\u1ec7u.<\/p>\n","protected":false},"excerpt":{"rendered":"<p>D\u1ecbch v\u1ee5 thi\u1ebft k\u1ebf website b\u00e1n y\u1ebfn s\u00e0o v\u1edbi giao di\u1ec7n \u0111\u1eb9p, chuy\u00ean nghi\u1ec7p v\u00e0 d\u1ec5 s\u1eed d\u1ee5ng. Website t\u01b0\u01a1ng th\u00edch m\u1ecdi thi\u1ebft b\u1ecb, s\u1eed d\u1ee5ng m\u00e3 ngu\u1ed3n Wordpress v\u1edbi Theme Flatsome v\u00e0 UX Builder, gi\u00fap t\u00f9y bi\u1ebfn d\u1ec5 d\u00e0ng. \u0110\u1eb7c bi\u1ec7t, t\u1ed1c \u0111\u1ed9 t\u1ea3i trang nhanh, n\u00e2ng cao tr\u1ea3i nghi\u1ec7m ng\u01b0\u1eddi d\u00f9ng.<\/p>\n","protected":false},"featured_media":8195,"comment_status":"open","ping_status":"closed","template":"","meta":[],"product_cat":[16],"product_tag":[],"class_list":{"0":"post-8194","1":"product","2":"type-product","3":"status-publish","4":"has-post-thumbnail","6":"product_cat-tat-ca","8":"first","9":"instock","10":"shipping-taxable","11":"product-type-external"},"_links":{"self":[{"href":"https:\/\/ladigi.vn\/thiet-ke-website\/wp-json\/wp\/v2\/product\/8194","targetHints":{"allow":["GET"]}}],"collection":[{"href":"https:\/\/ladigi.vn\/thiet-ke-website\/wp-json\/wp\/v2\/product"}],"about":[{"href":"https:\/\/ladigi.vn\/thiet-ke-website\/wp-json\/wp\/v2\/types\/product"}],"replies":[{"embeddable":true,"href":"https:\/\/ladigi.vn\/thiet-ke-website\/wp-json\/wp\/v2\/comments?post=8194"}],"wp:featuredmedia":[{"embeddable":true,"href":"https:\/\/ladigi.vn\/thiet-ke-website\/wp-json\/wp\/v2\/media\/8195"}],"wp:attachment":[{"href":"https:\/\/ladigi.vn\/thiet-ke-website\/wp-json\/wp\/v2\/media?parent=8194"}],"wp:term":[{"taxonomy":"product_cat","embeddable":true,"href":"https:\/\/ladigi.vn\/thiet-ke-website\/wp-json\/wp\/v2\/product_cat?post=8194"},{"taxonomy":"product_tag","embeddable":true,"href":"https:\/\/ladigi.vn\/thiet-ke-website\/wp-json\/wp\/v2\/product_tag?post=8194"}],"curies":[{"name":"wp","href":"https:\/\/api.w.org\/{rel}","templated":true}]}}