{"id":8202,"date":"2025-01-12T18:36:18","date_gmt":"2025-01-12T11:36:18","guid":{"rendered":"https:\/\/ladigi.vn\/thiet-ke-website\/?post_type=product&#038;p=8202"},"modified":"2025-01-12T19:25:28","modified_gmt":"2025-01-12T12:25:28","slug":"theme-wordpress-trung-tam-yoga-01","status":"publish","type":"product","link":"https:\/\/ladigi.vn\/thiet-ke-website\/mau-web\/theme-wordpress-trung-tam-yoga-01\/","title":{"rendered":"Trung t\u00e2m yoga"},"content":{"rendered":"<p>\n Ch\u00e0o m\u1eebng \u0111\u1ebfn v\u1edbi trung t\u00e2m yoga 01! B\u1ea1n \u0111ang t\u00ecm ki\u1ebfm m\u1ed9t trang web chuy\u00ean nghi\u1ec7p v\u00e0 \u0111\u1eb9p m\u1eaft \u0111\u1ec3 gi\u1edbi thi\u1ec7u d\u1ecbch v\u1ee5 c\u1ee7a m\u00ecnh? H\u00e3y \u0111\u1ec3 LADIGI Agency gi\u00fap b\u1ea1n!\n<\/p>\n<p>\n V\u1edbi kinh nghi\u1ec7m l\u00e2u n\u0103m trong l\u0129nh v\u1ef1c thi\u1ebft k\u1ebf website, LADIGI Agency t\u1ef1 h\u00e0o l\u00e0 \u0111\u01a1n v\u1ecb h\u00e0ng \u0111\u1ea7u v\u1ec1 d\u1ecbch v\u1ee5 thi\u1ebft k\u1ebf website cho trung t\u00e2m yoga. Ch\u00fang t\u00f4i cam k\u1ebft mang \u0111\u1ebfn cho b\u1ea1n m\u1ed9t giao di\u1ec7n web \u0111\u1eb9p m\u1eaft, chuy\u00ean nghi\u1ec7p v\u00e0 d\u1ec5 s\u1eed d\u1ee5ng.\n<\/p>\n<p>\n M\u00e3 ngu\u1ed3n WordPress l\u00e0 m\u1ed9t trong nh\u1eefng n\u1ec1n t\u1ea3ng ph\u1ed5 bi\u1ebfn nh\u1ea5t hi\u1ec7n nay v\u1edbi h\u00e0ng tri\u1ec7u ng\u01b0\u1eddi d\u00f9ng tr\u00ean to\u00e0n th\u1ebf gi\u1edbi. V\u00e0 \u0111\u1ec3 \u0111\u1ea3m b\u1ea3o s\u1ef1 t\u01b0\u01a1ng th\u00edch tr\u00ean m\u1ecdi thi\u1ebft b\u1ecb, ch\u00fang t\u00f4i s\u1eed d\u1ee5ng Theme Flatsome v\u00e0 UX Builder &#8211; hai c\u00f4ng c\u1ee5 m\u1ea1nh m\u1ebd v\u00e0 linh ho\u1ea1t cho vi\u1ec7c t\u00f9y bi\u1ebfn giao di\u1ec7n web c\u1ee7a b\u1ea1n.\n<\/p>\n<p>\n Ngo\u00e0i ra, t\u1ed1c \u0111\u1ed9 t\u1ea3i trang c\u0169ng l\u00e0 m\u1ed9t y\u1ebfu t\u1ed1 quan tr\u1ecdng m\u00e0 ch\u00fang t\u00f4i lu\u00f4n ch\u00fa tr\u1ecdng. V\u1edbi c\u00e1c k\u1ef9 thu\u1eadt t\u1ed1i \u01b0u h\u00f3a, ch\u00fang t\u00f4i \u0111\u1ea3m b\u1ea3o giao di\u1ec7n web c\u1ee7a b\u1ea1n s\u1ebd \u0111\u01b0\u1ee3c t\u1ea3i nhanh ch\u00f3ng v\u00e0 m\u01b0\u1ee3t m\u00e0 tr\u00ean m\u1ecdi thi\u1ebft b\u1ecb.\n<\/p>\n<p>\n \u0110\u1ec3 c\u00f3 th\u00eam th\u00f4ng tin chi ti\u1ebft v\u1ec1 d\u1ecbch v\u1ee5 thi\u1ebft k\u1ebf website c\u1ee7a ch\u00fang t\u00f4i, h\u00e3y truy c\u1eadp<br \/>\n <a href=\"https:\/\/ladigi.vn\/thiet-ke-website\/\"><br \/>\n  T\u01b0 v\u1ea5n thi\u1ebft k\u1ebf website<br \/>\n <\/a><br \/>\n tr\u00ean website c\u1ee7a LADIGI Agency. Ch\u00fang t\u00f4i s\u1ebd t\u01b0 v\u1ea5n v\u00e0 h\u1ed7 tr\u1ee3 b\u1ea1n trong qu\u00e1 tr\u00ecnh t\u1ea1o n\u00ean m\u1ed9t giao di\u1ec7n web ho\u00e0n h\u1ea3o cho trung t\u00e2m yoga c\u1ee7a b\u1ea1n.\n<\/p>\n<p>\n H\u00e3y \u0111\u1ec3 LADIGI Agency tr\u1edf th\u00e0nh \u0111\u1ed1i t\u00e1c tin c\u1eady c\u1ee7a b\u1ea1n trong vi\u1ec7c ph\u00e1t tri\u1ec3n th\u01b0\u01a1ng hi\u1ec7u v\u00e0 kinh doanh tr\u1ef1c tuy\u1ebfn. Ch\u00fang t\u00f4i cam k\u1ebft mang \u0111\u1ebfn cho b\u1ea1n s\u1ef1 h\u00e0i l\u00f2ng tuy\u1ec7t \u0111\u1ed1i v\u1edbi d\u1ecbch v\u1ee5 thi\u1ebft k\u1ebf website chuy\u00ean nghi\u1ec7p v\u00e0 hi\u1ec7u qu\u1ea3 c\u1ee7a ch\u00fang t\u00f4i. H\u00e3y li\u00ean h\u1ec7 ngay v\u1edbi ch\u00fang t\u00f4i \u0111\u1ec3 b\u1eaft \u0111\u1ea7u h\u00e0nh tr\u00ecnh t\u1ea1o n\u00ean m\u1ed9t giao di\u1ec7n web \u0111\u1eb9p v\u00e0 chuy\u00ean nghi\u1ec7p cho trung t\u00e2m yoga c\u1ee7a b\u1ea1n!<\/p>\n","protected":false},"excerpt":{"rendered":"<p>D\u1ecbch v\u1ee5 Thi\u1ebft k\u1ebf website Theme wordpress trung t\u00e2m yoga 01 l\u00e0 s\u1ef1 l\u1ef1a ch\u1ecdn ho\u00e0n h\u1ea3o cho c\u00e1c doanh nghi\u1ec7p trong l\u0129nh v\u1ef1c yoga. V\u1edbi giao di\u1ec7n \u0111\u1eb9p, chuy\u00ean nghi\u1ec7p v\u00e0 d\u1ec5 s\u1eed d\u1ee5ng, website s\u1ebd thu h\u00fat ng\u01b0\u1eddi d\u00f9ng ngay t\u1eeb c\u00e1i nh\u00ecn \u0111\u1ea7u ti\u00ean. \u0110\u1eb7c bi\u1ec7t, giao di\u1ec7n n\u00e0y t\u01b0\u01a1ng th\u00edch tr\u00ean m\u1ecdi thi\u1ebft b\u1ecb, gi\u00fap ng\u01b0\u1eddi d\u00f9ng truy c\u1eadp v\u00e0 tr\u1ea3i nghi\u1ec7m d\u1ecbch v\u1ee5 m\u1ed9t c\u00e1ch thu\u1eadn ti\u1ec7n nh\u1ea5t. S\u1eed d\u1ee5ng m\u00e3 ngu\u1ed3n Wordpress v\u1edbi Theme Flatsome v\u00e0 UX Builder, kh\u00e1ch h\u00e0ng c\u00f3 th\u1ec3 t\u00f9y bi\u1ebfn n\u1ed9i dung v\u00e0 ch\u1ee9c n\u0103ng theo \u00fd mu\u1ed1n. \u0110i\u1ec1u \u0111\u00e1ng ch\u00fa \u00fd, t\u1ed1c \u0111\u1ed9 t\u1ea3i trang nhanh gi\u00fap website ho\u1ea1t \u0111\u1ed9ng hi\u1ec7u qu\u1ea3 v\u00e0 thu h\u00fat nhi\u1ec1u l\u01b0\u1ee3t truy c\u1eadp.<\/p>\n","protected":false},"featured_media":8203,"comment_status":"open","ping_status":"closed","template":"","meta":[],"product_cat":[16],"product_tag":[],"class_list":{"0":"post-8202","1":"product","2":"type-product","3":"status-publish","4":"has-post-thumbnail","6":"product_cat-tat-ca","8":"first","9":"instock","10":"shipping-taxable","11":"product-type-external"},"_links":{"self":[{"href":"https:\/\/ladigi.vn\/thiet-ke-website\/wp-json\/wp\/v2\/product\/8202","targetHints":{"allow":["GET"]}}],"collection":[{"href":"https:\/\/ladigi.vn\/thiet-ke-website\/wp-json\/wp\/v2\/product"}],"about":[{"href":"https:\/\/ladigi.vn\/thiet-ke-website\/wp-json\/wp\/v2\/types\/product"}],"replies":[{"embeddable":true,"href":"https:\/\/ladigi.vn\/thiet-ke-website\/wp-json\/wp\/v2\/comments?post=8202"}],"wp:featuredmedia":[{"embeddable":true,"href":"https:\/\/ladigi.vn\/thiet-ke-website\/wp-json\/wp\/v2\/media\/8203"}],"wp:attachment":[{"href":"https:\/\/ladigi.vn\/thiet-ke-website\/wp-json\/wp\/v2\/media?parent=8202"}],"wp:term":[{"taxonomy":"product_cat","embeddable":true,"href":"https:\/\/ladigi.vn\/thiet-ke-website\/wp-json\/wp\/v2\/product_cat?post=8202"},{"taxonomy":"product_tag","embeddable":true,"href":"https:\/\/ladigi.vn\/thiet-ke-website\/wp-json\/wp\/v2\/product_tag?post=8202"}],"curies":[{"name":"wp","href":"https:\/\/api.w.org\/{rel}","templated":true}]}}