{"id":8218,"date":"2025-01-11T16:11:09","date_gmt":"2025-01-11T09:11:09","guid":{"rendered":"https:\/\/ladigi.vn\/thiet-ke-website\/?post_type=product&#038;p=8218"},"modified":"2025-01-11T16:13:10","modified_gmt":"2025-01-11T09:13:10","slug":"theme-wordpress-dich-vu-quang-cao-marketing","status":"publish","type":"product","link":"https:\/\/ladigi.vn\/thiet-ke-website\/mau-web\/theme-wordpress-dich-vu-quang-cao-marketing\/","title":{"rendered":"D\u1ecbch v\u1ee5 qu\u1ea3ng c\u00e1o \u2013 marketing"},"content":{"rendered":"<p>\n &#8220;`markdown\n<\/p>\n<h1>\n D\u1ecbch v\u1ee5 Thi\u1ebft k\u1ebf website Theme WordPress cho qu\u1ea3ng c\u00e1o \u2013 Marketing<br \/>\n<\/h1>\n<p>\n Ch\u00e0o m\u1eebng b\u1ea1n \u0111\u1ebfn v\u1edbi d\u1ecbch v\u1ee5 thi\u1ebft k\u1ebf website chuy\u00ean nghi\u1ec7p c\u1ee7a ch\u00fang t\u00f4i! Ch\u00fang t\u00f4i t\u1ef1 h\u00e0o cung c\u1ea5p nh\u1eefng gi\u1ea3i ph\u00e1p website \u0111\u01b0\u1ee3c t\u1ed1i \u01b0u h\u00f3a cho qu\u1ea3ng c\u00e1o v\u00e0 marketing, gi\u00fap doanh nghi\u1ec7p c\u1ee7a b\u1ea1n n\u1ed5i b\u1eadt gi\u1eefa \u0111\u00e1m \u0111\u00f4ng.\n<\/p>\n<h2>\n Giao di\u1ec7n web \u0111\u1eb9p, chuy\u00ean nghi\u1ec7p v\u00e0 d\u1ec5 s\u1eed d\u1ee5ng<br \/>\n<\/h2>\n<p>\n Ch\u00fang t\u00f4i cam k\u1ebft mang \u0111\u1ebfn cho b\u1ea1n m\u1ed9t giao di\u1ec7n website \u0111\u01b0\u1ee3c thi\u1ebft k\u1ebf \u0111\u1eb9p m\u1eaft, ph\u00f9 h\u1ee3p v\u1edbi xu h\u01b0\u1edbng hi\u1ec7n \u0111\u1ea1i v\u00e0 th\u00e2n thi\u1ec7n v\u1edbi ng\u01b0\u1eddi d\u00f9ng. C\u00e1c y\u1ebfu t\u1ed1 tr\u1ea3i nghi\u1ec7m ng\u01b0\u1eddi d\u00f9ng (UX) \u0111\u01b0\u1ee3c \u01b0u ti\u00ean h\u00e0ng \u0111\u1ea7u, gi\u00fap kh\u00e1ch h\u00e0ng d\u1ec5 d\u00e0ng t\u00ecm ki\u1ebfm th\u00f4ng tin v\u00e0 t\u01b0\u01a1ng t\u00e1c v\u1edbi th\u01b0\u01a1ng hi\u1ec7u c\u1ee7a b\u1ea1n.\n<\/p>\n<h2>\n T\u01b0\u01a1ng th\u00edch tr\u00ean m\u1ecdi thi\u1ebft b\u1ecb<br \/>\n<\/h2>\n<p>\n V\u1edbi nhu c\u1ea7u s\u1eed d\u1ee5ng internet ng\u00e0y c\u00e0ng \u0111a d\u1ea1ng, website c\u1ee7a b\u1ea1n c\u1ea7n ph\u1ea3i ho\u1ea1t \u0111\u1ed9ng t\u1ed1t tr\u00ean m\u1ecdi thi\u1ebft b\u1ecb, t\u1eeb m\u00e1y t\u00ednh b\u00e0n \u0111\u1ebfn \u0111i\u1ec7n tho\u1ea1i di \u0111\u1ed9ng. Ch\u00fang t\u00f4i s\u1eed d\u1ee5ng thi\u1ebft k\u1ebf responsive, \u0111\u1ea3m b\u1ea3o r\u1eb1ng trang web s\u1ebd hi\u1ec3n th\u1ecb ho\u00e0n h\u1ea3o tr\u00ean t\u1ea5t c\u1ea3 c\u00e1c lo\u1ea1i m\u00e0n h\u00ecnh.\n<\/p>\n<h2>\n M\u00e3 ngu\u1ed3n WordPress v\u1edbi Theme Flatsome v\u00e0 UX Builder d\u1ec5 t\u00f9y bi\u1ebfn<br \/>\n<\/h2>\n<p>\n Ch\u00fang t\u00f4i x\u00e2y d\u1ef1ng website tr\u00ean n\u1ec1n t\u1ea3ng WordPress v\u1edbi Theme Flatsome &#8211; m\u1ed9t trong nh\u1eefng theme ph\u1ed5 bi\u1ebfn v\u00e0 linh ho\u1ea1t nh\u1ea5t hi\u1ec7n nay. V\u1edbi s\u1ef1 h\u1ed7 tr\u1ee3 c\u1ee7a UX Builder, b\u1ea1n c\u00f3 th\u1ec3 d\u1ec5 d\u00e0ng t\u00f9y bi\u1ebfn n\u1ed9i dung, giao di\u1ec7n v\u00e0 b\u1ed1 c\u1ee5c trang web theo nhu c\u1ea7u ri\u00eang c\u1ee7a doanh nghi\u1ec7p.\n<\/p>\n<h2>\n T\u1ed1c \u0111\u1ed9 t\u1ea3i trang nhanh<br \/>\n<\/h2>\n<p>\n M\u1ed9t website ch\u1eadm s\u1ebd l\u00e0m m\u1ea5t \u0111i c\u01a1 h\u1ed9i ti\u1ebfp c\u1eadn kh\u00e1ch h\u00e0ng c\u1ee7a b\u1ea1n. Ch\u00fang t\u00f4i t\u1ed1i \u01b0u h\u00f3a t\u1ed1c \u0111\u1ed9 t\u1ea3i trang, gi\u00fap website c\u1ee7a b\u1ea1n ho\u1ea1t \u0111\u1ed9ng nhanh nh\u1ea1y, mang l\u1ea1i tr\u1ea3i nghi\u1ec7m t\u1ed1t nh\u1ea5t cho ng\u01b0\u1eddi d\u00f9ng. M\u1ed9t trang web t\u1ea3i nhanh kh\u00f4ng ch\u1ec9 gi\u1eef ch\u00e2n kh\u00e1ch h\u00e0ng m\u00e0 c\u00f2n c\u1ea3i thi\u1ec7n th\u1ee9 h\u1ea1ng SEO.\n<\/p>\n<hr\/>\n<p>\n \u0110\u1ec3 c\u00f3 \u0111\u01b0\u1ee3c m\u1ed9t website chu\u1ea9n SEO v\u00e0 ho\u00e0n h\u1ea3o cho ho\u1ea1t \u0111\u1ed9ng marketing c\u1ee7a b\u1ea1n, h\u00e3y \u0111\u1ebfn v\u1edbi<br \/>\n <a href=\"https:\/\/ladigi.vn\/thiet-ke-website\/\"><br \/>\n  LADIGI Agency<br \/>\n <\/a><br \/>\n . Ch\u00fang t\u00f4i s\u1ebd \u0111\u1ed3ng h\u00e0nh c\u00f9ng b\u1ea1n tr\u00ean con \u0111\u01b0\u1eddng ph\u00e1t tri\u1ec3n tr\u1ef1c tuy\u1ebfn!<br \/>\n&#8220;`<\/p>\n","protected":false},"excerpt":{"rendered":"<p>D\u1ecbch v\u1ee5 thi\u1ebft k\u1ebf website WordPress v\u1edbi theme Flatsome v\u00e0 UX Builder mang \u0111\u1ebfn giao di\u1ec7n \u0111\u1eb9p, chuy\u00ean nghi\u1ec7p, v\u00e0 d\u1ec5 s\u1eed d\u1ee5ng. Website t\u01b0\u01a1ng th\u00edch tr\u00ean m\u1ecdi thi\u1ebft b\u1ecb, gi\u00fap ng\u01b0\u1eddi d\u00f9ng tr\u1ea3i nghi\u1ec7m t\u1ed1i \u01b0u. Ngo\u00e0i ra, t\u1ed1c \u0111\u1ed9 t\u1ea3i trang nhanh ch\u00f3ng \u0111\u1ea3m b\u1ea3o hi\u1ec7u qu\u1ea3 cho chi\u1ebfn d\u1ecbch qu\u1ea3ng c\u00e1o \u2013 marketing.<\/p>\n","protected":false},"featured_media":8219,"comment_status":"open","ping_status":"closed","template":"","meta":[],"product_cat":[16],"product_tag":[],"class_list":{"0":"post-8218","1":"product","2":"type-product","3":"status-publish","4":"has-post-thumbnail","6":"product_cat-tat-ca","8":"first","9":"instock","10":"shipping-taxable","11":"product-type-external"},"_links":{"self":[{"href":"https:\/\/ladigi.vn\/thiet-ke-website\/wp-json\/wp\/v2\/product\/8218","targetHints":{"allow":["GET"]}}],"collection":[{"href":"https:\/\/ladigi.vn\/thiet-ke-website\/wp-json\/wp\/v2\/product"}],"about":[{"href":"https:\/\/ladigi.vn\/thiet-ke-website\/wp-json\/wp\/v2\/types\/product"}],"replies":[{"embeddable":true,"href":"https:\/\/ladigi.vn\/thiet-ke-website\/wp-json\/wp\/v2\/comments?post=8218"}],"wp:featuredmedia":[{"embeddable":true,"href":"https:\/\/ladigi.vn\/thiet-ke-website\/wp-json\/wp\/v2\/media\/8219"}],"wp:attachment":[{"href":"https:\/\/ladigi.vn\/thiet-ke-website\/wp-json\/wp\/v2\/media?parent=8218"}],"wp:term":[{"taxonomy":"product_cat","embeddable":true,"href":"https:\/\/ladigi.vn\/thiet-ke-website\/wp-json\/wp\/v2\/product_cat?post=8218"},{"taxonomy":"product_tag","embeddable":true,"href":"https:\/\/ladigi.vn\/thiet-ke-website\/wp-json\/wp\/v2\/product_tag?post=8218"}],"curies":[{"name":"wp","href":"https:\/\/api.w.org\/{rel}","templated":true}]}}