{"id":8222,"date":"2025-01-11T15:32:36","date_gmt":"2025-01-11T08:32:36","guid":{"rendered":"https:\/\/ladigi.vn\/thiet-ke-website\/?post_type=product&#038;p=8222"},"modified":"2025-01-11T15:35:02","modified_gmt":"2025-01-11T08:35:02","slug":"theme-wordpress-dich-vu-chuyen-doi-so","status":"publish","type":"product","link":"https:\/\/ladigi.vn\/thiet-ke-website\/mau-web\/theme-wordpress-dich-vu-chuyen-doi-so\/","title":{"rendered":"D\u1ecbch v\u1ee5 chuy\u1ec3n \u0111\u1ed5i s\u1ed1"},"content":{"rendered":"<h2>\n D\u1ecbch v\u1ee5 Thi\u1ebft k\u1ebf website Theme WordPress &#8211; Chuy\u1ec3n \u0111\u1ed5i s\u1ed1 hi\u1ec7u qu\u1ea3<br \/>\n<\/h2>\n<p>\n Trong th\u1eddi \u0111\u1ea1i s\u1ed1 h\u00f3a ng\u00e0y nay, vi\u1ec7c s\u1edf h\u1eefu m\u1ed9t website chuy\u00ean nghi\u1ec7p l\u00e0 \u0111i\u1ec1u c\u1ea7n thi\u1ebft \u0111\u1ec3 b\u1ea5t k\u1ef3 doanh nghi\u1ec7p n\u00e0o c\u00f3 th\u1ec3 thu h\u00fat v\u00e0 gi\u1eef ch\u00e2n kh\u00e1ch h\u00e0ng. D\u1ecbch v\u1ee5 thi\u1ebft k\u1ebf website Theme WordPress c\u1ee7a ch\u00fang t\u00f4i mang \u0111\u1ebfn cho b\u1ea1n m\u1ed9t s\u1ef1 l\u1ef1a ch\u1ecdn ho\u00e0n h\u1ea3o, v\u1edbi nh\u1eefng \u01b0u \u0111i\u1ec3m n\u1ed5i b\u1eadt nh\u01b0 sau:\n<\/p>\n<h3>\n Giao di\u1ec7n \u0111\u1eb9p, chuy\u00ean nghi\u1ec7p v\u00e0 d\u1ec5 s\u1eed d\u1ee5ng<br \/>\n<\/h3>\n<p>\n Ch\u00fang t\u00f4i cam k\u1ebft cung c\u1ea5p giao di\u1ec7n web \u0111\u01b0\u1ee3c thi\u1ebft k\u1ebf hi\u1ec7n \u0111\u1ea1i, b\u1eaft m\u1eaft v\u00e0 th\u00e2n thi\u1ec7n v\u1edbi ng\u01b0\u1eddi d\u00f9ng. Kh\u00f4ng ch\u1ec9 gi\u00fap b\u1ea1n t\u1ea1o \u1ea5n t\u01b0\u1ee3ng m\u1ea1nh v\u1edbi kh\u00e1ch h\u00e0ng, giao di\u1ec7n n\u00e0y c\u00f2n d\u1ec5 d\u00e0ng \u0111\u1ec3 thao t\u00e1c v\u00e0 t\u00ecm ki\u1ebfm th\u00f4ng tin.\n<\/p>\n<h3>\n T\u01b0\u01a1ng th\u00edch tr\u00ean m\u1ecdi thi\u1ebft b\u1ecb<br \/>\n<\/h3>\n<p>\n M\u1ed9t trang web \u1ea5n t\u01b0\u1ee3ng kh\u00f4ng ch\u1ec9 c\u1ea7n \u0111\u1eb9p tr\u00ean m\u00e1y t\u00ednh m\u00e0 c\u00f2n ph\u1ea3i ho\u00e0n h\u1ea3o tr\u00ean c\u00e1c thi\u1ebft b\u1ecb di \u0111\u1ed9ng. V\u1edbi thi\u1ebft k\u1ebf Responsive, website c\u1ee7a b\u1ea1n s\u1ebd t\u1ef1 \u0111\u1ed9ng \u0111i\u1ec1u ch\u1ec9nh k\u00edch th\u01b0\u1edbc v\u00e0 b\u1ed1 c\u1ee5c \u0111\u1ec3 ph\u00f9 h\u1ee3p v\u1edbi m\u1ecdi lo\u1ea1i m\u00e0n h\u00ecnh, gi\u00fap ng\u01b0\u1eddi d\u00f9ng c\u00f3 tr\u1ea3i nghi\u1ec7m t\u1ed1t nh\u1ea5t m\u1ecdi l\u00fac, m\u1ecdi n\u01a1i.\n<\/p>\n<h3>\n M\u00e3 ngu\u1ed3n WordPress v\u1edbi Theme Flatsome v\u00e0 UX Builder d\u1ec5 t\u00f9y bi\u1ebfn<br \/>\n<\/h3>\n<p>\n Ch\u00fang t\u00f4i s\u1eed d\u1ee5ng m\u00e3 ngu\u1ed3n WordPress k\u1ebft h\u1ee3p v\u1edbi Theme Flatsome v\u00e0 UX Builder, gi\u00fap b\u1ea1n d\u1ec5 d\u00e0ng t\u00f9y bi\u1ebfn m\u1ecdi y\u1ebfu t\u1ed1 c\u1ee7a website ch\u1ec9 v\u1edbi v\u00e0i c\u00fa nh\u1ea5p chu\u1ed9t. B\u1ea1n ho\u00e0n to\u00e0n c\u00f3 th\u1ec3 thay \u0111\u1ed5i n\u1ed9i dung, h\u00ecnh \u1ea3nh, m\u00e0u s\u1eafc v\u00e0 c\u1ea5u tr\u00fac m\u00e0 kh\u00f4ng c\u1ea7n ph\u1ea3i c\u00f3 ki\u1ebfn th\u1ee9c l\u1eadp tr\u00ecnh ph\u1ee9c t\u1ea1p.\n<\/p>\n<h3>\n T\u1ed1c \u0111\u1ed9 t\u1ea3i trang nhanh<br \/>\n<\/h3>\n<p>\n Ch\u00fang t\u00f4i hi\u1ec3u r\u1eb1ng t\u1ed1c \u0111\u1ed9 t\u1ea3i trang \u0111\u00f3ng vai tr\u00f2 r\u1ea5t quan tr\u1ecdng trong vi\u1ec7c gi\u1eef ch\u00e2n ng\u01b0\u1eddi truy c\u1eadp. V\u1edbi c\u00e1c k\u1ef9 thu\u1eadt t\u1ed1i \u01b0u h\u00f3a, website c\u1ee7a b\u1ea1n s\u1ebd nhanh ch\u00f3ng t\u1ea3i v\u1ec1, cung c\u1ea5p tr\u1ea3i nghi\u1ec7m ng\u01b0\u1eddi d\u00f9ng m\u01b0\u1ee3t m\u00e0 v\u00e0 hi\u1ec7u qu\u1ea3.\n<\/p>\n<hr\/>\n<p>\n N\u1ebfu b\u1ea1n \u0111ang t\u00ecm ki\u1ebfm m\u1ed9t \u0111\u01a1n v\u1ecb thi\u1ebft k\u1ebf website uy t\u00edn, h\u00e3y \u0111\u1ebfn v\u1edbi<br \/>\n <strong><br \/>\n  LADIGI Agency<br \/>\n <\/strong><br \/>\n . Ch\u00fang t\u00f4i kh\u00f4ng ng\u1eebng c\u1eadp nh\u1eadt c\u00f4ng ngh\u1ec7 m\u1edbi v\u00e0 c\u00e1c xu h\u01b0\u1edbng thi\u1ebft k\u1ebf \u0111\u1ec3 mang \u0111\u1ebfn cho b\u1ea1n gi\u1ea3i ph\u00e1p chuy\u1ec3n \u0111\u1ed5i s\u1ed1 t\u1ed1t nh\u1ea5t cho doanh nghi\u1ec7p. \u0110\u1ec3 bi\u1ebft th\u00eam chi ti\u1ebft, m\u1eddi b\u1ea1n tham kh\u1ea3o<br \/>\n <a href=\"https:\/\/ladigi.vn\/thiet-ke-website\/\"><br \/>\n  \u0110\u01a1n v\u1ecb thi\u1ebft k\u1ebf website uy t\u00edn LADIGI<br \/>\n <\/a><br \/>\n .<\/p>\n","protected":false},"excerpt":{"rendered":"<p>D\u1ecbch v\u1ee5 thi\u1ebft k\u1ebf website WordPress chuy\u00ean nghi\u1ec7p v\u1edbi giao di\u1ec7n \u0111\u1eb9p m\u1eaft, d\u1ec5 s\u1eed d\u1ee5ng, t\u01b0\u01a1ng th\u00edch m\u1ecdi thi\u1ebft b\u1ecb. S\u1eed d\u1ee5ng m\u00e3 ngu\u1ed3n WordPress k\u00e8m Theme Flatsome v\u00e0 UX Builder cho kh\u1ea3 n\u0103ng t\u00f9y bi\u1ebfn linh ho\u1ea1t. \u0110\u1eb7c bi\u1ec7t, t\u1ed1c \u0111\u1ed9 t\u1ea3i trang nhanh ch\u00f3ng s\u1ebd n\u00e2ng cao tr\u1ea3i nghi\u1ec7m ng\u01b0\u1eddi d\u00f9ng.<\/p>\n","protected":false},"featured_media":8223,"comment_status":"open","ping_status":"closed","template":"","meta":[],"product_cat":[16],"product_tag":[],"class_list":{"0":"post-8222","1":"product","2":"type-product","3":"status-publish","4":"has-post-thumbnail","6":"product_cat-tat-ca","8":"first","9":"instock","10":"shipping-taxable","11":"product-type-external"},"_links":{"self":[{"href":"https:\/\/ladigi.vn\/thiet-ke-website\/wp-json\/wp\/v2\/product\/8222","targetHints":{"allow":["GET"]}}],"collection":[{"href":"https:\/\/ladigi.vn\/thiet-ke-website\/wp-json\/wp\/v2\/product"}],"about":[{"href":"https:\/\/ladigi.vn\/thiet-ke-website\/wp-json\/wp\/v2\/types\/product"}],"replies":[{"embeddable":true,"href":"https:\/\/ladigi.vn\/thiet-ke-website\/wp-json\/wp\/v2\/comments?post=8222"}],"wp:featuredmedia":[{"embeddable":true,"href":"https:\/\/ladigi.vn\/thiet-ke-website\/wp-json\/wp\/v2\/media\/8223"}],"wp:attachment":[{"href":"https:\/\/ladigi.vn\/thiet-ke-website\/wp-json\/wp\/v2\/media?parent=8222"}],"wp:term":[{"taxonomy":"product_cat","embeddable":true,"href":"https:\/\/ladigi.vn\/thiet-ke-website\/wp-json\/wp\/v2\/product_cat?post=8222"},{"taxonomy":"product_tag","embeddable":true,"href":"https:\/\/ladigi.vn\/thiet-ke-website\/wp-json\/wp\/v2\/product_tag?post=8222"}],"curies":[{"name":"wp","href":"https:\/\/api.w.org\/{rel}","templated":true}]}}