{"id":8230,"date":"2025-01-12T18:38:13","date_gmt":"2025-01-12T11:38:13","guid":{"rendered":"https:\/\/ladigi.vn\/thiet-ke-website\/?post_type=product&#038;p=8230"},"modified":"2025-01-12T19:25:47","modified_gmt":"2025-01-12T12:25:47","slug":"theme-wordpress-truyen-ma-audio","status":"publish","type":"product","link":"https:\/\/ladigi.vn\/thiet-ke-website\/mau-web\/theme-wordpress-truyen-ma-audio\/","title":{"rendered":"Truy\u1ec7n ma audio"},"content":{"rendered":"<p>\n Ch\u00e0o c\u00e1c b\u1ea1n y\u00eau th\u00edch truy\u1ec7n ma audio,\n<\/p>\n<p>\n B\u1ea1n c\u00f3 mu\u1ed1n t\u1ea1o cho m\u00ecnh m\u1ed9t website \u0111\u1eb9p v\u00e0 chuy\u00ean nghi\u1ec7p \u0111\u1ec3 chia s\u1ebb nh\u1eefng c\u00e2u chuy\u1ec7n ma kinh d\u1ecb c\u1ee7a m\u00ecnh? B\u1ea1n \u0111ang t\u00ecm ki\u1ebfm m\u1ed9t d\u1ecbch v\u1ee5 thi\u1ebft k\u1ebf website chuy\u00ean nghi\u1ec7p v\u00e0 \u0111\u00e1ng tin c\u1eady? H\u00e3y \u0111\u1ec3 LADIGI Agency gi\u00fap b\u1ea1n!\n<\/p>\n<p>\n V\u1edbi d\u1ecbch v\u1ee5 Thi\u1ebft k\u1ebf website Theme wordpress truy\u1ec7n ma audio c\u1ee7a LADIGI, b\u1ea1n s\u1ebd \u0111\u01b0\u1ee3c tr\u1ea3i nghi\u1ec7m m\u1ed9t giao di\u1ec7n web \u0111\u1eb9p v\u00e0 d\u1ec5 s\u1eed d\u1ee5ng, gi\u00fap thu h\u00fat ng\u01b0\u1eddi \u0111\u1ecdc ngay t\u1eeb c\u00e1i nh\u00ecn \u0111\u1ea7u ti\u00ean. Ch\u00fang t\u00f4i cam k\u1ebft t\u1ea1o ra nh\u1eefng giao di\u1ec7n web \u0111\u1ea7y t\u00ednh n\u0103ng v\u00e0 t\u01b0\u01a1ng th\u00edch v\u1edbi m\u1ecdi thi\u1ebft b\u1ecb, gi\u00fap b\u1ea1n ti\u1ebfp c\u1eadn \u0111\u01b0\u1ee3c \u0111\u00f4ng \u0111\u1ea3o \u0111\u1ed9c gi\u1ea3.\n<\/p>\n<p>\n \u0110\u1ec3 \u0111\u1ea3m b\u1ea3o s\u1ef1 linh ho\u1ea1t v\u00e0 d\u1ec5 t\u00f9y bi\u1ebfn cho website c\u1ee7a b\u1ea1n, ch\u00fang t\u00f4i s\u1eed d\u1ee5ng m\u00e3 ngu\u1ed3n WordPress v\u1edbi Theme Flatsome v\u00e0 UX Builder. \u0110i\u1ec1u n\u00e0y gi\u00fap b\u1ea1n c\u00f3 th\u1ec3 d\u1ec5 d\u00e0ng t\u00f9y ch\u1ec9nh giao di\u1ec7n v\u00e0 t\u00edch h\u1ee3p c\u00e1c t\u00ednh n\u0103ng m\u1edbi m\u1ed9t c\u00e1ch nhanh ch\u00f3ng.\n<\/p>\n<p>\n B\u00ean c\u1ea1nh \u0111\u00f3, t\u1ed1c \u0111\u1ed9 t\u1ea3i trang c\u0169ng l\u00e0 m\u1ed9t y\u1ebfu t\u1ed1 quan tr\u1ecdng trong vi\u1ec7c t\u1ea1o ra m\u1ed9t trang web th\u00e0nh c\u00f4ng. V\u1edbi d\u1ecbch v\u1ee5 c\u1ee7a LADIGI, ch\u00fang t\u00f4i cam k\u1ebft t\u1ed1i \u01b0u t\u1ed1c \u0111\u1ed9 t\u1ea3i trang \u0111\u1ec3 \u0111\u1ea3m b\u1ea3o tr\u1ea3i nghi\u1ec7m t\u1ed1t nh\u1ea5t cho ng\u01b0\u1eddi \u0111\u1ecdc c\u1ee7a b\u1ea1n.\n<\/p>\n<p>\n LADIGI Agency l\u00e0 \u0111\u01a1n v\u1ecb chuy\u00ean cung c\u1ea5p c\u00e1c d\u1ecbch v\u1ee5 thi\u1ebft k\u1ebf website chuy\u00ean nghi\u1ec7p v\u00e0 \u0111\u1ea7y \u0111\u1ee7 t\u00ednh n\u0103ng. V\u1edbi \u0111\u1ed9i ng\u0169 nh\u00e2n vi\u00ean gi\u00e0u kinh nghi\u1ec7m v\u00e0 t\u00e2m huy\u1ebft, ch\u00fang t\u00f4i t\u1ef1 tin mang \u0111\u1ebfn cho b\u1ea1n nh\u1eefng s\u1ea3n ph\u1ea9m ch\u1ea5t l\u01b0\u1ee3ng v\u00e0 \u0111\u00e1p \u1ee9ng \u0111\u01b0\u1ee3c m\u1ecdi nhu c\u1ea7u c\u1ee7a b\u1ea1n.\n<\/p>\n<p>\n N\u1ebfu b\u1ea1n \u0111ang t\u00ecm ki\u1ebfm m\u1ed9t \u0111\u01a1n v\u1ecb thi\u1ebft k\u1ebf website \u0111\u1ea7y \u0111\u1ee7 t\u00ednh n\u0103ng, h\u00e3y gh\u00e9 th\u0103m trang web c\u1ee7a ch\u00fang t\u00f4i t\u1ea1i<br \/>\n <a href=\"https:\/\/ladigi.vn\/thiet-ke-website\/\"><br \/>\n  Thi\u1ebft k\u1ebf website \u0111\u1ea7y \u0111\u1ee7 t\u00ednh n\u0103ng LADIGI<br \/>\n <\/a><br \/>\n . Ch\u00fang t\u00f4i cam k\u1ebft s\u1ebd mang \u0111\u1ebfn cho b\u1ea1n nh\u1eefng gi\u1ea3i ph\u00e1p t\u1ed1t nh\u1ea5t \u0111\u1ec3 t\u1ea1o ra m\u1ed9t website truy\u1ec7n ma audio \u0111\u1eb9p v\u00e0 chuy\u00ean nghi\u1ec7p. H\u00e3y \u0111\u1ec3 LADIGI Agency gi\u00fap b\u1ea1n bi\u1ebfn gi\u1ea5c m\u01a1 c\u1ee7a m\u00ecnh th\u00e0nh hi\u1ec7n th\u1ef1c!<\/p>\n","protected":false},"excerpt":{"rendered":"<p>D\u1ecbch v\u1ee5 Thi\u1ebft k\u1ebf website Theme wordpress truy\u1ec7n ma audio mang \u0111\u1ebfn cho b\u1ea1n m\u1ed9t giao di\u1ec7n web \u0111\u1eb9p, chuy\u00ean nghi\u1ec7p v\u00e0 d\u1ec5 s\u1eed d\u1ee5ng. V\u1edbi s\u1ef1 t\u01b0\u01a1ng th\u00edch tr\u00ean m\u1ecdi thi\u1ebft b\u1ecb, b\u1ea1n c\u00f3 th\u1ec3 d\u1ec5 d\u00e0ng truy c\u1eadp v\u00e0 tr\u1ea3i nghi\u1ec7m truy\u1ec7n ma audio m\u1ecdi l\u00fac, m\u1ecdi n\u01a1i. S\u1eed d\u1ee5ng m\u00e3 ngu\u1ed3n Wordpress k\u1ebft h\u1ee3p v\u1edbi Theme Flatsome v\u00e0 UX Builder, ch\u00fang t\u00f4i \u0111\u1ea3m b\u1ea3o t\u00ednh t\u00f9y bi\u1ebfn cao, gi\u00fap b\u1ea1n c\u00f3 m\u1ed9t website \u0111\u1ed9c \u0111\u00e1o v\u00e0 ph\u00f9 h\u1ee3p v\u1edbi \u00fd t\u01b0\u1edfng c\u1ee7a m\u00ecnh. \u0110\u1eb7c bi\u1ec7t, t\u1ed1c \u0111\u1ed9 t\u1ea3i trang nhanh s\u1ebd gi\u00fap ng\u01b0\u1eddi d\u00f9ng c\u00f3 tr\u1ea3i nghi\u1ec7m truy\u1ec7n ma audio m\u01b0\u1ee3t m\u00e0 v\u00e0 kh\u00f4ng b\u1ecb gi\u00e1n \u0111o\u1ea1n.<\/p>\n","protected":false},"featured_media":8231,"comment_status":"open","ping_status":"closed","template":"","meta":[],"product_cat":[16],"product_tag":[],"class_list":{"0":"post-8230","1":"product","2":"type-product","3":"status-publish","4":"has-post-thumbnail","6":"product_cat-tat-ca","8":"first","9":"instock","10":"shipping-taxable","11":"product-type-external"},"_links":{"self":[{"href":"https:\/\/ladigi.vn\/thiet-ke-website\/wp-json\/wp\/v2\/product\/8230","targetHints":{"allow":["GET"]}}],"collection":[{"href":"https:\/\/ladigi.vn\/thiet-ke-website\/wp-json\/wp\/v2\/product"}],"about":[{"href":"https:\/\/ladigi.vn\/thiet-ke-website\/wp-json\/wp\/v2\/types\/product"}],"replies":[{"embeddable":true,"href":"https:\/\/ladigi.vn\/thiet-ke-website\/wp-json\/wp\/v2\/comments?post=8230"}],"wp:featuredmedia":[{"embeddable":true,"href":"https:\/\/ladigi.vn\/thiet-ke-website\/wp-json\/wp\/v2\/media\/8231"}],"wp:attachment":[{"href":"https:\/\/ladigi.vn\/thiet-ke-website\/wp-json\/wp\/v2\/media?parent=8230"}],"wp:term":[{"taxonomy":"product_cat","embeddable":true,"href":"https:\/\/ladigi.vn\/thiet-ke-website\/wp-json\/wp\/v2\/product_cat?post=8230"},{"taxonomy":"product_tag","embeddable":true,"href":"https:\/\/ladigi.vn\/thiet-ke-website\/wp-json\/wp\/v2\/product_tag?post=8230"}],"curies":[{"name":"wp","href":"https:\/\/api.w.org\/{rel}","templated":true}]}}