{"id":8242,"date":"2025-01-12T07:08:52","date_gmt":"2025-01-12T00:08:52","guid":{"rendered":"https:\/\/ladigi.vn\/thiet-ke-website\/?post_type=product&#038;p=8242"},"modified":"2025-01-12T19:42:00","modified_gmt":"2025-01-12T12:42:00","slug":"theme-wordpress-giong-toplist","status":"publish","type":"product","link":"https:\/\/ladigi.vn\/thiet-ke-website\/mau-web\/theme-wordpress-giong-toplist\/","title":{"rendered":"Toplist"},"content":{"rendered":"<p>\n Ch\u00e0o c\u00e1c b\u1ea1n,\n<\/p>\n<p>\n B\u1ea1n \u0111ang c\u1ea7n thi\u1ebft k\u1ebf m\u1ed9t website v\u1edbi giao di\u1ec7n \u0111\u1eb9p, chuy\u00ean nghi\u1ec7p v\u00e0 d\u1ec5 s\u1eed d\u1ee5ng nh\u01b0 c\u00e1c trang web h\u00e0ng \u0111\u1ea7u hi\u1ec7n nay? B\u1ea1n mu\u1ed1n trang web c\u1ee7a m\u00ecnh c\u00f3 th\u1ec3 t\u01b0\u01a1ng th\u00edch tr\u00ean m\u1ecdi thi\u1ebft b\u1ecb v\u00e0 t\u1ea3i trang nhanh ch\u00f3ng? H\u00e3y \u0111\u1ebfn v\u1edbi d\u1ecbch v\u1ee5 thi\u1ebft k\u1ebf website Theme wordpress gi\u1ed1ng toplist c\u1ee7a ch\u00fang t\u00f4i!\n<\/p>\n<p>\n V\u1edbi giao di\u1ec7n \u0111\u01b0\u1ee3c thi\u1ebft k\u1ebf \u0111\u1eb9p m\u1eaft, chuy\u00ean nghi\u1ec7p v\u00e0 d\u1ec5 s\u1eed d\u1ee5ng, website c\u1ee7a b\u1ea1n s\u1ebd thu h\u00fat ng\u01b0\u1eddi d\u00f9ng ngay t\u1eeb c\u00e1i nh\u00ecn \u0111\u1ea7u ti\u00ean. Ch\u00fang t\u00f4i s\u1eed d\u1ee5ng m\u00e3 ngu\u1ed3n WordPress v\u1edbi Theme Flatsome v\u00e0 UX Builder, gi\u00fap cho vi\u1ec7c t\u00f9y bi\u1ebfn trang web tr\u1edf n\u00ean d\u1ec5 d\u00e0ng v\u00e0 linh ho\u1ea1t. B\u1ea1n c\u00f3 th\u1ec3 d\u1ec5 d\u00e0ng thay \u0111\u1ed5i giao di\u1ec7n, th\u00eam c\u00e1c t\u00ednh n\u0103ng m\u1edbi v\u00e0 \u0111i\u1ec1u ch\u1ec9nh n\u1ed9i dung m\u1ed9t c\u00e1ch nhanh ch\u00f3ng.\n<\/p>\n<p>\n Kh\u00f4ng ch\u1ec9 v\u1eady, trang web c\u1ee7a b\u1ea1n s\u1ebd \u0111\u01b0\u1ee3c t\u1ed1i \u01b0u h\u00f3a \u0111\u1ec3 t\u01b0\u01a1ng th\u00edch tr\u00ean m\u1ecdi thi\u1ebft b\u1ecb, t\u1eeb m\u00e1y t\u00ednh \u0111\u1ec3 b\u00e0n \u0111\u1ebfn \u0111i\u1ec7n tho\u1ea1i di \u0111\u1ed9ng. \u0110i\u1ec1u n\u00e0y gi\u00fap cho kh\u00e1ch h\u00e0ng c\u1ee7a b\u1ea1n c\u00f3 th\u1ec3 truy c\u1eadp trang web m\u1ecdi l\u00fac, m\u1ecdi n\u01a1i m\u1ed9t c\u00e1ch thu\u1eadn ti\u1ec7n nh\u1ea5t.\n<\/p>\n<p>\n \u0110\u1eb7c bi\u1ec7t, t\u1ed1c \u0111\u1ed9 t\u1ea3i trang c\u1ee7a website s\u1ebd \u0111\u01b0\u1ee3c t\u1ed1i \u01b0u h\u00f3a \u0111\u1ec3 \u0111\u1ea3m b\u1ea3o kh\u00e1ch h\u00e0ng c\u1ee7a b\u1ea1n kh\u00f4ng ph\u1ea3i ch\u1edd \u0111\u1ee3i qu\u00e1 l\u00e2u \u0111\u1ec3 truy c\u1eadp v\u00e0o trang web. \u0110i\u1ec1u n\u00e0y s\u1ebd gi\u00fap t\u0103ng tr\u1ea3i nghi\u1ec7m c\u1ee7a ng\u01b0\u1eddi d\u00f9ng v\u00e0 c\u1ea3i thi\u1ec7n th\u1ee9 h\u1ea1ng trang web tr\u00ean c\u00e1c c\u00f4ng c\u1ee5 t\u00ecm ki\u1ebfm.\n<\/p>\n<p>\n V\u1edbi \u0111\u01a1n v\u1ecb thi\u1ebft k\u1ebf website LADIGI (LADIGI Agency), ch\u00fang t\u00f4i cam k\u1ebft mang \u0111\u1ebfn cho b\u1ea1n m\u1ed9t trang web chuy\u00ean nghi\u1ec7p, \u0111\u1eb9p m\u1eaft v\u00e0 hi\u1ec7u qu\u1ea3. V\u1edbi nhi\u1ec1u n\u0103m kinh nghi\u1ec7m trong l\u0129nh v\u1ef1c thi\u1ebft k\u1ebf website, ch\u00fang t\u00f4i s\u1ebd \u0111\u00e1p \u1ee9ng \u0111\u01b0\u1ee3c m\u1ecdi y\u00eau c\u1ea7u v\u00e0 mong mu\u1ed1n c\u1ee7a b\u1ea1n.\n<\/p>\n<p>\n \u0110\u1eebng lo l\u1eafng v\u1ec1 chi ph\u00ed, v\u00ec ch\u00fang t\u00f4i cam k\u1ebft mang \u0111\u1ebfn cho b\u1ea1n m\u1ed9t gi\u00e1 c\u1ea3 h\u1ee3p l\u00fd v\u00e0 ph\u00f9 h\u1ee3p v\u1edbi nhu c\u1ea7u c\u1ee7a b\u1ea1n. Ch\u00fang t\u00f4i c\u0169ng lu\u00f4n s\u1eb5n s\u00e0ng t\u01b0 v\u1ea5n v\u00e0 h\u1ed7 tr\u1ee3 b\u1ea1n trong qu\u00e1 tr\u00ecnh thi\u1ebft k\u1ebf v\u00e0 ph\u00e1t tri\u1ec3n trang web.\n<\/p>\n<p>\n H\u00e3y \u0111\u1ebfn v\u1edbi ch\u00fang t\u00f4i v\u00e0 tr\u1ea3i nghi\u1ec7m d\u1ecbch v\u1ee5 thi\u1ebft k\u1ebf website chuy\u00ean nghi\u1ec7p c\u1ee7a LADIGI. B\u1ea1n c\u00f3 th\u1ec3 t\u00ecm hi\u1ec3u th\u00eam th\u00f4ng tin v\u1ec1 d\u1ecbch v\u1ee5 c\u1ee7a ch\u00fang t\u00f4i t\u1ea1i<br \/>\n <a href=\"https:\/\/ladigi.vn\/thiet-ke-website\/\"><br \/>\n  \u0111\u00e2y<br \/>\n <\/a><br \/>\n .\n<\/p>\n<p>\n H\u00e3y \u0111\u1ec3 ch\u00fang t\u00f4i gi\u00fap b\u1ea1n c\u00f3 m\u1ed9t trang web ho\u00e0n h\u1ea3o v\u00e0 \u0111\u01b0a doanh nghi\u1ec7p c\u1ee7a b\u1ea1n l\u00ean m\u1ed9t t\u1ea7m cao m\u1edbi!<\/p>\n","protected":false},"excerpt":{"rendered":"<p>D\u1ecbch v\u1ee5 Thi\u1ebft k\u1ebf website Theme wordpress gi\u1ed1ng toplist mang \u0111\u1ebfn cho kh\u00e1ch h\u00e0ng nh\u1eefng giao di\u1ec7n web \u0111\u1eb9p, chuy\u00ean nghi\u1ec7p v\u00e0 d\u1ec5 s\u1eed d\u1ee5ng. V\u1edbi s\u1ef1 t\u01b0\u01a1ng th\u00edch tr\u00ean m\u1ecdi thi\u1ebft b\u1ecb, kh\u00e1ch h\u00e0ng c\u00f3 th\u1ec3 truy c\u1eadp v\u00e0 tr\u1ea3i nghi\u1ec7m web m\u1ed9t c\u00e1ch thu\u1eadn ti\u1ec7n. M\u00e3 ngu\u1ed3n Wordpress v\u1edbi Theme Flatsome v\u00e0 UX Builder gi\u00fap d\u1ec5 d\u00e0ng t\u00f9y bi\u1ebfn theo \u00fd th\u00edch c\u1ee7a kh\u00e1ch h\u00e0ng. \u0110\u1eb7c bi\u1ec7t, t\u1ed1c \u0111\u1ed9 t\u1ea3i trang nhanh gi\u00fap ng\u01b0\u1eddi d\u00f9ng c\u00f3 tr\u1ea3i nghi\u1ec7m m\u01b0\u1ee3t m\u00e0 v\u00e0 t\u1ed1i \u01b0u h\u00f3a hi\u1ec7u qu\u1ea3 kinh doanh tr\u1ef1c tuy\u1ebfn.<\/p>\n","protected":false},"featured_media":8243,"comment_status":"open","ping_status":"closed","template":"","meta":[],"product_cat":[16],"product_tag":[],"class_list":{"0":"post-8242","1":"product","2":"type-product","3":"status-publish","4":"has-post-thumbnail","6":"product_cat-tat-ca","8":"first","9":"instock","10":"shipping-taxable","11":"product-type-external"},"_links":{"self":[{"href":"https:\/\/ladigi.vn\/thiet-ke-website\/wp-json\/wp\/v2\/product\/8242","targetHints":{"allow":["GET"]}}],"collection":[{"href":"https:\/\/ladigi.vn\/thiet-ke-website\/wp-json\/wp\/v2\/product"}],"about":[{"href":"https:\/\/ladigi.vn\/thiet-ke-website\/wp-json\/wp\/v2\/types\/product"}],"replies":[{"embeddable":true,"href":"https:\/\/ladigi.vn\/thiet-ke-website\/wp-json\/wp\/v2\/comments?post=8242"}],"wp:featuredmedia":[{"embeddable":true,"href":"https:\/\/ladigi.vn\/thiet-ke-website\/wp-json\/wp\/v2\/media\/8243"}],"wp:attachment":[{"href":"https:\/\/ladigi.vn\/thiet-ke-website\/wp-json\/wp\/v2\/media?parent=8242"}],"wp:term":[{"taxonomy":"product_cat","embeddable":true,"href":"https:\/\/ladigi.vn\/thiet-ke-website\/wp-json\/wp\/v2\/product_cat?post=8242"},{"taxonomy":"product_tag","embeddable":true,"href":"https:\/\/ladigi.vn\/thiet-ke-website\/wp-json\/wp\/v2\/product_tag?post=8242"}],"curies":[{"name":"wp","href":"https:\/\/api.w.org\/{rel}","templated":true}]}}