{"id":8262,"date":"2025-01-12T14:21:19","date_gmt":"2025-01-12T07:21:19","guid":{"rendered":"https:\/\/ladigi.vn\/thiet-ke-website\/?post_type=product&#038;p=8262"},"modified":"2025-01-12T14:22:59","modified_gmt":"2025-01-12T07:22:59","slug":"theme-wordpress-nha-thuoc-04-cao-cap","status":"publish","type":"product","link":"https:\/\/ladigi.vn\/thiet-ke-website\/mau-web\/theme-wordpress-nha-thuoc-04-cao-cap\/","title":{"rendered":"Nh\u00e0 thu\u1ed1c"},"content":{"rendered":"<p>\n Ch\u00e0o m\u1ecdi ng\u01b0\u1eddi,\n<\/p>\n<p>\n B\u1ea1n \u0111ang l\u00e0 ch\u1ee7 nh\u00e2n c\u1ee7a m\u1ed9t nh\u00e0 thu\u1ed1c cao c\u1ea5p v\u00e0 \u0111ang t\u00ecm ki\u1ebfm m\u1ed9t gi\u1ea3i ph\u00e1p \u0111\u1ec3 t\u0103ng c\u01b0\u1eddng hi\u1ec7u qu\u1ea3 kinh doanh? V\u1eady th\u00ec d\u1ecbch v\u1ee5 Thi\u1ebft k\u1ebf website Theme wordpress nh\u00e0 thu\u1ed1c 04 cao c\u1ea5p c\u1ee7a LADIGI ch\u00ednh l\u00e0 gi\u1ea3i ph\u00e1p ho\u00e0n h\u1ea3o cho b\u1ea1n.\n<\/p>\n<p>\n V\u1edbi giao di\u1ec7n web \u0111\u01b0\u1ee3c thi\u1ebft k\u1ebf \u0111\u1eb9p v\u00e0 chuy\u00ean nghi\u1ec7p, d\u1ec5 s\u1eed d\u1ee5ng, website c\u1ee7a b\u1ea1n s\u1ebd tr\u1edf n\u00ean thu h\u00fat v\u00e0 chuy\u1ec3n \u0111\u1ed5i kh\u00e1ch h\u00e0ng t\u1ed1t h\u01a1n. B\u00ean c\u1ea1nh \u0111\u00f3, giao di\u1ec7n web c\u1ee7a ch\u00fang t\u00f4i c\u00f2n \u0111\u01b0\u1ee3c t\u1ed1i \u01b0u \u0111\u1ec3 t\u01b0\u01a1ng th\u00edch tr\u00ean m\u1ecdi thi\u1ebft b\u1ecb, gi\u00fap ng\u01b0\u1eddi d\u00f9ng c\u00f3 tr\u1ea3i nghi\u1ec7m tuy\u1ec7t v\u1eddi tr\u00ean c\u1ea3 m\u00e1y t\u00ednh, \u0111i\u1ec7n tho\u1ea1i v\u00e0 m\u00e1y t\u00ednh b\u1ea3ng.\n<\/p>\n<p>\n \u0110i\u1ec3m n\u1ed5i b\u1eadt c\u1ee7a d\u1ecbch v\u1ee5 Thi\u1ebft k\u1ebf website Theme wordpress nh\u00e0 thu\u1ed1c 04 cao c\u1ea5p c\u1ee7a ch\u00fang t\u00f4i l\u00e0 m\u00e3 ngu\u1ed3n WordPress v\u1edbi Theme Flatsome v\u00e0 UX Builder d\u1ec5 t\u00f9y bi\u1ebfn. \u0110i\u1ec1u n\u00e0y gi\u00fap b\u1ea1n c\u00f3 th\u1ec3 d\u1ec5 d\u00e0ng thay \u0111\u1ed5i n\u1ed9i dung, c\u1eadp nh\u1eadt th\u00f4ng tin m\u1edbi v\u00e0 t\u00f9y ch\u1ec9nh giao di\u1ec7n theo \u00fd th\u00edch c\u1ee7a m\u00ecnh m\u00e0 kh\u00f4ng c\u1ea7n c\u00f3 ki\u1ebfn th\u1ee9c v\u1ec1 l\u1eadp tr\u00ecnh.\n<\/p>\n<p>\n Kh\u00f4ng ch\u1ec9 \u0111\u1eb9p m\u1eaft v\u00e0 d\u1ec5 s\u1eed d\u1ee5ng, website c\u1ee7a b\u1ea1n c\u00f2n \u0111\u01b0\u1ee3c \u0111\u1ea3m b\u1ea3o t\u1ed1c \u0111\u1ed9 t\u1ea3i trang nhanh. \u0110i\u1ec1u n\u00e0y gi\u00fap c\u1ea3i thi\u1ec7n tr\u1ea3i nghi\u1ec7m ng\u01b0\u1eddi d\u00f9ng v\u00e0 t\u1ed1i \u01b0u h\u00f3a SEO, gi\u00fap website c\u1ee7a b\u1ea1n c\u00f3 th\u1ee9 h\u1ea1ng cao tr\u00ean c\u00e1c c\u00f4ng c\u1ee5 t\u00ecm ki\u1ebfm.\n<\/p>\n<p>\n N\u1ebfu b\u1ea1n \u0111ang t\u00ecm ki\u1ebfm m\u1ed9t \u0111\u01a1n v\u1ecb thi\u1ebft k\u1ebf website uy t\u00edn v\u00e0 chuy\u00ean nghi\u1ec7p, h\u00e3y \u0111\u1ebfn v\u1edbi LADIGI. V\u1edbi nhi\u1ec1u n\u0103m kinh nghi\u1ec7m trong l\u0129nh v\u1ef1c thi\u1ebft k\u1ebf website, ch\u00fang t\u00f4i cam k\u1ebft mang \u0111\u1ebfn cho b\u1ea1n m\u1ed9t website ho\u00e0n h\u1ea3o v\u00e0 \u0111\u00e1p \u1ee9ng \u0111\u1ea7y \u0111\u1ee7 c\u00e1c y\u00eau c\u1ea7u c\u1ee7a b\u1ea1n.\n<\/p>\n<p>\n \u0110\u1eebng ng\u1ea7n ng\u1ea1i li\u00ean h\u1ec7 v\u1edbi ch\u00fang t\u00f4i \u0111\u1ec3 \u0111\u01b0\u1ee3c t\u01b0 v\u1ea5n v\u00e0 b\u00e1o gi\u00e1 chi ti\u1ebft v\u1ec1 d\u1ecbch v\u1ee5 Thi\u1ebft k\u1ebf website Theme wordpress nh\u00e0 thu\u1ed1c 04 cao c\u1ea5p c\u1ee7a LADIGI. Ch\u00fang t\u00f4i cam k\u1ebft s\u1ebd l\u00e0m h\u00e0i l\u00f2ng b\u1ea1n v\u1edbi d\u1ecbch v\u1ee5 chuy\u00ean nghi\u1ec7p v\u00e0 gi\u00e1 c\u1ea3 c\u1ea1nh tranh.\n<\/p>\n<p>\n \u0110\u1ec3 bi\u1ebft th\u00eam th\u00f4ng tin chi ti\u1ebft v\u1ec1 d\u1ecbch v\u1ee5 thi\u1ebft k\u1ebf website t\u1ed5ng th\u1ec3 c\u1ee7a LADIGI, h\u00e3y truy c\u1eadp v\u00e0o \u0111\u01b0\u1eddng link sau:<br \/>\n <a href=\"https:\/\/ladigi.vn\/thiet-ke-website\/\"><br \/>\n  D\u1ecbch v\u1ee5 thi\u1ebft k\u1ebf web t\u1ed5ng th\u1ec3 LADIGI<br \/>\n <\/a>\n<\/p>\n<p>\n H\u00e3y \u0111\u1ec3 LADIGI gi\u00fap b\u1ea1n mang \u0111\u1ebfn s\u1ef1 th\u00e0nh c\u00f4ng cho nh\u00e0 thu\u1ed1c c\u1ee7a m\u00ecnh v\u1edbi m\u1ed9t website chuy\u00ean nghi\u1ec7p v\u00e0 hi\u1ec7u qu\u1ea3. C\u1ea3m \u01a1n b\u1ea1n \u0111\u00e3 \u0111\u1ecdc b\u00e0i vi\u1ebft c\u1ee7a ch\u00fang t\u00f4i!<\/p>\n","protected":false},"excerpt":{"rendered":"<p>D\u1ecbch v\u1ee5 Thi\u1ebft k\u1ebf website Theme wordpress nh\u00e0 thu\u1ed1c 04 cao c\u1ea5p mang \u0111\u1ebfn cho kh\u00e1ch h\u00e0ng m\u1ed9t giao di\u1ec7n web \u0111\u1eb9p v\u00e0 chuy\u00ean nghi\u1ec7p. V\u1edbi s\u1ef1 t\u01b0\u01a1ng th\u00edch tr\u00ean m\u1ecdi thi\u1ebft b\u1ecb, ng\u01b0\u1eddi d\u00f9ng c\u00f3 th\u1ec3 truy c\u1eadp v\u00e0 s\u1eed d\u1ee5ng d\u1ec5 d\u00e0ng tr\u00ean m\u00e1y t\u00ednh, \u0111i\u1ec7n tho\u1ea1i hay m\u00e1y t\u00ednh b\u1ea3ng. M\u00e3 ngu\u1ed3n Wordpress k\u1ebft h\u1ee3p c\u00f9ng Theme Flatsome v\u00e0 UX Builder gi\u00fap t\u00f9y bi\u1ebfn nhanh ch\u00f3ng v\u00e0 linh ho\u1ea1t. Th\u00eam v\u00e0o \u0111\u00f3, t\u1ed1c \u0111\u1ed9 t\u1ea3i trang nhanh s\u1ebd mang l\u1ea1i tr\u1ea3i nghi\u1ec7m tuy\u1ec7t v\u1eddi cho ng\u01b0\u1eddi d\u00f9ng.<\/p>\n","protected":false},"featured_media":8263,"comment_status":"open","ping_status":"closed","template":"","meta":[],"product_cat":[16],"product_tag":[],"class_list":{"0":"post-8262","1":"product","2":"type-product","3":"status-publish","4":"has-post-thumbnail","6":"product_cat-tat-ca","8":"first","9":"instock","10":"shipping-taxable","11":"product-type-external"},"_links":{"self":[{"href":"https:\/\/ladigi.vn\/thiet-ke-website\/wp-json\/wp\/v2\/product\/8262","targetHints":{"allow":["GET"]}}],"collection":[{"href":"https:\/\/ladigi.vn\/thiet-ke-website\/wp-json\/wp\/v2\/product"}],"about":[{"href":"https:\/\/ladigi.vn\/thiet-ke-website\/wp-json\/wp\/v2\/types\/product"}],"replies":[{"embeddable":true,"href":"https:\/\/ladigi.vn\/thiet-ke-website\/wp-json\/wp\/v2\/comments?post=8262"}],"wp:featuredmedia":[{"embeddable":true,"href":"https:\/\/ladigi.vn\/thiet-ke-website\/wp-json\/wp\/v2\/media\/8263"}],"wp:attachment":[{"href":"https:\/\/ladigi.vn\/thiet-ke-website\/wp-json\/wp\/v2\/media?parent=8262"}],"wp:term":[{"taxonomy":"product_cat","embeddable":true,"href":"https:\/\/ladigi.vn\/thiet-ke-website\/wp-json\/wp\/v2\/product_cat?post=8262"},{"taxonomy":"product_tag","embeddable":true,"href":"https:\/\/ladigi.vn\/thiet-ke-website\/wp-json\/wp\/v2\/product_tag?post=8262"}],"curies":[{"name":"wp","href":"https:\/\/api.w.org\/{rel}","templated":true}]}}