{"id":8294,"date":"2025-01-12T13:59:30","date_gmt":"2025-01-12T06:59:30","guid":{"rendered":"https:\/\/ladigi.vn\/thiet-ke-website\/?post_type=product&#038;p=8294"},"modified":"2025-01-12T14:01:12","modified_gmt":"2025-01-12T07:01:12","slug":"theme-wordpress-nguyen-lieu-sach-organic-giong-hanuti","status":"publish","type":"product","link":"https:\/\/ladigi.vn\/thiet-ke-website\/mau-web\/theme-wordpress-nguyen-lieu-sach-organic-giong-hanuti\/","title":{"rendered":"Organic farming"},"content":{"rendered":"<h1>\n Thi\u1ebft k\u1ebf website Theme wordpress nguy\u00ean li\u1ec7u s\u1ea1ch \u2013 organic gi\u1ed1ng hanuti<br \/>\n<\/h1>\n<p>\n B\u1ea1n \u0111ang t\u00ecm ki\u1ebfm m\u1ed9t giao di\u1ec7n website \u0111\u1eb9p, chuy\u00ean nghi\u1ec7p v\u00e0 d\u1ec5 s\u1eed d\u1ee5ng cho doanh nghi\u1ec7p c\u1ee7a m\u00ecnh? B\u1ea1n mu\u1ed1n c\u00f3 m\u1ed9t website t\u01b0\u01a1ng th\u00edch tr\u00ean m\u1ecdi thi\u1ebft b\u1ecb, \u0111\u1eb7c bi\u1ec7t l\u00e0 tr\u00ean c\u00e1c thi\u1ebft b\u1ecb di \u0111\u1ed9ng? H\u00e3y c\u00f9ng LADIGI Agency t\u00ecm hi\u1ec3u v\u1ec1 d\u1ecbch v\u1ee5 Thi\u1ebft k\u1ebf website Theme wordpress nguy\u00ean li\u1ec7u s\u1ea1ch \u2013 organic gi\u1ed1ng hanuti.\n<\/p>\n<p>\n V\u1edbi s\u1ef1 ph\u00e1t tri\u1ec3n c\u1ee7a th\u01b0\u01a1ng m\u1ea1i \u0111i\u1ec7n t\u1eed, website \u0111\u00e3 tr\u1edf th\u00e0nh m\u1ed9t c\u00f4ng c\u1ee5 quan tr\u1ecdng trong vi\u1ec7c x\u00e2y d\u1ef1ng th\u01b0\u01a1ng hi\u1ec7u v\u00e0 kinh doanh tr\u1ef1c tuy\u1ebfn. V\u00ec v\u1eady, vi\u1ec7c c\u00f3 m\u1ed9t giao di\u1ec7n website \u0111\u1eb9p, chuy\u00ean nghi\u1ec7p v\u00e0 d\u1ec5 s\u1eed d\u1ee5ng l\u00e0 \u0111i\u1ec1u c\u1ea7n thi\u1ebft \u0111\u1ec3 thu h\u00fat kh\u00e1ch h\u00e0ng v\u00e0 t\u1ea1o s\u1ef1 tin t\u01b0\u1edfng cho doanh nghi\u1ec7p c\u1ee7a b\u1ea1n.\n<\/p>\n<p>\n V\u1edbi d\u1ecbch v\u1ee5 Thi\u1ebft k\u1ebf website Theme wordpress nguy\u00ean li\u1ec7u s\u1ea1ch \u2013 organic gi\u1ed1ng hanuti c\u1ee7a LADIGI Agency, b\u1ea1n s\u1ebd \u0111\u01b0\u1ee3c s\u1edf h\u1eefu m\u1ed9t giao di\u1ec7n website \u0111\u1eb9p m\u1eaft, t\u01b0\u01a1ng th\u00edch tr\u00ean m\u1ecdi thi\u1ebft b\u1ecb, \u0111\u1eb7c bi\u1ec7t l\u00e0 tr\u00ean c\u00e1c thi\u1ebft b\u1ecb di \u0111\u1ed9ng. \u0110i\u1ec1u n\u00e0y gi\u00fap kh\u00e1ch h\u00e0ng d\u1ec5 d\u00e0ng truy c\u1eadp v\u00e0 tr\u1ea3i nghi\u1ec7m website c\u1ee7a b\u1ea1n m\u1ed9t c\u00e1ch thu\u1eadn ti\u1ec7n nh\u1ea5t.\n<\/p>\n<p>\n M\u00e3 ngu\u1ed3n WordPress v\u1edbi Theme Flatsome v\u00e0 UX Builder \u0111\u01b0\u1ee3c s\u1eed d\u1ee5ng trong d\u1ecbch v\u1ee5 n\u00e0y, gi\u00fap b\u1ea1n d\u1ec5 d\u00e0ng t\u00f9y bi\u1ebfn giao di\u1ec7n website theo \u00fd mu\u1ed1n c\u1ee7a m\u00ecnh. B\u1ea1n c\u00f3 th\u1ec3 thay \u0111\u1ed5i m\u00e0u s\u1eafc, b\u1ed1 c\u1ee5c, ch\u00e8n h\u00ecnh \u1ea3nh v\u00e0 n\u1ed9i dung m\u1ed9t c\u00e1ch nhanh ch\u00f3ng v\u00e0 d\u1ec5 d\u00e0ng, m\u00e0 kh\u00f4ng c\u1ea7n ph\u1ea3i c\u00f3 ki\u1ebfn th\u1ee9c v\u1ec1 l\u1eadp tr\u00ecnh.\n<\/p>\n<p>\n Ngo\u00e0i ra, t\u1ed1c \u0111\u1ed9 t\u1ea3i trang c\u1ee7a website c\u0169ng \u0111\u01b0\u1ee3c \u0111\u1ea3m b\u1ea3o nhanh ch\u00f3ng, gi\u00fap kh\u00e1ch h\u00e0ng kh\u00f4ng ph\u1ea3i ch\u1edd \u0111\u1ee3i l\u00e2u khi truy c\u1eadp v\u00e0o website c\u1ee7a b\u1ea1n. \u0110i\u1ec1u n\u00e0y gi\u00fap c\u1ea3i thi\u1ec7n tr\u1ea3i nghi\u1ec7m ng\u01b0\u1eddi d\u00f9ng v\u00e0 t\u0103ng kh\u1ea3 n\u0103ng ti\u1ebfp c\u1eadn kh\u00e1ch h\u00e0ng m\u1edbi cho doanh nghi\u1ec7p c\u1ee7a b\u1ea1n.\n<\/p>\n<p>\n V\u1edbi s\u1ef1 k\u1ebft h\u1ee3p gi\u1eefa giao di\u1ec7n \u0111\u1eb9p, t\u01b0\u01a1ng th\u00edch tr\u00ean m\u1ecdi thi\u1ebft b\u1ecb, m\u00e3 ngu\u1ed3n WordPress d\u1ec5 t\u00f9y bi\u1ebfn v\u00e0 t\u1ed1c \u0111\u1ed9 t\u1ea3i trang nhanh, d\u1ecbch v\u1ee5 Thi\u1ebft k\u1ebf website Theme wordpress nguy\u00ean li\u1ec7u s\u1ea1ch \u2013 organic gi\u1ed1ng hanuti c\u1ee7a LADIGI Agency ch\u00ednh l\u00e0 gi\u1ea3i ph\u00e1p ho\u00e0n h\u1ea3o cho doanh nghi\u1ec7p c\u1ee7a b\u1ea1n.\n<\/p>\n<p>\n LADIGI Agency l\u00e0 \u0111\u01a1n v\u1ecb chuy\u00ean cung c\u1ea5p d\u1ecbch v\u1ee5 thi\u1ebft k\u1ebf website chuy\u00ean nghi\u1ec7p v\u00e0 to\u00e0n di\u1ec7n. V\u1edbi \u0111\u1ed9i ng\u0169 nh\u00e2n vi\u00ean gi\u00e0u kinh nghi\u1ec7m v\u00e0 t\u00e2m huy\u1ebft, ch\u00fang t\u00f4i cam k\u1ebft mang \u0111\u1ebfn cho kh\u00e1ch h\u00e0ng nh\u1eefng gi\u1ea3i ph\u00e1p t\u1ed1i \u01b0u v\u00e0 hi\u1ec7u qu\u1ea3 nh\u1ea5t \u0111\u1ec3 ph\u00e1t tri\u1ec3n th\u01b0\u01a1ng hi\u1ec7u v\u00e0 kinh doanh tr\u1ef1c tuy\u1ebfn.\n<\/p>\n<p>\n H\u00e3y \u0111\u1ec3 LADIGI Agency gi\u00fap b\u1ea1n x\u00e2y d\u1ef1ng m\u1ed9t website ho\u00e0n h\u1ea3o v\u00e0 \u0111\u01b0a doanh nghi\u1ec7p c\u1ee7a b\u1ea1n \u0111\u1ebfn g\u1ea7n h\u01a1n v\u1edbi kh\u00e1ch h\u00e0ng. \u0110\u1ec3 bi\u1ebft th\u00eam th\u00f4ng tin chi ti\u1ebft v\u1ec1 d\u1ecbch v\u1ee5 Thi\u1ebft k\u1ebf website Theme wordpress nguy\u00ean li\u1ec7u s\u1ea1ch \u2013 organic gi\u1ed1ng hanuti v\u00e0 c\u00e1c d\u1ecbch v\u1ee5 kh\u00e1c c\u1ee7a ch\u00fang t\u00f4i, vui l\u00f2ng truy c\u1eadp<br \/>\n <a href=\"https:\/\/ladigi.vn\/thiet-ke-website\/\"><br \/>\n  D\u1ecbch v\u1ee5 X\u00e2y d\u1ef1ng website to\u00e0n di\u1ec7n LADIGI<br \/>\n <\/a><br \/>\n . Ch\u00fang t\u00f4i lu\u00f4n s\u1eb5n s\u00e0ng h\u1ed7 tr\u1ee3 b\u1ea1n trong qu\u00e1 tr\u00ecnh ph\u00e1t tri\u1ec3n kinh doanh tr\u1ef1c tuy\u1ebfn.<\/p>\n","protected":false},"excerpt":{"rendered":"<p>D\u1ecbch v\u1ee5 Thi\u1ebft k\u1ebf website Theme wordpress nguy\u00ean li\u1ec7u s\u1ea1ch \u2013 organic gi\u1ed1ng hanuti l\u00e0 s\u1ef1 l\u1ef1a ch\u1ecdn ho\u00e0n h\u1ea3o cho c\u00e1c doanh nghi\u1ec7p mu\u1ed1n th\u1ec3 hi\u1ec7n m\u00ecnh v\u1edbi giao di\u1ec7n web \u0111\u1eb9p v\u00e0 chuy\u00ean nghi\u1ec7p. V\u1edbi s\u1ef1 t\u01b0\u01a1ng th\u00edch tr\u00ean m\u1ecdi thi\u1ebft b\u1ecb, ng\u01b0\u1eddi d\u00f9ng c\u00f3 th\u1ec3 tr\u1ea3i nghi\u1ec7m website m\u1ed9t c\u00e1ch thu\u1eadn ti\u1ec7n v\u00e0 d\u1ec5 d\u00e0ng. M\u00e3 ngu\u1ed3n Wordpress k\u1ebft h\u1ee3p c\u00f9ng Theme Flatsome v\u00e0 UX Builder gi\u00fap t\u00f9y bi\u1ebfn giao di\u1ec7n web theo \u00fd mu\u1ed1n c\u1ee7a kh\u00e1ch h\u00e0ng. \u0110\u1eb7c bi\u1ec7t, t\u1ed1c \u0111\u1ed9 t\u1ea3i trang nhanh s\u1ebd mang l\u1ea1i tr\u1ea3i nghi\u1ec7m t\u1ed1t h\u01a1n cho ng\u01b0\u1eddi d\u00f9ng.<\/p>\n","protected":false},"featured_media":8295,"comment_status":"open","ping_status":"closed","template":"","meta":[],"product_cat":[16],"product_tag":[],"class_list":{"0":"post-8294","1":"product","2":"type-product","3":"status-publish","4":"has-post-thumbnail","6":"product_cat-tat-ca","8":"first","9":"instock","10":"shipping-taxable","11":"product-type-external"},"_links":{"self":[{"href":"https:\/\/ladigi.vn\/thiet-ke-website\/wp-json\/wp\/v2\/product\/8294","targetHints":{"allow":["GET"]}}],"collection":[{"href":"https:\/\/ladigi.vn\/thiet-ke-website\/wp-json\/wp\/v2\/product"}],"about":[{"href":"https:\/\/ladigi.vn\/thiet-ke-website\/wp-json\/wp\/v2\/types\/product"}],"replies":[{"embeddable":true,"href":"https:\/\/ladigi.vn\/thiet-ke-website\/wp-json\/wp\/v2\/comments?post=8294"}],"wp:featuredmedia":[{"embeddable":true,"href":"https:\/\/ladigi.vn\/thiet-ke-website\/wp-json\/wp\/v2\/media\/8295"}],"wp:attachment":[{"href":"https:\/\/ladigi.vn\/thiet-ke-website\/wp-json\/wp\/v2\/media?parent=8294"}],"wp:term":[{"taxonomy":"product_cat","embeddable":true,"href":"https:\/\/ladigi.vn\/thiet-ke-website\/wp-json\/wp\/v2\/product_cat?post=8294"},{"taxonomy":"product_tag","embeddable":true,"href":"https:\/\/ladigi.vn\/thiet-ke-website\/wp-json\/wp\/v2\/product_tag?post=8294"}],"curies":[{"name":"wp","href":"https:\/\/api.w.org\/{rel}","templated":true}]}}