{"id":8298,"date":"2025-01-10T17:07:00","date_gmt":"2025-01-10T10:07:00","guid":{"rendered":"https:\/\/ladigi.vn\/thiet-ke-website\/?post_type=product&#038;p=8298"},"modified":"2025-01-10T17:08:47","modified_gmt":"2025-01-10T10:08:47","slug":"theme-wordpress-ban-dien-thoai-07","status":"publish","type":"product","link":"https:\/\/ladigi.vn\/thiet-ke-website\/mau-web\/theme-wordpress-ban-dien-thoai-07\/","title":{"rendered":"Shop b\u00e1n \u0111i\u1ec7n tho\u1ea1i"},"content":{"rendered":"<h1>\n D\u1ecbch v\u1ee5 Thi\u1ebft k\u1ebf website Theme WordPress b\u00e1n \u0111i\u1ec7n tho\u1ea1i 07<br \/>\n<\/h1>\n<p>\n B\u1ea1n \u0111ang t\u00ecm ki\u1ebfm m\u1ed9t gi\u1ea3i ph\u00e1p thi\u1ebft k\u1ebf website chuy\u00ean nghi\u1ec7p \u0111\u1ec3 ph\u1ee5c v\u1ee5 cho vi\u1ec7c b\u00e1n \u0111i\u1ec7n tho\u1ea1i? D\u1ecbch v\u1ee5 thi\u1ebft k\u1ebf website Theme WordPress b\u00e1n \u0111i\u1ec7n tho\u1ea1i 07 c\u1ee7a ch\u00fang t\u00f4i s\u1ebd mang \u0111\u1ebfn cho b\u1ea1n m\u1ed9t n\u1ec1n t\u1ea3ng tr\u1ef1c tuy\u1ebfn ho\u00e0n h\u1ea3o \u0111\u1ec3 ph\u00e1t tri\u1ec3n kinh doanh.\n<\/p>\n<h2>\n Giao di\u1ec7n \u0111\u1eb9p, chuy\u00ean nghi\u1ec7p v\u00e0 d\u1ec5 s\u1eed d\u1ee5ng<br \/>\n<\/h2>\n<p>\n Ch\u00fang t\u00f4i cam k\u1ebft cung c\u1ea5p m\u1ed9t giao di\u1ec7n website \u0111\u01b0\u1ee3c thi\u1ebft k\u1ebf \u0111\u1eb9p m\u1eaft, chuy\u00ean nghi\u1ec7p, ph\u00f9 h\u1ee3p v\u1edbi ng\u00e0nh h\u00e0ng \u0111i\u1ec7n tho\u1ea1i. Giao di\u1ec7n th\u00e2n thi\u1ec7n v\u1edbi ng\u01b0\u1eddi d\u00f9ng gi\u00fap kh\u00e1ch h\u00e0ng d\u1ec5 d\u00e0ng t\u00ecm ki\u1ebfm v\u00e0 th\u1ef1c hi\u1ec7n giao d\u1ecbch.\n<\/p>\n<h2>\n T\u01b0\u01a1ng th\u00edch tr\u00ean m\u1ecdi thi\u1ebft b\u1ecb<br \/>\n<\/h2>\n<p>\n Website c\u1ee7a b\u1ea1n s\u1ebd \u0111\u01b0\u1ee3c t\u1ed1i \u01b0u h\u00f3a \u0111\u1ec3 ho\u1ea1t \u0111\u1ed9ng tr\u01a1n tru tr\u00ean m\u1ecdi thi\u1ebft b\u1ecb, t\u1eeb m\u00e1y t\u00ednh \u0111\u1ec3 b\u00e0n \u0111\u1ebfn \u0111i\u1ec7n tho\u1ea1i di \u0111\u1ed9ng. \u0110i\u1ec1u n\u00e0y gi\u00fap \u0111\u1ea3m b\u1ea3o r\u1eb1ng kh\u00e1ch h\u00e0ng c\u00f3 th\u1ec3 truy c\u1eadp v\u00e0 mua s\u1eafm m\u1ed9t c\u00e1ch thu\u1eadn ti\u1ec7n m\u1ecdi l\u00fac, m\u1ecdi n\u01a1i.\n<\/p>\n<h2>\n M\u00e3 ngu\u1ed3n WordPress v\u1edbi Theme Flatsome v\u00e0 UX Builder<br \/>\n<\/h2>\n<p>\n Ch\u00fang t\u00f4i s\u1eed d\u1ee5ng m\u00e3 ngu\u1ed3n WordPress m\u1ea1nh m\u1ebd k\u1ebft h\u1ee3p v\u1edbi Theme Flatsome v\u00e0 UX Builder, cho ph\u00e9p b\u1ea1n d\u1ec5 d\u00e0ng t\u00f9y bi\u1ebfn website m\u00e0 kh\u00f4ng c\u1ea7n ph\u1ea3i c\u00f3 k\u1ef9 n\u0103ng l\u1eadp tr\u00ecnh. B\u1ea1n c\u00f3 th\u1ec3 thay \u0111\u1ed5i giao di\u1ec7n, th\u00eam s\u1ea3n ph\u1ea9m, v\u00e0 ch\u1ec9nh s\u1eeda n\u1ed9i dung m\u1ed9t c\u00e1ch d\u1ec5 d\u00e0ng trong v\u00e0i c\u00fa click chu\u1ed9t.\n<\/p>\n<h2>\n T\u1ed1c \u0111\u1ed9 t\u1ea3i trang nhanh<br \/>\n<\/h2>\n<p>\n Ch\u00fang t\u00f4i hi\u1ec3u r\u1eb1ng t\u1ed1c \u0111\u1ed9 t\u1ea3i trang l\u00e0 y\u1ebfu t\u1ed1 quan tr\u1ecdng trong tr\u1ea3i nghi\u1ec7m ng\u01b0\u1eddi d\u00f9ng v\u00e0 SEO. Website c\u1ee7a b\u1ea1n s\u1ebd \u0111\u01b0\u1ee3c t\u1ed1i \u01b0u h\u00f3a \u0111\u1ec3 t\u1ea3i nhanh, gi\u00fap gi\u1eef ch\u00e2n kh\u00e1ch h\u00e0ng v\u00e0 t\u0103ng kh\u1ea3 n\u0103ng chuy\u1ec3n \u0111\u1ed5i.\n<\/p>\n<hr\/>\n<p>\n N\u1ebfu b\u1ea1n \u0111ang c\u1ea7n t\u00ecm m\u1ed9t \u0111\u01a1n v\u1ecb thi\u1ebft k\u1ebf website uy t\u00edn v\u00e0 chuy\u00ean nghi\u1ec7p, h\u00e3y \u0111\u1ec3 LADIGI (LADIGI Agency) gi\u00fap b\u1ea1n hi\u1ec7n th\u1ef1c h\u00f3a \u00fd t\u01b0\u1edfng kinh doanh c\u1ee7a m\u00ecnh. Ch\u00fang t\u00f4i s\u1eb5n s\u00e0ng t\u01b0 v\u1ea5n v\u00e0 h\u1ed7 tr\u1ee3 b\u1ea1n t\u1ea1i<br \/>\n <a href=\"https:\/\/ladigi.vn\/thiet-ke-website\/\"><br \/>\n  T\u01b0 v\u1ea5n thi\u1ebft k\u1ebf website<br \/>\n <\/a><br \/>\n .<\/p>\n","protected":false},"excerpt":{"rendered":"<p>D\u1ecbch v\u1ee5 thi\u1ebft k\u1ebf website b\u00e1n \u0111i\u1ec7n tho\u1ea1i s\u1eed d\u1ee5ng theme WordPress chuy\u00ean nghi\u1ec7p v\u1edbi giao di\u1ec7n \u0111\u1eb9p m\u1eaft, d\u1ec5 s\u1eed d\u1ee5ng. T\u01b0\u01a1ng th\u00edch tr\u00ean m\u1ecdi thi\u1ebft b\u1ecb v\u00e0 t\u1ed1i \u01b0u h\u00f3a t\u1ed1c \u0111\u1ed9 t\u1ea3i trang. M\u00e3 ngu\u1ed3n \u0111\u01b0\u1ee3c x\u00e2y d\u1ef1ng tr\u00ean theme Flatsome v\u00e0 UX Builder, cho ph\u00e9p t\u00f9y bi\u1ebfn linh ho\u1ea1t, \u0111\u00e1p \u1ee9ng nhu c\u1ea7u kh\u00e1ch h\u00e0ng.<\/p>\n","protected":false},"featured_media":8299,"comment_status":"open","ping_status":"closed","template":"","meta":[],"product_cat":[16],"product_tag":[],"class_list":{"0":"post-8298","1":"product","2":"type-product","3":"status-publish","4":"has-post-thumbnail","6":"product_cat-tat-ca","8":"first","9":"instock","10":"shipping-taxable","11":"product-type-external"},"_links":{"self":[{"href":"https:\/\/ladigi.vn\/thiet-ke-website\/wp-json\/wp\/v2\/product\/8298","targetHints":{"allow":["GET"]}}],"collection":[{"href":"https:\/\/ladigi.vn\/thiet-ke-website\/wp-json\/wp\/v2\/product"}],"about":[{"href":"https:\/\/ladigi.vn\/thiet-ke-website\/wp-json\/wp\/v2\/types\/product"}],"replies":[{"embeddable":true,"href":"https:\/\/ladigi.vn\/thiet-ke-website\/wp-json\/wp\/v2\/comments?post=8298"}],"wp:featuredmedia":[{"embeddable":true,"href":"https:\/\/ladigi.vn\/thiet-ke-website\/wp-json\/wp\/v2\/media\/8299"}],"wp:attachment":[{"href":"https:\/\/ladigi.vn\/thiet-ke-website\/wp-json\/wp\/v2\/media?parent=8298"}],"wp:term":[{"taxonomy":"product_cat","embeddable":true,"href":"https:\/\/ladigi.vn\/thiet-ke-website\/wp-json\/wp\/v2\/product_cat?post=8298"},{"taxonomy":"product_tag","embeddable":true,"href":"https:\/\/ladigi.vn\/thiet-ke-website\/wp-json\/wp\/v2\/product_tag?post=8298"}],"curies":[{"name":"wp","href":"https:\/\/api.w.org\/{rel}","templated":true}]}}