{"id":8314,"date":"2025-01-11T19:28:51","date_gmt":"2025-01-11T12:28:51","guid":{"rendered":"https:\/\/ladigi.vn\/thiet-ke-website\/?post_type=product&#038;p=8314"},"modified":"2025-01-11T21:54:08","modified_gmt":"2025-01-11T14:54:08","slug":"theme-wordpress-do-choi-xe-03","status":"publish","type":"product","link":"https:\/\/ladigi.vn\/thiet-ke-website\/mau-web\/theme-wordpress-do-choi-xe-03\/","title":{"rendered":"\u0110\u1ed3 ch\u01a1i xe h\u01a1i"},"content":{"rendered":"<h1>\n D\u1ecbch v\u1ee5 Thi\u1ebft k\u1ebf website Theme WordPress \u0110\u1ed3 ch\u01a1i xe 03<br \/>\n<\/h1>\n<p>\n Ch\u00e0o m\u1eebng b\u1ea1n \u0111\u1ebfn v\u1edbi d\u1ecbch v\u1ee5 thi\u1ebft k\u1ebf website Theme WordPress \u0110\u1ed3 ch\u01a1i xe 03! Ch\u00fang t\u00f4i t\u1ef1 h\u00e0o gi\u1edbi thi\u1ec7u \u0111\u1ebfn b\u1ea1n m\u1ed9t gi\u1ea3i ph\u00e1p ho\u00e0n h\u1ea3o \u0111\u1ec3 x\u00e2y d\u1ef1ng m\u1ed9t trang web cho c\u1eeda h\u00e0ng \u0111\u1ed3 ch\u01a1i xe c\u1ee7a b\u1ea1n.\n<\/p>\n<h2>\n Giao di\u1ec7n \u0111\u1eb9p, chuy\u00ean nghi\u1ec7p v\u00e0 d\u1ec5 s\u1eed d\u1ee5ng<br \/>\n<\/h2>\n<p>\n Ch\u00fang t\u00f4i hi\u1ec3u r\u1eb1ng m\u1ed9t giao di\u1ec7n \u0111\u1eb9p v\u00e0 chuy\u00ean nghi\u1ec7p l\u00e0 y\u1ebfu t\u1ed1 quan tr\u1ecdng gi\u00fap thu h\u00fat kh\u00e1ch h\u00e0ng. V\u1edbi Theme WordPress \u0110\u1ed3 ch\u01a1i xe 03, b\u1ea1n s\u1ebd c\u00f3 m\u1ed9t giao di\u1ec7n hi\u1ec7n \u0111\u1ea1i, tr\u1ef1c quan v\u00e0 d\u1ec5 d\u00e0ng thao t\u00e1c. \u0110i\u1ec1u n\u00e0y kh\u00f4ng ch\u1ec9 gi\u00fap b\u1ea1n d\u1ec5 d\u00e0ng qu\u1ea3n l\u00fd n\u1ed9i dung m\u00e0 c\u00f2n mang l\u1ea1i tr\u1ea3i nghi\u1ec7m t\u1ed1t nh\u1ea5t cho ng\u01b0\u1eddi d\u00f9ng.\n<\/p>\n<h2>\n T\u01b0\u01a1ng th\u00edch tr\u00ean m\u1ecdi thi\u1ebft b\u1ecb<br \/>\n<\/h2>\n<p>\n Trong th\u1eddi \u0111\u1ea1i c\u00f4ng ngh\u1ec7 4.0, vi\u1ec7c trang web t\u01b0\u01a1ng th\u00edch tr\u00ean m\u1ecdi thi\u1ebft b\u1ecb l\u00e0 v\u00f4 c\u00f9ng quan tr\u1ecdng. Theme WordPress \u0110\u1ed3 ch\u01a1i xe 03 \u0111\u01b0\u1ee3c t\u1ed1i \u01b0u h\u00f3a ho\u00e0n h\u1ea3o \u0111\u1ec3 \u0111\u1ea3m b\u1ea3o hi\u1ec3n th\u1ecb t\u1ed1t tr\u00ean c\u1ea3 m\u00e1y t\u00ednh, m\u00e1y t\u00ednh b\u1ea3ng v\u00e0 \u0111i\u1ec7n tho\u1ea1i di \u0111\u1ed9ng. \u0110i\u1ec1u n\u00e0y gi\u00fap kh\u00e1n gi\u1ea3 c\u00f3 th\u1ec3 truy c\u1eadp v\u00e0o trang web c\u1ee7a b\u1ea1n m\u1ed9t c\u00e1ch thu\u1eadn ti\u1ec7n, b\u1ea5t k\u1ec3 h\u1ecd \u0111ang \u1edf \u0111\u00e2u.\n<\/p>\n<h2>\n M\u00e3 ngu\u1ed3n WordPress v\u1edbi Theme Flatsome v\u00e0 UX Builder d\u1ec5 t\u00f9y bi\u1ebfn<br \/>\n<\/h2>\n<p>\n V\u1edbi vi\u1ec7c s\u1eed d\u1ee5ng m\u00e3 ngu\u1ed3n WordPress k\u1ebft h\u1ee3p v\u1edbi Theme Flatsome v\u00e0 UX Builder, b\u1ea1n s\u1ebd ho\u00e0n to\u00e0n y\u00ean t\u00e2m v\u1ec1 kh\u1ea3 n\u0103ng t\u00f9y bi\u1ebfn trang web c\u1ee7a m\u00ecnh. B\u1ea1n c\u00f3 th\u1ec3 d\u1ec5 d\u00e0ng ch\u1ec9nh s\u1eeda n\u1ed9i dung, b\u1ed1 c\u1ee5c v\u00e0 h\u00ecnh \u1ea3nh m\u00e0 kh\u00f4ng c\u1ea7n c\u00f3 nhi\u1ec1u ki\u1ebfn th\u1ee9c v\u1ec1 l\u1eadp tr\u00ecnh. \u0110i\u1ec1u n\u00e0y gi\u00fap b\u1ea1n ti\u1ebft ki\u1ec7m th\u1eddi gian v\u00e0 c\u00f4ng s\u1ee9c m\u00e0 v\u1eabn \u0111\u1ea1t \u0111\u01b0\u1ee3c s\u1ef1 s\u00e1ng t\u1ea1o cho trang web c\u1ee7a m\u00ecnh.\n<\/p>\n<h2>\n T\u1ed1c \u0111\u1ed9 t\u1ea3i trang nhanh<br \/>\n<\/h2>\n<p>\n Ch\u00fang t\u00f4i hi\u1ec3u r\u1eb1ng m\u1ed9t trang web t\u1ed1c \u0111\u1ed9 t\u1ea3i ch\u1eadm c\u00f3 th\u1ec3 l\u00e0m m\u1ea5t \u0111i kh\u00e1ch h\u00e0ng. V\u00ec v\u1eady, ch\u00fang t\u00f4i \u0111\u00e3 t\u1ed1i \u01b0u h\u00f3a Theme WordPress \u0110\u1ed3 ch\u01a1i xe 03 \u0111\u1ec3 \u0111\u1ea3m b\u1ea3o t\u1ed1c \u0111\u1ed9 t\u1ea3i trang nhanh ch\u00f3ng. Kh\u00e1ch h\u00e0ng c\u1ee7a b\u1ea1n s\u1ebd kh\u00f4ng ph\u1ea3i ch\u1edd \u0111\u1ee3i v\u00e0 s\u1ebd c\u00f3 nh\u1eefng tr\u1ea3i nghi\u1ec7m t\u1ed1t nh\u1ea5t khi truy c\u1eadp v\u00e0o trang web c\u1ee7a b\u1ea1n.\n<\/p>\n<hr\/>\n<p>\n N\u1ebfu b\u1ea1n \u0111ang t\u00ecm ki\u1ebfm m\u1ed9t \u0111\u01a1n v\u1ecb thi\u1ebft k\u1ebf website chuy\u00ean nghi\u1ec7p, h\u00e3y \u0111\u1ebfn v\u1edbi<br \/>\n <strong><br \/>\n  LADIGI Agency<br \/>\n <\/strong><br \/>\n . Ch\u00fang t\u00f4i cam k\u1ebft mang l\u1ea1i nh\u1eefng s\u1ea3n ph\u1ea9m ch\u1ea5t l\u01b0\u1ee3ng cao v\u00e0 d\u1ecbch v\u1ee5 t\u1eadn t\u00e2m nh\u1ea5t. \u0110\u1ec3 bi\u1ebft th\u00eam chi ti\u1ebft, b\u1ea1n c\u00f3 th\u1ec3 tham kh\u1ea3o t\u1ea1i \u0111\u00e2y:<br \/>\n <a href=\"https:\/\/ladigi.vn\/thiet-ke-website\/\"><br \/>\n  C\u00f4ng ty thi\u1ebft k\u1ebf web qu\u1ed1c t\u1ebf LADIGI<br \/>\n <\/a><br \/>\n .<\/p>\n","protected":false},"excerpt":{"rendered":"<p>D\u1ecbch v\u1ee5 thi\u1ebft k\u1ebf website \u0111\u1ed3 ch\u01a1i xe 03 mang \u0111\u1ebfn giao di\u1ec7n \u0111\u1eb9p, chuy\u00ean nghi\u1ec7p v\u00e0 d\u1ec5 s\u1eed d\u1ee5ng. T\u01b0\u01a1ng th\u00edch tr\u00ean m\u1ecdi thi\u1ebft b\u1ecb, website s\u1eed d\u1ee5ng m\u00e3 ngu\u1ed3n Wordpress v\u1edbi Theme Flatsome v\u00e0 UX Builder, cho ph\u00e9p t\u00f9y bi\u1ebfn linh ho\u1ea1t. \u0110\u1eb7c bi\u1ec7t, t\u1ed1c \u0111\u1ed9 t\u1ea3i trang nhanh ch\u00f3ng, ph\u1ee5c v\u1ee5 nhu c\u1ea7u ng\u01b0\u1eddi d\u00f9ng.<\/p>\n","protected":false},"featured_media":8315,"comment_status":"open","ping_status":"closed","template":"","meta":[],"product_cat":[16],"product_tag":[],"class_list":{"0":"post-8314","1":"product","2":"type-product","3":"status-publish","4":"has-post-thumbnail","6":"product_cat-tat-ca","8":"first","9":"instock","10":"shipping-taxable","11":"product-type-external"},"_links":{"self":[{"href":"https:\/\/ladigi.vn\/thiet-ke-website\/wp-json\/wp\/v2\/product\/8314","targetHints":{"allow":["GET"]}}],"collection":[{"href":"https:\/\/ladigi.vn\/thiet-ke-website\/wp-json\/wp\/v2\/product"}],"about":[{"href":"https:\/\/ladigi.vn\/thiet-ke-website\/wp-json\/wp\/v2\/types\/product"}],"replies":[{"embeddable":true,"href":"https:\/\/ladigi.vn\/thiet-ke-website\/wp-json\/wp\/v2\/comments?post=8314"}],"wp:featuredmedia":[{"embeddable":true,"href":"https:\/\/ladigi.vn\/thiet-ke-website\/wp-json\/wp\/v2\/media\/8315"}],"wp:attachment":[{"href":"https:\/\/ladigi.vn\/thiet-ke-website\/wp-json\/wp\/v2\/media?parent=8314"}],"wp:term":[{"taxonomy":"product_cat","embeddable":true,"href":"https:\/\/ladigi.vn\/thiet-ke-website\/wp-json\/wp\/v2\/product_cat?post=8314"},{"taxonomy":"product_tag","embeddable":true,"href":"https:\/\/ladigi.vn\/thiet-ke-website\/wp-json\/wp\/v2\/product_tag?post=8314"}],"curies":[{"name":"wp","href":"https:\/\/api.w.org\/{rel}","templated":true}]}}