{"id":8334,"date":"2025-01-12T15:07:14","date_gmt":"2025-01-12T08:07:14","guid":{"rendered":"https:\/\/ladigi.vn\/thiet-ke-website\/?post_type=product&#038;p=8334"},"modified":"2025-01-12T15:08:55","modified_gmt":"2025-01-12T08:08:55","slug":"theme-wordpress-shop-nguoi-lon","status":"publish","type":"product","link":"https:\/\/ladigi.vn\/thiet-ke-website\/mau-web\/theme-wordpress-shop-nguoi-lon\/","title":{"rendered":"Shop ng\u01b0\u1eddi l\u1edbn"},"content":{"rendered":"<p>\n Ch\u00e0o m\u1eebng \u0111\u1ebfn v\u1edbi LADIGI Agency &#8211; \u0111\u01a1n v\u1ecb chuy\u00ean thi\u1ebft k\u1ebf website chuy\u00ean nghi\u1ec7p v\u00e0 \u0111\u1eb9p m\u1eaft. Ch\u00fang t\u00f4i xin gi\u1edbi thi\u1ec7u \u0111\u1ebfn c\u00e1c b\u1ea1n d\u1ecbch v\u1ee5 Thi\u1ebft k\u1ebf website Theme wordpress shop ng\u01b0\u1eddi l\u1edbn, m\u1ed9t gi\u1ea3i ph\u00e1p ho\u00e0n h\u1ea3o cho c\u00e1c doanh nghi\u1ec7p kinh doanh trong l\u0129nh v\u1ef1c ng\u01b0\u1eddi l\u1edbn.\n<\/p>\n<p>\n V\u1edbi s\u1ef1 ph\u00e1t tri\u1ec3n c\u1ee7a c\u00f4ng ngh\u1ec7, vi\u1ec7c c\u00f3 m\u1ed9t trang web chuy\u00ean nghi\u1ec7p v\u00e0 \u0111\u1eb9p m\u1eaft l\u00e0 \u0111i\u1ec1u c\u1ea7n thi\u1ebft \u0111\u1ec3 thu h\u00fat kh\u00e1ch h\u00e0ng v\u00e0 t\u0103ng c\u01b0\u1eddng s\u1ef1 tin t\u01b0\u1edfng c\u1ee7a h\u1ecd \u0111\u1ed1i v\u1edbi th\u01b0\u01a1ng hi\u1ec7u c\u1ee7a b\u1ea1n. V\u00e0 d\u1ecbch v\u1ee5 Thi\u1ebft k\u1ebf website Theme wordpress shop ng\u01b0\u1eddi l\u1edbn c\u1ee7a ch\u00fang t\u00f4i s\u1ebd gi\u00fap b\u1ea1n \u0111\u1ea1t \u0111\u01b0\u1ee3c \u0111i\u1ec1u \u0111\u00f3.\n<\/p>\n<p>\n Giao di\u1ec7n web \u0111\u01b0\u1ee3c thi\u1ebft k\u1ebf b\u1edfi \u0111\u1ed9i ng\u0169 thi\u1ebft k\u1ebf chuy\u00ean nghi\u1ec7p c\u1ee7a ch\u00fang t\u00f4i s\u1ebd mang l\u1ea1i cho b\u1ea1n m\u1ed9t trang web \u0111\u1eb9p m\u1eaft, chuy\u00ean nghi\u1ec7p v\u00e0 d\u1ec5 s\u1eed d\u1ee5ng. Ch\u00fang t\u00f4i s\u1ebd t\u1ea1o ra m\u1ed9t giao di\u1ec7n \u0111\u1eb9p m\u1eaft v\u00e0 th\u00e2n thi\u1ec7n v\u1edbi ng\u01b0\u1eddi d\u00f9ng \u0111\u1ec3 gi\u00fap kh\u00e1ch h\u00e0ng d\u1ec5 d\u00e0ng t\u00ecm ki\u1ebfm v\u00e0 mua s\u1eafm tr\u00ean trang web c\u1ee7a b\u1ea1n.\n<\/p>\n<p>\n Ngo\u00e0i ra, trang web c\u1ee7a ch\u00fang t\u00f4i c\u0169ng \u0111\u01b0\u1ee3c t\u1ed1i \u01b0u h\u00f3a \u0111\u1ec3 t\u01b0\u01a1ng th\u00edch tr\u00ean m\u1ecdi thi\u1ebft b\u1ecb, t\u1eeb m\u00e1y t\u00ednh \u0111\u1ec3 b\u00e0n \u0111\u1ebfn \u0111i\u1ec7n tho\u1ea1i di \u0111\u1ed9ng. \u0110i\u1ec1u n\u00e0y s\u1ebd gi\u00fap kh\u00e1ch h\u00e0ng d\u1ec5 d\u00e0ng truy c\u1eadp v\u00e0 tr\u1ea3i nghi\u1ec7m s\u1ea3n ph\u1ea9m c\u1ee7a b\u1ea1n m\u1ecdi l\u00fac, m\u1ecdi n\u01a1i.\n<\/p>\n<p>\n Ch\u00fang t\u00f4i s\u1eed d\u1ee5ng m\u00e3 ngu\u1ed3n WordPress v\u1edbi Theme Flatsome v\u00e0 UX Builder \u0111\u1ec3 thi\u1ebft k\u1ebf trang web c\u1ee7a b\u1ea1n. \u0110\u00e2y l\u00e0 nh\u1eefng c\u00f4ng c\u1ee5 m\u1ea1nh m\u1ebd v\u00e0 d\u1ec5 t\u00f9y bi\u1ebfn, gi\u00fap b\u1ea1n d\u1ec5 d\u00e0ng thay \u0111\u1ed5i giao di\u1ec7n v\u00e0 n\u1ed9i dung tr\u00ean trang web c\u1ee7a m\u00ecnh m\u00e0 kh\u00f4ng c\u1ea7n ph\u1ea3i c\u00f3 ki\u1ebfn th\u1ee9c v\u1ec1 l\u1eadp tr\u00ecnh.\n<\/p>\n<p>\n M\u1ed9t trong nh\u1eefng y\u1ebfu t\u1ed1 quan tr\u1ecdng c\u1ee7a m\u1ed9t trang web l\u00e0 t\u1ed1c \u0111\u1ed9 t\u1ea3i trang. V\u1edbi d\u1ecbch v\u1ee5 Thi\u1ebft k\u1ebf website Theme wordpress shop ng\u01b0\u1eddi l\u1edbn c\u1ee7a ch\u00fang t\u00f4i, ch\u00fang t\u00f4i cam k\u1ebft t\u0103ng t\u1ed1c \u0111\u1ed9 t\u1ea3i trang cho trang web c\u1ee7a b\u1ea1n, gi\u00fap kh\u00e1ch h\u00e0ng d\u1ec5 d\u00e0ng truy c\u1eadp v\u00e0 mua s\u1eafm tr\u00ean trang web c\u1ee7a b\u1ea1n m\u1ed9t c\u00e1ch nhanh ch\u00f3ng v\u00e0 thu\u1eadn ti\u1ec7n.\n<\/p>\n<p>\n \u0110\u1ebfn v\u1edbi LADIGI Agency, b\u1ea1n s\u1ebd \u0111\u01b0\u1ee3c \u0111\u1ea3m b\u1ea3o v\u1ec1 ch\u1ea5t l\u01b0\u1ee3ng v\u00e0 hi\u1ec7u qu\u1ea3 c\u1ee7a trang web c\u1ee7a m\u00ecnh. Ch\u00fang t\u00f4i cam k\u1ebft mang l\u1ea1i cho b\u1ea1n m\u1ed9t trang web \u0111\u1eb9p, chuy\u00ean nghi\u1ec7p v\u00e0 hi\u1ec7u qu\u1ea3 trong vi\u1ec7c thu h\u00fat kh\u00e1ch h\u00e0ng.\n<\/p>\n<p>\n N\u1ebfu b\u1ea1n \u0111ang t\u00ecm ki\u1ebfm m\u1ed9t \u0111\u01a1n v\u1ecb thi\u1ebft k\u1ebf website chuy\u00ean nghi\u1ec7p v\u00e0 \u0111\u1eb9p m\u1eaft, h\u00e3y \u0111\u1ebfn v\u1edbi LADIGI Agency. Ch\u00fang t\u00f4i s\u1ebd gi\u00fap b\u1ea1n \u0111\u1ea1t \u0111\u01b0\u1ee3c m\u1ee5c ti\u00eau kinh doanh c\u1ee7a m\u00ecnh v\u1edbi d\u1ecbch v\u1ee5 Thi\u1ebft k\u1ebf website Theme wordpress shop ng\u01b0\u1eddi l\u1edbn ch\u1ea5t l\u01b0\u1ee3ng cao.\n<\/p>\n<p>\n Xem th\u00eam th\u00f4ng tin v\u1ec1 d\u1ecbch v\u1ee5 Thi\u1ebft k\u1ebf website c\u1ee7a ch\u00fang t\u00f4i t\u1ea1i<br \/>\n <a href=\"https:\/\/ladigi.vn\/thiet-ke-website\/\"><br \/>\n  C\u00f4ng ty l\u1eadp tr\u00ecnh website<br \/>\n <\/a><br \/>\n . H\u00e3y li\u00ean h\u1ec7 v\u1edbi ch\u00fang t\u00f4i ngay h\u00f4m nay \u0111\u1ec3 b\u1eaft \u0111\u1ea7u x\u00e2y d\u1ef1ng m\u1ed9t trang web chuy\u00ean nghi\u1ec7p cho doanh nghi\u1ec7p c\u1ee7a b\u1ea1n. C\u1ea3m \u01a1n b\u1ea1n \u0111\u00e3 \u0111\u1ecdc b\u00e0i vi\u1ebft c\u1ee7a ch\u00fang t\u00f4i!<\/p>\n","protected":false},"excerpt":{"rendered":"<p>D\u1ecbch v\u1ee5 Thi\u1ebft k\u1ebf website Theme wordpress shop ng\u01b0\u1eddi l\u1edbn mang \u0111\u1ebfn cho kh\u00e1ch h\u00e0ng m\u1ed9t trang web \u0111\u1eb9p, chuy\u00ean nghi\u1ec7p v\u00e0 d\u1ec5 s\u1eed d\u1ee5ng. V\u1edbi giao di\u1ec7n \u0111\u01b0\u1ee3c thi\u1ebft k\u1ebf tinh t\u1ebf, t\u01b0\u01a1ng th\u00edch tr\u00ean m\u1ecdi thi\u1ebft b\u1ecb, kh\u00e1ch h\u00e0ng c\u00f3 th\u1ec3 tr\u1ea3i nghi\u1ec7m trang web m\u1ed9t c\u00e1ch d\u1ec5 d\u00e0ng v\u00e0 thu\u1eadn ti\u1ec7n. S\u1eed d\u1ee5ng m\u00e3 ngu\u1ed3n Wordpress v\u1edbi Theme Flatsome v\u00e0 UX Builder, kh\u00e1ch h\u00e0ng c\u00f3 th\u1ec3 t\u00f9y bi\u1ebfn giao di\u1ec7n theo \u00fd th\u00edch m\u1ed9t c\u00e1ch nhanh ch\u00f3ng. \u0110\u1eb7c bi\u1ec7t, t\u1ed1c \u0111\u1ed9 t\u1ea3i trang nhanh s\u1ebd gi\u00fap kh\u00e1ch h\u00e0ng ti\u1ebft ki\u1ec7m th\u1eddi gian v\u00e0 tr\u1ea3i nghi\u1ec7m trang web m\u1ed9t c\u00e1ch tr\u01a1n tru.<\/p>\n","protected":false},"featured_media":8335,"comment_status":"open","ping_status":"closed","template":"","meta":[],"product_cat":[16],"product_tag":[],"class_list":{"0":"post-8334","1":"product","2":"type-product","3":"status-publish","4":"has-post-thumbnail","6":"product_cat-tat-ca","8":"first","9":"instock","10":"shipping-taxable","11":"product-type-external"},"_links":{"self":[{"href":"https:\/\/ladigi.vn\/thiet-ke-website\/wp-json\/wp\/v2\/product\/8334","targetHints":{"allow":["GET"]}}],"collection":[{"href":"https:\/\/ladigi.vn\/thiet-ke-website\/wp-json\/wp\/v2\/product"}],"about":[{"href":"https:\/\/ladigi.vn\/thiet-ke-website\/wp-json\/wp\/v2\/types\/product"}],"replies":[{"embeddable":true,"href":"https:\/\/ladigi.vn\/thiet-ke-website\/wp-json\/wp\/v2\/comments?post=8334"}],"wp:featuredmedia":[{"embeddable":true,"href":"https:\/\/ladigi.vn\/thiet-ke-website\/wp-json\/wp\/v2\/media\/8335"}],"wp:attachment":[{"href":"https:\/\/ladigi.vn\/thiet-ke-website\/wp-json\/wp\/v2\/media?parent=8334"}],"wp:term":[{"taxonomy":"product_cat","embeddable":true,"href":"https:\/\/ladigi.vn\/thiet-ke-website\/wp-json\/wp\/v2\/product_cat?post=8334"},{"taxonomy":"product_tag","embeddable":true,"href":"https:\/\/ladigi.vn\/thiet-ke-website\/wp-json\/wp\/v2\/product_tag?post=8334"}],"curies":[{"name":"wp","href":"https:\/\/api.w.org\/{rel}","templated":true}]}}