{"id":8350,"date":"2025-01-12T15:16:58","date_gmt":"2025-01-12T08:16:58","guid":{"rendered":"https:\/\/ladigi.vn\/thiet-ke-website\/?post_type=product&#038;p=8350"},"modified":"2025-01-12T15:18:39","modified_gmt":"2025-01-12T08:18:39","slug":"theme-wordpress-sieu-thi-tap-hoa-bach-hoa","status":"publish","type":"product","link":"https:\/\/ladigi.vn\/thiet-ke-website\/mau-web\/theme-wordpress-sieu-thi-tap-hoa-bach-hoa\/","title":{"rendered":"Si\u00eau th\u1ecb, t\u1ea1p h\u00f3a, b\u00e1ch h\u00f3a"},"content":{"rendered":"<h1>\n D\u1ecbch v\u1ee5 Thi\u1ebft k\u1ebf website Theme wordpress si\u00eau th\u1ecb, t\u1ea1p h\u00f3a, b\u00e1ch h\u00f3a<br \/>\n<\/h1>\n<p>\n B\u1ea1n \u0111ang c\u00f3 k\u1ebf ho\u1ea1ch m\u1edf m\u1ed9t c\u1eeda h\u00e0ng si\u00eau th\u1ecb, t\u1ea1p h\u00f3a ho\u1eb7c b\u00e1ch h\u00f3a v\u00e0 mu\u1ed1n c\u00f3 m\u1ed9t website \u0111\u1ec3 qu\u1ea3ng b\u00e1 s\u1ea3n ph\u1ea9m v\u00e0 d\u1ecbch v\u1ee5 c\u1ee7a m\u00ecnh? B\u1ea1n mu\u1ed1n giao di\u1ec7n website \u0111\u01b0\u1ee3c thi\u1ebft k\u1ebf \u0111\u1eb9p, chuy\u00ean nghi\u1ec7p v\u00e0 d\u1ec5 s\u1eed d\u1ee5ng? H\u00e3y \u0111\u1ebfn v\u1edbi d\u1ecbch v\u1ee5 thi\u1ebft k\u1ebf website Theme wordpress si\u00eau th\u1ecb, t\u1ea1p h\u00f3a, b\u00e1ch h\u00f3a c\u1ee7a ch\u00fang t\u00f4i!\n<\/p>\n<p>\n V\u1edbi giao di\u1ec7n \u0111\u01b0\u1ee3c thi\u1ebft k\u1ebf \u0111\u1eb9p m\u1eaft v\u00e0 chuy\u00ean nghi\u1ec7p, website c\u1ee7a b\u1ea1n s\u1ebd thu h\u00fat \u0111\u01b0\u1ee3c s\u1ef1 ch\u00fa \u00fd c\u1ee7a kh\u00e1ch h\u00e0ng ngay t\u1eeb c\u00e1i nh\u00ecn \u0111\u1ea7u ti\u00ean. Ch\u00fang t\u00f4i cam k\u1ebft s\u1ebd t\u1ea1o ra m\u1ed9t giao di\u1ec7n web t\u1ed1i \u01b0u, gi\u00fap kh\u00e1ch h\u00e0ng d\u1ec5 d\u00e0ng t\u00ecm ki\u1ebfm v\u00e0 mua s\u1ea3n ph\u1ea9m c\u1ee7a b\u1ea1n.\n<\/p>\n<p>\n Kh\u00f4ng ch\u1ec9 v\u1eady, website c\u1ee7a ch\u00fang t\u00f4i c\u00f2n \u0111\u01b0\u1ee3c t\u1ed1i \u01b0u \u0111\u1ec3 t\u01b0\u01a1ng th\u00edch tr\u00ean m\u1ecdi thi\u1ebft b\u1ecb, t\u1eeb m\u00e1y t\u00ednh \u0111\u1ec3 b\u00e0n \u0111\u1ebfn \u0111i\u1ec7n tho\u1ea1i di \u0111\u1ed9ng. \u0110i\u1ec1u n\u00e0y gi\u00fap kh\u00e1ch h\u00e0ng d\u1ec5 d\u00e0ng truy c\u1eadp v\u00e0 mua h\u00e0ng tr\u00ean website c\u1ee7a b\u1ea1n m\u1ecdi l\u00fac, m\u1ecdi n\u01a1i.\n<\/p>\n<p>\n \u0110\u1ec3 \u0111\u1ea3m b\u1ea3o giao di\u1ec7n website c\u1ee7a b\u1ea1n \u0111\u00e1p \u1ee9ng \u0111\u01b0\u1ee3c m\u1ecdi nhu c\u1ea7u, ch\u00fang t\u00f4i s\u1eed d\u1ee5ng m\u00e3 ngu\u1ed3n WordPress v\u00e0 Theme Flatsome c\u00f9ng v\u1edbi UX Builder d\u1ec5 t\u00f9y bi\u1ebfn. \u0110i\u1ec1u n\u00e0y gi\u00fap b\u1ea1n c\u00f3 th\u1ec3 d\u1ec5 d\u00e0ng thay \u0111\u1ed5i giao di\u1ec7n, th\u00eam b\u1edbt c\u00e1c t\u00ednh n\u0103ng v\u00e0 t\u00f9y ch\u1ec9nh theo \u00fd mu\u1ed1n c\u1ee7a m\u00ecnh m\u00e0 kh\u00f4ng c\u1ea7n ph\u1ea3i c\u00f3 ki\u1ebfn th\u1ee9c v\u1ec1 l\u1eadp tr\u00ecnh.\n<\/p>\n<p>\n Ngo\u00e0i ra, m\u1ed9t trong nh\u1eefng \u01b0u \u0111i\u1ec3m n\u1ed5i b\u1eadt c\u1ee7a website \u0111\u01b0\u1ee3c thi\u1ebft k\u1ebf b\u1edfi ch\u00fang t\u00f4i l\u00e0 t\u1ed1c \u0111\u1ed9 t\u1ea3i trang nhanh. Ch\u00fang t\u00f4i cam k\u1ebft s\u1ebd cung c\u1ea5p cho b\u1ea1n m\u1ed9t website c\u00f3 t\u1ed1c \u0111\u1ed9 t\u1ea3i trang nhanh nh\u1ea5t, gi\u00fap kh\u00e1ch h\u00e0ng kh\u00f4ng ph\u1ea3i ch\u1edd \u0111\u1ee3i l\u00e2u \u0111\u1ec3 truy c\u1eadp v\u00e0 mua h\u00e0ng tr\u00ean website c\u1ee7a b\u1ea1n.\n<\/p>\n<p>\n \u0110\u1ebfn v\u1edbi d\u1ecbch v\u1ee5 thi\u1ebft k\u1ebf website c\u1ee7a LADIGI Agency, b\u1ea1n s\u1ebd nh\u1eadn \u0111\u01b0\u1ee3c m\u1ed9t g\u00f3i d\u1ecbch v\u1ee5 tr\u1ecdn g\u00f3i, bao g\u1ed3m t\u1ea5t c\u1ea3 c\u00e1c c\u00f4ng \u0111o\u1ea1n t\u1eeb thi\u1ebft k\u1ebf, ph\u00e1t tri\u1ec3n, t\u1ed1i \u01b0u h\u00f3a v\u00e0 \u0111\u01b0a website v\u00e0o ho\u1ea1t \u0111\u1ed9ng. Ch\u00fang t\u00f4i cam k\u1ebft s\u1ebd mang \u0111\u1ebfn cho b\u1ea1n m\u1ed9t website ho\u00e0n h\u1ea3o, gi\u00fap b\u1ea1n thu h\u00fat \u0111\u01b0\u1ee3c nhi\u1ec1u kh\u00e1ch h\u00e0ng v\u00e0 t\u0103ng doanh thu.\n<\/p>\n<p>\n H\u00e3y \u0111\u1ec3 ch\u00fang t\u00f4i gi\u00fap b\u1ea1n c\u00f3 m\u1ed9t website chuy\u00ean nghi\u1ec7p, \u0111\u1eb9p m\u1eaft v\u00e0 hi\u1ec7u qu\u1ea3 cho c\u1eeda h\u00e0ng c\u1ee7a b\u1ea1n. \u0110\u1ec3 bi\u1ebft th\u00eam th\u00f4ng tin chi ti\u1ebft v\u1ec1 d\u1ecbch v\u1ee5 Thi\u1ebft k\u1ebf giao di\u1ec7n website tr\u1ecdn g\u00f3i c\u1ee7a LADIGI, vui l\u00f2ng truy c\u1eadp<br \/>\n <a href=\"https:\/\/ladigi.vn\/thiet-ke-website\/\"><br \/>\n  \u0111\u01b0\u1eddng link<br \/>\n <\/a><br \/>\n .\n<\/p>\n<p>\n H\u00e3y \u0111\u1ec3 LADIGI Agency gi\u00fap b\u1ea1n mang \u0111\u1ebfn s\u1ef1 kh\u00e1c bi\u1ec7t cho th\u01b0\u01a1ng hi\u1ec7u c\u1ee7a b\u1ea1n tr\u00ean m\u1ea1ng internet!<\/p>\n","protected":false},"excerpt":{"rendered":"<p>D\u1ecbch v\u1ee5 Thi\u1ebft k\u1ebf website Theme wordpress si\u00eau th\u1ecb, t\u1ea1p h\u00f3a, b\u00e1ch h\u00f3a mang \u0111\u1ebfn cho kh\u00e1ch h\u00e0ng m\u1ed9t giao di\u1ec7n trang web \u0111\u1eb9p m\u1eaft, chuy\u00ean nghi\u1ec7p v\u00e0 d\u1ec5 s\u1eed d\u1ee5ng. V\u1edbi t\u00ednh t\u01b0\u01a1ng th\u00edch tr\u00ean m\u1ecdi thi\u1ebft b\u1ecb, kh\u00e1ch h\u00e0ng c\u00f3 th\u1ec3 tr\u1ea3i nghi\u1ec7m trang web m\u1ed9t c\u00e1ch thu\u1eadn ti\u1ec7n v\u00e0 linh ho\u1ea1t. M\u00e3 ngu\u1ed3n Wordpress k\u1ebft h\u1ee3p v\u1edbi Theme Flatsome v\u00e0 UX Builder gi\u00fap d\u1ec5 d\u00e0ng t\u00f9y bi\u1ebfn theo \u00fd mu\u1ed1n c\u1ee7a kh\u00e1ch h\u00e0ng. \u0110\u1eb7c bi\u1ec7t, t\u1ed1c \u0111\u1ed9 t\u1ea3i trang nhanh gi\u00fap kh\u00e1ch h\u00e0ng ti\u1ebft ki\u1ec7m th\u1eddi gian v\u00e0 t\u0103ng tr\u1ea3i nghi\u1ec7m ng\u01b0\u1eddi d\u00f9ng.<\/p>\n","protected":false},"featured_media":8351,"comment_status":"open","ping_status":"closed","template":"","meta":[],"product_cat":[16],"product_tag":[],"class_list":{"0":"post-8350","1":"product","2":"type-product","3":"status-publish","4":"has-post-thumbnail","6":"product_cat-tat-ca","8":"first","9":"instock","10":"shipping-taxable","11":"product-type-external"},"_links":{"self":[{"href":"https:\/\/ladigi.vn\/thiet-ke-website\/wp-json\/wp\/v2\/product\/8350","targetHints":{"allow":["GET"]}}],"collection":[{"href":"https:\/\/ladigi.vn\/thiet-ke-website\/wp-json\/wp\/v2\/product"}],"about":[{"href":"https:\/\/ladigi.vn\/thiet-ke-website\/wp-json\/wp\/v2\/types\/product"}],"replies":[{"embeddable":true,"href":"https:\/\/ladigi.vn\/thiet-ke-website\/wp-json\/wp\/v2\/comments?post=8350"}],"wp:featuredmedia":[{"embeddable":true,"href":"https:\/\/ladigi.vn\/thiet-ke-website\/wp-json\/wp\/v2\/media\/8351"}],"wp:attachment":[{"href":"https:\/\/ladigi.vn\/thiet-ke-website\/wp-json\/wp\/v2\/media?parent=8350"}],"wp:term":[{"taxonomy":"product_cat","embeddable":true,"href":"https:\/\/ladigi.vn\/thiet-ke-website\/wp-json\/wp\/v2\/product_cat?post=8350"},{"taxonomy":"product_tag","embeddable":true,"href":"https:\/\/ladigi.vn\/thiet-ke-website\/wp-json\/wp\/v2\/product_tag?post=8350"}],"curies":[{"name":"wp","href":"https:\/\/api.w.org\/{rel}","templated":true}]}}