{"id":8366,"date":"2025-01-12T08:20:39","date_gmt":"2025-01-12T01:20:39","guid":{"rendered":"https:\/\/ladigi.vn\/thiet-ke-website\/?post_type=product&#038;p=8366"},"modified":"2025-01-12T08:22:17","modified_gmt":"2025-01-12T01:22:17","slug":"theme-wordpress-in-an-04","status":"publish","type":"product","link":"https:\/\/ladigi.vn\/thiet-ke-website\/mau-web\/theme-wordpress-in-an-04\/","title":{"rendered":"In \u1ea5n"},"content":{"rendered":"<p>\n Ch\u00e0o m\u1ecdi ng\u01b0\u1eddi,\n<\/p>\n<p>\n B\u1ea1n \u0111ang t\u00ecm ki\u1ebfm m\u1ed9t d\u1ecbch v\u1ee5 thi\u1ebft k\u1ebf website chuy\u00ean nghi\u1ec7p, \u0111\u1eb9p v\u00e0 d\u1ec5 s\u1eed d\u1ee5ng? \u0110\u1eebng lo, LADIGI Agency s\u1ebd gi\u00fap b\u1ea1n gi\u1ea3i quy\u1ebft v\u1ea5n \u0111\u1ec1 \u0111\u00f3.\n<\/p>\n<p>\n V\u1edbi kinh nghi\u1ec7m l\u00e2u n\u0103m trong l\u0129nh v\u1ef1c thi\u1ebft k\u1ebf website, ch\u00fang t\u00f4i t\u1ef1 tin mang \u0111\u1ebfn cho b\u1ea1n m\u1ed9t giao di\u1ec7n web \u0111\u1eb9p m\u1eaft, chuy\u00ean nghi\u1ec7p v\u00e0 d\u1ec5 d\u00e0ng s\u1eed d\u1ee5ng. Ch\u00fang t\u00f4i s\u1eed d\u1ee5ng m\u00e3 ngu\u1ed3n WordPress v\u1edbi Theme Flatsome v\u00e0 UX Builder \u0111\u1ec3 t\u1ea1o ra nh\u1eefng giao di\u1ec7n website \u0111a d\u1ea1ng, t\u01b0\u01a1ng th\u00edch tr\u00ean m\u1ecdi thi\u1ebft b\u1ecb v\u00e0 d\u1ec5 t\u00f9y bi\u1ebfn theo nhu c\u1ea7u c\u1ee7a kh\u00e1ch h\u00e0ng.\n<\/p>\n<p>\n Kh\u00f4ng ch\u1ec9 \u0111\u1eb9p m\u1eaft v\u00e0 d\u1ec5 s\u1eed d\u1ee5ng, giao di\u1ec7n web c\u1ee7a LADIGI Agency c\u00f2n c\u00f3 t\u1ed1c \u0111\u1ed9 t\u1ea3i trang nhanh, gi\u00fap ng\u01b0\u1eddi d\u00f9ng c\u00f3 tr\u1ea3i nghi\u1ec7m t\u1ed1t h\u01a1n v\u00e0 gi\u1ea3m thi\u1ec3u t\u1ef7 l\u1ec7 tho\u00e1t trang.\n<\/p>\n<p>\n N\u1ebfu b\u1ea1n \u0111ang c\u1ea7n m\u1ed9t website m\u1edbi ho\u1eb7c mu\u1ed1n n\u00e2ng c\u1ea5p giao di\u1ec7n c\u0169, h\u00e3y li\u00ean h\u1ec7 v\u1edbi ch\u00fang t\u00f4i \u0111\u1ec3 \u0111\u01b0\u1ee3c t\u01b0 v\u1ea5n v\u00e0 b\u00e1o gi\u00e1 d\u1ecbch v\u1ee5 thi\u1ebft k\u1ebf web tr\u1ecdn g\u00f3i. V\u1edbi \u0111\u1ed9i ng\u0169 nh\u00e2n vi\u00ean gi\u00e0u kinh nghi\u1ec7m v\u00e0 t\u1eadn t\u00e2m, ch\u00fang t\u00f4i cam k\u1ebft s\u1ebd mang \u0111\u1ebfn cho b\u1ea1n m\u1ed9t website ho\u00e0n h\u1ea3o v\u00e0 ch\u1ea5t l\u01b0\u1ee3ng.\n<\/p>\n<p>\n \u0110\u1eebng ng\u1ea7n ng\u1ea1i, h\u00e3y truy c\u1eadp<br \/>\n <a href=\"https:\/\/ladigi.vn\/thiet-ke-website\/\"><br \/>\n  D\u1ecbch v\u1ee5 thi\u1ebft k\u1ebf web tr\u1ecdn g\u00f3i uy t\u00edn LADIGI<br \/>\n <\/a><br \/>\n \u0111\u1ec3 bi\u1ebft th\u00eam th\u00f4ng tin chi ti\u1ebft v\u00e0 \u0111\u0103ng k\u00fd d\u1ecbch v\u1ee5 ngay h\u00f4m nay.\n<\/p>\n<p>\n H\u00e3y \u0111\u1ec3 LADIGI Agency gi\u00fap b\u1ea1n t\u1ea1o n\u00ean m\u1ed9t website \u1ea5n t\u01b0\u1ee3ng v\u00e0 chuy\u00ean nghi\u1ec7p \u0111\u1ec3 thu h\u00fat kh\u00e1ch h\u00e0ng v\u00e0 ph\u00e1t tri\u1ec3n kinh doanh c\u1ee7a b\u1ea1n. Xin c\u1ea3m \u01a1n!<\/p>\n","protected":false},"excerpt":{"rendered":"<p>D\u1ecbch v\u1ee5 Thi\u1ebft k\u1ebf website Theme wordpress in \u1ea5n 04 l\u00e0 s\u1ef1 l\u1ef1a ch\u1ecdn ho\u00e0n h\u1ea3o cho c\u00e1c doanh nghi\u1ec7p mu\u1ed1n c\u00f3 m\u1ed9t giao di\u1ec7n web \u0111\u1eb9p, chuy\u00ean nghi\u1ec7p v\u00e0 d\u1ec5 s\u1eed d\u1ee5ng. V\u1edbi s\u1ef1 k\u1ebft h\u1ee3p gi\u1eefa m\u00e3 ngu\u1ed3n Wordpress, Theme Flatsome v\u00e0 UX Builder, ch\u00fang t\u00f4i cam k\u1ebft mang \u0111\u1ebfn cho kh\u00e1ch h\u00e0ng m\u1ed9t giao di\u1ec7n web t\u01b0\u01a1ng th\u00edch tr\u00ean m\u1ecdi thi\u1ebft b\u1ecb v\u00e0 d\u1ec5 d\u00e0ng t\u00f9y bi\u1ebfn theo \u00fd mu\u1ed1n. \u0110\u1eb7c bi\u1ec7t, t\u1ed1c \u0111\u1ed9 t\u1ea3i trang nhanh s\u1ebd gi\u00fap kh\u00e1ch h\u00e0ng thu h\u00fat \u0111\u01b0\u1ee3c nhi\u1ec1u l\u01b0\u1ee3t truy c\u1eadp h\u01a1n.<\/p>\n","protected":false},"featured_media":8367,"comment_status":"open","ping_status":"closed","template":"","meta":[],"product_cat":[16],"product_tag":[],"class_list":{"0":"post-8366","1":"product","2":"type-product","3":"status-publish","4":"has-post-thumbnail","6":"product_cat-tat-ca","8":"first","9":"instock","10":"shipping-taxable","11":"product-type-external"},"_links":{"self":[{"href":"https:\/\/ladigi.vn\/thiet-ke-website\/wp-json\/wp\/v2\/product\/8366","targetHints":{"allow":["GET"]}}],"collection":[{"href":"https:\/\/ladigi.vn\/thiet-ke-website\/wp-json\/wp\/v2\/product"}],"about":[{"href":"https:\/\/ladigi.vn\/thiet-ke-website\/wp-json\/wp\/v2\/types\/product"}],"replies":[{"embeddable":true,"href":"https:\/\/ladigi.vn\/thiet-ke-website\/wp-json\/wp\/v2\/comments?post=8366"}],"wp:featuredmedia":[{"embeddable":true,"href":"https:\/\/ladigi.vn\/thiet-ke-website\/wp-json\/wp\/v2\/media\/8367"}],"wp:attachment":[{"href":"https:\/\/ladigi.vn\/thiet-ke-website\/wp-json\/wp\/v2\/media?parent=8366"}],"wp:term":[{"taxonomy":"product_cat","embeddable":true,"href":"https:\/\/ladigi.vn\/thiet-ke-website\/wp-json\/wp\/v2\/product_cat?post=8366"},{"taxonomy":"product_tag","embeddable":true,"href":"https:\/\/ladigi.vn\/thiet-ke-website\/wp-json\/wp\/v2\/product_tag?post=8366"}],"curies":[{"name":"wp","href":"https:\/\/api.w.org\/{rel}","templated":true}]}}