{"id":8410,"date":"2025-01-11T13:20:55","date_gmt":"2025-01-11T06:20:55","guid":{"rendered":"https:\/\/ladigi.vn\/thiet-ke-website\/?post_type=product&#038;p=8410"},"modified":"2025-01-11T13:23:02","modified_gmt":"2025-01-11T06:23:02","slug":"theme-wordpress-ban-xe-mitsubishi-01","status":"publish","type":"product","link":"https:\/\/ladigi.vn\/thiet-ke-website\/mau-web\/theme-wordpress-ban-xe-mitsubishi-01\/","title":{"rendered":"B\u00e1n xe Mitsubishi"},"content":{"rendered":"<h1>\n D\u1ecbch V\u1ee5 Thi\u1ebft K\u1ebf Website Theme WordPress B\u00e1n Xe Mitsubishi<br \/>\n<\/h1>\n<p>\n Ch\u00e0o m\u1eebng b\u1ea1n \u0111\u1ebfn v\u1edbi d\u1ecbch v\u1ee5 thi\u1ebft k\u1ebf website b\u00e1n xe Mitsubishi chuy\u00ean nghi\u1ec7p c\u1ee7a ch\u00fang t\u00f4i! V\u1edbi nh\u1eefng t\u00ednh n\u0103ng n\u1ed5i b\u1eadt, ch\u00fang t\u00f4i cam k\u1ebft mang \u0111\u1ebfn cho b\u1ea1n m\u1ed9t trang web ho\u00e0n h\u1ea3o, gi\u00fap vi\u1ec7c kinh doanh c\u1ee7a b\u1ea1n tr\u1edf n\u00ean d\u1ec5 d\u00e0ng v\u00e0 hi\u1ec7u qu\u1ea3 h\u01a1n.\n<\/p>\n<h2>\n Giao Di\u1ec7n \u0110\u1eb9p, Chuy\u00ean Nghi\u1ec7p, D\u1ec5 S\u1eed D\u1ee5ng<br \/>\n<\/h2>\n<p>\n Website c\u1ee7a ch\u00fang t\u00f4i \u0111\u01b0\u1ee3c thi\u1ebft k\u1ebf v\u1edbi giao di\u1ec7n hi\u1ec7n \u0111\u1ea1i, tinh t\u1ebf v\u00e0 th\u00e2n thi\u1ec7n v\u1edbi ng\u01b0\u1eddi d\u00f9ng. M\u1ecdi chi ti\u1ebft tr\u00ean website \u0111\u1ec1u \u0111\u01b0\u1ee3c ch\u0103m ch\u00fat t\u1ec9 m\u1ec9 nh\u1eb1m t\u1ea1o n\u00ean tr\u1ea3i nghi\u1ec7m t\u1ed1t nh\u1ea5t cho kh\u00e1ch h\u00e0ng. Kh\u00e1ch h\u00e0ng c\u00f3 th\u1ec3 d\u1ec5 d\u00e0ng t\u00ecm ki\u1ebfm th\u00f4ng tin v\u1ec1 c\u00e1c d\u00f2ng xe, ch\u01b0\u01a1ng tr\u00ecnh khuy\u1ebfn m\u00e3i hay d\u1ecbch v\u1ee5 sau b\u00e1n h\u00e0ng ch\u1ec9 v\u1edbi v\u00e0i c\u00fa nh\u1ea5p chu\u1ed9t.\n<\/p>\n<h2>\n T\u01b0\u01a1ng Th\u00edch Tr\u00ean M\u1ecdi Thi\u1ebft B\u1ecb<br \/>\n<\/h2>\n<p>\n V\u1edbi xu h\u01b0\u1edbng ng\u01b0\u1eddi d\u00f9ng hi\u1ec7n nay, website c\u1ee7a ch\u00fang t\u00f4i ho\u00e0n to\u00e0n t\u01b0\u01a1ng th\u00edch tr\u00ean m\u1ecdi thi\u1ebft b\u1ecb, t\u1eeb m\u00e1y t\u00ednh \u0111\u1ec3 b\u00e0n \u0111\u1ebfn \u0111i\u1ec7n tho\u1ea1i di \u0111\u1ed9ng v\u00e0 m\u00e1y t\u00ednh b\u1ea3ng. B\u1ea1n kh\u00f4ng c\u1ea7n lo l\u1eafng v\u1ec1 vi\u1ec7c kh\u00e1ch h\u00e0ng s\u1ebd c\u1ea3m th\u1ea5y kh\u00f3 ch\u1ecbu khi truy c\u1eadp web t\u1eeb c\u00e1c thi\u1ebft b\u1ecb kh\u00e1c nhau.\n<\/p>\n<h2>\n M\u00e3 Ngu\u1ed3n WordPress V\u1edbi Theme Flatsome V\u00e0 UX Builder D\u1ec5 T\u00f9y Bi\u1ebfn<br \/>\n<\/h2>\n<p>\n S\u1eed d\u1ee5ng m\u00e3 ngu\u1ed3n WordPress k\u1ebft h\u1ee3p v\u1edbi theme Flatsome v\u00e0 UX Builder, vi\u1ec7c t\u00f9y bi\u1ebfn giao di\u1ec7n v\u00e0 ch\u1ee9c n\u0103ng website tr\u1edf n\u00ean \u0111\u01a1n gi\u1ea3n h\u01a1n bao gi\u1edd h\u1ebft. B\u1ea1n c\u00f3 th\u1ec3 d\u1ec5 d\u00e0ng thay \u0111\u1ed5i m\u00e0u s\u1eafc, b\u1ed1 c\u1ee5c v\u00e0 c\u00e1c th\u00f4ng tin tr\u00ean website theo \u00fd mu\u1ed1n m\u00e0 kh\u00f4ng c\u1ea7n ph\u1ea3i c\u00f3 ki\u1ebfn th\u1ee9c l\u1eadp tr\u00ecnh chuy\u00ean s\u00e2u.\n<\/p>\n<h2>\n T\u1ed1c \u0110\u1ed9 T\u1ea3i Trang Nhanh<br \/>\n<\/h2>\n<p>\n Ch\u00fang t\u00f4i hi\u1ec3u r\u1eb1ng t\u1ed1c \u0111\u1ed9 t\u1ea3i trang l\u00e0 y\u1ebfu t\u1ed1 quan tr\u1ecdng h\u00e0ng \u0111\u1ea7u \u1ea3nh h\u01b0\u1edfng \u0111\u1ebfn tr\u1ea3i nghi\u1ec7m ng\u01b0\u1eddi d\u00f9ng. V\u1edbi c\u00e1c c\u00f4ng ngh\u1ec7 t\u1ed1i \u01b0u h\u00f3a ti\u00ean ti\u1ebfn, website c\u1ee7a b\u1ea1n s\u1ebd c\u00f3 t\u1ed1c \u0111\u1ed9 t\u1ea3i trang nhanh ch\u00f3ng, gi\u00fap gi\u1eef ch\u00e2n kh\u00e1ch h\u00e0ng \u1edf l\u1ea1i l\u00e2u h\u01a1n v\u00e0 gia t\u0103ng kh\u1ea3 n\u0103ng chuy\u1ec3n \u0111\u1ed5i.\n<\/p>\n<hr\/>\n<p>\n N\u1ebfu b\u1ea1n \u0111ang t\u00ecm ki\u1ebfm m\u1ed9t \u0111\u01a1n v\u1ecb thi\u1ebft k\u1ebf website chuy\u00ean nghi\u1ec7p v\u00e0 tin c\u1eady, h\u00e3y \u0111\u1ebfn v\u1edbi<br \/>\n <strong><br \/>\n  LADIGI Agency<br \/>\n <\/strong><br \/>\n . Ch\u00fang t\u00f4i t\u1ef1 h\u00e0o l\u00e0 \u0111\u01a1n v\u1ecb thi\u1ebft k\u1ebf website h\u00e0ng \u0111\u1ea7u, v\u1edbi \u0111\u1ed9i ng\u0169 chuy\u00ean gia lu\u00f4n s\u1eb5n s\u00e0ng h\u1ed7 tr\u1ee3 b\u1ea1n trong m\u1ecdi kh\u00eda c\u1ea1nh c\u1ee7a vi\u1ec7c thi\u1ebft k\u1ebf v\u00e0 ph\u00e1t tri\u1ec3n website.\n<\/p>\n<p>\n Kh\u00e1m ph\u00e1 th\u00eam v\u1ec1<br \/>\n <a href=\"https:\/\/ladigi.vn\/thiet-ke-website\/\"><br \/>\n  D\u1ecbch v\u1ee5 thi\u1ebft k\u1ebf website tr\u1ecdn g\u00f3i LADIGI<br \/>\n <\/a><br \/>\n \u0111\u1ec3 b\u1eaft \u0111\u1ea7u h\u00e0nh tr\u00ecnh x\u00e2y d\u1ef1ng trang web b\u00e1n xe Mitsubishi th\u00e0nh c\u00f4ng c\u1ee7a b\u1ea1n ngay h\u00f4m nay!<\/p>\n","protected":false},"excerpt":{"rendered":"<p>D\u1ecbch v\u1ee5 thi\u1ebft k\u1ebf website b\u00e1n xe Mitsubishi v\u1edbi giao di\u1ec7n \u0111\u1eb9p, chuy\u00ean nghi\u1ec7p v\u00e0 d\u1ec5 s\u1eed d\u1ee5ng. T\u01b0\u01a1ng th\u00edch tr\u00ean m\u1ecdi thi\u1ebft b\u1ecb, s\u1eed d\u1ee5ng m\u00e3 ngu\u1ed3n WordPress c\u00f9ng theme Flatsome v\u00e0 UX Builder d\u1ec5 t\u00f9y bi\u1ebfn. \u0110\u1eb7c bi\u1ec7t, t\u1ed1c \u0111\u1ed9 t\u1ea3i trang nhanh, mang \u0111\u1ebfn tr\u1ea3i nghi\u1ec7m t\u1ed1i \u01b0u cho ng\u01b0\u1eddi d\u00f9ng.<\/p>\n","protected":false},"featured_media":8411,"comment_status":"open","ping_status":"closed","template":"","meta":[],"product_cat":[16],"product_tag":[],"class_list":{"0":"post-8410","1":"product","2":"type-product","3":"status-publish","4":"has-post-thumbnail","6":"product_cat-tat-ca","8":"first","9":"instock","10":"shipping-taxable","11":"product-type-external"},"_links":{"self":[{"href":"https:\/\/ladigi.vn\/thiet-ke-website\/wp-json\/wp\/v2\/product\/8410","targetHints":{"allow":["GET"]}}],"collection":[{"href":"https:\/\/ladigi.vn\/thiet-ke-website\/wp-json\/wp\/v2\/product"}],"about":[{"href":"https:\/\/ladigi.vn\/thiet-ke-website\/wp-json\/wp\/v2\/types\/product"}],"replies":[{"embeddable":true,"href":"https:\/\/ladigi.vn\/thiet-ke-website\/wp-json\/wp\/v2\/comments?post=8410"}],"wp:featuredmedia":[{"embeddable":true,"href":"https:\/\/ladigi.vn\/thiet-ke-website\/wp-json\/wp\/v2\/media\/8411"}],"wp:attachment":[{"href":"https:\/\/ladigi.vn\/thiet-ke-website\/wp-json\/wp\/v2\/media?parent=8410"}],"wp:term":[{"taxonomy":"product_cat","embeddable":true,"href":"https:\/\/ladigi.vn\/thiet-ke-website\/wp-json\/wp\/v2\/product_cat?post=8410"},{"taxonomy":"product_tag","embeddable":true,"href":"https:\/\/ladigi.vn\/thiet-ke-website\/wp-json\/wp\/v2\/product_tag?post=8410"}],"curies":[{"name":"wp","href":"https:\/\/api.w.org\/{rel}","templated":true}]}}