{"id":8442,"date":"2025-01-12T13:13:18","date_gmt":"2025-01-12T06:13:18","guid":{"rendered":"https:\/\/ladigi.vn\/thiet-ke-website\/?post_type=product&#038;p=8442"},"modified":"2025-01-12T13:15:00","modified_gmt":"2025-01-12T06:15:00","slug":"theme-wordpress-nang-luong-mat-troi-solar","status":"publish","type":"product","link":"https:\/\/ladigi.vn\/thiet-ke-website\/mau-web\/theme-wordpress-nang-luong-mat-troi-solar\/","title":{"rendered":"N\u0103ng l\u01b0\u1ee3ng m\u1eb7t tr\u1eddi."},"content":{"rendered":"<h1>\n D\u1ecbch v\u1ee5 Thi\u1ebft k\u1ebf website Theme wordpress n\u0103ng l\u01b0\u1ee3ng m\u1eb7t tr\u1eddi, solar<br \/>\n<\/h1>\n<p>\n B\u1ea1n \u0111ang c\u00f3 \u00fd t\u01b0\u1edfng kinh doanh trong l\u0129nh v\u1ef1c n\u0103ng l\u01b0\u1ee3ng m\u1eb7t tr\u1eddi v\u00e0 mu\u1ed1n t\u1ea1o ra m\u1ed9t website chuy\u00ean nghi\u1ec7p \u0111\u1ec3 gi\u1edbi thi\u1ec7u s\u1ea3n ph\u1ea9m v\u00e0 d\u1ecbch v\u1ee5 c\u1ee7a m\u00ecnh? B\u1ea1n \u0111ang t\u00ecm ki\u1ebfm m\u1ed9t \u0111\u01a1n v\u1ecb thi\u1ebft k\u1ebf website uy t\u00edn v\u00e0 chuy\u00ean nghi\u1ec7p? H\u00e3y \u0111\u1ebfn v\u1edbi LADIGI Agency &#8211; \u0111\u01a1n v\u1ecb chuy\u00ean thi\u1ebft k\u1ebf website v\u1edbi nhi\u1ec1u n\u0103m kinh nghi\u1ec7m trong l\u0129nh v\u1ef1c n\u00e0y.\n<\/p>\n<p>\n V\u1edbi s\u1ef1 ph\u00e1t tri\u1ec3n kh\u00f4ng ng\u1eebng c\u1ee7a c\u00f4ng ngh\u1ec7, vi\u1ec7c c\u00f3 m\u1ed9t website l\u00e0 m\u1ed9t \u0111i\u1ec1u c\u1ea7n thi\u1ebft \u0111\u1ec3 gi\u1edbi thi\u1ec7u v\u00e0 qu\u1ea3ng b\u00e1 s\u1ea3n ph\u1ea9m, d\u1ecbch v\u1ee5 c\u1ee7a doanh nghi\u1ec7p. \u0110\u1eb7c bi\u1ec7t, trong l\u0129nh v\u1ef1c n\u0103ng l\u01b0\u1ee3ng m\u1eb7t tr\u1eddi, vi\u1ec7c s\u1eed d\u1ee5ng website \u0111\u1ec3 gi\u1edbi thi\u1ec7u v\u00e0 b\u00e1n h\u00e0ng l\u00e0 m\u1ed9t l\u1ee3i th\u1ebf l\u1edbn. V\u00e0 \u0111\u1ec3 t\u1ea1o ra m\u1ed9t website ho\u00e0n h\u1ea3o, chuy\u00ean nghi\u1ec7p v\u00e0 hi\u1ec7u qu\u1ea3, vi\u1ec7c l\u1ef1a ch\u1ecdn m\u1ed9t giao di\u1ec7n web \u0111\u1eb9p v\u00e0 d\u1ec5 s\u1eed d\u1ee5ng l\u00e0 r\u1ea5t quan tr\u1ecdng.\n<\/p>\n<p>\n V\u1edbi d\u1ecbch v\u1ee5 Thi\u1ebft k\u1ebf website Theme wordpress n\u0103ng l\u01b0\u1ee3ng m\u1eb7t tr\u1eddi c\u1ee7a LADIGI Agency, b\u1ea1n s\u1ebd \u0111\u01b0\u1ee3c tr\u1ea3i nghi\u1ec7m giao di\u1ec7n web \u0111\u01b0\u1ee3c thi\u1ebft k\u1ebf \u0111\u1eb9p, chuy\u00ean nghi\u1ec7p v\u00e0 d\u1ec5 s\u1eed d\u1ee5ng. Ch\u00fang t\u00f4i s\u1eed d\u1ee5ng m\u00e3 ngu\u1ed3n WordPress v\u1edbi Theme Flatsome v\u00e0 UX Builder \u0111\u1ec3 t\u1ea1o ra nh\u1eefng giao di\u1ec7n web tuy\u1ec7t \u0111\u1eb9p v\u00e0 d\u1ec5 t\u00f9y bi\u1ebfn. \u0110i\u1ec1u n\u00e0y gi\u00fap cho website c\u1ee7a b\u1ea1n c\u00f3 th\u1ec3 t\u01b0\u01a1ng th\u00edch tr\u00ean m\u1ecdi thi\u1ebft b\u1ecb v\u00e0 \u0111\u1ea3m b\u1ea3o t\u1ed1c \u0111\u1ed9 t\u1ea3i trang nhanh, gi\u00fap kh\u00e1ch h\u00e0ng tr\u1ea3i nghi\u1ec7m website m\u1ed9t c\u00e1ch thu\u1eadn ti\u1ec7n v\u00e0 d\u1ec5 d\u00e0ng.\n<\/p>\n<p>\n \u0110\u1ebfn v\u1edbi LADIGI Agency, b\u1ea1n s\u1ebd \u0111\u01b0\u1ee3c tr\u1ea3i nghi\u1ec7m d\u1ecbch v\u1ee5 Thi\u1ebft k\u1ebf website chuy\u00ean nghi\u1ec7p v\u00e0 \u0111\u1ea7y \u0111\u1ee7 t\u00ednh n\u0103ng, t\u1eeb thi\u1ebft k\u1ebf giao di\u1ec7n, t\u1ed1i \u01b0u h\u00f3a SEO, t\u00edch h\u1ee3p c\u00e1c c\u00f4ng c\u1ee5 qu\u1ea3n l\u00fd v\u00e0 b\u1ea3o m\u1eadt website. \u0110\u1ed9i ng\u0169 thi\u1ebft k\u1ebf c\u1ee7a ch\u00fang t\u00f4i lu\u00f4n s\u00e1ng t\u1ea1o v\u00e0 nhi\u1ec7t huy\u1ebft, \u0111\u1ea3m b\u1ea3o t\u1ea1o ra nh\u1eefng giao di\u1ec7n web \u0111\u1eb9p v\u00e0 chuy\u00ean nghi\u1ec7p nh\u1ea5t cho doanh nghi\u1ec7p c\u1ee7a b\u1ea1n.\n<\/p>\n<p>\n V\u1edbi m\u1ee5c ti\u00eau mang \u0111\u1ebfn cho kh\u00e1ch h\u00e0ng nh\u1eefng tr\u1ea3i nghi\u1ec7m t\u1ed1t nh\u1ea5t, LADIGI Agency cam k\u1ebft s\u1ebd \u0111em \u0111\u1ebfn cho b\u1ea1n d\u1ecbch v\u1ee5 Thi\u1ebft k\u1ebf website Theme wordpress n\u0103ng l\u01b0\u1ee3ng m\u1eb7t tr\u1eddi t\u1ed1t nh\u1ea5t v\u1edbi gi\u00e1 c\u1ea3 h\u1ee3p l\u00fd v\u00e0 ch\u1ea5t l\u01b0\u1ee3ng \u0111\u1ea3m b\u1ea3o.\n<\/p>\n<p>\n N\u1ebfu b\u1ea1n \u0111ang c\u00f3 nhu c\u1ea7u t\u1ea1o ra m\u1ed9t website chuy\u00ean nghi\u1ec7p v\u00e0 hi\u1ec7u qu\u1ea3 cho doanh nghi\u1ec7p c\u1ee7a m\u00ecnh, h\u00e3y \u0111\u1ebfn v\u1edbi LADIGI Agency. Ch\u00fang t\u00f4i cam k\u1ebft s\u1ebd kh\u00f4ng l\u00e0m b\u1ea1n th\u1ea5t v\u1ecdng. \u0110\u1ec3 bi\u1ebft th\u00eam th\u00f4ng tin chi ti\u1ebft v\u1ec1 d\u1ecbch v\u1ee5 Thi\u1ebft k\u1ebf website c\u1ee7a ch\u00fang t\u00f4i, h\u00e3y truy c\u1eadp<br \/>\n <a href=\"https:\/\/ladigi.vn\/thiet-ke-website\/\"><br \/>\n  D\u1ecbch v\u1ee5 thi\u1ebft k\u1ebf web doanh nghi\u1ec7p<br \/>\n <\/a><br \/>\n ho\u1eb7c li\u00ean h\u1ec7 v\u1edbi ch\u00fang t\u00f4i qua s\u1ed1 \u0111i\u1ec7n tho\u1ea1i: 0123 456 789.\n<\/p>\n<p>\n H\u00e3y \u0111\u1ec3 LADIGI Agency gi\u00fap b\u1ea1n t\u1ea1o n\u00ean m\u1ed9t website chuy\u00ean nghi\u1ec7p v\u00e0 hi\u1ec7u qu\u1ea3, gi\u00fap doanh nghi\u1ec7p c\u1ee7a b\u1ea1n ph\u00e1t tri\u1ec3n m\u1ea1nh m\u1ebd tr\u00ean th\u1ecb tr\u01b0\u1eddng. Ch\u00fang t\u00f4i lu\u00f4n s\u1eb5n s\u00e0ng \u0111\u1ed3ng h\u00e0nh c\u00f9ng b\u1ea1n tr\u00ean con \u0111\u01b0\u1eddng th\u00e0nh c\u00f4ng.<\/p>\n","protected":false},"excerpt":{"rendered":"<p>D\u1ecbch v\u1ee5 Thi\u1ebft k\u1ebf website Theme wordpress n\u0103ng l\u01b0\u1ee3ng m\u1eb7t tr\u1eddi, solar mang \u0111\u1ebfn cho kh\u00e1ch h\u00e0ng m\u1ed9t trang web \u0111\u1eb9p v\u00e0 chuy\u00ean nghi\u1ec7p, v\u1edbi giao di\u1ec7n d\u1ec5 s\u1eed d\u1ee5ng v\u00e0 t\u01b0\u01a1ng th\u00edch tr\u00ean m\u1ecdi thi\u1ebft b\u1ecb. S\u1eed d\u1ee5ng m\u00e3 ngu\u1ed3n Wordpress c\u00f9ng v\u1edbi Theme Flatsome v\u00e0 UX Builder, kh\u00e1ch h\u00e0ng c\u00f3 th\u1ec3 t\u00f9y bi\u1ebfn trang web theo \u00fd mu\u1ed1n c\u1ee7a m\u00ecnh. V\u1edbi t\u1ed1c \u0111\u1ed9 t\u1ea3i trang nhanh, kh\u00e1ch h\u00e0ng s\u1ebd c\u00f3 tr\u1ea3i nghi\u1ec7m truy c\u1eadp trang web m\u01b0\u1ee3t m\u00e0 v\u00e0 hi\u1ec7u qu\u1ea3.<\/p>\n","protected":false},"featured_media":8443,"comment_status":"open","ping_status":"closed","template":"","meta":[],"product_cat":[16],"product_tag":[],"class_list":{"0":"post-8442","1":"product","2":"type-product","3":"status-publish","4":"has-post-thumbnail","6":"product_cat-tat-ca","8":"first","9":"instock","10":"shipping-taxable","11":"product-type-external"},"_links":{"self":[{"href":"https:\/\/ladigi.vn\/thiet-ke-website\/wp-json\/wp\/v2\/product\/8442","targetHints":{"allow":["GET"]}}],"collection":[{"href":"https:\/\/ladigi.vn\/thiet-ke-website\/wp-json\/wp\/v2\/product"}],"about":[{"href":"https:\/\/ladigi.vn\/thiet-ke-website\/wp-json\/wp\/v2\/types\/product"}],"replies":[{"embeddable":true,"href":"https:\/\/ladigi.vn\/thiet-ke-website\/wp-json\/wp\/v2\/comments?post=8442"}],"wp:featuredmedia":[{"embeddable":true,"href":"https:\/\/ladigi.vn\/thiet-ke-website\/wp-json\/wp\/v2\/media\/8443"}],"wp:attachment":[{"href":"https:\/\/ladigi.vn\/thiet-ke-website\/wp-json\/wp\/v2\/media?parent=8442"}],"wp:term":[{"taxonomy":"product_cat","embeddable":true,"href":"https:\/\/ladigi.vn\/thiet-ke-website\/wp-json\/wp\/v2\/product_cat?post=8442"},{"taxonomy":"product_tag","embeddable":true,"href":"https:\/\/ladigi.vn\/thiet-ke-website\/wp-json\/wp\/v2\/product_tag?post=8442"}],"curies":[{"name":"wp","href":"https:\/\/api.w.org\/{rel}","templated":true}]}}