{"id":8446,"date":"2025-01-11T16:03:02","date_gmt":"2025-01-11T09:03:02","guid":{"rendered":"https:\/\/ladigi.vn\/thiet-ke-website\/?post_type=product&#038;p=8446"},"modified":"2025-01-11T16:05:08","modified_gmt":"2025-01-11T09:05:08","slug":"theme-wordpress-dich-vu-nha-thong-minh-smarthome","status":"publish","type":"product","link":"https:\/\/ladigi.vn\/thiet-ke-website\/mau-web\/theme-wordpress-dich-vu-nha-thong-minh-smarthome\/","title":{"rendered":"D\u1ecbch v\u1ee5 nh\u00e0 th\u00f4ng minh (smarthome)"},"content":{"rendered":"<h1>\n D\u1ecbch v\u1ee5 Thi\u1ebft k\u1ebf website Theme WordPress cho d\u1ecbch v\u1ee5 nh\u00e0 th\u00f4ng minh Smarthome<br \/>\n<\/h1>\n<p>\n B\u1ea1n \u0111ang t\u00ecm ki\u1ebfm m\u1ed9t gi\u1ea3i ph\u00e1p thi\u1ebft k\u1ebf website chuy\u00ean nghi\u1ec7p \u0111\u1ec3 qu\u1ea3ng b\u00e1 d\u1ecbch v\u1ee5 nh\u00e0 th\u00f4ng minh (smarthome) c\u1ee7a m\u00ecnh? Ch\u00fang t\u00f4i t\u1ef1 h\u00e0o gi\u1edbi thi\u1ec7u d\u1ecbch v\u1ee5 thi\u1ebft k\u1ebf website s\u1eed d\u1ee5ng Theme WordPress v\u1edbi nh\u1eefng \u01b0u \u0111i\u1ec3m n\u1ed5i b\u1eadt d\u01b0\u1edbi \u0111\u00e2y:\n<\/p>\n<h2>\n Giao di\u1ec7n web \u0111\u1eb9p, chuy\u00ean nghi\u1ec7p v\u00e0 d\u1ec5 s\u1eed d\u1ee5ng<br \/>\n<\/h2>\n<p>\n Ch\u00fang t\u00f4i thi\u1ebft k\u1ebf giao di\u1ec7n web h\u1ea5p d\u1eabn, mang t\u00ednh chuy\u00ean nghi\u1ec7p, gi\u00fap thu h\u00fat kh\u00e1ch h\u00e0ng ngay t\u1eeb c\u00e1i nh\u00ecn \u0111\u1ea7u ti\u00ean. Giao di\u1ec7n \u0111\u01b0\u1ee3c t\u1ed1i \u01b0u h\u00f3a cho ng\u01b0\u1eddi d\u00f9ng, \u0111\u1ea3m b\u1ea3o d\u1ec5 s\u1eed d\u1ee5ng v\u00e0 d\u1ec5 d\u00e0ng \u0111i\u1ec1u h\u01b0\u1edbng, t\u1eeb \u0111\u00f3 t\u0103ng c\u01b0\u1eddng tr\u1ea3i nghi\u1ec7m kh\u00e1ch h\u00e0ng tr\u00ean trang web c\u1ee7a b\u1ea1n.\n<\/p>\n<h2>\n T\u01b0\u01a1ng th\u00edch tr\u00ean m\u1ecdi thi\u1ebft b\u1ecb<br \/>\n<\/h2>\n<p>\n Website c\u1ee7a b\u1ea1n s\u1ebd \u0111\u01b0\u1ee3c t\u1ed1i \u01b0u h\u00f3a cho m\u1ecdi thi\u1ebft b\u1ecb, t\u1eeb m\u00e1y t\u00ednh \u0111\u1ec3 b\u00e0n, laptop cho \u0111\u1ebfn \u0111i\u1ec7n tho\u1ea1i di \u0111\u1ed9ng v\u00e0 m\u00e1y t\u00ednh b\u1ea3ng. Ch\u00fang t\u00f4i cam k\u1ebft r\u1eb1ng ng\u01b0\u1eddi d\u00f9ng s\u1ebd c\u00f3 tr\u1ea3i nghi\u1ec7m t\u1ed1t nh\u1ea5t, b\u1ea5t k\u1ec3 h\u1ecd s\u1eed d\u1ee5ng thi\u1ebft b\u1ecb n\u00e0o \u0111\u1ec3 truy c\u1eadp v\u00e0o trang web c\u1ee7a b\u1ea1n.\n<\/p>\n<h2>\n M\u00e3 ngu\u1ed3n WordPress v\u1edbi Theme Flatsome v\u00e0 UX Builder d\u1ec5 t\u00f9y bi\u1ebfn<br \/>\n<\/h2>\n<p>\n Ch\u00fang t\u00f4i s\u1eed d\u1ee5ng m\u00e3 ngu\u1ed3n WordPress v\u1edbi Theme Flatsome k\u1ebft h\u1ee3p c\u00f9ng UX Builder, cho ph\u00e9p b\u1ea1n d\u1ec5 d\u00e0ng t\u00f9y ch\u1ec9nh giao di\u1ec7n v\u00e0 ch\u1ee9c n\u0103ng c\u1ee7a website m\u00e0 kh\u00f4ng c\u1ea7n c\u00f3 ki\u1ebfn th\u1ee9c l\u1eadp tr\u00ecnh s\u00e2u. \u0110i\u1ec1u n\u00e0y gi\u00fap b\u1ea1n linh ho\u1ea1t h\u01a1n trong vi\u1ec7c qu\u1ea3n l\u00fd v\u00e0 c\u1eadp nh\u1eadt n\u1ed9i dung trang web.\n<\/p>\n<h2>\n T\u1ed1c \u0111\u1ed9 t\u1ea3i trang nhanh<br \/>\n<\/h2>\n<p>\n Ch\u00fang t\u00f4i hi\u1ec3u r\u1eb1ng t\u1ed1c \u0111\u1ed9 t\u1ea3i trang l\u00e0 y\u1ebfu t\u1ed1 quy\u1ebft \u0111\u1ecbnh trong vi\u1ec7c gi\u1eef ch\u00e2n kh\u00e1ch h\u00e0ng. V\u1edbi c\u00e1c k\u1ef9 thu\u1eadt t\u1ed1i \u01b0u h\u00f3a hi\u1ec7n \u0111\u1ea1i, website c\u1ee7a b\u1ea1n s\u1ebd t\u1ea3i nhanh ch\u00f3ng, c\u1ea3i thi\u1ec7n tr\u1ea3i nghi\u1ec7m ng\u01b0\u1eddi d\u00f9ng v\u00e0 t\u0103ng c\u01b0\u1eddng kh\u1ea3 n\u0103ng SEO.\n<\/p>\n<hr\/>\n<p>\n N\u1ebfu b\u1ea1n \u0111ang t\u00ecm ki\u1ebfm m\u1ed9t \u0111\u1ed1i t\u00e1c uy t\u00edn trong vi\u1ec7c thi\u1ebft k\u1ebf website, h\u00e3y li\u00ean h\u1ec7 v\u1edbi ch\u00fang t\u00f4i t\u1ea1i<br \/>\n <a href=\"https:\/\/ladigi.vn\/thiet-ke-website\/\"><br \/>\n  \u0110\u01a1n v\u1ecb thi\u1ebft k\u1ebf website uy t\u00edn<br \/>\n <\/a><br \/>\n . Ch\u00fang t\u00f4i &#8211; LADIGI Agency, lu\u00f4n s\u1eb5n s\u00e0ng \u0111\u1ed3ng h\u00e0nh v\u00e0 mang \u0111\u1ebfn nh\u1eefng gi\u1ea3i ph\u00e1p t\u1ed1t nh\u1ea5t cho d\u1ecbch v\u1ee5 smarthome c\u1ee7a b\u1ea1n!<\/p>\n","protected":false},"excerpt":{"rendered":"<p>Ch\u00fang t\u00f4i cung c\u1ea5p d\u1ecbch v\u1ee5 thi\u1ebft k\u1ebf website WordPress chuy\u00ean nghi\u1ec7p, v\u1edbi giao di\u1ec7n \u0111\u1eb9p m\u1eaft v\u00e0 d\u1ec5 s\u1eed d\u1ee5ng. Website ho\u00e0n to\u00e0n t\u01b0\u01a1ng th\u00edch tr\u00ean m\u1ecdi thi\u1ebft b\u1ecb, s\u1eed d\u1ee5ng m\u00e3 ngu\u1ed3n WordPress v\u1edbi Theme Flatsome v\u00e0 UX Builder d\u1ec5 t\u00f9y bi\u1ebfn, c\u00f9ng t\u1ed1c \u0111\u1ed9 t\u1ea3i trang nhanh ch\u00f3ng, mang \u0111\u1ebfn tr\u1ea3i nghi\u1ec7m tuy\u1ec7t v\u1eddi cho ng\u01b0\u1eddi d\u00f9ng.<\/p>\n","protected":false},"featured_media":8447,"comment_status":"open","ping_status":"closed","template":"","meta":[],"product_cat":[16],"product_tag":[],"class_list":{"0":"post-8446","1":"product","2":"type-product","3":"status-publish","4":"has-post-thumbnail","6":"product_cat-tat-ca","8":"first","9":"instock","10":"shipping-taxable","11":"product-type-external"},"_links":{"self":[{"href":"https:\/\/ladigi.vn\/thiet-ke-website\/wp-json\/wp\/v2\/product\/8446","targetHints":{"allow":["GET"]}}],"collection":[{"href":"https:\/\/ladigi.vn\/thiet-ke-website\/wp-json\/wp\/v2\/product"}],"about":[{"href":"https:\/\/ladigi.vn\/thiet-ke-website\/wp-json\/wp\/v2\/types\/product"}],"replies":[{"embeddable":true,"href":"https:\/\/ladigi.vn\/thiet-ke-website\/wp-json\/wp\/v2\/comments?post=8446"}],"wp:featuredmedia":[{"embeddable":true,"href":"https:\/\/ladigi.vn\/thiet-ke-website\/wp-json\/wp\/v2\/media\/8447"}],"wp:attachment":[{"href":"https:\/\/ladigi.vn\/thiet-ke-website\/wp-json\/wp\/v2\/media?parent=8446"}],"wp:term":[{"taxonomy":"product_cat","embeddable":true,"href":"https:\/\/ladigi.vn\/thiet-ke-website\/wp-json\/wp\/v2\/product_cat?post=8446"},{"taxonomy":"product_tag","embeddable":true,"href":"https:\/\/ladigi.vn\/thiet-ke-website\/wp-json\/wp\/v2\/product_tag?post=8446"}],"curies":[{"name":"wp","href":"https:\/\/api.w.org\/{rel}","templated":true}]}}