{"id":8454,"date":"2025-01-12T17:42:35","date_gmt":"2025-01-12T10:42:35","guid":{"rendered":"https:\/\/ladigi.vn\/thiet-ke-website\/?post_type=product&#038;p=8454"},"modified":"2025-01-12T17:44:19","modified_gmt":"2025-01-12T10:44:19","slug":"theme-wordpress-thue-xe-04","status":"publish","type":"product","link":"https:\/\/ladigi.vn\/thiet-ke-website\/mau-web\/theme-wordpress-thue-xe-04\/","title":{"rendered":"Thu\u00ea xe"},"content":{"rendered":"<p>\n Ch\u00e0o m\u1eebng qu\u00fd kh\u00e1ch \u0111\u1ebfn v\u1edbi LADIGI Agency &#8211; \u0111\u01a1n v\u1ecb thi\u1ebft k\u1ebf website chuy\u00ean nghi\u1ec7p v\u1edbi nhi\u1ec1u n\u0103m kinh nghi\u1ec7m trong l\u0129nh v\u1ef1c n\u00e0y. Ch\u00fang t\u00f4i t\u1ef1 h\u00e0o l\u00e0 \u0111\u01a1n v\u1ecb cung c\u1ea5p d\u1ecbch v\u1ee5 thi\u1ebft k\u1ebf website Theme wordpress thu\u00ea xe 04 \u0111\u1eb9p, chuy\u00ean nghi\u1ec7p v\u00e0 hi\u1ec7u qu\u1ea3 nh\u1ea5t.\n<\/p>\n<p>\n V\u1edbi s\u1ef1 ph\u00e1t tri\u1ec3n kh\u00f4ng ng\u1eebng c\u1ee7a c\u00f4ng ngh\u1ec7, vi\u1ec7c s\u1edf h\u1eefu m\u1ed9t website \u0111\u1eb9p v\u00e0 chuy\u00ean nghi\u1ec7p l\u00e0 \u0111i\u1ec1u v\u00f4 c\u00f9ng quan tr\u1ecdng \u0111\u1ed1i v\u1edbi b\u1ea5t k\u1ef3 doanh nghi\u1ec7p n\u00e0o. \u0110\u1eb7c bi\u1ec7t, trong l\u0129nh v\u1ef1c kinh doanh thu\u00ea xe 04, vi\u1ec7c c\u00f3 m\u1ed9t website \u0111\u1ec3 gi\u1edbi thi\u1ec7u s\u1ea3n ph\u1ea9m v\u00e0 d\u1ecbch v\u1ee5 c\u1ee7a m\u00ecnh l\u00e0 \u0111i\u1ec1u kh\u00f4ng th\u1ec3 thi\u1ebfu. V\u00ec v\u1eady, ch\u00fang t\u00f4i \u0111\u00e3 cho ra \u0111\u1eddi d\u1ecbch v\u1ee5 thi\u1ebft k\u1ebf website Theme wordpress thu\u00ea xe 04, gi\u00fap qu\u00fd kh\u00e1ch h\u00e0ng nhanh ch\u00f3ng s\u1edf h\u1eefu m\u1ed9t website chuy\u00ean nghi\u1ec7p v\u00e0 \u0111\u1eb9p m\u1eaft.\n<\/p>\n<p>\n M\u1ed9t trong nh\u1eefng \u01b0u \u0111i\u1ec3m n\u1ed5i b\u1eadt c\u1ee7a d\u1ecbch v\u1ee5 c\u1ee7a ch\u00fang t\u00f4i l\u00e0 giao di\u1ec7n web \u0111\u01b0\u1ee3c thi\u1ebft k\u1ebf \u0111\u1eb9p, chuy\u00ean nghi\u1ec7p v\u00e0 d\u1ec5 s\u1eed d\u1ee5ng. Ch\u00fang t\u00f4i lu\u00f4n \u0111\u1ea3m b\u1ea3o r\u1eb1ng m\u1ed7i website \u0111\u01b0\u1ee3c thi\u1ebft k\u1ebf \u0111\u1ec1u ph\u00f9 h\u1ee3p v\u1edbi nhu c\u1ea7u v\u00e0 \u0111\u1eb7c th\u00f9 c\u1ee7a t\u1eebng doanh nghi\u1ec7p, \u0111\u1ed3ng th\u1eddi t\u1ea1o \u0111\u01b0\u1ee3c \u1ea5n t\u01b0\u1ee3ng t\u1ed1t \u0111\u1ed1i v\u1edbi kh\u00e1ch h\u00e0ng.\n<\/p>\n<p>\n Ngo\u00e0i ra, website c\u1ee7a ch\u00fang t\u00f4i c\u0169ng \u0111\u01b0\u1ee3c t\u1ed1i \u01b0u h\u00f3a \u0111\u1ec3 t\u01b0\u01a1ng th\u00edch tr\u00ean m\u1ecdi thi\u1ebft b\u1ecb, t\u1eeb m\u00e1y t\u00ednh \u0111\u1ec3 b\u00e0n cho \u0111\u1ebfn \u0111i\u1ec7n tho\u1ea1i di \u0111\u1ed9ng. \u0110i\u1ec1u n\u00e0y gi\u00fap kh\u00e1ch h\u00e0ng c\u00f3 th\u1ec3 truy c\u1eadp v\u00e0 tr\u1ea3i nghi\u1ec7m website m\u1ed9t c\u00e1ch thu\u1eadn ti\u1ec7n v\u00e0 d\u1ec5 d\u00e0ng h\u01a1n.\n<\/p>\n<p>\n \u0110\u1ec3 \u0111\u1ea3m b\u1ea3o t\u00ednh linh ho\u1ea1t v\u00e0 t\u00f9y bi\u1ebfn cao cho website, ch\u00fang t\u00f4i s\u1eed d\u1ee5ng m\u00e3 ngu\u1ed3n WordPress v\u1edbi Theme Flatsome v\u00e0 UX Builder. \u0110i\u1ec1u n\u00e0y gi\u00fap cho vi\u1ec7c t\u00f9y bi\u1ebfn giao di\u1ec7n v\u00e0 n\u1ed9i dung tr\u1edf n\u00ean d\u1ec5 d\u00e0ng v\u00e0 nhanh ch\u00f3ng h\u01a1n bao gi\u1edd h\u1ebft.\n<\/p>\n<p>\n Kh\u00f4ng ch\u1ec9 \u0111\u1eb9p v\u00e0 chuy\u00ean nghi\u1ec7p, website c\u1ee7a ch\u00fang t\u00f4i c\u00f2n \u0111\u01b0\u1ee3c \u0111\u1ea3m b\u1ea3o t\u1ed1c \u0111\u1ed9 t\u1ea3i trang nhanh. Ch\u00fang t\u00f4i lu\u00f4n \u0111\u1eb7t ch\u1ea5t l\u01b0\u1ee3ng v\u00e0 tr\u1ea3i nghi\u1ec7m c\u1ee7a kh\u00e1ch h\u00e0ng l\u00ean h\u00e0ng \u0111\u1ea7u, v\u00ec v\u1eady t\u1ed1c \u0111\u1ed9 t\u1ea3i trang ch\u1eadm s\u1ebd kh\u00f4ng l\u00e0m m\u1ea5t \u0111i\u1ec3m c\u1ee7a website c\u1ee7a qu\u00fd kh\u00e1ch.\n<\/p>\n<p>\n \u0110\u1ebfn v\u1edbi LADIGI Agency, qu\u00fd kh\u00e1ch h\u00e0ng s\u1ebd \u0111\u01b0\u1ee3c t\u1eadn h\u01b0\u1edfng nh\u1eefng d\u1ecbch v\u1ee5 thi\u1ebft k\u1ebf website chuy\u00ean nghi\u1ec7p v\u00e0 ch\u1ea5t l\u01b0\u1ee3ng nh\u1ea5t. Ch\u00fang t\u00f4i cam k\u1ebft s\u1ebd mang \u0111\u1ebfn cho qu\u00fd kh\u00e1ch s\u1ef1 h\u00e0i l\u00f2ng v\u00e0 th\u00e0nh c\u00f4ng trong vi\u1ec7c x\u00e2y d\u1ef1ng th\u01b0\u01a1ng hi\u1ec7u tr\u1ef1c tuy\u1ebfn.\n<\/p>\n<p>\n \u0110\u1eebng ch\u1ea7n ch\u1eeb n\u1eefa, h\u00e3y li\u00ean h\u1ec7 v\u1edbi ch\u00fang t\u00f4i ngay h\u00f4m nay \u0111\u1ec3 \u0111\u01b0\u1ee3c t\u01b0 v\u1ea5n v\u00e0 h\u1ed7 tr\u1ee3 t\u1ed1t nh\u1ea5t v\u1ec1 d\u1ecbch v\u1ee5 thi\u1ebft k\u1ebf website Theme wordpress thu\u00ea xe 04. Qu\u00fd kh\u00e1ch c\u0169ng c\u00f3 th\u1ec3 t\u00ecm hi\u1ec3u th\u00eam th\u00f4ng tin v\u1ec1 d\u1ecbch v\u1ee5 c\u1ee7a ch\u00fang t\u00f4i t\u1ea1i \u0111\u01b0\u1eddng link sau:<br \/>\n <a href=\"https:\/\/ladigi.vn\/thiet-ke-website\/\"><br \/>\n  D\u1ecbch v\u1ee5 thi\u1ebft k\u1ebf website chuy\u00ean nghi\u1ec7p<br \/>\n <\/a><br \/>\n .\n<\/p>\n<p>\n C\u1ea3m \u01a1n qu\u00fd kh\u00e1ch \u0111\u00e3 tin t\u01b0\u1edfng v\u00e0 l\u1ef1a ch\u1ecdn LADIGI Agency. Ch\u00fang t\u00f4i mong mu\u1ed1n \u0111\u01b0\u1ee3c h\u1ee3p t\u00e1c v\u00e0 mang \u0111\u1ebfn cho qu\u00fd kh\u00e1ch nh\u1eefng gi\u1ea3i ph\u00e1p t\u1ed1t nh\u1ea5t cho s\u1ef1 ph\u00e1t tri\u1ec3n kinh doanh c\u1ee7a qu\u00fd v\u1ecb. H\u00e3y \u0111\u1ec3 ch\u00fang t\u00f4i c\u00f9ng \u0111\u1ed3ng h\u00e0nh c\u00f9ng qu\u00fd kh\u00e1ch tr\u00ean con \u0111\u01b0\u1eddng th\u00e0nh c\u00f4ng!<\/p>\n","protected":false},"excerpt":{"rendered":"<p>D\u1ecbch v\u1ee5 Thi\u1ebft k\u1ebf website Theme wordpress thu\u00ea xe 04 mang \u0111\u1ebfn cho kh\u00e1ch h\u00e0ng m\u1ed9t giao di\u1ec7n web \u0111\u1eb9p, chuy\u00ean nghi\u1ec7p v\u00e0 d\u1ec5 s\u1eed d\u1ee5ng. V\u1edbi t\u00ednh n\u0103ng t\u01b0\u01a1ng th\u00edch tr\u00ean m\u1ecdi thi\u1ebft b\u1ecb, kh\u00e1ch h\u00e0ng c\u00f3 th\u1ec3 truy c\u1eadp v\u00e0 s\u1eed d\u1ee5ng trang web m\u1ed9t c\u00e1ch thu\u1eadn ti\u1ec7n v\u00e0 linh ho\u1ea1t. S\u1eed d\u1ee5ng m\u00e3 ngu\u1ed3n Wordpress v\u1edbi Theme Flatsome v\u00e0 UX Builder, kh\u00e1ch h\u00e0ng c\u00f3 th\u1ec3 d\u1ec5 d\u00e0ng t\u00f9y bi\u1ebfn trang web theo \u00fd mu\u1ed1n. \u0110\u1eb7c bi\u1ec7t, t\u1ed1c \u0111\u1ed9 t\u1ea3i trang nhanh s\u1ebd gi\u00fap trang web c\u1ee7a b\u1ea1n ho\u1ea1t \u0111\u1ed9ng m\u01b0\u1ee3t m\u00e0 v\u00e0 thu h\u00fat \u0111\u01b0\u1ee3c nhi\u1ec1u kh\u00e1ch h\u00e0ng h\u01a1n.<\/p>\n","protected":false},"featured_media":8455,"comment_status":"open","ping_status":"closed","template":"","meta":[],"product_cat":[16],"product_tag":[],"class_list":{"0":"post-8454","1":"product","2":"type-product","3":"status-publish","4":"has-post-thumbnail","6":"product_cat-tat-ca","8":"first","9":"instock","10":"shipping-taxable","11":"product-type-external"},"_links":{"self":[{"href":"https:\/\/ladigi.vn\/thiet-ke-website\/wp-json\/wp\/v2\/product\/8454","targetHints":{"allow":["GET"]}}],"collection":[{"href":"https:\/\/ladigi.vn\/thiet-ke-website\/wp-json\/wp\/v2\/product"}],"about":[{"href":"https:\/\/ladigi.vn\/thiet-ke-website\/wp-json\/wp\/v2\/types\/product"}],"replies":[{"embeddable":true,"href":"https:\/\/ladigi.vn\/thiet-ke-website\/wp-json\/wp\/v2\/comments?post=8454"}],"wp:featuredmedia":[{"embeddable":true,"href":"https:\/\/ladigi.vn\/thiet-ke-website\/wp-json\/wp\/v2\/media\/8455"}],"wp:attachment":[{"href":"https:\/\/ladigi.vn\/thiet-ke-website\/wp-json\/wp\/v2\/media?parent=8454"}],"wp:term":[{"taxonomy":"product_cat","embeddable":true,"href":"https:\/\/ladigi.vn\/thiet-ke-website\/wp-json\/wp\/v2\/product_cat?post=8454"},{"taxonomy":"product_tag","embeddable":true,"href":"https:\/\/ladigi.vn\/thiet-ke-website\/wp-json\/wp\/v2\/product_tag?post=8454"}],"curies":[{"name":"wp","href":"https:\/\/api.w.org\/{rel}","templated":true}]}}