{"id":8482,"date":"2025-01-12T13:10:52","date_gmt":"2025-01-12T06:10:52","guid":{"rendered":"https:\/\/ladigi.vn\/thiet-ke-website\/?post_type=product&#038;p=8482"},"modified":"2025-01-12T13:12:33","modified_gmt":"2025-01-12T06:12:33","slug":"theme-wordpress-my-pham-25","status":"publish","type":"product","link":"https:\/\/ladigi.vn\/thiet-ke-website\/mau-web\/theme-wordpress-my-pham-25\/","title":{"rendered":"M\u1ef9 ph\u1ea9m"},"content":{"rendered":"<p>\n Ch\u00e0o c\u00e1c b\u1ea1n y\u00eau th\u00edch l\u00e0m \u0111\u1eb9p v\u00e0 kinh doanh m\u1ef9 ph\u1ea9m!\n<\/p>\n<p>\n B\u1ea1n \u0111ang mu\u1ed1n kinh doanh m\u1ef9 ph\u1ea9m nh\u01b0ng ch\u01b0a bi\u1ebft b\u1eaft \u0111\u1ea7u t\u1eeb \u0111\u00e2u? \u0110\u1eebng lo, v\u1edbi d\u1ecbch v\u1ee5 Thi\u1ebft k\u1ebf website Theme wordpress m\u1ef9 ph\u1ea9m 25 c\u1ee7a LADIGI Agency, b\u1ea1n s\u1ebd c\u00f3 m\u1ed9t giao di\u1ec7n web \u0111\u1eb9p, chuy\u00ean nghi\u1ec7p v\u00e0 d\u1ec5 s\u1eed d\u1ee5ng \u0111\u1ec3 gi\u1edbi thi\u1ec7u s\u1ea3n ph\u1ea9m c\u1ee7a m\u00ecnh \u0111\u1ebfn kh\u00e1ch h\u00e0ng.\n<\/p>\n<p>\n V\u1edbi giao di\u1ec7n \u0111\u01b0\u1ee3c thi\u1ebft k\u1ebf \u0111\u1eb9p m\u1eaft, tinh t\u1ebf v\u00e0 hi\u1ec7n \u0111\u1ea1i, website c\u1ee7a b\u1ea1n s\u1ebd thu h\u00fat ng\u01b0\u1eddi d\u00f9ng ngay t\u1eeb c\u00e1i nh\u00ecn \u0111\u1ea7u ti\u00ean. \u0110\u1eb7c bi\u1ec7t, giao di\u1ec7n s\u1ebd t\u01b0\u01a1ng th\u00edch tr\u00ean m\u1ecdi thi\u1ebft b\u1ecb, t\u1eeb m\u00e1y t\u00ednh \u0111\u1ec3 b\u00e0n \u0111\u1ebfn \u0111i\u1ec7n tho\u1ea1i di \u0111\u1ed9ng, gi\u00fap kh\u00e1ch h\u00e0ng d\u1ec5 d\u00e0ng truy c\u1eadp v\u00e0 tr\u1ea3i nghi\u1ec7m s\u1ea3n ph\u1ea9m c\u1ee7a b\u1ea1n.\n<\/p>\n<p>\n M\u00e3 ngu\u1ed3n WordPress v\u1edbi Theme Flatsome v\u00e0 UX Builder \u0111\u01b0\u1ee3c s\u1eed d\u1ee5ng trong qu\u00e1 tr\u00ecnh thi\u1ebft k\u1ebf, gi\u00fap cho vi\u1ec7c t\u00f9y bi\u1ebfn giao di\u1ec7n tr\u1edf n\u00ean d\u1ec5 d\u00e0ng v\u00e0 linh ho\u1ea1t. B\u1ea1n c\u00f3 th\u1ec3 t\u00f9y ch\u1ec9nh c\u00e1c ph\u1ea7n t\u1eed tr\u00ean website m\u1ed9t c\u00e1ch nhanh ch\u00f3ng v\u00e0 thu\u1eadn ti\u1ec7n, \u0111\u1ea3m b\u1ea3o giao di\u1ec7n web lu\u00f4n \u0111\u1eb9p v\u00e0 h\u1ea5p d\u1eabn.\n<\/p>\n<p>\n Kh\u00f4ng ch\u1ec9 \u0111\u1eb9p m\u1eaft, giao di\u1ec7n web c\u00f2n \u0111\u01b0\u1ee3c t\u1ed1i \u01b0u h\u00f3a \u0111\u1ec3 t\u0103ng t\u1ed1c \u0111\u1ed9 t\u1ea3i trang nhanh ch\u00f3ng. \u0110i\u1ec1u n\u00e0y s\u1ebd gi\u00fap cho kh\u00e1ch h\u00e0ng c\u00f3 tr\u1ea3i nghi\u1ec7m t\u1ed1t h\u01a1n khi truy c\u1eadp v\u00e0o website c\u1ee7a b\u1ea1n, \u0111\u1ed3ng th\u1eddi c\u0169ng gi\u00fap website c\u1ee7a b\u1ea1n \u0111\u1ea1t \u0111\u01b0\u1ee3c th\u1ee9 h\u1ea1ng cao tr\u00ean c\u00e1c c\u00f4ng c\u1ee5 t\u00ecm ki\u1ebfm.\n<\/p>\n<p>\n LADIGI Agency l\u00e0 \u0111\u01a1n v\u1ecb chuy\u00ean cung c\u1ea5p d\u1ecbch v\u1ee5 thi\u1ebft k\u1ebf website chuy\u00ean nghi\u1ec7p v\u00e0 uy t\u00edn. V\u1edbi \u0111\u1ed9i ng\u0169 nh\u00e2n vi\u00ean gi\u00e0u kinh nghi\u1ec7m v\u00e0 s\u00e1ng t\u1ea1o, ch\u00fang t\u00f4i cam k\u1ebft s\u1ebd mang \u0111\u1ebfn cho b\u1ea1n m\u1ed9t website \u0111\u1eb9p v\u00e0 chuy\u00ean nghi\u1ec7p, gi\u00fap b\u1ea1n t\u0103ng doanh s\u1ed1 b\u00e1n h\u00e0ng v\u00e0 ph\u00e1t tri\u1ec3n th\u01b0\u01a1ng hi\u1ec7u m\u1ed9t c\u00e1ch hi\u1ec7u qu\u1ea3.\n<\/p>\n<p>\n V\u00ec v\u1eady, n\u1ebfu b\u1ea1n \u0111ang c\u00f3 nhu c\u1ea7u thi\u1ebft k\u1ebf website cho m\u1ef9 ph\u1ea9m c\u1ee7a m\u00ecnh, h\u00e3y \u0111\u1ebfn v\u1edbi LADIGI Agency v\u00e0 tr\u1ea3i nghi\u1ec7m d\u1ecbch v\u1ee5 Thi\u1ebft k\u1ebf website Theme wordpress m\u1ef9 ph\u1ea9m 25 c\u1ee7a ch\u00fang t\u00f4i. Ch\u00fang t\u00f4i cam k\u1ebft s\u1ebd kh\u00f4ng l\u00e0m b\u1ea1n th\u1ea5t v\u1ecdng.\n<\/p>\n<p>\n \u0110\u1ec3 bi\u1ebft th\u00eam th\u00f4ng tin chi ti\u1ebft v\u1ec1 d\u1ecbch v\u1ee5 thi\u1ebft k\u1ebf website gi\u00e1 r\u1ebb c\u1ee7a LADIGI Agency, h\u00e3y truy c\u1eadp v\u00e0o link sau:<br \/>\n <a href=\"https:\/\/ladigi.vn\/thiet-ke-website\/\"><br \/>\n  D\u1ecbch v\u1ee5 thi\u1ebft k\u1ebf website gi\u00e1 r\u1ebb c\u1ee7a LADIGI Agency<br \/>\n <\/a>\n<\/p>\n<p>\n H\u00e3y \u0111\u1ec3 LADIGI Agency gi\u00fap b\u1ea1n th\u00e0nh c\u00f4ng trong vi\u1ec7c kinh doanh m\u1ef9 ph\u1ea9m tr\u1ef1c tuy\u1ebfn!<\/p>\n","protected":false},"excerpt":{"rendered":"<p>D\u1ecbch v\u1ee5 Thi\u1ebft k\u1ebf website Theme wordpress m\u1ef9 ph\u1ea9m 25 l\u00e0 s\u1ef1 l\u1ef1a ch\u1ecdn ho\u00e0n h\u1ea3o cho c\u00e1c doanh nghi\u1ec7p trong l\u0129nh v\u1ef1c m\u1ef9 ph\u1ea9m. V\u1edbi giao di\u1ec7n \u0111\u1eb9p, chuy\u00ean nghi\u1ec7p v\u00e0 d\u1ec5 s\u1eed d\u1ee5ng, website s\u1ebd thu h\u00fat ng\u01b0\u1eddi d\u00f9ng v\u00e0 t\u0103ng c\u01b0\u1eddng kh\u1ea3 n\u0103ng ti\u1ebfp c\u1eadn kh\u00e1ch h\u00e0ng. \u0110\u1eb7c bi\u1ec7t, giao di\u1ec7n \u0111\u01b0\u1ee3c t\u1ed1i \u01b0u h\u00f3a \u0111\u1ec3 t\u01b0\u01a1ng th\u00edch tr\u00ean m\u1ecdi thi\u1ebft b\u1ecb, gi\u00fap kh\u00e1ch h\u00e0ng d\u1ec5 d\u00e0ng truy c\u1eadp t\u1eeb b\u1ea5t k\u1ef3 n\u01a1i \u0111\u00e2u. S\u1eed d\u1ee5ng m\u00e3 ngu\u1ed3n Wordpress v\u1edbi Theme Flatsome v\u00e0 UX Builder, kh\u00e1ch h\u00e0ng c\u00f3 th\u1ec3 t\u00f9y bi\u1ebfn website theo \u00fd mu\u1ed1n m\u1ed9t c\u00e1ch d\u1ec5 d\u00e0ng. \u0110i\u1ec1u \u0111\u1eb7c bi\u1ec7t, t\u1ed1c \u0111\u1ed9 t\u1ea3i trang nhanh gi\u00fap c\u1ea3i thi\u1ec7n tr\u1ea3i nghi\u1ec7m ng\u01b0\u1eddi d\u00f9ng v\u00e0 t\u0103ng c\u01b0\u1eddng hi\u1ec7u qu\u1ea3 kinh doanh.<\/p>\n","protected":false},"featured_media":8483,"comment_status":"open","ping_status":"closed","template":"","meta":[],"product_cat":[16],"product_tag":[],"class_list":{"0":"post-8482","1":"product","2":"type-product","3":"status-publish","4":"has-post-thumbnail","6":"product_cat-tat-ca","8":"first","9":"instock","10":"shipping-taxable","11":"product-type-external"},"_links":{"self":[{"href":"https:\/\/ladigi.vn\/thiet-ke-website\/wp-json\/wp\/v2\/product\/8482","targetHints":{"allow":["GET"]}}],"collection":[{"href":"https:\/\/ladigi.vn\/thiet-ke-website\/wp-json\/wp\/v2\/product"}],"about":[{"href":"https:\/\/ladigi.vn\/thiet-ke-website\/wp-json\/wp\/v2\/types\/product"}],"replies":[{"embeddable":true,"href":"https:\/\/ladigi.vn\/thiet-ke-website\/wp-json\/wp\/v2\/comments?post=8482"}],"wp:featuredmedia":[{"embeddable":true,"href":"https:\/\/ladigi.vn\/thiet-ke-website\/wp-json\/wp\/v2\/media\/8483"}],"wp:attachment":[{"href":"https:\/\/ladigi.vn\/thiet-ke-website\/wp-json\/wp\/v2\/media?parent=8482"}],"wp:term":[{"taxonomy":"product_cat","embeddable":true,"href":"https:\/\/ladigi.vn\/thiet-ke-website\/wp-json\/wp\/v2\/product_cat?post=8482"},{"taxonomy":"product_tag","embeddable":true,"href":"https:\/\/ladigi.vn\/thiet-ke-website\/wp-json\/wp\/v2\/product_tag?post=8482"}],"curies":[{"name":"wp","href":"https:\/\/api.w.org\/{rel}","templated":true}]}}