{"id":8513,"date":"2025-01-11T14:31:33","date_gmt":"2025-01-11T07:31:33","guid":{"rendered":"https:\/\/ladigi.vn\/thiet-ke-website\/?post_type=product&#038;p=8513"},"modified":"2025-01-11T14:33:57","modified_gmt":"2025-01-11T07:33:57","slug":"theme-wordpress-cong-ty-thiet-ke-web-07","status":"publish","type":"product","link":"https:\/\/ladigi.vn\/thiet-ke-website\/mau-web\/theme-wordpress-cong-ty-thiet-ke-web-07\/","title":{"rendered":"C\u00f4ng ty thi\u1ebft k\u1ebf web"},"content":{"rendered":"<h1>\n D\u1ecbch v\u1ee5 Thi\u1ebft k\u1ebf website Theme WordPress t\u1ea1i C\u00f4ng ty Thi\u1ebft k\u1ebf web 07<br \/>\n<\/h1>\n<p>\n B\u1ea1n \u0111ang t\u00ecm ki\u1ebfm m\u1ed9t gi\u1ea3i ph\u00e1p thi\u1ebft k\u1ebf website hi\u1ec7u qu\u1ea3 v\u00e0 chuy\u00ean nghi\u1ec7p? H\u00e3y \u0111\u1ebfn v\u1edbi d\u1ecbch v\u1ee5<br \/>\n <strong><br \/>\n  Thi\u1ebft k\u1ebf Website Theme WordPress<br \/>\n <\/strong><br \/>\n c\u1ee7a ch\u00fang t\u00f4i! T\u1ea1i C\u00f4ng ty Thi\u1ebft k\u1ebf web 07, ch\u00fang t\u00f4i cam k\u1ebft mang \u0111\u1ebfn cho b\u1ea1n m\u1ed9t website v\u1edbi nh\u1eefng \u0111\u1eb7c \u0111i\u1ec3m n\u1ed5i b\u1eadt:\n<\/p>\n<h2>\n Giao di\u1ec7n \u0111\u1eb9p v\u00e0 chuy\u00ean nghi\u1ec7p<br \/>\n<\/h2>\n<p>\n Giao di\u1ec7n website s\u1ebd \u0111\u01b0\u1ee3c thi\u1ebft k\u1ebf m\u1ed9t c\u00e1ch tinh t\u1ebf, ph\u00f9 h\u1ee3p v\u1edbi xu h\u01b0\u1edbng m\u1edbi nh\u1ea5t, gi\u00fap doanh nghi\u1ec7p c\u1ee7a b\u1ea1n n\u1ed5i b\u1eadt gi\u1eefa \u0111\u00e1m \u0111\u00f4ng. \u0110\u1ed9i ng\u0169 thi\u1ebft k\u1ebf c\u1ee7a ch\u00fang t\u00f4i s\u1ebd t\u1ea1o ra m\u1ed9t tr\u1ea3i nghi\u1ec7m ng\u01b0\u1eddi d\u00f9ng d\u1ec5 d\u00e0ng v\u00e0 tr\u1ef1c quan, \u0111\u1ea3m b\u1ea3o m\u1ecdi kh\u00e1ch h\u00e0ng \u0111\u1ec1u c\u1ea3m th\u1ea5y tho\u1ea3i m\u00e1i khi truy c\u1eadp.\n<\/p>\n<h2>\n T\u01b0\u01a1ng th\u00edch tr\u00ean m\u1ecdi thi\u1ebft b\u1ecb<br \/>\n<\/h2>\n<p>\n Ch\u00fang t\u00f4i \u0111\u1ea3m b\u1ea3o r\u1eb1ng website c\u1ee7a b\u1ea1n c\u00f3 th\u1ec3 hi\u1ec3n th\u1ecb t\u1ed1t tr\u00ean t\u1ea5t c\u1ea3 c\u00e1c thi\u1ebft b\u1ecb nh\u01b0 m\u00e1y t\u00ednh, m\u00e1y t\u00ednh b\u1ea3ng, v\u00e0 \u0111i\u1ec7n tho\u1ea1i di \u0111\u1ed9ng. V\u1edbi thi\u1ebft k\u1ebf Responsive, kh\u00e1ch h\u00e0ng c\u1ee7a b\u1ea1n s\u1ebd lu\u00f4n nh\u1eadn \u0111\u01b0\u1ee3c nh\u1eefng tr\u1ea3i nghi\u1ec7m t\u1ed1t nh\u1ea5t d\u00f9 h\u1ecd truy c\u1eadp t\u1eeb \u0111\u00e2u.\n<\/p>\n<h2>\n M\u00e3 ngu\u1ed3n WordPress v\u1edbi Theme Flatsome v\u00e0 UX Builder<br \/>\n<\/h2>\n<p>\n Ch\u00fang t\u00f4i s\u1eed d\u1ee5ng m\u00e3 ngu\u1ed3n WordPress k\u1ebft h\u1ee3p v\u1edbi Theme Flatsome v\u00e0 UX Builder, gi\u00fap b\u1ea1n d\u1ec5 d\u00e0ng t\u00f9y bi\u1ebfn giao di\u1ec7n theo nhu c\u1ea7u ri\u00eang. B\u1ea1n c\u00f3 th\u1ec3 thay \u0111\u1ed5i c\u00e1c chi ti\u1ebft nh\u1ecf m\u00e0 kh\u00f4ng c\u1ea7n am hi\u1ec3u qu\u00e1 s\u00e2u v\u1ec1 k\u1ef9 thu\u1eadt, t\u1ea1o ra m\u1ed9t s\u1ea3n ph\u1ea9m th\u1ef1c s\u1ef1 ph\u00f9 h\u1ee3p v\u1edbi th\u01b0\u01a1ng hi\u1ec7u c\u1ee7a b\u1ea1n.\n<\/p>\n<h2>\n T\u1ed1c \u0111\u1ed9 t\u1ea3i trang nhanh<br \/>\n<\/h2>\n<p>\n Th\u1eddi gian t\u1ea3i trang l\u00e0 m\u1ed9t y\u1ebfu t\u1ed1 quan tr\u1ecdng \u1ea3nh h\u01b0\u1edfng \u0111\u1ebfn tr\u1ea3i nghi\u1ec7m ng\u01b0\u1eddi d\u00f9ng c\u0169ng nh\u01b0 th\u1ee9 h\u1ea1ng SEO. Ch\u00fang t\u00f4i t\u1ed1i \u01b0u h\u00f3a t\u1ed1c \u0111\u1ed9 t\u1ea3i trang gi\u00fap website c\u1ee7a b\u1ea1n ho\u1ea1t \u0111\u1ed9ng m\u01b0\u1ee3t m\u00e0 h\u01a1n, gi\u1eef ch\u00e2n kh\u00e1ch h\u00e0ng l\u00e2u h\u01a1n v\u00e0 t\u0103ng c\u01b0\u1eddng kh\u1ea3 n\u0103ng chuy\u1ec3n \u0111\u1ed5i.\n<\/p>\n<hr\/>\n<p>\n N\u1ebfu b\u1ea1n \u0111ang t\u00ecm ki\u1ebfm m\u1ed9t \u0111\u01a1n v\u1ecb thi\u1ebft k\u1ebf website chuy\u00ean nghi\u1ec7p, h\u00e3y \u0111\u1ec3<br \/>\n <strong><br \/>\n  LADIGI Agency<br \/>\n <\/strong><br \/>\n \u0111\u1ed3ng h\u00e0nh c\u00f9ng b\u1ea1n. Ch\u00fang t\u00f4i t\u1ef1 h\u00e0o v\u1ec1 kh\u1ea3 n\u0103ng cung c\u1ea5p c\u00e1c d\u1ecbch v\u1ee5 thi\u1ebft k\u1ebf web ch\u1ea5t l\u01b0\u1ee3ng, t\u1ea1o ra nh\u1eefng s\u1ea3n ph\u1ea9m \u0111\u00e1p \u1ee9ng nhu c\u1ea7u c\u1ee7a kh\u00e1ch h\u00e0ng. \u0110\u1ec3 t\u00ecm hi\u1ec3u th\u00eam v\u1ec1 d\u1ecbch v\u1ee5 c\u1ee7a ch\u00fang t\u00f4i, h\u00e3y tham kh\u1ea3o<br \/>\n <a href=\"https:\/\/ladigi.vn\/thiet-ke-website\/\"><br \/>\n  Thi\u1ebft k\u1ebf website b\u00e1n h\u00e0ng tr\u1ecdn g\u00f3i LADIGI<br \/>\n <\/a><br \/>\n .\n<\/p>\n<p>\n H\u00e3y \u0111\u1ebfn v\u1edbi LADIGI \u0111\u1ec3 bi\u1ebfn \u00fd t\u01b0\u1edfng c\u1ee7a b\u1ea1n th\u00e0nh hi\u1ec7n th\u1ef1c!<\/p>\n","protected":false},"excerpt":{"rendered":"<p>D\u1ecbch v\u1ee5 thi\u1ebft k\u1ebf website c\u1ee7a c\u00f4ng ty thi\u1ebft k\u1ebf web 07 mang \u0111\u1ebfn giao di\u1ec7n \u0111\u1eb9p, chuy\u00ean nghi\u1ec7p v\u00e0 d\u1ec5 s\u1eed d\u1ee5ng. Website t\u01b0\u01a1ng th\u00edch t\u1ed1t tr\u00ean m\u1ecdi thi\u1ebft b\u1ecb, s\u1eed d\u1ee5ng m\u00e3 ngu\u1ed3n Wordpress v\u1edbi Theme Flatsome v\u00e0 UX Builder d\u1ec5 t\u00f9y bi\u1ebfn, \u0111\u1ea3m b\u1ea3o t\u1ed1c \u0111\u1ed9 t\u1ea3i trang nhanh ch\u00f3ng.<\/p>\n","protected":false},"featured_media":8514,"comment_status":"open","ping_status":"closed","template":"","meta":[],"product_cat":[16],"product_tag":[],"class_list":{"0":"post-8513","1":"product","2":"type-product","3":"status-publish","4":"has-post-thumbnail","6":"product_cat-tat-ca","8":"first","9":"instock","10":"shipping-taxable","11":"product-type-external"},"_links":{"self":[{"href":"https:\/\/ladigi.vn\/thiet-ke-website\/wp-json\/wp\/v2\/product\/8513","targetHints":{"allow":["GET"]}}],"collection":[{"href":"https:\/\/ladigi.vn\/thiet-ke-website\/wp-json\/wp\/v2\/product"}],"about":[{"href":"https:\/\/ladigi.vn\/thiet-ke-website\/wp-json\/wp\/v2\/types\/product"}],"replies":[{"embeddable":true,"href":"https:\/\/ladigi.vn\/thiet-ke-website\/wp-json\/wp\/v2\/comments?post=8513"}],"wp:featuredmedia":[{"embeddable":true,"href":"https:\/\/ladigi.vn\/thiet-ke-website\/wp-json\/wp\/v2\/media\/8514"}],"wp:attachment":[{"href":"https:\/\/ladigi.vn\/thiet-ke-website\/wp-json\/wp\/v2\/media?parent=8513"}],"wp:term":[{"taxonomy":"product_cat","embeddable":true,"href":"https:\/\/ladigi.vn\/thiet-ke-website\/wp-json\/wp\/v2\/product_cat?post=8513"},{"taxonomy":"product_tag","embeddable":true,"href":"https:\/\/ladigi.vn\/thiet-ke-website\/wp-json\/wp\/v2\/product_tag?post=8513"}],"curies":[{"name":"wp","href":"https:\/\/api.w.org\/{rel}","templated":true}]}}