{"id":8625,"date":"2025-01-11T15:46:24","date_gmt":"2025-01-11T08:46:24","guid":{"rendered":"https:\/\/ladigi.vn\/thiet-ke-website\/?post_type=product&#038;p=8625"},"modified":"2025-01-11T15:48:24","modified_gmt":"2025-01-11T08:48:24","slug":"theme-wordpress-dich-vu-gia-cong-my-pham","status":"publish","type":"product","link":"https:\/\/ladigi.vn\/thiet-ke-website\/mau-web\/theme-wordpress-dich-vu-gia-cong-my-pham\/","title":{"rendered":"D\u1ecbch v\u1ee5 gia c\u00f4ng m\u1ef9 ph\u1ea9m"},"content":{"rendered":"<p>\n &#8220;`markdown\n<\/p>\n<h1>\n D\u1ecbch v\u1ee5 Thi\u1ebft k\u1ebf website Theme WordPress cho D\u1ecbch v\u1ee5 Gia c\u00f4ng M\u1ef9 ph\u1ea9m<br \/>\n<\/h1>\n<p>\n Ch\u00e0o m\u1eebng b\u1ea1n \u0111\u1ebfn v\u1edbi d\u1ecbch v\u1ee5 thi\u1ebft k\u1ebf website chuy\u00ean nghi\u1ec7p d\u00e0nh cho ng\u00e0nh gia c\u00f4ng m\u1ef9 ph\u1ea9m! Ch\u00fang t\u00f4i hi\u1ec3u r\u1eb1ng m\u1ed9t website \u0111\u1eb9p v\u00e0 d\u1ec5 s\u1eed d\u1ee5ng kh\u00f4ng ch\u1ec9 gi\u00fap b\u1ea1n thu h\u00fat kh\u00e1ch h\u00e0ng m\u00e0 c\u00f2n t\u1ea1o d\u1ef1ng uy t\u00edn cho th\u01b0\u01a1ng hi\u1ec7u c\u1ee7a b\u1ea1n.\n<\/p>\n<h2>\n Giao di\u1ec7n web \u0111\u1eb9p v\u00e0 chuy\u00ean nghi\u1ec7p<br \/>\n<\/h2>\n<p>\n Ch\u00fang t\u00f4i cam k\u1ebft mang \u0111\u1ebfn cho b\u1ea1n m\u1ed9t giao di\u1ec7n website \u0111\u01b0\u1ee3c thi\u1ebft k\u1ebf \u0111\u1eb9p m\u1eaft, chuy\u00ean nghi\u1ec7p v\u00e0 d\u1ec5 s\u1eed d\u1ee5ng. Giao di\u1ec7n th\u00e2n thi\u1ec7n s\u1ebd gi\u00fap kh\u00e1ch h\u00e0ng d\u1ec5 d\u00e0ng ti\u1ebfp c\u1eadn th\u00f4ng tin v\u00e0 s\u1ea3n ph\u1ea9m c\u1ee7a b\u1ea1n, t\u1eeb \u0111\u00f3 t\u0103ng c\u01b0\u1eddng kh\u1ea3 n\u0103ng chuy\u1ec3n \u0111\u1ed5i.\n<\/p>\n<h2>\n T\u01b0\u01a1ng th\u00edch tr\u00ean m\u1ecdi thi\u1ebft b\u1ecb<br \/>\n<\/h2>\n<p>\n Trong th\u1eddi \u0111\u1ea1i c\u00f4ng ngh\u1ec7 s\u1ed1, vi\u1ec7c website t\u01b0\u01a1ng th\u00edch v\u1edbi m\u1ecdi thi\u1ebft b\u1ecb l\u00e0 \u0111i\u1ec1u v\u00f4 c\u00f9ng quan tr\u1ecdng. V\u1edbi d\u1ecbch v\u1ee5 c\u1ee7a ch\u00fang t\u00f4i, trang web s\u1ebd ho\u1ea1t \u0111\u1ed9ng m\u01b0\u1ee3t m\u00e0 tr\u00ean c\u00e1c thi\u1ebft b\u1ecb nh\u01b0 m\u00e1y t\u00ednh, \u0111i\u1ec7n tho\u1ea1i th\u00f4ng minh v\u00e0 m\u00e1y t\u00ednh b\u1ea3ng, \u0111\u1ea3m b\u1ea3o tr\u1ea3i nghi\u1ec7m t\u1ed1t nh\u1ea5t cho ng\u01b0\u1eddi d\u00f9ng.\n<\/p>\n<h2>\n M\u00e3 ngu\u1ed3n WordPress v\u1edbi Theme Flatsome v\u00e0 UX Builder<br \/>\n<\/h2>\n<p>\n Ch\u00fang t\u00f4i s\u1eed d\u1ee5ng m\u00e3 ngu\u1ed3n WordPress n\u1ed5i ti\u1ebfng v\u1edbi kh\u1ea3 n\u0103ng t\u00f9y bi\u1ebfn cao. B\u1eb1ng vi\u1ec7c s\u1eed d\u1ee5ng Theme Flatsome v\u00e0 UX Builder, b\u1ea1n c\u00f3 th\u1ec3 d\u1ec5 d\u00e0ng t\u00f9y ch\u1ec9nh giao di\u1ec7n v\u00e0 c\u00e1c t\u00ednh n\u0103ng c\u1ee7a website theo nhu c\u1ea7u c\u1ee7a m\u00ecnh, m\u00e0 kh\u00f4ng c\u1ea7n c\u00f3 ki\u1ebfn th\u1ee9c l\u1eadp tr\u00ecnh ph\u1ee9c t\u1ea1p.\n<\/p>\n<h2>\n T\u1ed1c \u0111\u1ed9 t\u1ea3i trang nhanh<br \/>\n<\/h2>\n<p>\n M\u1ed9t trong nh\u1eefng y\u1ebfu t\u1ed1 quan tr\u1ecdng \u0111\u1ec3 gi\u1eef ch\u00e2n kh\u00e1ch h\u00e0ng tr\u00ean website c\u1ee7a b\u1ea1n ch\u00ednh l\u00e0 t\u1ed1c \u0111\u1ed9 t\u1ea3i trang. \u0110\u1ed9i ng\u0169 c\u1ee7a ch\u00fang t\u00f4i s\u1ebd t\u1ed1i \u01b0u website \u0111\u1ec3 \u0111\u1ea3m b\u1ea3o t\u1ed1c \u0111\u1ed9 t\u1ea3i nhanh nh\u1ea5t, g\u00f3p ph\u1ea7n c\u1ea3i thi\u1ec7n tr\u1ea3i nghi\u1ec7m ng\u01b0\u1eddi d\u00f9ng v\u00e0 SEO.\n<\/p>\n<h3>\n Gi\u1edbi thi\u1ec7u LADIGI Agency<br \/>\n<\/h3>\n<p>\n Ch\u00fang t\u00f4i, LADIGI Agency, t\u1ef1 h\u00e0o l\u00e0 \u0111\u01a1n v\u1ecb thi\u1ebft k\u1ebf website h\u00e0ng \u0111\u1ea7u v\u1edbi nhi\u1ec1u n\u0103m kinh nghi\u1ec7m trong l\u0129nh v\u1ef1c n\u00e0y. H\u00e3y \u0111\u1ec3 ch\u00fang t\u00f4i gi\u00fap b\u1ea1n hi\u1ec7n th\u1ef1c h\u00f3a \u00fd t\u01b0\u1edfng c\u1ee7a m\u00ecnh v\u00e0 ph\u00e1t tri\u1ec3n th\u01b0\u01a1ng hi\u1ec7u ng\u00e0y c\u00e0ng m\u1ea1nh m\u1ebd.\n<\/p>\n<p>\n \u0110\u1ec3 t\u00ecm hi\u1ec3u th\u00eam v\u1ec1 d\u1ecbch v\u1ee5 thi\u1ebft k\u1ebf website th\u00e2n thi\u1ec7n v\u1edbi di \u0111\u1ed9ng, h\u00e3y truy c\u1eadp:<br \/>\n <a href=\"https:\/\/ladigi.vn\/thiet-ke-website\/\"><br \/>\n  Thi\u1ebft k\u1ebf website th\u00e2n thi\u1ec7n v\u1edbi di \u0111\u1ed9ng LADIGI<br \/>\n <\/a><br \/>\n &#8220;`<\/p>\n","protected":false},"excerpt":{"rendered":"<p>D\u1ecbch v\u1ee5 thi\u1ebft k\u1ebf website chuy\u00ean nghi\u1ec7p cho ng\u00e0nh gia c\u00f4ng m\u1ef9 ph\u1ea9m s\u1eed d\u1ee5ng m\u00e3 ngu\u1ed3n Wordpress v\u1edbi Theme Flatsome v\u00e0 UX Builder, mang l\u1ea1i giao di\u1ec7n \u0111\u1eb9p, d\u1ec5 s\u1eed d\u1ee5ng v\u00e0 t\u01b0\u01a1ng th\u00edch m\u1ecdi thi\u1ebft b\u1ecb. Trang web t\u1ea3i nhanh, gi\u00fap kh\u00e1ch h\u00e0ng d\u1ec5 d\u00e0ng t\u01b0\u01a1ng t\u00e1c v\u00e0 tr\u1ea3i nghi\u1ec7m d\u1ecbch v\u1ee5 t\u1ed1i \u01b0u.<\/p>\n","protected":false},"featured_media":8626,"comment_status":"open","ping_status":"closed","template":"","meta":[],"product_cat":[16],"product_tag":[],"class_list":{"0":"post-8625","1":"product","2":"type-product","3":"status-publish","4":"has-post-thumbnail","6":"product_cat-tat-ca","8":"first","9":"instock","10":"shipping-taxable","11":"product-type-external"},"_links":{"self":[{"href":"https:\/\/ladigi.vn\/thiet-ke-website\/wp-json\/wp\/v2\/product\/8625","targetHints":{"allow":["GET"]}}],"collection":[{"href":"https:\/\/ladigi.vn\/thiet-ke-website\/wp-json\/wp\/v2\/product"}],"about":[{"href":"https:\/\/ladigi.vn\/thiet-ke-website\/wp-json\/wp\/v2\/types\/product"}],"replies":[{"embeddable":true,"href":"https:\/\/ladigi.vn\/thiet-ke-website\/wp-json\/wp\/v2\/comments?post=8625"}],"wp:featuredmedia":[{"embeddable":true,"href":"https:\/\/ladigi.vn\/thiet-ke-website\/wp-json\/wp\/v2\/media\/8626"}],"wp:attachment":[{"href":"https:\/\/ladigi.vn\/thiet-ke-website\/wp-json\/wp\/v2\/media?parent=8625"}],"wp:term":[{"taxonomy":"product_cat","embeddable":true,"href":"https:\/\/ladigi.vn\/thiet-ke-website\/wp-json\/wp\/v2\/product_cat?post=8625"},{"taxonomy":"product_tag","embeddable":true,"href":"https:\/\/ladigi.vn\/thiet-ke-website\/wp-json\/wp\/v2\/product_tag?post=8625"}],"curies":[{"name":"wp","href":"https:\/\/api.w.org\/{rel}","templated":true}]}}