{"id":8633,"date":"2025-01-10T16:58:33","date_gmt":"2025-01-10T09:58:33","guid":{"rendered":"https:\/\/ladigi.vn\/thiet-ke-website\/?post_type=product&#038;p=8633"},"modified":"2025-01-10T17:00:10","modified_gmt":"2025-01-10T10:00:10","slug":"theme-wordpress-ban-dien-may-dien-tu-05","status":"publish","type":"product","link":"https:\/\/ladigi.vn\/thiet-ke-website\/mau-web\/theme-wordpress-ban-dien-may-dien-tu-05\/","title":{"rendered":"C\u1eeda h\u00e0ng \u0111i\u1ec7n m\u00e1y &#8211; \u0111i\u1ec7n t\u1eed"},"content":{"rendered":"<h1>\n D\u1ecbch v\u1ee5 Thi\u1ebft k\u1ebf website Theme WordPress b\u00e1n \u0111i\u1ec7n m\u00e1y \u2013 \u0111i\u1ec7n t\u1eed 05<br \/>\n<\/h1>\n<p>\n Ch\u00e0o m\u1eebng b\u1ea1n \u0111\u1ebfn v\u1edbi d\u1ecbch v\u1ee5 thi\u1ebft k\u1ebf website Theme WordPress chuy\u00ean nghi\u1ec7p d\u00e0nh cho ng\u00e0nh \u0111i\u1ec7n m\u00e1y \u2013 \u0111i\u1ec7n t\u1eed! Ch\u00fang t\u00f4i t\u1ef1 h\u00e0o mang \u0111\u1ebfn cho b\u1ea1n m\u1ed9t gi\u1ea3i ph\u00e1p ho\u00e0n h\u1ea3o \u0111\u1ec3 ph\u00e1t tri\u1ec3n doanh nghi\u1ec7p tr\u1ef1c tuy\u1ebfn c\u1ee7a m\u00ecnh v\u1edbi nh\u1eefng \u01b0u \u0111i\u1ec3m v\u01b0\u1ee3t tr\u1ed9i.\n<\/p>\n<h2>\n Giao di\u1ec7n \u0111\u1eb9p, chuy\u00ean nghi\u1ec7p, d\u1ec5 s\u1eed d\u1ee5ng<br \/>\n<\/h2>\n<p>\n Website \u0111\u01b0\u1ee3c thi\u1ebft k\u1ebf v\u1edbi giao di\u1ec7n \u0111\u1eb9p m\u1eaft v\u00e0 chuy\u00ean nghi\u1ec7p, ph\u00f9 h\u1ee3p v\u1edbi nhu c\u1ea7u c\u1ee7a c\u00e1c c\u1eeda h\u00e0ng \u0111i\u1ec7n m\u00e1y v\u00e0 \u0111i\u1ec7n t\u1eed. V\u1edbi b\u1ed1 c\u1ee5c r\u00f5 r\u00e0ng v\u00e0 th\u00e2n thi\u1ec7n, ng\u01b0\u1eddi d\u00f9ng s\u1ebd d\u1ec5 d\u00e0ng t\u00ecm ki\u1ebfm th\u00f4ng tin v\u00e0 s\u1ea3n ph\u1ea9m m\u00e0 h\u1ecd mong mu\u1ed1n.\n<\/p>\n<h2>\n T\u01b0\u01a1ng th\u00edch tr\u00ean m\u1ecdi thi\u1ebft b\u1ecb<br \/>\n<\/h2>\n<p>\n Ch\u00fang t\u00f4i \u0111\u1ea3m b\u1ea3o r\u1eb1ng website s\u1ebd ho\u1ea1t \u0111\u1ed9ng ho\u00e0n h\u1ea3o tr\u00ean m\u1ecdi thi\u1ebft b\u1ecb, t\u1eeb m\u00e1y t\u00ednh \u0111\u1ec3 b\u00e0n, laptop cho \u0111\u1ebfn c\u00e1c thi\u1ebft b\u1ecb di \u0111\u1ed9ng nh\u01b0 smartphone v\u00e0 tablet. \u0110i\u1ec1u n\u00e0y gi\u00fap ng\u01b0\u1eddi d\u00f9ng c\u00f3 th\u1ec3 truy c\u1eadp v\u00e0 tr\u1ea3i nghi\u1ec7m d\u1ecbch v\u1ee5 m\u1ecdi l\u00fac, m\u1ecdi n\u01a1i.\n<\/p>\n<h2>\n M\u00e3 ngu\u1ed3n WordPress v\u1edbi Theme Flatsome v\u00e0 UX Builder<br \/>\n<\/h2>\n<p>\n Website c\u1ee7a b\u1ea1n s\u1ebd \u0111\u01b0\u1ee3c x\u00e2y d\u1ef1ng tr\u00ean n\u1ec1n t\u1ea3ng m\u00e3 ngu\u1ed3n WordPress v\u1edbi Theme Flatsome c\u00f9ng c\u00f4ng c\u1ee5 UX Builder, gi\u00fap b\u1ea1n d\u1ec5 d\u00e0ng t\u00f9y bi\u1ebfn v\u00e0 qu\u1ea3n l\u00fd n\u1ed9i dung. B\u1ea1n c\u00f3 th\u1ec3 t\u1ef1 do thay \u0111\u1ed5i giao di\u1ec7n, th\u00eam m\u1edbi s\u1ea3n ph\u1ea9m hay ch\u1ec9nh s\u1eeda n\u1ed9i dung m\u00e0 kh\u00f4ng c\u1ea7n ph\u1ea3i c\u00f3 k\u1ef9 n\u0103ng l\u1eadp tr\u00ecnh ph\u1ee9c t\u1ea1p.\n<\/p>\n<h2>\n T\u1ed1c \u0111\u1ed9 t\u1ea3i trang nhanh<br \/>\n<\/h2>\n<p>\n Ch\u00fang t\u00f4i ch\u00fa tr\u1ecdng c\u00f4ng ngh\u1ec7 t\u1ed1i \u01b0u h\u00f3a t\u1ed1c \u0111\u1ed9 t\u1ea3i trang, gi\u00fap website c\u1ee7a b\u1ea1n ho\u1ea1t \u0111\u1ed9ng nhanh ch\u00f3ng v\u00e0 m\u01b0\u1ee3t m\u00e0. \u0110i\u1ec1u n\u00e0y kh\u00f4ng ch\u1ec9 n\u00e2ng cao tr\u1ea3i nghi\u1ec7m ng\u01b0\u1eddi d\u00f9ng m\u00e0 c\u00f2n \u0111\u01b0\u1ee3c Google \u0111\u00e1nh gi\u00e1 cao, t\u1eeb \u0111\u00f3 c\u1ea3i thi\u1ec7n th\u1ee9 h\u1ea1ng t\u00ecm ki\u1ebfm c\u1ee7a b\u1ea1n.\n<\/p>\n<hr\/>\n<p>\n N\u1ebfu b\u1ea1n \u0111ang t\u00ecm ki\u1ebfm m\u1ed9t gi\u1ea3i ph\u00e1p thi\u1ebft k\u1ebf website to\u00e0n di\u1ec7n v\u00e0 chuy\u00ean nghi\u1ec7p, h\u00e3y \u0111\u1ec3 LADIGI Agency \u0111\u1ed3ng h\u00e0nh c\u00f9ng b\u1ea1n tr\u00ean con \u0111\u01b0\u1eddng ph\u00e1t tri\u1ec3n. Ch\u00fang t\u00f4i cam k\u1ebft mang \u0111\u1ebfn d\u1ecbch v\u1ee5 ch\u1ea5t l\u01b0\u1ee3ng nh\u1ea5t v\u1edbi gi\u00e1 c\u1ea3 h\u1ee3p l\u00fd.\n<\/p>\n<p>\n <a href=\"https:\/\/ladigi.vn\/thiet-ke-website\/\"><br \/>\n  T\u00ecm hi\u1ec3u th\u00eam v\u1ec1 d\u1ecbch v\u1ee5 c\u1ee7a ch\u00fang t\u00f4i t\u1ea1i \u0111\u00e2y<br \/>\n <\/a><br \/>\n .<\/p>\n","protected":false},"excerpt":{"rendered":"<p>D\u1ecbch v\u1ee5 thi\u1ebft k\u1ebf website b\u00e1n \u0111i\u1ec7n m\u00e1y &#8211; \u0111i\u1ec7n t\u1eed s\u1eed d\u1ee5ng m\u00e3 ngu\u1ed3n WordPress v\u1edbi theme Flatsome v\u00e0 UX Builder. Giao di\u1ec7n \u0111\u1eb9p, chuy\u00ean nghi\u1ec7p v\u00e0 d\u1ec5 s\u1eed d\u1ee5ng, t\u01b0\u01a1ng th\u00edch v\u1edbi m\u1ecdi thi\u1ebft b\u1ecb. T\u1ed1c \u0111\u1ed9 t\u1ea3i trang nhanh, gi\u00fap n\u00e2ng cao tr\u1ea3i nghi\u1ec7m ng\u01b0\u1eddi d\u00f9ng v\u00e0 t\u0103ng hi\u1ec7u qu\u1ea3 kinh doanh.<\/p>\n","protected":false},"featured_media":8634,"comment_status":"open","ping_status":"closed","template":"","meta":[],"product_cat":[16],"product_tag":[],"class_list":{"0":"post-8633","1":"product","2":"type-product","3":"status-publish","4":"has-post-thumbnail","6":"product_cat-tat-ca","8":"first","9":"instock","10":"shipping-taxable","11":"product-type-external"},"_links":{"self":[{"href":"https:\/\/ladigi.vn\/thiet-ke-website\/wp-json\/wp\/v2\/product\/8633","targetHints":{"allow":["GET"]}}],"collection":[{"href":"https:\/\/ladigi.vn\/thiet-ke-website\/wp-json\/wp\/v2\/product"}],"about":[{"href":"https:\/\/ladigi.vn\/thiet-ke-website\/wp-json\/wp\/v2\/types\/product"}],"replies":[{"embeddable":true,"href":"https:\/\/ladigi.vn\/thiet-ke-website\/wp-json\/wp\/v2\/comments?post=8633"}],"wp:featuredmedia":[{"embeddable":true,"href":"https:\/\/ladigi.vn\/thiet-ke-website\/wp-json\/wp\/v2\/media\/8634"}],"wp:attachment":[{"href":"https:\/\/ladigi.vn\/thiet-ke-website\/wp-json\/wp\/v2\/media?parent=8633"}],"wp:term":[{"taxonomy":"product_cat","embeddable":true,"href":"https:\/\/ladigi.vn\/thiet-ke-website\/wp-json\/wp\/v2\/product_cat?post=8633"},{"taxonomy":"product_tag","embeddable":true,"href":"https:\/\/ladigi.vn\/thiet-ke-website\/wp-json\/wp\/v2\/product_tag?post=8633"}],"curies":[{"name":"wp","href":"https:\/\/api.w.org\/{rel}","templated":true}]}}