{"id":8701,"date":"2025-01-11T13:52:45","date_gmt":"2025-01-11T06:52:45","guid":{"rendered":"https:\/\/ladigi.vn\/thiet-ke-website\/?post_type=product&#038;p=8701"},"modified":"2025-01-11T13:54:49","modified_gmt":"2025-01-11T06:54:49","slug":"theme-wordpress-bat-dong-san-62","status":"publish","type":"product","link":"https:\/\/ladigi.vn\/thiet-ke-website\/mau-web\/theme-wordpress-bat-dong-san-62\/","title":{"rendered":"B\u1ea5t \u0111\u1ed9ng s\u1ea3n"},"content":{"rendered":"<h1>\n D\u1ecbch v\u1ee5 Thi\u1ebft k\u1ebf website Theme WordPress b\u1ea5t \u0111\u1ed9ng s\u1ea3n 62<br \/>\n<\/h1>\n<p>\n Ch\u00e0o m\u1eebng b\u1ea1n \u0111\u1ebfn v\u1edbi d\u1ecbch v\u1ee5 thi\u1ebft k\u1ebf website Theme WordPress b\u1ea5t \u0111\u1ed9ng s\u1ea3n 62! Ch\u00fang t\u00f4i t\u1ef1 h\u00e0o mang \u0111\u1ebfn cho b\u1ea1n m\u1ed9t gi\u1ea3i ph\u00e1p website ho\u00e0n h\u1ea3o cho ng\u00e0nh b\u1ea5t \u0111\u1ed9ng s\u1ea3n v\u1edbi nh\u1eefng t\u00ednh n\u0103ng n\u1ed5i b\u1eadt v\u00e0 giao di\u1ec7n \u1ea5n t\u01b0\u1ee3ng.\n<\/p>\n<h2>\n Giao di\u1ec7n \u0111\u1eb9p, chuy\u00ean nghi\u1ec7p v\u00e0 d\u1ec5 s\u1eed d\u1ee5ng<br \/>\n<\/h2>\n<p>\n Website c\u1ee7a b\u1ea1n s\u1ebd \u0111\u01b0\u1ee3c thi\u1ebft k\u1ebf v\u1edbi giao di\u1ec7n \u0111\u1eb9p m\u1eaft, chuy\u00ean nghi\u1ec7p, ph\u00f9 h\u1ee3p v\u1edbi b\u1ed9 m\u1eb7t th\u01b0\u01a1ng hi\u1ec7u c\u1ee7a b\u1ea1n. Ch\u00fang t\u00f4i ch\u00fa tr\u1ecdng \u0111\u1ebfn vi\u1ec7c t\u1ea1o ra tr\u1ea3i nghi\u1ec7m ng\u01b0\u1eddi d\u00f9ng t\u1ed1i \u01b0u, gi\u00fap kh\u00e1ch h\u00e0ng d\u1ec5 d\u00e0ng t\u00ecm ki\u1ebfm th\u00f4ng tin v\u00e0 \u0111i\u1ec1u h\u01b0\u1edbng tr\u00ean trang.\n<\/p>\n<h2>\n T\u01b0\u01a1ng th\u00edch tr\u00ean m\u1ecdi thi\u1ebft b\u1ecb<br \/>\n<\/h2>\n<p>\n Ch\u00fang t\u00f4i cam k\u1ebft r\u1eb1ng website s\u1ebd t\u01b0\u01a1ng th\u00edch tr\u00ean m\u1ecdi thi\u1ebft b\u1ecb, t\u1eeb m\u00e1y t\u00ednh \u0111\u1ec3 b\u00e0n \u0111\u1ebfn \u0111i\u1ec7n tho\u1ea1i di \u0111\u1ed9ng. Nh\u1edd v\u00e0o c\u00f4ng ngh\u1ec7 responsive, kh\u00e1ch h\u00e0ng c\u1ee7a b\u1ea1n s\u1ebd c\u00f3 tr\u1ea3i nghi\u1ec7m tuy\u1ec7t v\u1eddi \u1edf b\u1ea5t k\u1ef3 \u0111\u00e2u.\n<\/p>\n<h2>\n M\u00e3 ngu\u1ed3n WordPress v\u1edbi Theme Flatsome v\u00e0 UX Builder<br \/>\n<\/h2>\n<p>\n Website \u0111\u01b0\u1ee3c x\u00e2y d\u1ef1ng tr\u00ean n\u1ec1n t\u1ea3ng WordPress, s\u1eed d\u1ee5ng Theme Flatsome v\u00e0 UX Builder, \u0111em l\u1ea1i s\u1ef1 linh ho\u1ea1t v\u00e0 d\u1ec5 t\u00f9y bi\u1ebfn. \u0110i\u1ec1u n\u00e0y cho ph\u00e9p b\u1ea1n t\u1ef1 tay \u0111i\u1ec1u ch\u1ec9nh, c\u1eadp nh\u1eadt n\u1ed9i dung v\u00e0 thi\u1ebft k\u1ebf theo nhu c\u1ea7u m\u00e0 kh\u00f4ng c\u1ea7n ph\u1ea3i am hi\u1ec3u nhi\u1ec1u v\u1ec1 c\u00f4ng ngh\u1ec7.\n<\/p>\n<h2>\n T\u1ed1c \u0111\u1ed9 t\u1ea3i trang nhanh<br \/>\n<\/h2>\n<p>\n Ng\u01b0\u1eddi d\u00f9ng kh\u00f4ng c\u00f3 \u0111\u1ee7 ki\u00ean nh\u1eabn \u0111\u1ec3 ch\u1edd \u0111\u1ee3i m\u1ed9t trang web t\u1ea3i ch\u1eadm. Ch\u00ednh v\u00ec v\u1eady, ch\u00fang t\u00f4i \u0111\u1ea3m b\u1ea3o r\u1eb1ng t\u1ed1c \u0111\u1ed9 t\u1ea3i trang c\u1ee7a website l\u00e0 nhanh ch\u00f3ng, gi\u00fap gi\u1eef ch\u00e2n kh\u00e1ch h\u00e0ng v\u00e0 t\u1ed1i \u01b0u h\u00f3a tr\u1ea3i nghi\u1ec7m l\u01b0\u1edbt web.\n<\/p>\n<h3>\n Gi\u1edbi thi\u1ec7u LADIGI Agency<br \/>\n<\/h3>\n<p>\n N\u1ebfu b\u1ea1n \u0111ang t\u00ecm ki\u1ebfm m\u1ed9t \u0111\u01a1n v\u1ecb thi\u1ebft k\u1ebf website chuy\u00ean nghi\u1ec7p v\u1edbi m\u1ee9c gi\u00e1 h\u1ee3p l\u00fd, h\u00e3y li\u00ean h\u1ec7 ngay v\u1edbi<br \/>\n <a href=\"https:\/\/ladigi.vn\/thiet-ke-website\/\"><br \/>\n  C\u00f4ng ty thi\u1ebft k\u1ebf web gi\u00e1 r\u1ebb<br \/>\n <\/a><br \/>\n \u2013 LADIGI Agency. Ch\u00fang t\u00f4i s\u1eb5n s\u00e0ng \u0111\u1ed3ng h\u00e0nh c\u00f9ng b\u1ea1n trong m\u1ecdi d\u1ef1 \u00e1n thi\u1ebft k\u1ebf web b\u1ea5t \u0111\u1ed9ng s\u1ea3n!<\/p>\n","protected":false},"excerpt":{"rendered":"<p>D\u1ecbch v\u1ee5 thi\u1ebft k\u1ebf website Theme WordPress b\u1ea5t \u0111\u1ed9ng s\u1ea3n 62 mang \u0111\u1ebfn giao di\u1ec7n \u0111\u1eb9p, chuy\u00ean nghi\u1ec7p v\u00e0 d\u1ec5 s\u1eed d\u1ee5ng, t\u01b0\u01a1ng th\u00edch tr\u00ean m\u1ecdi thi\u1ebft b\u1ecb. S\u1eed d\u1ee5ng m\u00e3 ngu\u1ed3n WordPress v\u1edbi Theme Flatsome v\u00e0 UX Builder, kh\u00e1ch h\u00e0ng d\u1ec5 d\u00e0ng t\u00f9y bi\u1ebfn. \u0110\u1eb7c bi\u1ec7t, t\u1ed1c \u0111\u1ed9 t\u1ea3i trang nhanh ch\u00f3ng, n\u00e2ng cao tr\u1ea3i nghi\u1ec7m ng\u01b0\u1eddi d\u00f9ng.<\/p>\n","protected":false},"featured_media":8702,"comment_status":"open","ping_status":"closed","template":"","meta":[],"product_cat":[16],"product_tag":[],"class_list":{"0":"post-8701","1":"product","2":"type-product","3":"status-publish","4":"has-post-thumbnail","6":"product_cat-tat-ca","8":"first","9":"instock","10":"shipping-taxable","11":"product-type-external"},"_links":{"self":[{"href":"https:\/\/ladigi.vn\/thiet-ke-website\/wp-json\/wp\/v2\/product\/8701","targetHints":{"allow":["GET"]}}],"collection":[{"href":"https:\/\/ladigi.vn\/thiet-ke-website\/wp-json\/wp\/v2\/product"}],"about":[{"href":"https:\/\/ladigi.vn\/thiet-ke-website\/wp-json\/wp\/v2\/types\/product"}],"replies":[{"embeddable":true,"href":"https:\/\/ladigi.vn\/thiet-ke-website\/wp-json\/wp\/v2\/comments?post=8701"}],"wp:featuredmedia":[{"embeddable":true,"href":"https:\/\/ladigi.vn\/thiet-ke-website\/wp-json\/wp\/v2\/media\/8702"}],"wp:attachment":[{"href":"https:\/\/ladigi.vn\/thiet-ke-website\/wp-json\/wp\/v2\/media?parent=8701"}],"wp:term":[{"taxonomy":"product_cat","embeddable":true,"href":"https:\/\/ladigi.vn\/thiet-ke-website\/wp-json\/wp\/v2\/product_cat?post=8701"},{"taxonomy":"product_tag","embeddable":true,"href":"https:\/\/ladigi.vn\/thiet-ke-website\/wp-json\/wp\/v2\/product_tag?post=8701"}],"curies":[{"name":"wp","href":"https:\/\/api.w.org\/{rel}","templated":true}]}}