{"id":8717,"date":"2025-01-12T15:41:11","date_gmt":"2025-01-12T08:41:11","guid":{"rendered":"https:\/\/ladigi.vn\/thiet-ke-website\/?post_type=product&#038;p=8717"},"modified":"2025-01-12T15:42:52","modified_gmt":"2025-01-12T08:42:52","slug":"theme-wordpress-studio-anh-cuoi-04","status":"publish","type":"product","link":"https:\/\/ladigi.vn\/thiet-ke-website\/mau-web\/theme-wordpress-studio-anh-cuoi-04\/","title":{"rendered":"Studio \u1ea3nh c\u01b0\u1edbi"},"content":{"rendered":"<p>\n Ch\u00e0o m\u1eebng qu\u00fd kh\u00e1ch \u0111\u1ebfn v\u1edbi LADIGI Agency &#8211; \u0111\u01a1n v\u1ecb thi\u1ebft k\u1ebf website chuy\u00ean nghi\u1ec7p v\u00e0 uy t\u00edn h\u00e0ng \u0111\u1ea7u. H\u00f4m nay, ch\u00fang t\u00f4i xin gi\u1edbi thi\u1ec7u \u0111\u1ebfn qu\u00fd kh\u00e1ch d\u1ecbch v\u1ee5 Thi\u1ebft k\u1ebf website Theme wordpress studio \u1ea3nh c\u01b0\u1edbi 04.\n<\/p>\n<p>\n V\u1edbi s\u1ef1 ph\u00e1t tri\u1ec3n kh\u00f4ng ng\u1eebng c\u1ee7a c\u00f4ng ngh\u1ec7, vi\u1ec7c s\u1edf h\u1eefu m\u1ed9t website chuy\u00ean nghi\u1ec7p l\u00e0 \u0111i\u1ec1u c\u1ea7n thi\u1ebft \u0111\u1ec3 c\u00e1c doanh nghi\u1ec7p, t\u1ed5 ch\u1ee9c, c\u00e1 nh\u00e2n c\u00f3 th\u1ec3 ti\u1ebfp c\u1eadn v\u00e0 t\u01b0\u01a1ng t\u00e1c v\u1edbi kh\u00e1ch h\u00e0ng m\u1ed9t c\u00e1ch hi\u1ec7u qu\u1ea3. V\u1edbi d\u1ecbch v\u1ee5 Thi\u1ebft k\u1ebf website Theme wordpress studio \u1ea3nh c\u01b0\u1edbi 04 c\u1ee7a ch\u00fang t\u00f4i, qu\u00fd kh\u00e1ch s\u1ebd c\u00f3 m\u1ed9t giao di\u1ec7n web \u0111\u1eb9p, chuy\u00ean nghi\u1ec7p v\u00e0 d\u1ec5 s\u1eed d\u1ee5ng.\n<\/p>\n<p>\n Giao di\u1ec7n web c\u1ee7a ch\u00fang t\u00f4i \u0111\u01b0\u1ee3c thi\u1ebft k\u1ebf v\u1edbi s\u1ef1 tinh t\u1ebf v\u00e0 chuy\u00ean nghi\u1ec7p, \u0111\u1ea3m b\u1ea3o thu h\u00fat \u0111\u01b0\u1ee3c s\u1ef1 ch\u00fa \u00fd c\u1ee7a kh\u00e1ch h\u00e0ng ngay t\u1eeb c\u00e1i nh\u00ecn \u0111\u1ea7u ti\u00ean. \u0110\u1ed3ng th\u1eddi, giao di\u1ec7n web c\u0169ng \u0111\u01b0\u1ee3c t\u1ed1i \u01b0u \u0111\u1ec3 t\u01b0\u01a1ng th\u00edch tr\u00ean m\u1ecdi thi\u1ebft b\u1ecb, t\u1eeb m\u00e1y t\u00ednh \u0111\u1ec3 b\u00e0n \u0111\u1ebfn \u0111i\u1ec7n tho\u1ea1i di \u0111\u1ed9ng. \u0110i\u1ec1u n\u00e0y gi\u00fap qu\u00fd kh\u00e1ch c\u00f3 th\u1ec3 ti\u1ebfp c\u1eadn \u0111\u01b0\u1ee3c \u0111a d\u1ea1ng kh\u00e1ch h\u00e0ng v\u00e0 t\u0103ng c\u01a1 h\u1ed9i kinh doanh.\n<\/p>\n<p>\n M\u00e3 ngu\u1ed3n c\u1ee7a website s\u1eed d\u1ee5ng l\u00e0 WordPress v\u1edbi Theme Flatsome v\u00e0 UX Builder, \u0111\u00e2y l\u00e0 nh\u1eefng m\u00e3 ngu\u1ed3n \u0111\u01b0\u1ee3c \u0111\u00e1nh gi\u00e1 cao v\u1ec1 t\u00ednh t\u00f9y bi\u1ebfn v\u00e0 d\u1ec5 s\u1eed d\u1ee5ng. \u0110i\u1ec1u n\u00e0y cho ph\u00e9p ch\u00fang t\u00f4i c\u00f3 th\u1ec3 t\u00f9y bi\u1ebfn giao di\u1ec7n web theo \u00fd mu\u1ed1n c\u1ee7a qu\u00fd kh\u00e1ch m\u1ed9t c\u00e1ch nhanh ch\u00f3ng v\u00e0 hi\u1ec7u qu\u1ea3.\n<\/p>\n<p>\n Ngo\u00e0i ra, t\u1ed1c \u0111\u1ed9 t\u1ea3i trang c\u1ee7a website c\u0169ng l\u00e0 m\u1ed9t y\u1ebfu t\u1ed1 quan tr\u1ecdng m\u00e0 ch\u00fang t\u00f4i lu\u00f4n ch\u00fa tr\u1ecdng. V\u1edbi vi\u1ec7c s\u1eed d\u1ee5ng c\u00e1c c\u00f4ng ngh\u1ec7 ti\u00ean ti\u1ebfn v\u00e0 t\u1ed1i \u01b0u h\u00f3a m\u00e3 ngu\u1ed3n, ch\u00fang t\u00f4i \u0111\u1ea3m b\u1ea3o website c\u1ee7a qu\u00fd kh\u00e1ch s\u1ebd c\u00f3 t\u1ed1c \u0111\u1ed9 t\u1ea3i trang nhanh, gi\u00fap kh\u00e1ch h\u00e0ng c\u00f3 tr\u1ea3i nghi\u1ec7m t\u1ed1t h\u01a1n v\u00e0 t\u0103ng kh\u1ea3 n\u0103ng chuy\u1ec3n \u0111\u1ed5i.\n<\/p>\n<p>\n V\u1eady n\u00ean, n\u1ebfu qu\u00fd kh\u00e1ch \u0111ang c\u00f3 nhu c\u1ea7u thi\u1ebft k\u1ebf website cho studio \u1ea3nh c\u01b0\u1edbi c\u1ee7a m\u00ecnh, h\u00e3y \u0111\u1ebfn v\u1edbi LADIGI Agency. Ch\u00fang t\u00f4i cam k\u1ebft s\u1ebd mang \u0111\u1ebfn cho qu\u00fd kh\u00e1ch m\u1ed9t website chuy\u00ean nghi\u1ec7p, \u0111\u1eb9p m\u1eaft v\u00e0 hi\u1ec7u qu\u1ea3.\n<\/p>\n<p>\n \u0110\u1ec3 bi\u1ebft th\u00eam th\u00f4ng tin chi ti\u1ebft v\u1ec1 d\u1ecbch v\u1ee5 Thi\u1ebft k\u1ebf website c\u1ee7a ch\u00fang t\u00f4i, m\u1eddi qu\u00fd kh\u00e1ch truy c\u1eadp v\u00e0o \u0111\u01b0\u1eddng link sau:<br \/>\n <a href=\"https:\/\/ladigi.vn\/thiet-ke-website\/\"><br \/>\n  Thi\u1ebft k\u1ebf web b\u00e1n h\u00e0ng<br \/>\n <\/a><br \/>\n . Ch\u00fang t\u00f4i lu\u00f4n s\u1eb5n s\u00e0ng h\u1ed7 tr\u1ee3 v\u00e0 t\u01b0 v\u1ea5n cho qu\u00fd kh\u00e1ch \u0111\u1ec3 gi\u00fap qu\u00fd kh\u00e1ch c\u00f3 \u0111\u01b0\u1ee3c m\u1ed9t website ho\u00e0n h\u1ea3o v\u00e0 \u0111\u00e1p \u1ee9ng \u0111\u01b0\u1ee3c m\u1ecdi nhu c\u1ea7u kinh doanh.\n<\/p>\n<p>\n C\u1ea3m \u01a1n qu\u00fd kh\u00e1ch \u0111\u00e3 tin t\u01b0\u1edfng v\u00e0 l\u1ef1a ch\u1ecdn LADIGI Agency. Ch\u00fang t\u00f4i hy v\u1ecdng s\u1ebd c\u00f3 c\u01a1 h\u1ed9i \u0111\u01b0\u1ee3c h\u1ee3p t\u00e1c v\u00e0 ph\u00e1t tri\u1ec3n c\u00f9ng qu\u00fd kh\u00e1ch trong t\u01b0\u01a1ng lai. Tr\u00e2n tr\u1ecdng!<\/p>\n","protected":false},"excerpt":{"rendered":"<p>D\u1ecbch v\u1ee5 Thi\u1ebft k\u1ebf website Theme wordpress studio \u1ea3nh c\u01b0\u1edbi 04 l\u00e0 s\u1ef1 l\u1ef1a ch\u1ecdn ho\u00e0n h\u1ea3o cho nh\u1eefng ai \u0111ang t\u00ecm ki\u1ebfm m\u1ed9t giao di\u1ec7n web \u0111\u1eb9p, chuy\u00ean nghi\u1ec7p v\u00e0 d\u1ec5 s\u1eed d\u1ee5ng. V\u1edbi vi\u1ec7c t\u01b0\u01a1ng th\u00edch tr\u00ean m\u1ecdi thi\u1ebft b\u1ecb, ng\u01b0\u1eddi d\u00f9ng c\u00f3 th\u1ec3 truy c\u1eadp v\u00e0 tr\u1ea3i nghi\u1ec7m m\u1ed9t c\u00e1ch thu\u1eadn ti\u1ec7n. S\u1eed d\u1ee5ng m\u00e3 ngu\u1ed3n Wordpress v\u1edbi Theme Flatsome v\u00e0 UX Builder, kh\u00e1ch h\u00e0ng c\u00f3 th\u1ec3 t\u00f9y bi\u1ebfn giao di\u1ec7n theo \u00fd th\u00edch. \u0110\u1eb7c bi\u1ec7t, t\u1ed1c \u0111\u1ed9 t\u1ea3i trang nhanh gi\u00fap ng\u01b0\u1eddi d\u00f9ng c\u00f3 tr\u1ea3i nghi\u1ec7m truy c\u1eadp website m\u01b0\u1ee3t m\u00e0 v\u00e0 hi\u1ec7u qu\u1ea3.<\/p>\n","protected":false},"featured_media":8718,"comment_status":"open","ping_status":"closed","template":"","meta":[],"product_cat":[16],"product_tag":[],"class_list":{"0":"post-8717","1":"product","2":"type-product","3":"status-publish","4":"has-post-thumbnail","6":"product_cat-tat-ca","8":"first","9":"instock","10":"shipping-taxable","11":"product-type-external"},"_links":{"self":[{"href":"https:\/\/ladigi.vn\/thiet-ke-website\/wp-json\/wp\/v2\/product\/8717","targetHints":{"allow":["GET"]}}],"collection":[{"href":"https:\/\/ladigi.vn\/thiet-ke-website\/wp-json\/wp\/v2\/product"}],"about":[{"href":"https:\/\/ladigi.vn\/thiet-ke-website\/wp-json\/wp\/v2\/types\/product"}],"replies":[{"embeddable":true,"href":"https:\/\/ladigi.vn\/thiet-ke-website\/wp-json\/wp\/v2\/comments?post=8717"}],"wp:featuredmedia":[{"embeddable":true,"href":"https:\/\/ladigi.vn\/thiet-ke-website\/wp-json\/wp\/v2\/media\/8718"}],"wp:attachment":[{"href":"https:\/\/ladigi.vn\/thiet-ke-website\/wp-json\/wp\/v2\/media?parent=8717"}],"wp:term":[{"taxonomy":"product_cat","embeddable":true,"href":"https:\/\/ladigi.vn\/thiet-ke-website\/wp-json\/wp\/v2\/product_cat?post=8717"},{"taxonomy":"product_tag","embeddable":true,"href":"https:\/\/ladigi.vn\/thiet-ke-website\/wp-json\/wp\/v2\/product_tag?post=8717"}],"curies":[{"name":"wp","href":"https:\/\/api.w.org\/{rel}","templated":true}]}}