{"id":8721,"date":"2025-01-11T12:23:52","date_gmt":"2025-01-11T05:23:52","guid":{"rendered":"https:\/\/ladigi.vn\/thiet-ke-website\/?post_type=product&#038;p=8721"},"modified":"2025-01-11T12:25:54","modified_gmt":"2025-01-11T05:25:54","slug":"theme-wordpress-ban-thuc-pham-chuc-nang-siro-ho","status":"publish","type":"product","link":"https:\/\/ladigi.vn\/thiet-ke-website\/mau-web\/theme-wordpress-ban-thuc-pham-chuc-nang-siro-ho\/","title":{"rendered":"Shop b\u00e1n th\u1ef1c ph\u1ea9m ch\u1ee9c n\u0103ng siro ho"},"content":{"rendered":"<h1>\n D\u1ecbch v\u1ee5 Thi\u1ebft k\u1ebf website Theme WordPress b\u00e1n th\u1ef1c ph\u1ea9m ch\u1ee9c n\u0103ng siro ho<br \/>\n<\/h1>\n<p>\n B\u1ea1n \u0111ang t\u00ecm ki\u1ebfm m\u1ed9t gi\u1ea3i ph\u00e1p t\u1ed1i \u01b0u \u0111\u1ec3 gi\u1edbi thi\u1ec7u v\u00e0 b\u00e1n c\u00e1c s\u1ea3n ph\u1ea9m th\u1ef1c ph\u1ea9m ch\u1ee9c n\u0103ng siro ho? H\u00e3y \u0111\u1ec3 d\u1ecbch v\u1ee5 thi\u1ebft k\u1ebf website WordPress c\u1ee7a ch\u00fang t\u00f4i \u0111em \u0111\u1ebfn cho b\u1ea1n m\u1ed9t tr\u1ea3i nghi\u1ec7m \u1ea5n t\u01b0\u1ee3ng v\u00e0 hi\u1ec7u qu\u1ea3!\n<\/p>\n<h2>\n Giao di\u1ec7n web \u0111\u1eb9p, chuy\u00ean nghi\u1ec7p v\u00e0 d\u1ec5 s\u1eed d\u1ee5ng<br \/>\n<\/h2>\n<p>\n V\u1edbi thi\u1ebft k\u1ebf giao di\u1ec7n hi\u1ec7n \u0111\u1ea1i v\u00e0 tinh t\u1ebf, website c\u1ee7a b\u1ea1n s\u1ebd thu h\u00fat \u00e1nh nh\u00ecn c\u1ee7a kh\u00e1ch h\u00e0ng ngay t\u1eeb l\u1ea7n truy c\u1eadp \u0111\u1ea7u ti\u00ean. Giao di\u1ec7n \u0111\u01b0\u1ee3c t\u1ed1i \u01b0u h\u00f3a \u0111\u1ec3 \u0111\u1ea3m b\u1ea3o ng\u01b0\u1eddi d\u00f9ng c\u00f3 th\u1ec3 d\u1ec5 d\u00e0ng t\u00ecm ki\u1ebfm th\u00f4ng tin v\u00e0 th\u1ef1c hi\u1ec7n c\u00e1c giao d\u1ecbch m\u00e0 kh\u00f4ng g\u1eb7p b\u1ea5t k\u1ef3 kh\u00f3 kh\u0103n n\u00e0o.\n<\/p>\n<h2>\n T\u01b0\u01a1ng th\u00edch tr\u00ean m\u1ecdi thi\u1ebft b\u1ecb<br \/>\n<\/h2>\n<p>\n Website s\u1ebd \u0111\u01b0\u1ee3c ph\u00e1t tri\u1ec3n v\u1edbi kh\u1ea3 n\u0103ng t\u01b0\u01a1ng th\u00edch ho\u00e0n h\u1ea3o tr\u00ean t\u1ea5t c\u1ea3 c\u00e1c thi\u1ebft b\u1ecb, t\u1eeb m\u00e1y t\u00ednh \u0111\u1ec3 b\u00e0n \u0111\u1ebfn smartphone v\u00e0 m\u00e1y t\u00ednh b\u1ea3ng. \u0110i\u1ec1u n\u00e0y \u0111\u1ea3m b\u1ea3o r\u1eb1ng kh\u00e1ch h\u00e0ng c\u1ee7a b\u1ea1n c\u00f3 th\u1ec3 truy c\u1eadp v\u00e0 mua s\u1eafm b\u1ea5t c\u1ee9 l\u00fac n\u00e0o, \u1edf \u0111\u00e2u, m\u00e0 kh\u00f4ng b\u1ecb gi\u1edbi h\u1ea1n b\u1edfi thi\u1ebft b\u1ecb.\n<\/p>\n<h2>\n M\u00e3 ngu\u1ed3n WordPress v\u1edbi Theme Flatsome v\u00e0 UX Builder d\u1ec5 t\u00f9y bi\u1ebfn<br \/>\n<\/h2>\n<p>\n Ch\u00fang t\u00f4i s\u1eed d\u1ee5ng m\u00e3 ngu\u1ed3n WordPress k\u1ebft h\u1ee3p v\u1edbi Theme Flatsome v\u00e0 UX Builder, gi\u00fap b\u1ea1n d\u1ec5 d\u00e0ng t\u00f9y ch\u1ec9nh giao di\u1ec7n v\u00e0 c\u00e1c t\u00ednh n\u0103ng c\u1ee7a website. B\u1ea1n c\u00f3 th\u1ec3 thay \u0111\u1ed5i m\u00e0u s\u1eafc, b\u1ed1 c\u1ee5c hay th\u00eam c\u00e1c ch\u1ee9c n\u0103ng m\u1edbi m\u00e0 kh\u00f4ng c\u1ea7n b\u1ea5t k\u1ef3 ki\u1ebfn th\u1ee9c l\u1eadp tr\u00ecnh n\u00e0o. S\u1ef1 linh ho\u1ea1t n\u00e0y mang l\u1ea1i cho b\u1ea1n to\u00e0n quy\u1ec1n ki\u1ec3m so\u00e1t trong vi\u1ec7c ph\u00e1t tri\u1ec3n th\u01b0\u01a1ng hi\u1ec7u c\u1ee7a m\u00ecnh.\n<\/p>\n<h2>\n T\u1ed1c \u0111\u1ed9 t\u1ea3i trang nhanh<br \/>\n<\/h2>\n<p>\n Ch\u00fang t\u00f4i cam k\u1ebft t\u1ed1i \u01b0u t\u1ed1c \u0111\u1ed9 t\u1ea3i trang \u0111\u1ec3 \u0111\u1ea3m b\u1ea3o kh\u00e1ch h\u00e0ng s\u1ebd c\u00f3 tr\u1ea3i nghi\u1ec7m m\u01b0\u1ee3t m\u00e0 nh\u1ea5t khi truy c\u1eadp web. T\u1ed1c \u0111\u1ed9 t\u1ea3i nhanh kh\u00f4ng ch\u1ec9 gi\u00fap t\u0103ng s\u1ef1 h\u00e0i l\u00f2ng c\u1ee7a ng\u01b0\u1eddi d\u00f9ng m\u00e0 c\u00f2n c\u1ea3i thi\u1ec7n th\u1ee9 h\u1ea1ng t\u00ecm ki\u1ebfm c\u1ee7a website tr\u00ean c\u00e1c c\u00f4ng c\u1ee5 t\u00ecm ki\u1ebfm.\n<\/p>\n<hr\/>\n<p>\n H\u00e3y \u0111\u1ec3 LADIGI Agency \u0111\u1ed3ng h\u00e0nh c\u00f9ng b\u1ea1n trong vi\u1ec7c x\u00e2y d\u1ef1ng m\u1ed9t website b\u00e1n th\u1ef1c ph\u1ea9m ch\u1ee9c n\u0103ng siro ho chuy\u00ean nghi\u1ec7p, thu h\u00fat kh\u00e1ch h\u00e0ng v\u00e0 t\u0103ng tr\u01b0\u1edfng doanh thu. \u0110\u1ec3 bi\u1ebft th\u00eam chi ti\u1ebft, b\u1ea1n c\u00f3 th\u1ec3 xem th\u00eam t\u1ea1i<br \/>\n <a href=\"https:\/\/ladigi.vn\/thiet-ke-website\/\"><br \/>\n  X\u00e2y d\u1ef1ng website chu\u1ea9n SEO LADIGI<br \/>\n <\/a><br \/>\n .<\/p>\n","protected":false},"excerpt":{"rendered":"<p>D\u1ecbch v\u1ee5 thi\u1ebft k\u1ebf website v\u1edbi theme Wordpress b\u00e1n th\u1ef1c ph\u1ea9m ch\u1ee9c n\u0103ng siro ho mang \u0111\u1ebfn giao di\u1ec7n \u0111\u1eb9p, chuy\u00ean nghi\u1ec7p, d\u1ec5 s\u1eed d\u1ee5ng. \u0110\u01b0\u1ee3c t\u1ed1i \u01b0u cho m\u1ecdi thi\u1ebft b\u1ecb, s\u1eed d\u1ee5ng m\u00e3 ngu\u1ed3n Wordpress v\u1edbi theme Flatsome v\u00e0 UX Builder d\u1ec5 t\u00f9y bi\u1ebfn. T\u1ed1c \u0111\u1ed9 t\u1ea3i trang nhanh, n\u00e2ng cao tr\u1ea3i nghi\u1ec7m ng\u01b0\u1eddi d\u00f9ng.<\/p>\n","protected":false},"featured_media":8722,"comment_status":"open","ping_status":"closed","template":"","meta":[],"product_cat":[16],"product_tag":[],"class_list":{"0":"post-8721","1":"product","2":"type-product","3":"status-publish","4":"has-post-thumbnail","6":"product_cat-tat-ca","8":"first","9":"instock","10":"shipping-taxable","11":"product-type-external"},"_links":{"self":[{"href":"https:\/\/ladigi.vn\/thiet-ke-website\/wp-json\/wp\/v2\/product\/8721","targetHints":{"allow":["GET"]}}],"collection":[{"href":"https:\/\/ladigi.vn\/thiet-ke-website\/wp-json\/wp\/v2\/product"}],"about":[{"href":"https:\/\/ladigi.vn\/thiet-ke-website\/wp-json\/wp\/v2\/types\/product"}],"replies":[{"embeddable":true,"href":"https:\/\/ladigi.vn\/thiet-ke-website\/wp-json\/wp\/v2\/comments?post=8721"}],"wp:featuredmedia":[{"embeddable":true,"href":"https:\/\/ladigi.vn\/thiet-ke-website\/wp-json\/wp\/v2\/media\/8722"}],"wp:attachment":[{"href":"https:\/\/ladigi.vn\/thiet-ke-website\/wp-json\/wp\/v2\/media?parent=8721"}],"wp:term":[{"taxonomy":"product_cat","embeddable":true,"href":"https:\/\/ladigi.vn\/thiet-ke-website\/wp-json\/wp\/v2\/product_cat?post=8721"},{"taxonomy":"product_tag","embeddable":true,"href":"https:\/\/ladigi.vn\/thiet-ke-website\/wp-json\/wp\/v2\/product_tag?post=8721"}],"curies":[{"name":"wp","href":"https:\/\/api.w.org\/{rel}","templated":true}]}}