{"id":8761,"date":"2025-01-12T17:40:09","date_gmt":"2025-01-12T10:40:09","guid":{"rendered":"https:\/\/ladigi.vn\/thiet-ke-website\/?post_type=product&#038;p=8761"},"modified":"2025-01-12T17:41:50","modified_gmt":"2025-01-12T10:41:50","slug":"theme-wordpress-thu-cung-02","status":"publish","type":"product","link":"https:\/\/ladigi.vn\/thiet-ke-website\/mau-web\/theme-wordpress-thu-cung-02\/","title":{"rendered":"Th\u00fa c\u01b0ng"},"content":{"rendered":"<p>\n Xin ch\u00e0o c\u00e1c b\u1ea1n y\u00eau th\u00edch th\u00fa c\u01b0ng!\n<\/p>\n<p>\n B\u1ea1n \u0111ang t\u00ecm ki\u1ebfm m\u1ed9t giao di\u1ec7n website \u0111\u1eb9p, chuy\u00ean nghi\u1ec7p v\u00e0 d\u1ec5 s\u1eed d\u1ee5ng cho d\u1ecbch v\u1ee5 th\u00fa c\u01b0ng c\u1ee7a m\u00ecnh? V\u1eady th\u00ec \u0111\u1eebng b\u1ecf qua d\u1ecbch v\u1ee5 Thi\u1ebft k\u1ebf website Theme wordpress th\u00fa c\u01b0ng 02 c\u1ee7a ch\u00fang t\u00f4i.\n<\/p>\n<p>\n V\u1edbi giao di\u1ec7n \u0111\u01b0\u1ee3c thi\u1ebft k\u1ebf \u0111\u1eb9p m\u1eaft v\u00e0 chuy\u00ean nghi\u1ec7p, website c\u1ee7a b\u1ea1n s\u1ebd thu h\u00fat \u0111\u01b0\u1ee3c s\u1ef1 ch\u00fa \u00fd c\u1ee7a kh\u00e1ch h\u00e0ng ngay t\u1eeb c\u00e1i nh\u00ecn \u0111\u1ea7u ti\u00ean. B\u00ean c\u1ea1nh \u0111\u00f3, giao di\u1ec7n n\u00e0y c\u0169ng \u0111\u01b0\u1ee3c t\u1ed1i \u01b0u h\u00f3a \u0111\u1ec3 t\u01b0\u01a1ng th\u00edch tr\u00ean m\u1ecdi thi\u1ebft b\u1ecb, gi\u00fap kh\u00e1ch h\u00e0ng d\u1ec5 d\u00e0ng truy c\u1eadp v\u00e0 tr\u1ea3i nghi\u1ec7m d\u1ecbch v\u1ee5 c\u1ee7a b\u1ea1n tr\u00ean \u0111i\u1ec7n tho\u1ea1i di \u0111\u1ed9ng, m\u00e1y t\u00ednh b\u1ea3ng v\u00e0 desktop.\n<\/p>\n<p>\n \u0110\u1ec3 \u0111\u1ea3m b\u1ea3o t\u00ednh linh ho\u1ea1t v\u00e0 t\u00f9y bi\u1ebfn cao, ch\u00fang t\u00f4i s\u1eed d\u1ee5ng m\u00e3 ngu\u1ed3n WordPress v\u1edbi Theme Flatsome v\u00e0 UX Builder. \u0110i\u1ec1u n\u00e0y cho ph\u00e9p b\u1ea1n d\u1ec5 d\u00e0ng ch\u1ec9nh s\u1eeda v\u00e0 thay \u0111\u1ed5i giao di\u1ec7n website theo \u00fd th\u00edch c\u1ee7a m\u00ecnh m\u00e0 kh\u00f4ng c\u1ea7n c\u00f3 ki\u1ebfn th\u1ee9c v\u1ec1 l\u1eadp tr\u00ecnh.\n<\/p>\n<p>\n M\u1ed9t trong nh\u1eefng y\u1ebfu t\u1ed1 quan tr\u1ecdng khi thi\u1ebft k\u1ebf website l\u00e0 t\u1ed1c \u0111\u1ed9 t\u1ea3i trang. V\u1edbi d\u1ecbch v\u1ee5 c\u1ee7a ch\u00fang t\u00f4i, b\u1ea1n c\u00f3 th\u1ec3 y\u00ean t\u00e2m v\u1ec1 v\u1ea5n \u0111\u1ec1 n\u00e0y v\u00ec website c\u1ee7a b\u1ea1n s\u1ebd \u0111\u01b0\u1ee3c t\u1ed1i \u01b0u h\u00f3a \u0111\u1ec3 t\u1ea3i trang nhanh ch\u00f3ng, gi\u00fap kh\u00e1ch h\u00e0ng kh\u00f4ng ph\u1ea3i ch\u1edd \u0111\u1ee3i l\u00e2u \u0111\u1ec3 truy c\u1eadp v\u00e0 s\u1eed d\u1ee5ng d\u1ecbch v\u1ee5 c\u1ee7a b\u1ea1n.\n<\/p>\n<p>\n Cu\u1ed1i c\u00f9ng, ch\u00fang t\u00f4i xin gi\u1edbi thi\u1ec7u \u0111\u1ebfn c\u00e1c b\u1ea1n \u0111\u01a1n v\u1ecb thi\u1ebft k\u1ebf website uy t\u00edn v\u00e0 chuy\u00ean nghi\u1ec7p &#8211; LADIGI Agency. V\u1edbi nhi\u1ec1u n\u0103m kinh nghi\u1ec7m trong l\u0129nh v\u1ef1c thi\u1ebft k\u1ebf website, ch\u00fang t\u00f4i cam k\u1ebft mang \u0111\u1ebfn cho b\u1ea1n m\u1ed9t website \u0111\u1ea7y \u0111\u1ee7 t\u00ednh n\u0103ng v\u00e0 \u0111\u1eb9p m\u1eaft.\n<\/p>\n<p>\n N\u1ebfu b\u1ea1n \u0111ang c\u00f3 nhu c\u1ea7u thi\u1ebft k\u1ebf website cho d\u1ecbch v\u1ee5 th\u00fa c\u01b0ng c\u1ee7a m\u00ecnh, h\u00e3y truy c\u1eadp<br \/>\n <a href=\"https:\/\/ladigi.vn\/thiet-ke-website\/\"><br \/>\n  Thi\u1ebft k\u1ebf website \u0111\u1ea7y \u0111\u1ee7 t\u00ednh n\u0103ng LADIGI<br \/>\n <\/a><br \/>\n \u0111\u1ec3 t\u00ecm hi\u1ec3u th\u00eam th\u00f4ng tin chi ti\u1ebft v\u00e0 li\u00ean h\u1ec7 v\u1edbi ch\u00fang t\u00f4i ngay h\u00f4m nay.\n<\/p>\n<p>\n C\u1ea3m \u01a1n c\u00e1c b\u1ea1n \u0111\u00e3 \u0111\u1ecdc b\u00e0i vi\u1ebft v\u00e0 hy v\u1ecdng r\u1eb1ng ch\u00fang t\u00f4i c\u00f3 th\u1ec3 h\u1ed7 tr\u1ee3 b\u1ea1n trong vi\u1ec7c t\u1ea1o n\u00ean m\u1ed9t website chuy\u00ean nghi\u1ec7p v\u00e0 hi\u1ec7u qu\u1ea3 cho d\u1ecbch v\u1ee5 th\u00fa c\u01b0ng c\u1ee7a b\u1ea1n. Ch\u00fac b\u1ea1n th\u00e0nh c\u00f4ng v\u00e0 lu\u00f4n c\u00f3 nh\u1eefng kh\u00e1ch h\u00e0ng y\u00eau th\u01b0\u01a1ng v\u00e0 quan t\u00e2m \u0111\u1ebfn th\u00fa c\u01b0ng c\u1ee7a m\u00ecnh!<\/p>\n","protected":false},"excerpt":{"rendered":"<p>&#8220;V\u1edbi d\u1ecbch v\u1ee5 Thi\u1ebft k\u1ebf website Theme wordpress th\u00fa c\u01b0ng 02, ch\u00fang t\u00f4i cam k\u1ebft mang \u0111\u1ebfn cho kh\u00e1ch h\u00e0ng m\u1ed9t giao di\u1ec7n web \u0111\u1eb9p, chuy\u00ean nghi\u1ec7p v\u00e0 d\u1ec5 s\u1eed d\u1ee5ng. \u0110\u01b0\u1ee3c thi\u1ebft k\u1ebf t\u01b0\u01a1ng th\u00edch tr\u00ean m\u1ecdi thi\u1ebft b\u1ecb, \u0111\u1ea3m b\u1ea3o kh\u00e1ch h\u00e0ng c\u00f3 th\u1ec3 truy c\u1eadp v\u00e0 tr\u1ea3i nghi\u1ec7m m\u1ed9t c\u00e1ch thu\u1eadn ti\u1ec7n. S\u1eed d\u1ee5ng m\u00e3 ngu\u1ed3n Wordpress v\u1edbi Theme Flatsome v\u00e0 UX Builder, ch\u00fang t\u00f4i \u0111\u1ea3m b\u1ea3o t\u00ednh t\u00f9y bi\u1ebfn cao v\u00e0 d\u1ec5 d\u00e0ng c\u1eadp nh\u1eadt n\u1ed9i dung. T\u1ed1c \u0111\u1ed9 t\u1ea3i trang nhanh c\u0169ng l\u00e0 m\u1ed9t \u0111i\u1ec3m \u0111\u00e1ng ch\u00fa \u00fd, gi\u00fap t\u0103ng tr\u1ea3i nghi\u1ec7m c\u1ee7a ng\u01b0\u1eddi d\u00f9ng.&#8221;<\/p>\n","protected":false},"featured_media":8762,"comment_status":"open","ping_status":"closed","template":"","meta":[],"product_cat":[16],"product_tag":[],"class_list":{"0":"post-8761","1":"product","2":"type-product","3":"status-publish","4":"has-post-thumbnail","6":"product_cat-tat-ca","8":"first","9":"instock","10":"shipping-taxable","11":"product-type-external"},"_links":{"self":[{"href":"https:\/\/ladigi.vn\/thiet-ke-website\/wp-json\/wp\/v2\/product\/8761","targetHints":{"allow":["GET"]}}],"collection":[{"href":"https:\/\/ladigi.vn\/thiet-ke-website\/wp-json\/wp\/v2\/product"}],"about":[{"href":"https:\/\/ladigi.vn\/thiet-ke-website\/wp-json\/wp\/v2\/types\/product"}],"replies":[{"embeddable":true,"href":"https:\/\/ladigi.vn\/thiet-ke-website\/wp-json\/wp\/v2\/comments?post=8761"}],"wp:featuredmedia":[{"embeddable":true,"href":"https:\/\/ladigi.vn\/thiet-ke-website\/wp-json\/wp\/v2\/media\/8762"}],"wp:attachment":[{"href":"https:\/\/ladigi.vn\/thiet-ke-website\/wp-json\/wp\/v2\/media?parent=8761"}],"wp:term":[{"taxonomy":"product_cat","embeddable":true,"href":"https:\/\/ladigi.vn\/thiet-ke-website\/wp-json\/wp\/v2\/product_cat?post=8761"},{"taxonomy":"product_tag","embeddable":true,"href":"https:\/\/ladigi.vn\/thiet-ke-website\/wp-json\/wp\/v2\/product_tag?post=8761"}],"curies":[{"name":"wp","href":"https:\/\/api.w.org\/{rel}","templated":true}]}}