{"id":8782,"date":"2025-01-12T13:37:35","date_gmt":"2025-01-12T06:37:35","guid":{"rendered":"https:\/\/ladigi.vn\/thiet-ke-website\/?post_type=product&#038;p=8782"},"modified":"2025-01-12T13:39:16","modified_gmt":"2025-01-12T06:39:16","slug":"theme-wordpress-noi-that-37","status":"publish","type":"product","link":"https:\/\/ladigi.vn\/thiet-ke-website\/mau-web\/theme-wordpress-noi-that-37\/","title":{"rendered":"N\u1ed9i th\u1ea5t"},"content":{"rendered":"<h1>\n Thi\u1ebft k\u1ebf website Theme wordpress n\u1ed9i th\u1ea5t 37 &#8211; S\u1ef1 l\u1ef1a ch\u1ecdn ho\u00e0n h\u1ea3o cho kh\u00f4ng gian s\u1ed1ng c\u1ee7a b\u1ea1n<br \/>\n<\/h1>\n<p>\n B\u1ea1n \u0111ang t\u00ecm ki\u1ebfm m\u1ed9t giao di\u1ec7n website \u0111\u1eb9p, chuy\u00ean nghi\u1ec7p v\u00e0 d\u1ec5 s\u1eed d\u1ee5ng \u0111\u1ec3 qu\u1ea3ng b\u00e1 s\u1ea3n ph\u1ea9m n\u1ed9i th\u1ea5t c\u1ee7a m\u00ecnh? V\u1eady th\u00ec \u0111\u1eebng b\u1ecf qua d\u1ecbch v\u1ee5 thi\u1ebft k\u1ebf website Theme wordpress n\u1ed9i th\u1ea5t 37 c\u1ee7a ch\u00fang t\u00f4i.\n<\/p>\n<p>\n V\u1edbi giao di\u1ec7n \u0111\u01b0\u1ee3c thi\u1ebft k\u1ebf tinh t\u1ebf v\u00e0 \u0111\u1ea7y s\u00e1ng t\u1ea1o, ch\u00fang t\u00f4i cam k\u1ebft s\u1ebd mang \u0111\u1ebfn cho b\u1ea1n m\u1ed9t website v\u00f4 c\u00f9ng \u1ea5n t\u01b0\u1ee3ng v\u00e0 chuy\u00ean nghi\u1ec7p. Giao di\u1ec7n \u0111\u01b0\u1ee3c t\u1ed1i \u01b0u h\u00f3a \u0111\u1ec3 hi\u1ec3n th\u1ecb t\u1ed1t tr\u00ean m\u1ecdi thi\u1ebft b\u1ecb, t\u1eeb m\u00e1y t\u00ednh \u0111\u1ec3 b\u00e0n cho \u0111\u1ebfn \u0111i\u1ec7n tho\u1ea1i di \u0111\u1ed9ng, gi\u00fap kh\u00e1ch h\u00e0ng d\u1ec5 d\u00e0ng truy c\u1eadp v\u00e0 tr\u1ea3i nghi\u1ec7m s\u1ea3n ph\u1ea9m c\u1ee7a b\u1ea1n m\u1ed9t c\u00e1ch thu\u1eadn ti\u1ec7n nh\u1ea5t.\n<\/p>\n<p>\n Ch\u00fang t\u00f4i s\u1eed d\u1ee5ng m\u00e3 ngu\u1ed3n WordPress v\u1edbi Theme Flatsome v\u00e0 UX Builder \u0111\u1ec3 thi\u1ebft k\u1ebf website, \u0111\u1ea3m b\u1ea3o t\u00ednh t\u01b0\u01a1ng th\u00edch cao v\u00e0 d\u1ec5 d\u00e0ng t\u00f9y bi\u1ebfn theo \u00fd mu\u1ed1n c\u1ee7a b\u1ea1n. \u0110\u1ed3ng th\u1eddi, \u0111\u1ed9i ng\u0169 nh\u00e2n vi\u00ean gi\u00e0u kinh nghi\u1ec7m v\u00e0 t\u00e0i n\u0103ng c\u1ee7a ch\u00fang t\u00f4i s\u1ebd \u0111\u1ea3m b\u1ea3o s\u1ef1 chuy\u00ean nghi\u1ec7p v\u00e0 \u0111\u1ed9c \u0111\u00e1o cho website c\u1ee7a b\u1ea1n.\n<\/p>\n<p>\n Kh\u00f4ng ch\u1ec9 \u0111\u1eb9p m\u1eaft v\u00e0 chuy\u00ean nghi\u1ec7p, giao di\u1ec7n website Theme wordpress n\u1ed9i th\u1ea5t 37 c\u00f2n \u0111\u01b0\u1ee3c t\u1ed1i \u01b0u h\u00f3a \u0111\u1ec3 t\u0103ng t\u1ed1c \u0111\u1ed9 t\u1ea3i trang, gi\u00fap kh\u00e1ch h\u00e0ng c\u00f3 tr\u1ea3i nghi\u1ec7m t\u1ed1t h\u01a1n v\u00e0 t\u0103ng c\u01b0\u1eddng \u0111\u1ed9 tin c\u1eady \u0111\u1ed1i v\u1edbi s\u1ea3n ph\u1ea9m c\u1ee7a b\u1ea1n.\n<\/p>\n<p>\n \u0110\u1ec3 tr\u1ea3i nghi\u1ec7m v\u00e0 t\u00ecm hi\u1ec3u th\u00eam v\u1ec1 d\u1ecbch v\u1ee5 thi\u1ebft k\u1ebf website Theme wordpress n\u1ed9i th\u1ea5t 37, h\u00e3y li\u00ean h\u1ec7 v\u1edbi ch\u00fang t\u00f4i ngay h\u00f4m nay. V\u1edbi \u0111\u1ed9i ng\u0169 nh\u00e2n vi\u00ean t\u1eadn t\u00e2m v\u00e0 chuy\u00ean nghi\u1ec7p, ch\u00fang t\u00f4i cam k\u1ebft s\u1ebd mang \u0111\u1ebfn cho b\u1ea1n m\u1ed9t website ho\u00e0n h\u1ea3o v\u00e0 \u0111\u00e1p \u1ee9ng m\u1ecdi nhu c\u1ea7u c\u1ee7a b\u1ea1n.\n<\/p>\n<p>\n \u0110\u01a1n v\u1ecb cung c\u1ea5p gi\u1ea3i ph\u00e1p website LADIGI &#8211; LADIGI Agency ch\u00ednh l\u00e0 \u0111\u01a1n v\u1ecb s\u1ebd gi\u00fap b\u1ea1n th\u1ef1c hi\u1ec7n \u0111\u01b0\u1ee3c \u0111i\u1ec1u \u0111\u00f3. V\u1edbi nhi\u1ec1u n\u0103m kinh nghi\u1ec7m trong l\u0129nh v\u1ef1c thi\u1ebft k\u1ebf website v\u00e0 \u0111\u1ed9i ng\u0169 nh\u00e2n vi\u00ean gi\u00e0u kinh nghi\u1ec7m, ch\u00fang t\u00f4i cam k\u1ebft s\u1ebd mang \u0111\u1ebfn cho b\u1ea1n m\u1ed9t website ho\u00e0n h\u1ea3o v\u00e0 \u0111\u00e1p \u1ee9ng m\u1ecdi nhu c\u1ea7u c\u1ee7a b\u1ea1n.\n<\/p>\n<p>\n Li\u00ean h\u1ec7 v\u1edbi ch\u00fang t\u00f4i ngay h\u00f4m nay \u0111\u1ec3 \u0111\u01b0\u1ee3c t\u01b0 v\u1ea5n v\u00e0 b\u00e1o gi\u00e1 d\u1ecbch v\u1ee5 thi\u1ebft k\u1ebf website Theme wordpress n\u1ed9i th\u1ea5t 37. Ch\u00fang t\u00f4i lu\u00f4n s\u1eb5n s\u00e0ng \u0111\u1ed3ng h\u00e0nh c\u00f9ng b\u1ea1n tr\u00ean con \u0111\u01b0\u1eddng ph\u00e1t tri\u1ec3n kinh doanh.<br \/>\n <a href=\"https:\/\/ladigi.vn\/thiet-ke-website\/\"><br \/>\n  \u0110\u01a1n v\u1ecb cung c\u1ea5p gi\u1ea3i ph\u00e1p website LADIGI<br \/>\n <\/a><br \/>\n &#8211; s\u1ef1 l\u1ef1a ch\u1ecdn t\u1ed1i \u01b0u cho th\u00e0nh c\u00f4ng c\u1ee7a b\u1ea1n!<\/p>\n","protected":false},"excerpt":{"rendered":"<p>D\u1ecbch v\u1ee5 Thi\u1ebft k\u1ebf website Theme wordpress n\u1ed9i th\u1ea5t 37 mang \u0111\u1ebfn cho kh\u00e1ch h\u00e0ng m\u1ed9t giao di\u1ec7n web \u0111\u1eb9p v\u00e0 chuy\u00ean nghi\u1ec7p, v\u1edbi thi\u1ebft k\u1ebf d\u1ec5 s\u1eed d\u1ee5ng tr\u00ean m\u1ecdi thi\u1ebft b\u1ecb. S\u1eed d\u1ee5ng m\u00e3 ngu\u1ed3n Wordpress v\u1edbi Theme Flatsome v\u00e0 UX Builder d\u1ec5 t\u00f9y bi\u1ebfn, gi\u00fap t\u1ea1o n\u00ean m\u1ed9t website \u0111\u1ed9c \u0111\u00e1o v\u00e0 ph\u00f9 h\u1ee3p v\u1edbi nhu c\u1ea7u c\u1ee7a kh\u00e1ch h\u00e0ng. \u0110\u1eb7c bi\u1ec7t, t\u1ed1c \u0111\u1ed9 t\u1ea3i trang nhanh gi\u00fap c\u1ea3i thi\u1ec7n tr\u1ea3i nghi\u1ec7m c\u1ee7a ng\u01b0\u1eddi d\u00f9ng v\u00e0 t\u0103ng t\u00ednh th\u1ea9m m\u1ef9 cho website.<\/p>\n","protected":false},"featured_media":8783,"comment_status":"open","ping_status":"closed","template":"","meta":[],"product_cat":[16],"product_tag":[],"class_list":{"0":"post-8782","1":"product","2":"type-product","3":"status-publish","4":"has-post-thumbnail","6":"product_cat-tat-ca","8":"first","9":"instock","10":"shipping-taxable","11":"product-type-external"},"_links":{"self":[{"href":"https:\/\/ladigi.vn\/thiet-ke-website\/wp-json\/wp\/v2\/product\/8782","targetHints":{"allow":["GET"]}}],"collection":[{"href":"https:\/\/ladigi.vn\/thiet-ke-website\/wp-json\/wp\/v2\/product"}],"about":[{"href":"https:\/\/ladigi.vn\/thiet-ke-website\/wp-json\/wp\/v2\/types\/product"}],"replies":[{"embeddable":true,"href":"https:\/\/ladigi.vn\/thiet-ke-website\/wp-json\/wp\/v2\/comments?post=8782"}],"wp:featuredmedia":[{"embeddable":true,"href":"https:\/\/ladigi.vn\/thiet-ke-website\/wp-json\/wp\/v2\/media\/8783"}],"wp:attachment":[{"href":"https:\/\/ladigi.vn\/thiet-ke-website\/wp-json\/wp\/v2\/media?parent=8782"}],"wp:term":[{"taxonomy":"product_cat","embeddable":true,"href":"https:\/\/ladigi.vn\/thiet-ke-website\/wp-json\/wp\/v2\/product_cat?post=8782"},{"taxonomy":"product_tag","embeddable":true,"href":"https:\/\/ladigi.vn\/thiet-ke-website\/wp-json\/wp\/v2\/product_tag?post=8782"}],"curies":[{"name":"wp","href":"https:\/\/api.w.org\/{rel}","templated":true}]}}