{"id":8790,"date":"2025-01-12T13:30:18","date_gmt":"2025-01-12T06:30:18","guid":{"rendered":"https:\/\/ladigi.vn\/thiet-ke-website\/?post_type=product&#038;p=8790"},"modified":"2025-01-12T13:31:57","modified_gmt":"2025-01-12T06:31:57","slug":"theme-wordpress-noi-that-34","status":"publish","type":"product","link":"https:\/\/ladigi.vn\/thiet-ke-website\/mau-web\/theme-wordpress-noi-that-34\/","title":{"rendered":"N\u1ed9i th\u1ea5t"},"content":{"rendered":"<p>\n Ch\u00e0o m\u1eebng \u0111\u1ebfn v\u1edbi LADIGI Agency &#8211; \u0111\u01a1n v\u1ecb thi\u1ebft k\u1ebf website chuy\u00ean nghi\u1ec7p v\u00e0 uy t\u00edn h\u00e0ng \u0111\u1ea7u t\u1ea1i Vi\u1ec7t Nam!\n<\/p>\n<p>\n B\u1ea1n \u0111ang c\u00f3 nhu c\u1ea7u t\u00ecm ki\u1ebfm m\u1ed9t giao di\u1ec7n website \u0111\u1eb9p, chuy\u00ean nghi\u1ec7p v\u00e0 d\u1ec5 s\u1eed d\u1ee5ng cho n\u1ed9i th\u1ea5t c\u1ee7a m\u00ecnh? V\u1eady th\u00ec h\u00e3y \u0111\u1ec3 LADIGI Agency gi\u00fap b\u1ea1n! Ch\u00fang t\u00f4i t\u1ef1 h\u00e0o l\u00e0 \u0111\u01a1n v\u1ecb cung c\u1ea5p d\u1ecbch v\u1ee5 thi\u1ebft k\u1ebf website v\u1edbi giao di\u1ec7n \u0111\u1eb9p v\u00e0 ch\u1ea5t l\u01b0\u1ee3ng nh\u1ea5t tr\u00ean th\u1ecb tr\u01b0\u1eddng.\n<\/p>\n<p>\n V\u1edbi s\u1ef1 ph\u00e1t tri\u1ec3n kh\u00f4ng ng\u1eebng c\u1ee7a c\u00f4ng ngh\u1ec7, vi\u1ec7c t\u1ea1o ra m\u1ed9t website t\u01b0\u01a1ng th\u00edch tr\u00ean m\u1ecdi thi\u1ebft b\u1ecb \u0111\u00e3 tr\u1edf n\u00ean c\u1ef1c k\u1ef3 quan tr\u1ecdng. V\u00ec v\u1eady, ch\u00fang t\u00f4i s\u1eed d\u1ee5ng m\u00e3 ngu\u1ed3n WordPress v\u1edbi Theme Flatsome v\u00e0 UX Builder \u0111\u1ec3 \u0111\u1ea3m b\u1ea3o giao di\u1ec7n website c\u1ee7a b\u1ea1n s\u1ebd hi\u1ec3n th\u1ecb ho\u00e0n h\u1ea3o tr\u00ean m\u1ecdi lo\u1ea1i thi\u1ebft b\u1ecb, t\u1eeb m\u00e1y t\u00ednh \u0111\u1ec3 b\u00e0n \u0111\u1ebfn \u0111i\u1ec7n tho\u1ea1i di \u0111\u1ed9ng.\n<\/p>\n<p>\n Kh\u00f4ng ch\u1ec9 \u0111\u1eb9p m\u1eaft v\u00e0 d\u1ec5 s\u1eed d\u1ee5ng, giao di\u1ec7n website c\u1ee7a ch\u00fang t\u00f4i c\u00f2n \u0111\u01b0\u1ee3c t\u1ed1i \u01b0u h\u00f3a \u0111\u1ec3 t\u0103ng t\u1ed1c \u0111\u1ed9 t\u1ea3i trang nhanh ch\u00f3ng. \u0110i\u1ec1u n\u00e0y s\u1ebd gi\u00fap ng\u01b0\u1eddi d\u00f9ng tr\u1ea3i nghi\u1ec7m website c\u1ee7a b\u1ea1n m\u1ed9t c\u00e1ch m\u01b0\u1ee3t m\u00e0 v\u00e0 kh\u00f4ng b\u1ecb gi\u00e1n \u0111o\u1ea1n.\n<\/p>\n<p>\n V\u1edbi \u0111\u1ed9i ng\u0169 nh\u00e2n vi\u00ean gi\u00e0u kinh nghi\u1ec7m v\u00e0 t\u1eadn t\u00e2m, ch\u00fang t\u00f4i cam k\u1ebft s\u1ebd mang \u0111\u1ebfn cho b\u1ea1n m\u1ed9t giao di\u1ec7n website \u0111\u1eb9p v\u00e0 chuy\u00ean nghi\u1ec7p nh\u1ea5t. \u0110\u1ed3ng th\u1eddi, ch\u00fang t\u00f4i c\u0169ng cam k\u1ebft s\u1ebd h\u1ed7 tr\u1ee3 b\u1ea1n trong qu\u00e1 tr\u00ecnh t\u00f9y bi\u1ebfn v\u00e0 duy tr\u00ec website c\u1ee7a m\u00ecnh.\n<\/p>\n<p>\n H\u00e3y \u0111\u1ec3 LADIGI Agency tr\u1edf th\u00e0nh \u0111\u1ed1i t\u00e1c \u0111\u00e1ng tin c\u1eady c\u1ee7a b\u1ea1n trong vi\u1ec7c thi\u1ebft k\u1ebf giao di\u1ec7n website. \u0110\u1ec3 bi\u1ebft th\u00eam th\u00f4ng tin chi ti\u1ebft v\u00e0 nh\u1eadn b\u00e1o gi\u00e1, vui l\u00f2ng truy c\u1eadp<br \/>\n <a href=\"https:\/\/ladigi.vn\/thiet-ke-website\/\"><br \/>\n  Thi\u1ebft k\u1ebf giao di\u1ec7n website<br \/>\n <\/a><br \/>\n .\n<\/p>\n<p>\n H\u00e3y \u0111\u1ec3 ch\u00fang t\u00f4i gi\u00fap b\u1ea1n \u0111\u01b0a th\u01b0\u01a1ng hi\u1ec7u c\u1ee7a m\u00ecnh \u0111\u1ebfn g\u1ea7n h\u01a1n v\u1edbi kh\u00e1ch h\u00e0ng th\u00f4ng qua m\u1ed9t giao di\u1ec7n website chuy\u00ean nghi\u1ec7p v\u00e0 \u0111\u1eb9p m\u1eaft!<\/p>\n","protected":false},"excerpt":{"rendered":"<p>D\u1ecbch v\u1ee5 thi\u1ebft k\u1ebf website Theme wordpress n\u1ed9i th\u1ea5t 34 mang \u0111\u1ebfn cho kh\u00e1ch h\u00e0ng m\u1ed9t trang web v\u1edbi giao di\u1ec7n \u0111\u1eb9p, chuy\u00ean nghi\u1ec7p v\u00e0 d\u1ec5 s\u1eed d\u1ee5ng. V\u1edbi t\u00ednh n\u0103ng t\u01b0\u01a1ng th\u00edch tr\u00ean m\u1ecdi thi\u1ebft b\u1ecb, kh\u00e1ch h\u00e0ng c\u00f3 th\u1ec3 d\u1ec5 d\u00e0ng tr\u1ea3i nghi\u1ec7m trang web tr\u00ean \u0111i\u1ec7n tho\u1ea1i, m\u00e1y t\u00ednh b\u1ea3ng hay m\u00e1y t\u00ednh \u0111\u1ec3 b\u00e0n. M\u00e3 ngu\u1ed3n Wordpress \u0111\u01b0\u1ee3c s\u1eed d\u1ee5ng v\u1edbi Theme Flatsome v\u00e0 UX Builder, cho ph\u00e9p t\u00f9y bi\u1ebfn n\u1ed9i dung d\u1ec5 d\u00e0ng. \u0110i\u1ec3m \u0111\u1eb7c bi\u1ec7t c\u1ee7a d\u1ecbch v\u1ee5 n\u00e0y l\u00e0 t\u1ed1c \u0111\u1ed9 t\u1ea3i trang nhanh, gi\u00fap kh\u00e1ch h\u00e0ng tr\u1ea3i nghi\u1ec7m trang web m\u1ed9t c\u00e1ch m\u01b0\u1ee3t m\u00e0 v\u00e0 hi\u1ec7u qu\u1ea3.<\/p>\n","protected":false},"featured_media":8791,"comment_status":"open","ping_status":"closed","template":"","meta":[],"product_cat":[16],"product_tag":[],"class_list":{"0":"post-8790","1":"product","2":"type-product","3":"status-publish","4":"has-post-thumbnail","6":"product_cat-tat-ca","8":"first","9":"instock","10":"shipping-taxable","11":"product-type-external"},"_links":{"self":[{"href":"https:\/\/ladigi.vn\/thiet-ke-website\/wp-json\/wp\/v2\/product\/8790","targetHints":{"allow":["GET"]}}],"collection":[{"href":"https:\/\/ladigi.vn\/thiet-ke-website\/wp-json\/wp\/v2\/product"}],"about":[{"href":"https:\/\/ladigi.vn\/thiet-ke-website\/wp-json\/wp\/v2\/types\/product"}],"replies":[{"embeddable":true,"href":"https:\/\/ladigi.vn\/thiet-ke-website\/wp-json\/wp\/v2\/comments?post=8790"}],"wp:featuredmedia":[{"embeddable":true,"href":"https:\/\/ladigi.vn\/thiet-ke-website\/wp-json\/wp\/v2\/media\/8791"}],"wp:attachment":[{"href":"https:\/\/ladigi.vn\/thiet-ke-website\/wp-json\/wp\/v2\/media?parent=8790"}],"wp:term":[{"taxonomy":"product_cat","embeddable":true,"href":"https:\/\/ladigi.vn\/thiet-ke-website\/wp-json\/wp\/v2\/product_cat?post=8790"},{"taxonomy":"product_tag","embeddable":true,"href":"https:\/\/ladigi.vn\/thiet-ke-website\/wp-json\/wp\/v2\/product_tag?post=8790"}],"curies":[{"name":"wp","href":"https:\/\/api.w.org\/{rel}","templated":true}]}}