{"id":8798,"date":"2025-01-12T13:25:28","date_gmt":"2025-01-12T06:25:28","guid":{"rendered":"https:\/\/ladigi.vn\/thiet-ke-website\/?post_type=product&#038;p=8798"},"modified":"2025-01-12T13:27:08","modified_gmt":"2025-01-12T06:27:08","slug":"theme-wordpress-noi-that-32","status":"publish","type":"product","link":"https:\/\/ladigi.vn\/thiet-ke-website\/mau-web\/theme-wordpress-noi-that-32\/","title":{"rendered":"N\u1ed9i th\u1ea5t"},"content":{"rendered":"<p>\n Ch\u00e0o m\u1ecdi ng\u01b0\u1eddi,\n<\/p>\n<p>\n B\u1ea1n \u0111ang c\u00f3 nhu c\u1ea7u thi\u1ebft k\u1ebf website cho d\u1ecbch v\u1ee5 n\u1ed9i th\u1ea5t c\u1ee7a m\u00ecnh? B\u1ea1n mu\u1ed1n c\u00f3 m\u1ed9t giao di\u1ec7n web \u0111\u1eb9p, chuy\u00ean nghi\u1ec7p v\u00e0 d\u1ec5 s\u1eed d\u1ee5ng \u0111\u1ec3 thu h\u00fat kh\u00e1ch h\u00e0ng? H\u00e3y \u0111\u1ebfn v\u1edbi LADIGI Agency &#8211; \u0111\u01a1n v\u1ecb thi\u1ebft k\u1ebf website chuy\u00ean nghi\u1ec7p v\u00e0 uy t\u00edn.\n<\/p>\n<p>\n V\u1edbi kinh nghi\u1ec7m nhi\u1ec1u n\u0103m trong l\u0129nh v\u1ef1c thi\u1ebft k\u1ebf website, ch\u00fang t\u00f4i t\u1ef1 h\u00e0o mang \u0111\u1ebfn cho b\u1ea1n d\u1ecbch v\u1ee5 thi\u1ebft k\u1ebf website Theme wordpress n\u1ed9i th\u1ea5t 32 \u0111\u1eb9p v\u00e0 ch\u1ea5t l\u01b0\u1ee3ng nh\u1ea5t. Giao di\u1ec7n web \u0111\u01b0\u1ee3c thi\u1ebft k\u1ebf theo phong c\u00e1ch hi\u1ec7n \u0111\u1ea1i, tinh t\u1ebf v\u00e0 \u0111\u1ea7y s\u00e1ng t\u1ea1o, gi\u00fap n\u1ed5i b\u1eadt h\u01a1n trong \u0111\u00e1m \u0111\u00f4ng v\u00e0 thu h\u00fat s\u1ef1 quan t\u00e2m c\u1ee7a kh\u00e1ch h\u00e0ng.\n<\/p>\n<p>\n \u0110\u1eb7c bi\u1ec7t, website c\u1ee7a b\u1ea1n s\u1ebd \u0111\u01b0\u1ee3c t\u1ed1i \u01b0u h\u00f3a \u0111\u1ec3 t\u01b0\u01a1ng th\u00edch tr\u00ean m\u1ecdi thi\u1ebft b\u1ecb, t\u1eeb m\u00e1y t\u00ednh \u0111\u1ec3 b\u00e0n, laptop, \u0111\u1ebfn \u0111i\u1ec7n tho\u1ea1i di \u0111\u1ed9ng v\u00e0 m\u00e1y t\u00ednh b\u1ea3ng. \u0110i\u1ec1u n\u00e0y gi\u00fap b\u1ea1n ti\u1ebfp c\u1eadn \u0111\u01b0\u1ee3c \u0111a d\u1ea1ng kh\u00e1ch h\u00e0ng v\u00e0 t\u0103ng c\u01a1 h\u1ed9i kinh doanh.\n<\/p>\n<p>\n M\u00e3 ngu\u1ed3n WordPress v\u1edbi Theme Flatsome v\u00e0 UX Builder \u0111\u01b0\u1ee3c s\u1eed d\u1ee5ng \u0111\u1ec3 thi\u1ebft k\u1ebf website, gi\u00fap cho vi\u1ec7c t\u00f9y bi\u1ebfn v\u00e0 qu\u1ea3n l\u00fd n\u1ed9i dung tr\u1edf n\u00ean d\u1ec5 d\u00e0ng v\u00e0 thu\u1eadn ti\u1ec7n h\u01a1n bao gi\u1edd h\u1ebft. B\u1ea1n c\u00f3 th\u1ec3 d\u1ec5 d\u00e0ng thay \u0111\u1ed5i giao di\u1ec7n, c\u1eadp nh\u1eadt th\u00f4ng tin s\u1ea3n ph\u1ea9m v\u00e0 d\u1ecbch v\u1ee5 m\u1ed9t c\u00e1ch nhanh ch\u00f3ng v\u00e0 hi\u1ec7u qu\u1ea3.\n<\/p>\n<p>\n Ngo\u00e0i ra, website c\u1ee7a b\u1ea1n c\u00f2n \u0111\u01b0\u1ee3c \u0111\u1ea3m b\u1ea3o t\u1ed1c \u0111\u1ed9 t\u1ea3i trang nhanh, gi\u00fap kh\u00e1ch h\u00e0ng tr\u1ea3i nghi\u1ec7m m\u1ed9t c\u00e1ch thu\u1eadn ti\u1ec7n v\u00e0 kh\u00f4ng b\u1ecb gi\u00e1n \u0111o\u1ea1n trong qu\u00e1 tr\u00ecnh duy\u1ec7t web. \u0110i\u1ec1u n\u00e0y c\u0169ng gi\u00fap t\u0103ng \u0111\u1ed9 tin c\u1eady v\u00e0 chuy\u00ean nghi\u1ec7p c\u1ee7a doanh nghi\u1ec7p b\u1ea1n trong m\u1eaft kh\u00e1ch h\u00e0ng.\n<\/p>\n<p>\n V\u1edbi \u0111\u01a1n v\u1ecb thi\u1ebft k\u1ebf website LADIGI, b\u1ea1n s\u1ebd \u0111\u01b0\u1ee3c h\u01b0\u1edfng m\u1ed9t d\u1ecbch v\u1ee5 tr\u1ecdn g\u00f3i v\u00e0 chuy\u00ean nghi\u1ec7p. Ch\u00fang t\u00f4i cam k\u1ebft s\u1ebd \u0111em \u0111\u1ebfn cho b\u1ea1n m\u1ed9t website ho\u00e0n h\u1ea3o v\u00e0 \u0111\u00e1p \u1ee9ng \u0111\u1ea7y \u0111\u1ee7 c\u00e1c y\u00eau c\u1ea7u c\u1ee7a b\u1ea1n.\n<\/p>\n<p>\n N\u1ebfu b\u1ea1n \u0111ang c\u00f3 nhu c\u1ea7u thi\u1ebft k\u1ebf website cho d\u1ecbch v\u1ee5 n\u1ed9i th\u1ea5t c\u1ee7a m\u00ecnh, h\u00e3y \u0111\u1ebfn v\u1edbi LADIGI Agency v\u00e0 tr\u1ea3i nghi\u1ec7m d\u1ecbch v\u1ee5 thi\u1ebft k\u1ebf website tr\u1ecdn g\u00f3i c\u1ee7a ch\u00fang t\u00f4i. \u0110\u1ec3 bi\u1ebft th\u00eam th\u00f4ng tin chi ti\u1ebft, vui l\u00f2ng truy c\u1eadp<br \/>\n <a href=\"https:\/\/ladigi.vn\/thiet-ke-website\/\"><br \/>\n  Thi\u1ebft k\u1ebf website tr\u1ecdn g\u00f3i<br \/>\n <\/a><br \/>\n .\n<\/p>\n<p>\n H\u00e3y \u0111\u1ec3 ch\u00fang t\u00f4i gi\u00fap b\u1ea1n t\u1ea1o n\u00ean m\u1ed9t website chuy\u00ean nghi\u1ec7p v\u00e0 hi\u1ec7u qu\u1ea3 cho doanh nghi\u1ec7p c\u1ee7a b\u1ea1n!<\/p>\n","protected":false},"excerpt":{"rendered":"<p>D\u1ecbch v\u1ee5 Thi\u1ebft k\u1ebf website Theme wordpress n\u1ed9i th\u1ea5t 32 mang \u0111\u1ebfn cho kh\u00e1ch h\u00e0ng m\u1ed9t trang web v\u1edbi giao di\u1ec7n \u0111\u1eb9p, chuy\u00ean nghi\u1ec7p v\u00e0 d\u1ec5 s\u1eed d\u1ee5ng. V\u1edbi t\u00ednh n\u0103ng t\u01b0\u01a1ng th\u00edch tr\u00ean m\u1ecdi thi\u1ebft b\u1ecb, ng\u01b0\u1eddi d\u00f9ng c\u00f3 th\u1ec3 truy c\u1eadp v\u00e0 tr\u1ea3i nghi\u1ec7m trang web m\u1ed9t c\u00e1ch thu\u1eadn ti\u1ec7n. S\u1eed d\u1ee5ng m\u00e3 ngu\u1ed3n Wordpress v\u1edbi Theme Flatsome v\u00e0 UX Builder, kh\u00e1ch h\u00e0ng c\u00f3 th\u1ec3 d\u1ec5 d\u00e0ng t\u00f9y bi\u1ebfn trang web theo \u00fd mu\u1ed1n c\u1ee7a m\u00ecnh. \u0110\u1eb7c bi\u1ec7t, t\u1ed1c \u0111\u1ed9 t\u1ea3i trang nhanh gi\u00fap ng\u01b0\u1eddi d\u00f9ng c\u00f3 tr\u1ea3i nghi\u1ec7m trang web m\u01b0\u1ee3t m\u00e0 v\u00e0 ti\u1ebft ki\u1ec7m th\u1eddi gian.<\/p>\n","protected":false},"featured_media":8799,"comment_status":"open","ping_status":"closed","template":"","meta":[],"product_cat":[16],"product_tag":[],"class_list":{"0":"post-8798","1":"product","2":"type-product","3":"status-publish","4":"has-post-thumbnail","6":"product_cat-tat-ca","8":"first","9":"instock","10":"shipping-taxable","11":"product-type-external"},"_links":{"self":[{"href":"https:\/\/ladigi.vn\/thiet-ke-website\/wp-json\/wp\/v2\/product\/8798","targetHints":{"allow":["GET"]}}],"collection":[{"href":"https:\/\/ladigi.vn\/thiet-ke-website\/wp-json\/wp\/v2\/product"}],"about":[{"href":"https:\/\/ladigi.vn\/thiet-ke-website\/wp-json\/wp\/v2\/types\/product"}],"replies":[{"embeddable":true,"href":"https:\/\/ladigi.vn\/thiet-ke-website\/wp-json\/wp\/v2\/comments?post=8798"}],"wp:featuredmedia":[{"embeddable":true,"href":"https:\/\/ladigi.vn\/thiet-ke-website\/wp-json\/wp\/v2\/media\/8799"}],"wp:attachment":[{"href":"https:\/\/ladigi.vn\/thiet-ke-website\/wp-json\/wp\/v2\/media?parent=8798"}],"wp:term":[{"taxonomy":"product_cat","embeddable":true,"href":"https:\/\/ladigi.vn\/thiet-ke-website\/wp-json\/wp\/v2\/product_cat?post=8798"},{"taxonomy":"product_tag","embeddable":true,"href":"https:\/\/ladigi.vn\/thiet-ke-website\/wp-json\/wp\/v2\/product_tag?post=8798"}],"curies":[{"name":"wp","href":"https:\/\/api.w.org\/{rel}","templated":true}]}}