{"id":8838,"date":"2025-01-10T17:34:48","date_gmt":"2025-01-10T10:34:48","guid":{"rendered":"https:\/\/ladigi.vn\/thiet-ke-website\/?post_type=product&#038;p=8838"},"modified":"2025-01-12T19:50:21","modified_gmt":"2025-01-12T12:50:21","slug":"theme-wordpress-ban-do-trang-tri-sinh-nhat-tiec-cuoi-party","status":"publish","type":"product","link":"https:\/\/ladigi.vn\/thiet-ke-website\/mau-web\/theme-wordpress-ban-do-trang-tri-sinh-nhat-tiec-cuoi-party\/","title":{"rendered":"\u0110\u1ed3 trang tr\u00ed ti\u1ec7c"},"content":{"rendered":"<h1>\n D\u1ecbch V\u1ee5 Thi\u1ebft K\u1ebf Website Theme WordPress B\u00e1n \u0110\u1ed3 Trang Tr\u00ed Sinh Nh\u1eadt, Ti\u1ec7c C\u01b0\u1edbi, Party<br \/>\n<\/h1>\n<p>\n Khi b\u1ea1n mu\u1ed1n t\u1ea1o d\u1ef1ng m\u1ed9t c\u1eeda h\u00e0ng tr\u1ef1c tuy\u1ebfn \u0111\u1ec3 kinh doanh \u0111\u1ed3 trang tr\u00ed cho sinh nh\u1eadt, ti\u1ec7c c\u01b0\u1edbi, hay c\u00e1c b\u1eefa ti\u1ec7c \u0111\u1eb7c bi\u1ec7t, m\u1ed9t website chuy\u00ean nghi\u1ec7p l\u00e0 \u0111i\u1ec1u c\u1ea7n thi\u1ebft. Ch\u00fang t\u00f4i t\u1ef1 h\u00e0o gi\u1edbi thi\u1ec7u d\u1ecbch v\u1ee5 thi\u1ebft k\u1ebf website \u0111\u1eb7c bi\u1ec7t cho l\u0129nh v\u1ef1c n\u00e0y v\u1edbi nh\u1eefng \u01b0u \u0111i\u1ec3m v\u01b0\u1ee3t tr\u1ed9i:\n<\/p>\n<h2>\n Giao Di\u1ec7n \u0110\u1eb9p, Chuy\u00ean Nghi\u1ec7p, D\u1ec5 S\u1eed D\u1ee5ng<br \/>\n<\/h2>\n<p>\n Giao di\u1ec7n website \u0111\u01b0\u1ee3c ch\u00fang t\u00f4i thi\u1ebft k\u1ebf m\u1ed9t c\u00e1ch tinh t\u1ebf, mang l\u1ea1i c\u1ea3m gi\u00e1c th\u00e2n thi\u1ec7n v\u00e0 chuy\u00ean nghi\u1ec7p. V\u1edbi b\u1ed1 c\u1ee5c h\u1ee3p l\u00fd v\u00e0 c\u00e1c ph\u1ea7n t\u1eed tr\u1ef1c quan, kh\u00e1ch h\u00e0ng s\u1ebd d\u1ec5 d\u00e0ng t\u00ecm th\u1ea5y th\u00f4ng tin m\u00e0 h\u1ecd c\u1ea7n ngay t\u1eeb l\u1ea7n truy c\u1eadp \u0111\u1ea7u ti\u00ean.\n<\/p>\n<h2>\n T\u01b0\u01a1ng Th\u00edch Tr\u00ean M\u1ecdi Thi\u1ebft B\u1ecb<br \/>\n<\/h2>\n<p>\n V\u1edbi xu h\u01b0\u1edbng ng\u01b0\u1eddi d\u00f9ng ng\u00e0y nay, vi\u1ec7c c\u00f3 m\u1ed9t website t\u01b0\u01a1ng th\u00edch tr\u00ean m\u1ecdi thi\u1ebft b\u1ecb l\u00e0 c\u1ef1c k\u1ef3 quan tr\u1ecdng. Website c\u1ee7a b\u1ea1n s\u1ebd \u0111\u01b0\u1ee3c t\u1ed1i \u01b0u h\u00f3a \u0111\u1ec3 hi\u1ec3n th\u1ecb \u0111\u1eb9p v\u00e0 r\u00f5 r\u00e0ng tr\u00ean m\u00e1y t\u00ednh, tablet v\u00e0 \u0111i\u1ec7n tho\u1ea1i di \u0111\u1ed9ng, \u0111\u1ea3m b\u1ea3o tr\u1ea3i nghi\u1ec7m t\u1ed1t nh\u1ea5t cho kh\u00e1ch h\u00e0ng m\u1ecdi l\u00fac, m\u1ecdi n\u01a1i.\n<\/p>\n<h2>\n M\u00e3 Ngu\u1ed3n WordPress V\u1edbi Theme Flatsome V\u00e0 UX Builder D\u1ec5 T\u00f9y Bi\u1ebfn<br \/>\n<\/h2>\n<p>\n Ch\u00fang t\u00f4i s\u1eed d\u1ee5ng m\u00e3 ngu\u1ed3n WordPress, k\u1ebft h\u1ee3p c\u00f9ng Theme Flatsome v\u00e0 UX Builder, gi\u00fap b\u1ea1n d\u1ec5 d\u00e0ng t\u00f9y bi\u1ebfn giao di\u1ec7n theo nhu c\u1ea7u v\u00e0 s\u1edf th\u00edch c\u1ee7a m\u00ecnh. D\u00f9 b\u1ea1n c\u00f3 \u00edt ki\u1ebfn th\u1ee9c v\u1ec1 l\u1eadp tr\u00ecnh, b\u1ea1n v\u1eabn c\u00f3 th\u1ec3 t\u1ef1 tay thay \u0111\u1ed5i c\u00e1c th\u00e0nh ph\u1ea7n c\u1ee7a website m\u00e0 kh\u00f4ng g\u1eb7p kh\u00f3 kh\u0103n.\n<\/p>\n<h2>\n T\u1ed1c \u0110\u1ed9 T\u1ea3i Trang Nhanh<br \/>\n<\/h2>\n<p>\n Th\u1eddi gian t\u1ea3i trang nhanh l\u00e0 y\u1ebfu t\u1ed1 quan tr\u1ecdng quy\u1ebft \u0111\u1ecbnh s\u1ef1 h\u00e0i l\u00f2ng c\u1ee7a kh\u00e1ch h\u00e0ng. Ch\u00fang t\u00f4i cam k\u1ebft t\u1ed1i \u01b0u h\u00f3a t\u1ed1c \u0111\u1ed9 t\u1ea3i trang cho website c\u1ee7a b\u1ea1n, gi\u00fap t\u0103ng tr\u1ea3i nghi\u1ec7m ng\u01b0\u1eddi d\u00f9ng v\u00e0 c\u1ea3i thi\u1ec7n kh\u1ea3 n\u0103ng chuy\u1ec3n \u0111\u1ed5i.\n<\/p>\n<hr\/>\n<p>\n N\u1ebfu b\u1ea1n \u0111ang t\u00ecm ki\u1ebfm m\u1ed9t \u0111\u01a1n v\u1ecb thi\u1ebft k\u1ebf website chuy\u00ean nghi\u1ec7p cho c\u1eeda h\u00e0ng \u0111\u1ed3 trang tr\u00ed sinh nh\u1eadt, ti\u1ec7c c\u01b0\u1edbi, hay c\u00e1c b\u1eefa ti\u1ec7c, h\u00e3y li\u00ean h\u1ec7 v\u1edbi<br \/>\n <strong><br \/>\n  LADIGI Agency<br \/>\n <\/strong><br \/>\n . Ch\u00fang t\u00f4i lu\u00f4n s\u1eb5n s\u00e0ng h\u1ed7 tr\u1ee3 v\u00e0 mang \u0111\u1ebfn nh\u1eefng gi\u1ea3i ph\u00e1p t\u1ed1t nh\u1ea5t cho b\u1ea1n.\n<\/p>\n<p>\n \ud83d\udc49<br \/>\n <a href=\"https:\/\/ladigi.vn\/thiet-ke-website\/\"><br \/>\n  T\u01b0 v\u1ea5n thi\u1ebft k\u1ebf web chuy\u00ean nghi\u1ec7p<br \/>\n <\/a><\/p>\n","protected":false},"excerpt":{"rendered":"<p>D\u1ecbch v\u1ee5 thi\u1ebft k\u1ebf website b\u00e1n \u0111\u1ed3 trang tr\u00ed sinh nh\u1eadt, ti\u1ec7c c\u01b0\u1edbi v\u1edbi giao di\u1ec7n chuy\u00ean nghi\u1ec7p, \u0111\u1eb9p m\u1eaft v\u00e0 d\u1ec5 s\u1eed d\u1ee5ng. Website t\u01b0\u01a1ng th\u00edch tr\u00ean m\u1ecdi thi\u1ebft b\u1ecb, x\u00e2y d\u1ef1ng tr\u00ean m\u00e3 ngu\u1ed3n WordPress s\u1eed d\u1ee5ng Theme Flatsome v\u00e0 UX Builder, cho ph\u00e9p t\u00f9y bi\u1ebfn linh ho\u1ea1t, c\u00f9ng t\u1ed1c \u0111\u1ed9 t\u1ea3i trang nhanh ch\u00f3ng.<\/p>\n","protected":false},"featured_media":8839,"comment_status":"open","ping_status":"closed","template":"","meta":[],"product_cat":[16],"product_tag":[],"class_list":{"0":"post-8838","1":"product","2":"type-product","3":"status-publish","4":"has-post-thumbnail","6":"product_cat-tat-ca","8":"first","9":"instock","10":"shipping-taxable","11":"product-type-external"},"_links":{"self":[{"href":"https:\/\/ladigi.vn\/thiet-ke-website\/wp-json\/wp\/v2\/product\/8838","targetHints":{"allow":["GET"]}}],"collection":[{"href":"https:\/\/ladigi.vn\/thiet-ke-website\/wp-json\/wp\/v2\/product"}],"about":[{"href":"https:\/\/ladigi.vn\/thiet-ke-website\/wp-json\/wp\/v2\/types\/product"}],"replies":[{"embeddable":true,"href":"https:\/\/ladigi.vn\/thiet-ke-website\/wp-json\/wp\/v2\/comments?post=8838"}],"wp:featuredmedia":[{"embeddable":true,"href":"https:\/\/ladigi.vn\/thiet-ke-website\/wp-json\/wp\/v2\/media\/8839"}],"wp:attachment":[{"href":"https:\/\/ladigi.vn\/thiet-ke-website\/wp-json\/wp\/v2\/media?parent=8838"}],"wp:term":[{"taxonomy":"product_cat","embeddable":true,"href":"https:\/\/ladigi.vn\/thiet-ke-website\/wp-json\/wp\/v2\/product_cat?post=8838"},{"taxonomy":"product_tag","embeddable":true,"href":"https:\/\/ladigi.vn\/thiet-ke-website\/wp-json\/wp\/v2\/product_tag?post=8838"}],"curies":[{"name":"wp","href":"https:\/\/api.w.org\/{rel}","templated":true}]}}