{"id":8876,"date":"2025-01-11T19:05:37","date_gmt":"2025-01-11T12:05:37","guid":{"rendered":"https:\/\/ladigi.vn\/thiet-ke-website\/?post_type=product&#038;p=8876"},"modified":"2025-01-11T20:22:40","modified_gmt":"2025-01-11T13:22:40","slug":"theme-wordpress-du-lich-19","status":"publish","type":"product","link":"https:\/\/ladigi.vn\/thiet-ke-website\/mau-web\/theme-wordpress-du-lich-19\/","title":{"rendered":"Du l\u1ecbch"},"content":{"rendered":"<h1>\n D\u1ecbch v\u1ee5 Thi\u1ebft k\u1ebf website Theme WordPress du l\u1ecbch 19<br \/>\n<\/h1>\n<p>\n B\u1ea1n \u0111ang t\u00ecm ki\u1ebfm m\u1ed9t gi\u1ea3i ph\u00e1p thi\u1ebft k\u1ebf website cho l\u0129nh v\u1ef1c du l\u1ecbch? D\u1ecbch v\u1ee5 thi\u1ebft k\u1ebf website Theme WordPress du l\u1ecbch 19 s\u1ebd l\u00e0 l\u1ef1a ch\u1ecdn ho\u00e0n h\u1ea3o cho b\u1ea1n!\n<\/p>\n<h2>\n Giao di\u1ec7n \u0111\u1eb9p, chuy\u00ean nghi\u1ec7p v\u00e0 d\u1ec5 s\u1eed d\u1ee5ng<br \/>\n<\/h2>\n<p>\n Website c\u1ee7a b\u1ea1n s\u1ebd \u0111\u01b0\u1ee3c thi\u1ebft k\u1ebf v\u1edbi m\u1ed9t giao di\u1ec7n thu h\u00fat, chuy\u00ean nghi\u1ec7p v\u00e0 d\u1ec5 s\u1eed d\u1ee5ng. Ch\u00fang t\u00f4i cam k\u1ebft mang \u0111\u1ebfn cho ng\u01b0\u1eddi d\u00f9ng tr\u1ea3i nghi\u1ec7m ho\u00e0n h\u1ea3o khi truy c\u1eadp v\u00e0o trang web c\u1ee7a b\u1ea1n.\n<\/p>\n<h2>\n T\u01b0\u01a1ng th\u00edch tr\u00ean m\u1ecdi thi\u1ebft b\u1ecb<br \/>\n<\/h2>\n<p>\n \u0110\u1eb7c bi\u1ec7t, website \u0111\u01b0\u1ee3c t\u1ed1i \u01b0u h\u00f3a \u0111\u1ec3 t\u01b0\u01a1ng th\u00edch tr\u00ean m\u1ecdi thi\u1ebft b\u1ecb, t\u1eeb m\u00e1y t\u00ednh b\u00e0n, laptop \u0111\u1ebfn \u0111i\u1ec7n tho\u1ea1i di \u0111\u1ed9ng. \u0110i\u1ec1u n\u00e0y gi\u00fap kh\u00e1ch h\u00e0ng c\u00f3 th\u1ec3 d\u1ec5 d\u00e0ng truy c\u1eadp v\u00e0 t\u00ecm ki\u1ebfm th\u00f4ng tin m\u1ecdi l\u00fac, m\u1ecdi n\u01a1i.\n<\/p>\n<h2>\n M\u00e3 ngu\u1ed3n WordPress v\u1edbi Theme Flatsome v\u00e0 UX Builder<br \/>\n<\/h2>\n<p>\n Ch\u00fang t\u00f4i s\u1eed d\u1ee5ng m\u00e3 ngu\u1ed3n WordPress v\u1edbi Theme Flatsome v\u00e0 UX Builder, gi\u00fap b\u1ea1n d\u1ec5 d\u00e0ng t\u00f9y bi\u1ebfn v\u00e0 qu\u1ea3n l\u00fd n\u1ed9i dung. B\u1ea1n c\u00f3 th\u1ec3 thay \u0111\u1ed5i giao di\u1ec7n, b\u1ed1 c\u1ee5c v\u00e0 t\u00ednh n\u0103ng m\u00e0 kh\u00f4ng c\u1ea7n nhi\u1ec1u ki\u1ebfn th\u1ee9c v\u1ec1 l\u1eadp tr\u00ecnh.\n<\/p>\n<h2>\n T\u1ed1c \u0111\u1ed9 t\u1ea3i trang nhanh<br \/>\n<\/h2>\n<p>\n M\u1ed9t trong nh\u1eefng y\u1ebfu t\u1ed1 then ch\u1ed1t t\u1ea1o n\u00ean tr\u1ea3i nghi\u1ec7m ng\u01b0\u1eddi d\u00f9ng t\u1ed1t ch\u00ednh l\u00e0 t\u1ed1c \u0111\u1ed9 t\u1ea3i trang. V\u1edbi d\u1ecbch v\u1ee5 thi\u1ebft k\u1ebf website Theme WordPress du l\u1ecbch 19, b\u1ea1n s\u1ebd kh\u00f4ng ph\u1ea3i lo l\u1eafng v\u1ec1 v\u1ea5n \u0111\u1ec1 n\u00e0y. Ch\u00fang t\u00f4i t\u1ed1i \u01b0u h\u00f3a t\u1ed1c \u0111\u1ed9 t\u1ea3i trang, gi\u00fap website c\u1ee7a b\u1ea1n ho\u1ea1t \u0111\u1ed9ng m\u01b0\u1ee3t m\u00e0 v\u00e0 nhanh ch\u00f3ng.\n<\/p>\n<hr\/>\n<p>\n H\u00e3y \u0111\u1ec3 LADIGI (LADIGI Agency) \u0111\u1ed3ng h\u00e0nh c\u00f9ng b\u1ea1n trong vi\u1ec7c ph\u00e1t tri\u1ec3n website du l\u1ecbch chuy\u00ean nghi\u1ec7p. \u0110\u1ed9i ng\u0169 thi\u1ebft k\u1ebf gi\u00e0u kinh nghi\u1ec7m v\u00e0 s\u00e1ng t\u1ea1o c\u1ee7a ch\u00fang t\u00f4i s\u1eb5n s\u00e0ng gi\u00fap b\u1ea1n hi\u1ec7n th\u1ef1c h\u00f3a \u00fd t\u01b0\u1edfng c\u1ee7a m\u00ecnh. \u0110\u1ec3 bi\u1ebft th\u00eam chi ti\u1ebft, vui l\u00f2ng tham kh\u1ea3o:<br \/>\n <a href=\"https:\/\/ladigi.vn\/thiet-ke-website\/\"><br \/>\n  C\u00f4ng ty x\u00e2y d\u1ef1ng website b\u00e1n h\u00e0ng<br \/>\n <\/a><br \/>\n .<\/p>\n","protected":false},"excerpt":{"rendered":"<p>D\u1ecbch v\u1ee5 thi\u1ebft k\u1ebf website theme WordPress du l\u1ecbch 19 mang \u0111\u1ebfn giao di\u1ec7n \u0111\u1eb9p, chuy\u00ean nghi\u1ec7p v\u00e0 d\u1ec5 s\u1eed d\u1ee5ng. Website ho\u00e0n to\u00e0n t\u01b0\u01a1ng th\u00edch tr\u00ean m\u1ecdi thi\u1ebft b\u1ecb, s\u1eed d\u1ee5ng m\u00e3 ngu\u1ed3n WordPress v\u1edbi theme Flatsome v\u00e0 UX Builder d\u1ec5 t\u00f9y bi\u1ebfn, \u0111\u1ea3m b\u1ea3o t\u1ed1c \u0111\u1ed9 t\u1ea3i trang nhanh ch\u00f3ng cho ng\u01b0\u1eddi d\u00f9ng.<\/p>\n","protected":false},"featured_media":8877,"comment_status":"open","ping_status":"closed","template":"","meta":[],"product_cat":[16],"product_tag":[],"class_list":{"0":"post-8876","1":"product","2":"type-product","3":"status-publish","4":"has-post-thumbnail","6":"product_cat-tat-ca","8":"first","9":"instock","10":"shipping-taxable","11":"product-type-external"},"_links":{"self":[{"href":"https:\/\/ladigi.vn\/thiet-ke-website\/wp-json\/wp\/v2\/product\/8876","targetHints":{"allow":["GET"]}}],"collection":[{"href":"https:\/\/ladigi.vn\/thiet-ke-website\/wp-json\/wp\/v2\/product"}],"about":[{"href":"https:\/\/ladigi.vn\/thiet-ke-website\/wp-json\/wp\/v2\/types\/product"}],"replies":[{"embeddable":true,"href":"https:\/\/ladigi.vn\/thiet-ke-website\/wp-json\/wp\/v2\/comments?post=8876"}],"wp:featuredmedia":[{"embeddable":true,"href":"https:\/\/ladigi.vn\/thiet-ke-website\/wp-json\/wp\/v2\/media\/8877"}],"wp:attachment":[{"href":"https:\/\/ladigi.vn\/thiet-ke-website\/wp-json\/wp\/v2\/media?parent=8876"}],"wp:term":[{"taxonomy":"product_cat","embeddable":true,"href":"https:\/\/ladigi.vn\/thiet-ke-website\/wp-json\/wp\/v2\/product_cat?post=8876"},{"taxonomy":"product_tag","embeddable":true,"href":"https:\/\/ladigi.vn\/thiet-ke-website\/wp-json\/wp\/v2\/product_tag?post=8876"}],"curies":[{"name":"wp","href":"https:\/\/api.w.org\/{rel}","templated":true}]}}