{"id":8878,"date":"2025-01-11T17:27:22","date_gmt":"2025-01-11T10:27:22","guid":{"rendered":"https:\/\/ladigi.vn\/thiet-ke-website\/?post_type=product&#038;p=8878"},"modified":"2025-01-11T18:06:52","modified_gmt":"2025-01-11T11:06:52","slug":"theme-wordpress-dich-vu-sua-chua-nha-cai-tao-nha","status":"publish","type":"product","link":"https:\/\/ladigi.vn\/thiet-ke-website\/mau-web\/theme-wordpress-dich-vu-sua-chua-nha-cai-tao-nha\/","title":{"rendered":"D\u1ecbch v\u1ee5 s\u1eeda ch\u1eefa nh\u00e0, c\u1ea3i t\u1ea1o nh\u00e0"},"content":{"rendered":"<h1>\n D\u1ecbch v\u1ee5 Thi\u1ebft k\u1ebf website cho d\u1ecbch v\u1ee5 s\u1eeda ch\u1eefa, c\u1ea3i t\u1ea1o nh\u00e0<br \/>\n<\/h1>\n<p>\n Ch\u00e0o m\u1eebng b\u1ea1n \u0111\u1ebfn v\u1edbi d\u1ecbch v\u1ee5 thi\u1ebft k\u1ebf website chuy\u00ean nghi\u1ec7p d\u00e0nh cho c\u00e1c c\u00f4ng ty s\u1eeda ch\u1eefa v\u00e0 c\u1ea3i t\u1ea1o nh\u00e0! Ch\u00fang t\u00f4i hi\u1ec3u r\u1eb1ng trong ng\u00e0nh x\u00e2y d\u1ef1ng v\u00e0 s\u1eeda ch\u1eefa nh\u00e0, vi\u1ec7c c\u00f3 m\u1ed9t trang web \u1ea5n t\u01b0\u1ee3ng v\u00e0 d\u1ec5 s\u1eed d\u1ee5ng kh\u00f4ng ch\u1ec9 gi\u00fap b\u1ea1n thu h\u00fat kh\u00e1ch h\u00e0ng m\u00e0 c\u00f2n n\u00e2ng cao th\u01b0\u01a1ng hi\u1ec7u c\u1ee7a b\u1ea1n tr\u00ean th\u1ecb tr\u01b0\u1eddng.\n<\/p>\n<h2>\n Giao di\u1ec7n web \u0111\u1eb9p v\u00e0 chuy\u00ean nghi\u1ec7p<br \/>\n<\/h2>\n<p>\n Ch\u00fang t\u00f4i mang \u0111\u1ebfn cho b\u1ea1n m\u1ed9t giao di\u1ec7n website \u0111\u01b0\u1ee3c thi\u1ebft k\u1ebf \u0111\u1eb9p m\u1eaft, chuy\u00ean nghi\u1ec7p. V\u1edbi nh\u1eefng h\u00ecnh \u1ea3nh s\u1ed1ng \u0111\u1ed9ng v\u00e0 m\u00e0u s\u1eafc h\u00e0i h\u00f2a, trang web c\u1ee7a b\u1ea1n s\u1ebd g\u00e2y \u1ea5n t\u01b0\u1ee3ng m\u1ea1nh m\u1ebd v\u1edbi kh\u00e1ch h\u00e0ng ngay t\u1eeb c\u00e1i nh\u00ecn \u0111\u1ea7u ti\u00ean. Ch\u00fang t\u00f4i cam k\u1ebft thi\u1ebft k\u1ebf giao di\u1ec7n ph\u00f9 h\u1ee3p v\u1edbi l\u0129nh v\u1ef1c s\u1eeda ch\u1eefa nh\u00e0, gi\u00fap b\u1ea1n t\u1ea1o d\u1ef1ng s\u1ef1 tin t\u01b0\u1edfng v\u00e0 uy t\u00edn.\n<\/p>\n<h2>\n T\u01b0\u01a1ng th\u00edch tr\u00ean m\u1ecdi thi\u1ebft b\u1ecb<br \/>\n<\/h2>\n<p>\n V\u1edbi xu h\u01b0\u1edbng s\u1eed d\u1ee5ng thi\u1ebft b\u1ecb di \u0111\u1ed9ng ng\u00e0y c\u00e0ng gia t\u0103ng, website c\u1ee7a b\u1ea1n s\u1ebd \u0111\u01b0\u1ee3c t\u1ed1i \u01b0u h\u00f3a \u0111\u1ec3 t\u01b0\u01a1ng th\u00edch ho\u00e0n h\u1ea3o tr\u00ean t\u1ea5t c\u1ea3 c\u00e1c thi\u1ebft b\u1ecb t\u1eeb m\u00e1y t\u00ednh \u0111\u1ec3 b\u00e0n, laptop cho \u0111\u1ebfn \u0111i\u1ec7n tho\u1ea1i di \u0111\u1ed9ng. Kh\u00e1ch h\u00e0ng c\u1ee7a b\u1ea1n c\u00f3 th\u1ec3 d\u1ec5 d\u00e0ng truy c\u1eadp th\u00f4ng tin d\u1ecbch v\u1ee5 b\u1ea5t c\u1ee9 khi n\u00e0o v\u00e0 \u1edf \u0111\u00e2u.\n<\/p>\n<h2>\n M\u00e3 ngu\u1ed3n WordPress v\u1edbi Theme Flatsome v\u00e0 UX Builder<br \/>\n<\/h2>\n<p>\n Ch\u00fang t\u00f4i s\u1eed d\u1ee5ng m\u00e3 ngu\u1ed3n WordPress m\u1ea1nh m\u1ebd, k\u1ebft h\u1ee3p v\u1edbi Theme Flatsome v\u00e0 UX Builder \u0111\u1ec3 \u0111\u1ea3m b\u1ea3o b\u1ea1n c\u00f3 th\u1ec3 d\u1ec5 d\u00e0ng t\u00f9y bi\u1ebfn trang web c\u1ee7a m\u00ecnh. B\u1ea1n c\u00f3 th\u1ec3 ch\u1ec9nh s\u1eeda n\u1ed9i dung, th\u00eam h\u00ecnh \u1ea3nh v\u00e0 thay \u0111\u1ed5i giao di\u1ec7n m\u1ed9t c\u00e1ch linh ho\u1ea1t m\u00e0 kh\u00f4ng c\u1ea7n ki\u1ebfn th\u1ee9c l\u1eadp tr\u00ecnh ph\u1ee9c t\u1ea1p.\n<\/p>\n<h2>\n T\u1ed1c \u0111\u1ed9 t\u1ea3i trang nhanh<br \/>\n<\/h2>\n<p>\n Ch\u00fang t\u00f4i ch\u00fa tr\u1ecdng \u0111\u1ebfn t\u1ed1c \u0111\u1ed9 t\u1ea3i trang, v\u00ec ch\u00fang t\u00f4i hi\u1ec3u r\u1eb1ng m\u1ed9t website nhanh ch\u00f3ng kh\u00f4ng ch\u1ec9 t\u1ea1o c\u1ea3m gi\u00e1c t\u1ed1t cho ng\u01b0\u1eddi d\u00f9ng m\u00e0 c\u00f2n \u1ea3nh h\u01b0\u1edfng \u0111\u1ebfn SEO. Ch\u00ednh v\u00ec v\u1eady, ch\u00fang t\u00f4i t\u1ed1i \u01b0u h\u00f3a t\u1ed1c \u0111\u1ed9 t\u1ea3i trang \u0111\u1ec3 \u0111\u1ea3m b\u1ea3o kh\u00e1ch h\u00e0ng c\u00f3 tr\u1ea3i nghi\u1ec7m m\u01b0\u1ee3t m\u00e0 nh\u1ea5t khi truy c\u1eadp v\u00e0o website c\u1ee7a b\u1ea1n.\n<\/p>\n<hr\/>\n<p>\n N\u1ebfu b\u1ea1n \u0111ang t\u00ecm ki\u1ebfm m\u1ed9t \u0111\u01a1n v\u1ecb thi\u1ebft k\u1ebf website uy t\u00edn v\u00e0 ch\u1ea5t l\u01b0\u1ee3ng, h\u00e3y \u0111\u1ebfn v\u1edbi<br \/>\n <strong><br \/>\n  LADIGI Agency<br \/>\n <\/strong><br \/>\n . Ch\u00fang t\u00f4i chuy\u00ean cung c\u1ea5p d\u1ecbch v\u1ee5 thi\u1ebft k\u1ebf web tr\u1ecdn g\u00f3i, \u0111\u00e1p \u1ee9ng nhanh ch\u00f3ng v\u00e0 hi\u1ec7u qu\u1ea3 m\u1ecdi nhu c\u1ea7u c\u1ee7a b\u1ea1n. \u0110\u1ec3 bi\u1ebft th\u00eam th\u00f4ng tin, h\u00e3y truy c\u1eadp v\u00e0o<br \/>\n <a href=\"https:\/\/ladigi.vn\/thiet-ke-website\/\"><br \/>\n  Thi\u1ebft k\u1ebf web tr\u1ecdn g\u00f3i gi\u00e1 r\u1ebb<br \/>\n <\/a><br \/>\n .<\/p>\n","protected":false},"excerpt":{"rendered":"<p>Ch\u00fang t\u00f4i cung c\u1ea5p d\u1ecbch v\u1ee5 thi\u1ebft k\u1ebf website chuy\u00ean nghi\u1ec7p cho ng\u00e0nh s\u1eeda ch\u1eefa v\u00e0 c\u1ea3i t\u1ea1o nh\u00e0. Giao di\u1ec7n web \u0111\u1eb9p, d\u1ec5 s\u1eed d\u1ee5ng v\u00e0 t\u01b0\u01a1ng th\u00edch m\u1ecdi thi\u1ebft b\u1ecb. S\u1eed d\u1ee5ng m\u00e3 ngu\u1ed3n Wordpress v\u1edbi Theme Flatsome v\u00e0 UX Builder, gi\u00fap b\u1ea1n d\u1ec5 d\u00e0ng t\u00f9y bi\u1ebfn. T\u1ed1c \u0111\u1ed9 t\u1ea3i trang nhanh ch\u00f3ng.<\/p>\n","protected":false},"featured_media":8879,"comment_status":"open","ping_status":"closed","template":"","meta":[],"product_cat":[16],"product_tag":[],"class_list":{"0":"post-8878","1":"product","2":"type-product","3":"status-publish","4":"has-post-thumbnail","6":"product_cat-tat-ca","8":"first","9":"instock","10":"shipping-taxable","11":"product-type-external"},"_links":{"self":[{"href":"https:\/\/ladigi.vn\/thiet-ke-website\/wp-json\/wp\/v2\/product\/8878","targetHints":{"allow":["GET"]}}],"collection":[{"href":"https:\/\/ladigi.vn\/thiet-ke-website\/wp-json\/wp\/v2\/product"}],"about":[{"href":"https:\/\/ladigi.vn\/thiet-ke-website\/wp-json\/wp\/v2\/types\/product"}],"replies":[{"embeddable":true,"href":"https:\/\/ladigi.vn\/thiet-ke-website\/wp-json\/wp\/v2\/comments?post=8878"}],"wp:featuredmedia":[{"embeddable":true,"href":"https:\/\/ladigi.vn\/thiet-ke-website\/wp-json\/wp\/v2\/media\/8879"}],"wp:attachment":[{"href":"https:\/\/ladigi.vn\/thiet-ke-website\/wp-json\/wp\/v2\/media?parent=8878"}],"wp:term":[{"taxonomy":"product_cat","embeddable":true,"href":"https:\/\/ladigi.vn\/thiet-ke-website\/wp-json\/wp\/v2\/product_cat?post=8878"},{"taxonomy":"product_tag","embeddable":true,"href":"https:\/\/ladigi.vn\/thiet-ke-website\/wp-json\/wp\/v2\/product_tag?post=8878"}],"curies":[{"name":"wp","href":"https:\/\/api.w.org\/{rel}","templated":true}]}}