{"id":8886,"date":"2025-01-12T13:00:47","date_gmt":"2025-01-12T06:00:47","guid":{"rendered":"https:\/\/ladigi.vn\/thiet-ke-website\/?post_type=product&#038;p=8886"},"modified":"2025-01-12T13:02:52","modified_gmt":"2025-01-12T06:02:52","slug":"theme-wordpress-my-pham-21","status":"publish","type":"product","link":"https:\/\/ladigi.vn\/thiet-ke-website\/mau-web\/theme-wordpress-my-pham-21\/","title":{"rendered":"M\u1ef9 ph\u1ea9m"},"content":{"rendered":"<p>\n Ch\u00e0o m\u1ecdi ng\u01b0\u1eddi,\n<\/p>\n<p>\n B\u1ea1n \u0111ang t\u00ecm ki\u1ebfm m\u1ed9t giao di\u1ec7n web \u0111\u1eb9p, chuy\u00ean nghi\u1ec7p v\u00e0 d\u1ec5 s\u1eed d\u1ee5ng cho doanh nghi\u1ec7p m\u1ef9 ph\u1ea9m c\u1ee7a m\u00ecnh? V\u1eady th\u00ec h\u00e3y \u0111\u1ec3 LADIGI Agency gi\u00fap b\u1ea1n!\n<\/p>\n<p>\n V\u1edbi d\u1ecbch v\u1ee5 thi\u1ebft k\u1ebf website Theme wordpress m\u1ef9 ph\u1ea9m 21 c\u1ee7a ch\u00fang t\u00f4i, b\u1ea1n s\u1ebd c\u00f3 m\u1ed9t giao di\u1ec7n web tuy\u1ec7t \u0111\u1eb9p v\u00e0 chuy\u00ean nghi\u1ec7p, \u0111\u1ea3m b\u1ea3o thu h\u00fat s\u1ef1 ch\u00fa \u00fd c\u1ee7a kh\u00e1ch h\u00e0ng ngay t\u1eeb c\u00e1i nh\u00ecn \u0111\u1ea7u ti\u00ean. Ch\u00fang t\u00f4i cam k\u1ebft t\u1ea1o ra m\u1ed9t trang web th\u1eadt s\u1ef1 \u0111\u1eb9p m\u1eaft v\u00e0 \u0111\u1ed3ng th\u1eddi c\u0169ng d\u1ec5 d\u00e0ng \u0111\u1ec3 kh\u00e1ch h\u00e0ng c\u1ee7a b\u1ea1n c\u00f3 th\u1ec3 t\u00ecm th\u1ea5y th\u00f4ng tin v\u1ec1 s\u1ea3n ph\u1ea9m v\u00e0 d\u1ecbch v\u1ee5 c\u1ee7a b\u1ea1n.\n<\/p>\n<p>\n M\u1ed9t trong nh\u1eefng \u01b0u \u0111i\u1ec3m n\u1ed5i b\u1eadt c\u1ee7a giao di\u1ec7n web \u0111\u01b0\u1ee3c thi\u1ebft k\u1ebf b\u1edfi LADIGI l\u00e0 t\u00ednh t\u01b0\u01a1ng th\u00edch tr\u00ean m\u1ecdi thi\u1ebft b\u1ecb. \u0110i\u1ec1u n\u00e0y \u0111\u1ea3m b\u1ea3o r\u1eb1ng trang web c\u1ee7a b\u1ea1n s\u1ebd hi\u1ec3n th\u1ecb \u0111\u00fang v\u00e0 \u0111\u1eb9p tr\u00ean c\u1ea3 m\u00e1y t\u00ednh, \u0111i\u1ec7n tho\u1ea1i v\u00e0 m\u00e1y t\u00ednh b\u1ea3ng. \u0110i\u1ec1u n\u00e0y s\u1ebd gi\u00fap b\u1ea1n thu h\u00fat \u0111\u01b0\u1ee3c nhi\u1ec1u kh\u00e1ch h\u00e0ng h\u01a1n v\u00e0 t\u0103ng c\u01b0\u1eddng tr\u1ea3i nghi\u1ec7m c\u1ee7a h\u1ecd tr\u00ean trang web c\u1ee7a b\u1ea1n.\n<\/p>\n<p>\n Ch\u00fang t\u00f4i s\u1eed d\u1ee5ng m\u00e3 ngu\u1ed3n WordPress v\u1edbi Theme Flatsome v\u00e0 UX Builder \u0111\u1ec3 thi\u1ebft k\u1ebf giao di\u1ec7n web cho b\u1ea1n. \u0110i\u1ec1u n\u00e0y gi\u00fap ch\u00fang t\u00f4i d\u1ec5 d\u00e0ng t\u00f9y bi\u1ebfn v\u00e0 t\u1ea1o ra m\u1ed9t trang web \u0111\u1ed9c \u0111\u00e1o v\u00e0 ph\u00f9 h\u1ee3p v\u1edbi nhu c\u1ea7u kinh doanh c\u1ee7a b\u1ea1n. \u0110\u1ed3ng th\u1eddi, m\u00e3 ngu\u1ed3n n\u00e0y c\u0169ng \u0111\u1ea3m b\u1ea3o t\u00ednh b\u1ea3o m\u1eadt v\u00e0 \u0111\u1ed9 \u1ed5n \u0111\u1ecbnh cho trang web c\u1ee7a b\u1ea1n.\n<\/p>\n<p>\n Kh\u00f4ng ch\u1ec9 \u0111\u1eb9p m\u1eaft v\u00e0 t\u01b0\u01a1ng th\u00edch tr\u00ean m\u1ecdi thi\u1ebft b\u1ecb, giao di\u1ec7n web c\u1ee7a ch\u00fang t\u00f4i c\u00f2n c\u00f3 t\u1ed1c \u0111\u1ed9 t\u1ea3i trang nhanh. \u0110i\u1ec1u n\u00e0y r\u1ea5t quan tr\u1ecdng v\u00ec kh\u00e1ch h\u00e0ng hi\u1ec7n nay r\u1ea5t \u00edt khi ch\u1edd \u0111\u1ee3i l\u00e2u \u0111\u1ec3 trang web t\u1ea3i l\u00ean. V\u1edbi t\u1ed1c \u0111\u1ed9 t\u1ea3i trang nhanh, ch\u00fang t\u00f4i \u0111\u1ea3m b\u1ea3o s\u1ebd gi\u1eef \u0111\u01b0\u1ee3c s\u1ef1 h\u00e0i l\u00f2ng c\u1ee7a kh\u00e1ch h\u00e0ng v\u00e0 t\u0103ng c\u01b0\u1eddng kh\u1ea3 n\u0103ng ti\u1ebfp c\u1eadn v\u1edbi kh\u00e1ch h\u00e0ng ti\u1ec1m n\u0103ng.\n<\/p>\n<p>\n V\u1eady n\u00ean, n\u1ebfu b\u1ea1n \u0111ang mu\u1ed1n t\u1ea1o ra m\u1ed9t trang web chuy\u00ean nghi\u1ec7p v\u00e0 hi\u1ec7u qu\u1ea3 cho doanh nghi\u1ec7p m\u1ef9 ph\u1ea9m c\u1ee7a m\u00ecnh, h\u00e3y \u0111\u1ec3 LADIGI Agency gi\u00fap b\u1ea1n. Ch\u00fang t\u00f4i cam k\u1ebft s\u1ebd mang \u0111\u1ebfn cho b\u1ea1n m\u1ed9t giao di\u1ec7n web \u0111\u1eb9p, t\u1ed1t v\u00e0 hi\u1ec7u qu\u1ea3 \u0111\u1ec3 gi\u00fap b\u1ea1n thu h\u00fat \u0111\u01b0\u1ee3c nhi\u1ec1u kh\u00e1ch h\u00e0ng h\u01a1n.\n<\/p>\n<p>\n \u0110\u1ec3 bi\u1ebft th\u00eam th\u00f4ng tin v\u1ec1 d\u1ecbch v\u1ee5 thi\u1ebft k\u1ebf website c\u1ee7a ch\u00fang t\u00f4i, h\u00e3y truy c\u1eadp<br \/>\n <a href=\"https:\/\/ladigi.vn\/thiet-ke-website\/\"><br \/>\n  G\u00f3i website doanh nghi\u1ec7p to\u00e0n di\u1ec7n<br \/>\n <\/a><br \/>\n ho\u1eb7c li\u00ean h\u1ec7 v\u1edbi ch\u00fang t\u00f4i qua s\u1ed1 \u0111i\u1ec7n tho\u1ea1i 0123-456-789 \u0111\u1ec3 \u0111\u01b0\u1ee3c t\u01b0 v\u1ea5n chi ti\u1ebft.\n<\/p>\n<p>\n Ch\u00fang t\u00f4i mong mu\u1ed1n \u0111\u01b0\u1ee3c h\u1ee3p t\u00e1c c\u00f9ng b\u1ea1n \u0111\u1ec3 t\u1ea1o n\u00ean m\u1ed9t trang web \u0111\u1eb9p v\u00e0 hi\u1ec7u qu\u1ea3 cho doanh nghi\u1ec7p c\u1ee7a b\u1ea1n. C\u1ea3m \u01a1n b\u1ea1n \u0111\u00e3 \u0111\u1ecdc b\u00e0i vi\u1ebft c\u1ee7a ch\u00fang t\u00f4i. Ch\u00fac b\u1ea1n th\u00e0nh c\u00f4ng trong kinh doanh!<\/p>\n","protected":false},"excerpt":{"rendered":"<p>D\u1ecbch v\u1ee5 thi\u1ebft k\u1ebf website Theme Wordpress m\u1ef9 ph\u1ea9m 21 mang l\u1ea1i cho kh\u00e1ch h\u00e0ng m\u1ed9t giao di\u1ec7n \u0111\u1eb9p v\u00e0 chuy\u00ean nghi\u1ec7p, v\u1edbi s\u1ef1 d\u1ec5 d\u00e0ng trong vi\u1ec7c s\u1eed d\u1ee5ng tr\u00ean m\u1ecdi thi\u1ebft b\u1ecb. B\u1eb1ng vi\u1ec7c s\u1eed d\u1ee5ng m\u00e3 ngu\u1ed3n Wordpress c\u00f9ng v\u1edbi Theme Flatsome v\u00e0 UX Builder, ch\u00fang t\u00f4i cam k\u1ebft t\u1ea1o ra m\u1ed9t website d\u1ec5 t\u00f9y bi\u1ebfn theo \u00fd mu\u1ed1n c\u1ee7a kh\u00e1ch h\u00e0ng. \u0110\u1eb7c bi\u1ec7t, t\u1ed1c \u0111\u1ed9 t\u1ea3i trang nhanh s\u1ebd gi\u00fap kh\u00e1ch h\u00e0ng ti\u1ebft ki\u1ec7m th\u1eddi gian v\u00e0 t\u0103ng tr\u1ea3i nghi\u1ec7m c\u1ee7a ng\u01b0\u1eddi d\u00f9ng.<\/p>\n","protected":false},"featured_media":8887,"comment_status":"open","ping_status":"closed","template":"","meta":[],"product_cat":[16],"product_tag":[],"class_list":{"0":"post-8886","1":"product","2":"type-product","3":"status-publish","4":"has-post-thumbnail","6":"product_cat-tat-ca","8":"first","9":"instock","10":"shipping-taxable","11":"product-type-external"},"_links":{"self":[{"href":"https:\/\/ladigi.vn\/thiet-ke-website\/wp-json\/wp\/v2\/product\/8886","targetHints":{"allow":["GET"]}}],"collection":[{"href":"https:\/\/ladigi.vn\/thiet-ke-website\/wp-json\/wp\/v2\/product"}],"about":[{"href":"https:\/\/ladigi.vn\/thiet-ke-website\/wp-json\/wp\/v2\/types\/product"}],"replies":[{"embeddable":true,"href":"https:\/\/ladigi.vn\/thiet-ke-website\/wp-json\/wp\/v2\/comments?post=8886"}],"wp:featuredmedia":[{"embeddable":true,"href":"https:\/\/ladigi.vn\/thiet-ke-website\/wp-json\/wp\/v2\/media\/8887"}],"wp:attachment":[{"href":"https:\/\/ladigi.vn\/thiet-ke-website\/wp-json\/wp\/v2\/media?parent=8886"}],"wp:term":[{"taxonomy":"product_cat","embeddable":true,"href":"https:\/\/ladigi.vn\/thiet-ke-website\/wp-json\/wp\/v2\/product_cat?post=8886"},{"taxonomy":"product_tag","embeddable":true,"href":"https:\/\/ladigi.vn\/thiet-ke-website\/wp-json\/wp\/v2\/product_tag?post=8886"}],"curies":[{"name":"wp","href":"https:\/\/api.w.org\/{rel}","templated":true}]}}