{"id":8888,"date":"2025-01-12T14:14:05","date_gmt":"2025-01-12T07:14:05","guid":{"rendered":"https:\/\/ladigi.vn\/thiet-ke-website\/?post_type=product&#038;p=8888"},"modified":"2025-01-12T14:15:45","modified_gmt":"2025-01-12T07:15:45","slug":"theme-wordpress-nha-khoa-04","status":"publish","type":"product","link":"https:\/\/ladigi.vn\/thiet-ke-website\/mau-web\/theme-wordpress-nha-khoa-04\/","title":{"rendered":"Ph\u00f2ng Kh\u00e1m Nha Khoa"},"content":{"rendered":"<p>\n Ch\u00e0o m\u1eebng b\u1ea1n \u0111\u1ebfn v\u1edbi LADIGI Agency &#8211; \u0111\u01a1n v\u1ecb chuy\u00ean cung c\u1ea5p d\u1ecbch v\u1ee5 thi\u1ebft k\u1ebf website chuy\u00ean nghi\u1ec7p v\u00e0 uy t\u00edn h\u00e0ng \u0111\u1ea7u t\u1ea1i Vi\u1ec7t Nam.\n<\/p>\n<p>\n B\u1ea1n \u0111ang c\u00f3 nhu c\u1ea7u t\u00ecm ki\u1ebfm m\u1ed9t website \u0111\u1eb9p, chuy\u00ean nghi\u1ec7p v\u00e0 d\u1ec5 s\u1eed d\u1ee5ng cho nha khoa c\u1ee7a m\u00ecnh? V\u1eady th\u00ec d\u1ecbch v\u1ee5 Thi\u1ebft k\u1ebf website Theme wordpress nha khoa 04 c\u1ee7a ch\u00fang t\u00f4i ch\u00ednh l\u00e0 gi\u1ea3i ph\u00e1p ho\u00e0n h\u1ea3o d\u00e0nh cho b\u1ea1n.\n<\/p>\n<p>\n V\u1edbi giao di\u1ec7n web \u0111\u01b0\u1ee3c thi\u1ebft k\u1ebf \u0111\u1eb9p m\u1eaft, chuy\u00ean nghi\u1ec7p v\u00e0 d\u1ec5 s\u1eed d\u1ee5ng, ch\u00fang t\u00f4i cam k\u1ebft s\u1ebd mang \u0111\u1ebfn cho b\u1ea1n m\u1ed9t trang web \u0111\u1eb9p m\u1eaft v\u00e0 thu h\u00fat kh\u00e1ch h\u00e0ng ngay t\u1eeb c\u00e1i nh\u00ecn \u0111\u1ea7u ti\u00ean. \u0110\u1eb7c bi\u1ec7t, giao di\u1ec7n web c\u1ee7a ch\u00fang t\u00f4i \u0111\u01b0\u1ee3c t\u1ed1i \u01b0u h\u00f3a \u0111\u1ec3 t\u01b0\u01a1ng th\u00edch tr\u00ean m\u1ecdi thi\u1ebft b\u1ecb, gi\u00fap b\u1ea1n ti\u1ebfp c\u1eadn kh\u00e1ch h\u00e0ng m\u1ed9t c\u00e1ch hi\u1ec7u qu\u1ea3 tr\u00ean c\u1ea3 m\u00e1y t\u00ednh, \u0111i\u1ec7n tho\u1ea1i v\u00e0 m\u00e1y t\u00ednh b\u1ea3ng.\n<\/p>\n<p>\n M\u00e3 ngu\u1ed3n WordPress v\u1edbi Theme Flatsome v\u00e0 UX Builder \u0111\u01b0\u1ee3c s\u1eed d\u1ee5ng trong vi\u1ec7c thi\u1ebft k\u1ebf website c\u1ee7a ch\u00fang t\u00f4i, cho ph\u00e9p b\u1ea1n d\u1ec5 d\u00e0ng t\u00f9y bi\u1ebfn v\u00e0 thay \u0111\u1ed5i b\u1ed1 c\u1ee5c, m\u00e0u s\u1eafc, h\u00ecnh \u1ea3nh v\u00e0 n\u1ed9i dung tr\u00ean trang web c\u1ee7a m\u00ecnh m\u1ed9t c\u00e1ch nhanh ch\u00f3ng v\u00e0 d\u1ec5 d\u00e0ng.\n<\/p>\n<p>\n Kh\u00f4ng ch\u1ec9 \u0111\u1eb9p m\u1eaft v\u00e0 d\u1ec5 s\u1eed d\u1ee5ng, website c\u1ee7a ch\u00fang t\u00f4i c\u00f2n c\u00f3 t\u1ed1c \u0111\u1ed9 t\u1ea3i trang nhanh, gi\u00fap kh\u00e1ch h\u00e0ng truy c\u1eadp v\u00e0 tr\u1ea3i nghi\u1ec7m trang web c\u1ee7a b\u1ea1n m\u1ed9t c\u00e1ch nhanh ch\u00f3ng v\u00e0 thu\u1eadn ti\u1ec7n.\n<\/p>\n<p>\n V\u1edbi \u0111\u1ed9i ng\u0169 nh\u00e2n vi\u00ean gi\u00e0u kinh nghi\u1ec7m v\u00e0 t\u00e2m huy\u1ebft, ch\u00fang t\u00f4i cam k\u1ebft s\u1ebd mang \u0111\u1ebfn cho b\u1ea1n m\u1ed9t website chuy\u00ean nghi\u1ec7p v\u00e0 hi\u1ec7u qu\u1ea3 nh\u1ea5t \u0111\u1ec3 gi\u00fap b\u1ea1n t\u0103ng c\u01b0\u1eddng th\u01b0\u01a1ng hi\u1ec7u v\u00e0 ti\u1ebfp c\u1eadn kh\u00e1ch h\u00e0ng m\u1ed9t c\u00e1ch hi\u1ec7u qu\u1ea3.\n<\/p>\n<p>\n H\u00e3y \u0111\u1ec3 LADIGI Agency gi\u00fap b\u1ea1n x\u00e2y d\u1ef1ng m\u1ed9t website \u0111\u1eb9p v\u00e0 chuy\u00ean nghi\u1ec7p cho nha khoa c\u1ee7a b\u1ea1n v\u1edbi d\u1ecbch v\u1ee5 Thi\u1ebft k\u1ebf website Theme wordpress nha khoa 04. \u0110\u1ec3 bi\u1ebft th\u00eam th\u00f4ng tin chi ti\u1ebft v\u00e0 nh\u1eadn b\u00e1o gi\u00e1, vui l\u00f2ng truy c\u1eadp<br \/>\n <a href=\"https:\/\/ladigi.vn\/thiet-ke-website\/\"><br \/>\n  C\u00f4ng ty thi\u1ebft k\u1ebf web gi\u00e1 r\u1ebb<br \/>\n <\/a><br \/>\n .\n<\/p>\n<p>\n H\u00e3y \u0111\u1ec3 ch\u00fang t\u00f4i tr\u1edf th\u00e0nh \u0111\u1ed1i t\u00e1c \u0111\u00e1ng tin c\u1eady c\u1ee7a b\u1ea1n trong vi\u1ec7c ph\u00e1t tri\u1ec3n th\u01b0\u01a1ng hi\u1ec7u v\u00e0 kinh doanh tr\u1ef1c tuy\u1ebfn. C\u1ea3m \u01a1n b\u1ea1n \u0111\u00e3 tin t\u01b0\u1edfng v\u00e0 l\u1ef1a ch\u1ecdn LADIGI Agency. Ch\u00fang t\u00f4i s\u1ebd kh\u00f4ng ng\u1eebng n\u1ed7 l\u1ef1c \u0111\u1ec3 mang \u0111\u1ebfn cho b\u1ea1n nh\u1eefng gi\u1ea3i ph\u00e1p t\u1ed1t nh\u1ea5t.<\/p>\n","protected":false},"excerpt":{"rendered":"<p>D\u1ecbch v\u1ee5 Thi\u1ebft k\u1ebf website Theme wordpress nha khoa 04 mang \u0111\u1ebfn cho b\u1ea1n m\u1ed9t giao di\u1ec7n web \u0111\u1eb9p v\u00e0 chuy\u00ean nghi\u1ec7p, v\u1edbi thi\u1ebft k\u1ebf d\u1ec5 s\u1eed d\u1ee5ng v\u00e0 t\u01b0\u01a1ng th\u00edch tr\u00ean m\u1ecdi thi\u1ebft b\u1ecb. S\u1eed d\u1ee5ng m\u00e3 ngu\u1ed3n Wordpress v\u1edbi Theme Flatsome v\u00e0 UX Builder, ch\u00fang t\u00f4i \u0111\u1ea3m b\u1ea3o kh\u1ea3 n\u0103ng t\u00f9y bi\u1ebfn cao \u0111\u1ec3 ph\u00f9 h\u1ee3p v\u1edbi nhu c\u1ea7u c\u1ee7a b\u1ea1n. \u0110\u1eb7c bi\u1ec7t, t\u1ed1c \u0111\u1ed9 t\u1ea3i trang nhanh gi\u00fap kh\u00e1ch h\u00e0ng truy c\u1eadp website c\u1ee7a b\u1ea1n m\u1ed9t c\u00e1ch nhanh ch\u00f3ng v\u00e0 thu\u1eadn ti\u1ec7n.<\/p>\n","protected":false},"featured_media":8889,"comment_status":"open","ping_status":"closed","template":"","meta":[],"product_cat":[16],"product_tag":[],"class_list":{"0":"post-8888","1":"product","2":"type-product","3":"status-publish","4":"has-post-thumbnail","6":"product_cat-tat-ca","8":"first","9":"instock","10":"shipping-taxable","11":"product-type-external"},"_links":{"self":[{"href":"https:\/\/ladigi.vn\/thiet-ke-website\/wp-json\/wp\/v2\/product\/8888","targetHints":{"allow":["GET"]}}],"collection":[{"href":"https:\/\/ladigi.vn\/thiet-ke-website\/wp-json\/wp\/v2\/product"}],"about":[{"href":"https:\/\/ladigi.vn\/thiet-ke-website\/wp-json\/wp\/v2\/types\/product"}],"replies":[{"embeddable":true,"href":"https:\/\/ladigi.vn\/thiet-ke-website\/wp-json\/wp\/v2\/comments?post=8888"}],"wp:featuredmedia":[{"embeddable":true,"href":"https:\/\/ladigi.vn\/thiet-ke-website\/wp-json\/wp\/v2\/media\/8889"}],"wp:attachment":[{"href":"https:\/\/ladigi.vn\/thiet-ke-website\/wp-json\/wp\/v2\/media?parent=8888"}],"wp:term":[{"taxonomy":"product_cat","embeddable":true,"href":"https:\/\/ladigi.vn\/thiet-ke-website\/wp-json\/wp\/v2\/product_cat?post=8888"},{"taxonomy":"product_tag","embeddable":true,"href":"https:\/\/ladigi.vn\/thiet-ke-website\/wp-json\/wp\/v2\/product_tag?post=8888"}],"curies":[{"name":"wp","href":"https:\/\/api.w.org\/{rel}","templated":true}]}}