{"id":8892,"date":"2025-01-12T13:23:03","date_gmt":"2025-01-12T06:23:03","guid":{"rendered":"https:\/\/ladigi.vn\/thiet-ke-website\/?post_type=product&#038;p=8892"},"modified":"2025-01-12T13:24:43","modified_gmt":"2025-01-12T06:24:43","slug":"theme-wordpress-noi-that-31","status":"publish","type":"product","link":"https:\/\/ladigi.vn\/thiet-ke-website\/mau-web\/theme-wordpress-noi-that-31\/","title":{"rendered":"N\u1ed9i th\u1ea5t"},"content":{"rendered":"<p>\n Ch\u00e0o m\u1ecdi ng\u01b0\u1eddi, b\u1ea1n \u0111ang c\u00f3 nhu c\u1ea7u t\u00ecm ki\u1ebfm m\u1ed9t d\u1ecbch v\u1ee5 thi\u1ebft k\u1ebf website chuy\u00ean nghi\u1ec7p v\u00e0 \u0111\u1eb9p m\u1eaft cho c\u00f4ng ty n\u1ed9i th\u1ea5t c\u1ee7a m\u00ecnh? B\u1ea1n mu\u1ed1n giao di\u1ec7n web c\u1ee7a m\u00ecnh \u0111\u01b0\u1ee3c t\u1ed1i \u01b0u h\u00f3a \u0111\u1ec3 thu h\u00fat \u0111\u01b0\u1ee3c nhi\u1ec1u kh\u00e1ch h\u00e0ng h\u01a1n? \u0110\u1eebng lo l\u1eafng, LADIGI Agency s\u1ebd gi\u00fap b\u1ea1n gi\u1ea3i quy\u1ebft t\u1ea5t c\u1ea3 nh\u1eefng v\u1ea5n \u0111\u1ec1 n\u00e0y.\n<\/p>\n<p>\n V\u1edbi kinh nghi\u1ec7m l\u00e2u n\u0103m trong l\u0129nh v\u1ef1c thi\u1ebft k\u1ebf website, ch\u00fang t\u00f4i t\u1ef1 h\u00e0o mang \u0111\u1ebfn cho kh\u00e1ch h\u00e0ng nh\u1eefng giao di\u1ec7n web \u0111\u1eb9p, chuy\u00ean nghi\u1ec7p v\u00e0 d\u1ec5 s\u1eed d\u1ee5ng. Ch\u00fang t\u00f4i s\u1eed d\u1ee5ng m\u00e3 ngu\u1ed3n WordPress v\u1edbi Theme Flatsome v\u00e0 UX Builder \u0111\u1ec3 t\u1ea1o ra nh\u1eefng giao di\u1ec7n \u0111\u1eb9p m\u1eaft v\u00e0 t\u01b0\u01a1ng th\u00edch tr\u00ean m\u1ecdi thi\u1ebft b\u1ecb.\n<\/p>\n<p>\n M\u00e3 ngu\u1ed3n WordPress c\u00f9ng v\u1edbi Theme Flatsome v\u00e0 UX Builder gi\u00fap ch\u00fang t\u00f4i d\u1ec5 d\u00e0ng t\u00f9y bi\u1ebfn giao di\u1ec7n web theo \u00fd mu\u1ed1n c\u1ee7a kh\u00e1ch h\u00e0ng. B\u1ea1n s\u1ebd c\u00f3 \u0111\u01b0\u1ee3c m\u1ed9t website \u0111\u1ed9c \u0111\u00e1o v\u00e0 ph\u00f9 h\u1ee3p v\u1edbi th\u01b0\u01a1ng hi\u1ec7u c\u1ee7a m\u00ecnh. \u0110\u1ed3ng th\u1eddi, ch\u00fang t\u00f4i \u0111\u1ea3m b\u1ea3o t\u1ed1c \u0111\u1ed9 t\u1ea3i trang nhanh, gi\u00fap kh\u00e1ch h\u00e0ng tr\u1ea3i nghi\u1ec7m website m\u1ed9t c\u00e1ch tr\u01a1n tru v\u00e0 kh\u00f4ng g\u1eb7p ph\u1ea3i t\u00ecnh tr\u1ea1ng ch\u1edd \u0111\u1ee3i l\u00e2u.\n<\/p>\n<p>\n Ngo\u00e0i ra, ch\u00fang t\u00f4i c\u00f2n cung c\u1ea5p d\u1ecbch v\u1ee5 thi\u1ebft k\u1ebf web tr\u1ecdn g\u00f3i v\u1edbi gi\u00e1 r\u1ebb, gi\u00fap b\u1ea1n ti\u1ebft ki\u1ec7m \u0111\u01b0\u1ee3c chi ph\u00ed m\u00e0 v\u1eabn c\u00f3 \u0111\u01b0\u1ee3c m\u1ed9t website ch\u1ea5t l\u01b0\u1ee3ng. Ch\u00fang t\u00f4i cam k\u1ebft mang \u0111\u1ebfn cho kh\u00e1ch h\u00e0ng nh\u1eefng gi\u1ea3i ph\u00e1p t\u1ed1i \u01b0u nh\u1ea5t \u0111\u1ec3 \u0111\u00e1p \u1ee9ng nhu c\u1ea7u kinh doanh c\u1ee7a h\u1ecd.\n<\/p>\n<p>\n V\u1edbi \u0111\u1ed9i ng\u0169 nh\u00e2n vi\u00ean gi\u00e0u kinh nghi\u1ec7m v\u00e0 nhi\u1ec7t huy\u1ebft, ch\u00fang t\u00f4i s\u1ebd lu\u00f4n \u0111\u1ed3ng h\u00e0nh c\u00f9ng b\u1ea1n trong qu\u00e1 tr\u00ecnh thi\u1ebft k\u1ebf website. Ch\u00fang t\u00f4i cam k\u1ebft s\u1ebd \u0111\u00e1p \u1ee9ng m\u1ecdi y\u00eau c\u1ea7u v\u00e0 mong mu\u1ed1n c\u1ee7a kh\u00e1ch h\u00e0ng \u0111\u1ec3 mang \u0111\u1ebfn cho h\u1ecd m\u1ed9t website ho\u00e0n h\u1ea3o.\n<\/p>\n<p>\n \u0110\u1eebng ng\u1ea7n ng\u1ea1i li\u00ean h\u1ec7 v\u1edbi LADIGI Agency ngay h\u00f4m nay \u0111\u1ec3 \u0111\u01b0\u1ee3c t\u01b0 v\u1ea5n v\u00e0 gi\u1ea3i \u0111\u00e1p m\u1ecdi th\u1eafc m\u1eafc c\u1ee7a b\u1ea1n. Ch\u00fang t\u00f4i s\u1ebd mang \u0111\u1ebfn cho b\u1ea1n m\u1ed9t website \u0111\u1eb9p, chuy\u00ean nghi\u1ec7p v\u00e0 hi\u1ec7u qu\u1ea3 trong vi\u1ec7c thu h\u00fat kh\u00e1ch h\u00e0ng. H\u00e3y truy c\u1eadp v\u00e0o<br \/>\n <a href=\"https:\/\/ladigi.vn\/thiet-ke-website\/\"><br \/>\n  Thi\u1ebft k\u1ebf web tr\u1ecdn g\u00f3i gi\u00e1 r\u1ebb<br \/>\n <\/a><br \/>\n \u0111\u1ec3 bi\u1ebft th\u00eam chi ti\u1ebft v\u1ec1 d\u1ecbch v\u1ee5 c\u1ee7a ch\u00fang t\u00f4i.\n<\/p>\n<p>\n C\u1ea3m \u01a1n b\u1ea1n \u0111\u00e3 tin t\u01b0\u1edfng v\u00e0 l\u1ef1a ch\u1ecdn LADIGI Agency. Ch\u00fang t\u00f4i mong mu\u1ed1n \u0111\u01b0\u1ee3c h\u1ee3p t\u00e1c c\u00f9ng b\u1ea1n \u0111\u1ec3 x\u00e2y d\u1ef1ng m\u1ed9t website th\u00e0nh c\u00f4ng v\u00e0 mang l\u1ea1i l\u1ee3i \u00edch cho doanh nghi\u1ec7p c\u1ee7a b\u1ea1n. H\u00e3y \u0111\u1ec3 ch\u00fang t\u00f4i gi\u00fap b\u1ea1n th\u1ec3 hi\u1ec7n th\u01b0\u01a1ng hi\u1ec7u c\u1ee7a m\u00ecnh m\u1ed9t c\u00e1ch t\u1ed1t nh\u1ea5t tr\u00ean th\u1ecb tr\u01b0\u1eddng hi\u1ec7n nay.<\/p>\n","protected":false},"excerpt":{"rendered":"<p>D\u1ecbch v\u1ee5 Thi\u1ebft k\u1ebf website Theme Wordpress n\u1ed9i th\u1ea5t 31 mang \u0111\u1ebfn cho kh\u00e1ch h\u00e0ng m\u1ed9t giao di\u1ec7n web \u0111\u1eb9p v\u00e0 chuy\u00ean nghi\u1ec7p, d\u1ec5 s\u1eed d\u1ee5ng tr\u00ean m\u1ecdi thi\u1ebft b\u1ecb. V\u1edbi m\u00e3 ngu\u1ed3n Wordpress v\u00e0 s\u1eed d\u1ee5ng Theme Flatsome c\u00f9ng UX Builder, kh\u00e1ch h\u00e0ng c\u00f3 th\u1ec3 t\u00f9y bi\u1ebfn giao di\u1ec7n theo \u00fd mu\u1ed1n c\u1ee7a h\u1ecd. \u0110\u1eb7c bi\u1ec7t, t\u1ed1c \u0111\u1ed9 t\u1ea3i trang nhanh gi\u00fap kh\u00e1ch h\u00e0ng tr\u1ea3i nghi\u1ec7m website m\u1ed9t c\u00e1ch m\u01b0\u1ee3t m\u00e0 v\u00e0 thu\u1eadn ti\u1ec7n.<\/p>\n","protected":false},"featured_media":8893,"comment_status":"open","ping_status":"closed","template":"","meta":[],"product_cat":[16],"product_tag":[],"class_list":{"0":"post-8892","1":"product","2":"type-product","3":"status-publish","4":"has-post-thumbnail","6":"product_cat-tat-ca","8":"first","9":"instock","10":"shipping-taxable","11":"product-type-external"},"_links":{"self":[{"href":"https:\/\/ladigi.vn\/thiet-ke-website\/wp-json\/wp\/v2\/product\/8892","targetHints":{"allow":["GET"]}}],"collection":[{"href":"https:\/\/ladigi.vn\/thiet-ke-website\/wp-json\/wp\/v2\/product"}],"about":[{"href":"https:\/\/ladigi.vn\/thiet-ke-website\/wp-json\/wp\/v2\/types\/product"}],"replies":[{"embeddable":true,"href":"https:\/\/ladigi.vn\/thiet-ke-website\/wp-json\/wp\/v2\/comments?post=8892"}],"wp:featuredmedia":[{"embeddable":true,"href":"https:\/\/ladigi.vn\/thiet-ke-website\/wp-json\/wp\/v2\/media\/8893"}],"wp:attachment":[{"href":"https:\/\/ladigi.vn\/thiet-ke-website\/wp-json\/wp\/v2\/media?parent=8892"}],"wp:term":[{"taxonomy":"product_cat","embeddable":true,"href":"https:\/\/ladigi.vn\/thiet-ke-website\/wp-json\/wp\/v2\/product_cat?post=8892"},{"taxonomy":"product_tag","embeddable":true,"href":"https:\/\/ladigi.vn\/thiet-ke-website\/wp-json\/wp\/v2\/product_tag?post=8892"}],"curies":[{"name":"wp","href":"https:\/\/api.w.org\/{rel}","templated":true}]}}