{"id":8894,"date":"2025-01-12T13:52:11","date_gmt":"2025-01-12T06:52:11","guid":{"rendered":"https:\/\/ladigi.vn\/thiet-ke-website\/?post_type=product&#038;p=8894"},"modified":"2025-01-12T13:53:53","modified_gmt":"2025-01-12T06:53:53","slug":"theme-wordpress-nong-san-03","status":"publish","type":"product","link":"https:\/\/ladigi.vn\/thiet-ke-website\/mau-web\/theme-wordpress-nong-san-03\/","title":{"rendered":"N\u00f4ng s\u1ea3n"},"content":{"rendered":"<p>\n Ch\u00e0o m\u1eebng qu\u00fd kh\u00e1ch \u0111\u1ebfn v\u1edbi LADIGI Agency &#8211; \u0111\u01a1n v\u1ecb chuy\u00ean cung c\u1ea5p d\u1ecbch v\u1ee5 thi\u1ebft k\u1ebf website chuy\u00ean nghi\u1ec7p v\u00e0 uy t\u00edn h\u00e0ng \u0111\u1ea7u t\u1ea1i Vi\u1ec7t Nam.\n<\/p>\n<p>\n B\u1ea1n \u0111ang c\u00f3 nhu c\u1ea7u thi\u1ebft k\u1ebf website cho doanh nghi\u1ec7p n\u00f4ng s\u1ea3n c\u1ee7a m\u00ecnh nh\u01b0ng ch\u01b0a bi\u1ebft n\u00ean l\u1ef1a ch\u1ecdn d\u1ecbch v\u1ee5 n\u00e0o \u0111\u1ec3 \u0111\u1ea3m b\u1ea3o giao di\u1ec7n \u0111\u1eb9p, chuy\u00ean nghi\u1ec7p v\u00e0 d\u1ec5 s\u1eed d\u1ee5ng? H\u00e3y \u0111\u1ec3 LADIGI gi\u00fap b\u1ea1n gi\u1ea3i quy\u1ebft v\u1ea5n \u0111\u1ec1 n\u00e0y v\u1edbi d\u1ecbch v\u1ee5 Thi\u1ebft k\u1ebf website Theme wordpress n\u00f4ng s\u1ea3n 03.\n<\/p>\n<p>\n V\u1edbi ch\u00fang t\u00f4i, giao di\u1ec7n website kh\u00f4ng ch\u1ec9 \u0111\u1eb9p m\u1eaft m\u00e0 c\u00f2n ph\u1ea3i \u0111\u1ea3m b\u1ea3o t\u00ednh chuy\u00ean nghi\u1ec7p v\u00e0 d\u1ec5 s\u1eed d\u1ee5ng cho ng\u01b0\u1eddi d\u00f9ng. Ch\u00ednh v\u00ec v\u1eady, ch\u00fang t\u00f4i s\u1eed d\u1ee5ng m\u00e3 ngu\u1ed3n WordPress v\u1edbi Theme Flatsome v\u00e0 UX Builder \u0111\u1ec3 thi\u1ebft k\u1ebf website cho b\u1ea1n. \u0110\u00e2y l\u00e0 nh\u1eefng c\u00f4ng c\u1ee5 m\u1ea1nh m\u1ebd v\u00e0 d\u1ec5 t\u00f9y bi\u1ebfn, gi\u00fap t\u1ea1o ra giao di\u1ec7n website \u0111\u1eb9p v\u00e0 \u0111\u00e1p \u1ee9ng \u0111\u01b0\u1ee3c nhu c\u1ea7u c\u1ee7a kh\u00e1ch h\u00e0ng.\n<\/p>\n<p>\n Kh\u00f4ng ch\u1ec9 v\u1eady, giao di\u1ec7n website c\u1ee7a ch\u00fang t\u00f4i c\u00f2n \u0111\u01b0\u1ee3c t\u1ed1i \u01b0u h\u00f3a \u0111\u1ec3 t\u01b0\u01a1ng th\u00edch tr\u00ean m\u1ecdi thi\u1ebft b\u1ecb, t\u1eeb m\u00e1y t\u00ednh \u0111\u1ec3 b\u00e0n \u0111\u1ebfn \u0111i\u1ec7n tho\u1ea1i di \u0111\u1ed9ng. \u0110i\u1ec1u n\u00e0y gi\u00fap b\u1ea1n \u0111\u01b0a s\u1ea3n ph\u1ea9m v\u00e0 d\u1ecbch v\u1ee5 c\u1ee7a m\u00ecnh \u0111\u1ebfn g\u1ea7n h\u01a1n v\u1edbi kh\u00e1ch h\u00e0ng v\u00e0 t\u0103ng c\u01a1 h\u1ed9i kinh doanh.\n<\/p>\n<p>\n \u0110\u1eb7c bi\u1ec7t, ch\u00fang t\u00f4i lu\u00f4n \u0111\u1ea3m b\u1ea3o t\u1ed1c \u0111\u1ed9 t\u1ea3i trang nhanh \u0111\u1ec3 ng\u01b0\u1eddi d\u00f9ng kh\u00f4ng ph\u1ea3i ch\u1edd \u0111\u1ee3i l\u00e2u khi truy c\u1eadp website c\u1ee7a b\u1ea1n. \u0110i\u1ec1u n\u00e0y gi\u00fap t\u0103ng tr\u1ea3i nghi\u1ec7m c\u1ee7a kh\u00e1ch h\u00e0ng v\u00e0 c\u1ea3i thi\u1ec7n th\u1ee9 h\u1ea1ng c\u1ee7a website tr\u00ean c\u00e1c c\u00f4ng c\u1ee5 t\u00ecm ki\u1ebfm.\n<\/p>\n<p>\n V\u1edbi \u0111\u1ed9i ng\u0169 nh\u00e2n vi\u00ean gi\u00e0u kinh nghi\u1ec7m v\u00e0 t\u00e2m huy\u1ebft, LADIGI cam k\u1ebft mang \u0111\u1ebfn cho b\u1ea1n nh\u1eefng giao di\u1ec7n website \u0111\u1eb9p, chuy\u00ean nghi\u1ec7p v\u00e0 d\u1ec5 s\u1eed d\u1ee5ng nh\u1ea5t. Ch\u00fang t\u00f4i lu\u00f4n \u0111\u1ed3ng h\u00e0nh c\u00f9ng b\u1ea1n trong qu\u00e1 tr\u00ecnh thi\u1ebft k\u1ebf v\u00e0 cung c\u1ea5p h\u1ed7 tr\u1ee3 sau khi ho\u00e0n th\u00e0nh d\u1ef1 \u00e1n.\n<\/p>\n<p>\n Ngo\u00e0i d\u1ecbch v\u1ee5 Thi\u1ebft k\u1ebf website Theme wordpress n\u00f4ng s\u1ea3n 03, LADIGI c\u00f2n cung c\u1ea5p nhi\u1ec1u d\u1ecbch v\u1ee5 kh\u00e1c nh\u01b0 Thi\u1ebft k\u1ebf website doanh nghi\u1ec7p, Thi\u1ebft k\u1ebf website b\u00e1n h\u00e0ng, Thi\u1ebft k\u1ebf website gi\u1edbi thi\u1ec7u s\u1ea3n ph\u1ea9m&#8230; V\u1edbi ph\u01b0\u01a1ng ch\u00e2m &#8220;S\u1ef1 h\u00e0i l\u00f2ng c\u1ee7a kh\u00e1ch h\u00e0ng l\u00e0 th\u00e0nh c\u00f4ng c\u1ee7a ch\u00fang t\u00f4i&#8221;, ch\u00fang t\u00f4i cam k\u1ebft mang \u0111\u1ebfn nh\u1eefng gi\u1ea3i ph\u00e1p t\u1ed1i \u01b0u v\u00e0 hi\u1ec7u qu\u1ea3 nh\u1ea5t cho doanh nghi\u1ec7p c\u1ee7a b\u1ea1n.\n<\/p>\n<p>\n H\u00e3y \u0111\u1ebfn v\u1edbi LADIGI v\u00e0 \u0111\u1ec3 ch\u00fang t\u00f4i gi\u00fap b\u1ea1n x\u00e2y d\u1ef1ng m\u1ed9t website chuy\u00ean nghi\u1ec7p v\u00e0 hi\u1ec7u qu\u1ea3 cho doanh nghi\u1ec7p c\u1ee7a b\u1ea1n. \u0110\u1ec3 bi\u1ebft th\u00eam th\u00f4ng tin chi ti\u1ebft v\u1ec1 d\u1ecbch v\u1ee5 Thi\u1ebft k\u1ebf website doanh nghi\u1ec7p c\u1ee7a ch\u00fang t\u00f4i, vui l\u00f2ng truy c\u1eadp<br \/>\n <a href=\"https:\/\/ladigi.vn\/thiet-ke-website\/\"><br \/>\n  \u0111\u01b0\u1eddng link<br \/>\n <\/a><br \/>\n ho\u1eb7c li\u00ean h\u1ec7 v\u1edbi ch\u00fang t\u00f4i qua s\u1ed1 \u0111i\u1ec7n tho\u1ea1i 0123456789.\n<\/p>\n<p>\n C\u1ea3m \u01a1n qu\u00fd kh\u00e1ch \u0111\u00e3 tin t\u01b0\u1edfng v\u00e0 l\u1ef1a ch\u1ecdn LADIGI l\u00e0 \u0111\u1ed1i t\u00e1c tin c\u1eady c\u1ee7a m\u00ecnh. Ch\u00fang t\u00f4i hy v\u1ecdng s\u1ebd c\u00f3 c\u01a1 h\u1ed9i h\u1ee3p t\u00e1c v\u00e0 mang l\u1ea1i th\u00e0nh c\u00f4ng cho b\u1ea1n!<\/p>\n","protected":false},"excerpt":{"rendered":"<p>D\u1ecbch v\u1ee5 Thi\u1ebft k\u1ebf website Theme wordpress n\u00f4ng s\u1ea3n 03 mang \u0111\u1ebfn cho kh\u00e1ch h\u00e0ng m\u1ed9t trang web v\u1edbi giao di\u1ec7n \u0111\u1eb9p v\u00e0 chuy\u00ean nghi\u1ec7p, d\u1ec5 s\u1eed d\u1ee5ng tr\u00ean m\u1ecdi thi\u1ebft b\u1ecb. S\u1eed d\u1ee5ng m\u00e3 ngu\u1ed3n Wordpress v\u1edbi Theme Flatsome v\u00e0 UX Builder, kh\u00e1ch h\u00e0ng c\u00f3 th\u1ec3 d\u1ec5 d\u00e0ng t\u00f9y bi\u1ebfn theo \u00fd mu\u1ed1n. \u0110\u1eb7c bi\u1ec7t, t\u1ed1c \u0111\u1ed9 t\u1ea3i trang nhanh gi\u00fap t\u0103ng tr\u1ea3i nghi\u1ec7m c\u1ee7a ng\u01b0\u1eddi d\u00f9ng v\u00e0 thu h\u00fat kh\u00e1ch h\u00e0ng. V\u1edbi d\u1ecbch v\u1ee5 n\u00e0y, kh\u00e1ch h\u00e0ng s\u1ebd kh\u00f4ng c\u00f2n ph\u1ea3i lo l\u1eafng v\u1ec1 vi\u1ec7c thi\u1ebft k\u1ebf website cho n\u00f4ng s\u1ea3n c\u1ee7a m\u00ecnh.<\/p>\n","protected":false},"featured_media":8895,"comment_status":"open","ping_status":"closed","template":"","meta":[],"product_cat":[16],"product_tag":[],"class_list":{"0":"post-8894","1":"product","2":"type-product","3":"status-publish","4":"has-post-thumbnail","6":"product_cat-tat-ca","8":"first","9":"instock","10":"shipping-taxable","11":"product-type-external"},"_links":{"self":[{"href":"https:\/\/ladigi.vn\/thiet-ke-website\/wp-json\/wp\/v2\/product\/8894","targetHints":{"allow":["GET"]}}],"collection":[{"href":"https:\/\/ladigi.vn\/thiet-ke-website\/wp-json\/wp\/v2\/product"}],"about":[{"href":"https:\/\/ladigi.vn\/thiet-ke-website\/wp-json\/wp\/v2\/types\/product"}],"replies":[{"embeddable":true,"href":"https:\/\/ladigi.vn\/thiet-ke-website\/wp-json\/wp\/v2\/comments?post=8894"}],"wp:featuredmedia":[{"embeddable":true,"href":"https:\/\/ladigi.vn\/thiet-ke-website\/wp-json\/wp\/v2\/media\/8895"}],"wp:attachment":[{"href":"https:\/\/ladigi.vn\/thiet-ke-website\/wp-json\/wp\/v2\/media?parent=8894"}],"wp:term":[{"taxonomy":"product_cat","embeddable":true,"href":"https:\/\/ladigi.vn\/thiet-ke-website\/wp-json\/wp\/v2\/product_cat?post=8894"},{"taxonomy":"product_tag","embeddable":true,"href":"https:\/\/ladigi.vn\/thiet-ke-website\/wp-json\/wp\/v2\/product_tag?post=8894"}],"curies":[{"name":"wp","href":"https:\/\/api.w.org\/{rel}","templated":true}]}}