{"id":8906,"date":"2025-01-10T15:46:58","date_gmt":"2025-01-10T08:46:58","guid":{"rendered":"https:\/\/ladigi.vn\/thiet-ke-website\/?post_type=product&#038;p=8906"},"modified":"2025-01-10T15:48:30","modified_gmt":"2025-01-10T08:48:30","slug":"theme-wordpress-ban-ao-mua","status":"publish","type":"product","link":"https:\/\/ladigi.vn\/thiet-ke-website\/mau-web\/theme-wordpress-ban-ao-mua\/","title":{"rendered":"Shop b\u00e1n \u00e1o m\u01b0a"},"content":{"rendered":"<h1>\n D\u1ecbch V\u1ee5 Thi\u1ebft K\u1ebf Website Theme WordPress B\u00e1n \u00c1o M\u01b0a<br \/>\n<\/h1>\n<p>\n B\u1ea1n \u0111ang t\u00ecm ki\u1ebfm m\u1ed9t gi\u1ea3i ph\u00e1p hi\u1ec7u qu\u1ea3 \u0111\u1ec3 b\u00e1n \u00e1o m\u01b0a tr\u1ef1c tuy\u1ebfn? D\u1ecbch v\u1ee5 thi\u1ebft k\u1ebf website v\u1edbi theme WordPress, \u0111\u1eb7c bi\u1ec7t l\u00e0 theme Flatsome, ch\u00ednh l\u00e0 l\u1ef1a ch\u1ecdn ho\u00e0n h\u1ea3o cho b\u1ea1n.\n<\/p>\n<h2>\n Giao Di\u1ec7n \u0110\u1eb9p, Chuy\u00ean Nghi\u1ec7p<br \/>\n<\/h2>\n<p>\n Website c\u1ee7a b\u1ea1n s\u1ebd \u0111\u01b0\u1ee3c thi\u1ebft k\u1ebf v\u1edbi giao di\u1ec7n \u0111\u1eb9p m\u1eaft, chuy\u00ean nghi\u1ec7p, v\u00e0 \u0111\u01b0\u1ee3c t\u1ed1i \u01b0u \u0111\u1ec3 mang l\u1ea1i tr\u1ea3i nghi\u1ec7m ng\u01b0\u1eddi d\u00f9ng t\u1ed1t nh\u1ea5t. T\u1eeb m\u00e0u s\u1eafc \u0111\u1ebfn b\u1ed1 c\u1ee5c, m\u1ecdi chi ti\u1ebft \u0111\u1ec1u \u0111\u01b0\u1ee3c ch\u0103m ch\u00fat \u0111\u1ec3 th\u1ec3 hi\u1ec7n \u0111\u00fang phong c\u00e1ch th\u01b0\u01a1ng hi\u1ec7u v\u00e0 thu h\u00fat kh\u00e1ch h\u00e0ng.\n<\/p>\n<h2>\n T\u01b0\u01a1ng Th\u00edch Tr\u00ean M\u1ecdi Thi\u1ebft B\u1ecb<br \/>\n<\/h2>\n<p>\n Ch\u00fang t\u00f4i cam k\u1ebft r\u1eb1ng website c\u1ee7a b\u1ea1n s\u1ebd t\u01b0\u01a1ng th\u00edch ho\u00e0n h\u1ea3o tr\u00ean t\u1ea5t c\u1ea3 c\u00e1c lo\u1ea1i thi\u1ebft b\u1ecb, t\u1eeb m\u00e1y t\u00ednh \u0111\u1ec3 b\u00e0n, laptop \u0111\u1ebfn \u0111i\u1ec7n tho\u1ea1i di \u0111\u1ed9ng v\u00e0 m\u00e1y t\u00ednh b\u1ea3ng. \u0110i\u1ec1u n\u00e0y gi\u00fap \u0111\u1ea3m b\u1ea3o r\u1eb1ng kh\u00e1ch h\u00e0ng c\u1ee7a b\u1ea1n c\u00f3 th\u1ec3 truy c\u1eadp v\u00e0 mua s\u1eafm d\u1ec5 d\u00e0ng m\u1ecdi l\u00fac, m\u1ecdi n\u01a1i.\n<\/p>\n<h2>\n M\u00e3 Ngu\u1ed3n WordPress V\u1edbi Theme Flatsome v\u00e0 UX Builder<br \/>\n<\/h2>\n<p>\n S\u1eed d\u1ee5ng m\u00e3 ngu\u1ed3n WordPress v\u1edbi theme Flatsome, b\u1ea1n s\u1ebd d\u1ec5 d\u00e0ng t\u00f9y bi\u1ebfn giao di\u1ec7n website theo nhu c\u1ea7u v\u00e0 s\u1edf th\u00edch c\u1ee7a m\u00ecnh. Ch\u1ee9c n\u0103ng UX Builder cho ph\u00e9p b\u1ea1n k\u00e9o v\u00e0 th\u1ea3 c\u00e1c ph\u1ea7n t\u1eed \u0111\u1ec3 t\u1ea1o ra m\u1ed9t website \u0111\u1ed9c \u0111\u00e1o, ph\u00f9 h\u1ee3p v\u1edbi phong c\u00e1ch kinh doanh c\u1ee7a b\u1ea1n.\n<\/p>\n<h2>\n T\u1ed1c \u0110\u1ed9 T\u1ea3i Trang Nhanh<br \/>\n<\/h2>\n<p>\n Kh\u00e1ch h\u00e0ng s\u1ebd kh\u00f4ng ph\u1ea3i ch\u1edd \u0111\u1ee3i l\u00e2u khi truy c\u1eadp v\u00e0o trang web c\u1ee7a b\u1ea1n, nh\u1edd v\u00e0o t\u1ed1c \u0111\u1ed9 t\u1ea3i trang nhanh ch\u00f3ng. \u0110i\u1ec1u n\u00e0y kh\u00f4ng ch\u1ec9 gi\u00fap c\u1ea3i thi\u1ec7n s\u1ef1 h\u00e0i l\u00f2ng c\u1ee7a kh\u00e1ch h\u00e0ng m\u00e0 c\u00f2n c\u00f3 th\u1ec3 \u1ea3nh h\u01b0\u1edfng t\u00edch c\u1ef1c \u0111\u1ebfn SEO v\u00e0 th\u1ee9 h\u1ea1ng t\u00ecm ki\u1ebfm c\u1ee7a website.\n<\/p>\n<hr\/>\n<h3>\n Gi\u1edbi Thi\u1ec7u \u0110\u01a1n V\u1ecb Thi\u1ebft K\u1ebf Website LADIGI<br \/>\n<\/h3>\n<p>\n V\u1edbi nhi\u1ec1u n\u0103m kinh nghi\u1ec7m trong l\u0129nh v\u1ef1c thi\u1ebft k\u1ebf website, LADIGI Agency cam k\u1ebft mang \u0111\u1ebfn cho b\u1ea1n nh\u1eefng s\u1ea3n ph\u1ea9m v\u00e0 d\u1ecbch v\u1ee5 t\u1ed1t nh\u1ea5t. Ch\u00fang t\u00f4i lu\u00f4n s\u1eb5n s\u00e0ng l\u1eafng nghe v\u00e0 \u0111\u00e1p \u1ee9ng m\u1ecdi y\u00eau c\u1ea7u c\u1ee7a b\u1ea1n.\n<\/p>\n<p>\n \u0110\u1ec3 t\u00ecm hi\u1ec3u th\u00eam v\u1ec1 d\u1ecbch v\u1ee5 thi\u1ebft k\u1ebf web theo y\u00eau c\u1ea7u, h\u00e3y gh\u00e9 th\u0103m<br \/>\n <a href=\"https:\/\/ladigi.vn\/thiet-ke-website\/\"><br \/>\n  D\u1ecbch v\u1ee5 thi\u1ebft k\u1ebf web theo y\u00eau c\u1ea7u<br \/>\n <\/a><br \/>\n .\n<\/p>\n<p>\n H\u00e3y \u0111\u1ec3 LADIGI gi\u00fap b\u1ea1n x\u00e2y d\u1ef1ng m\u1ed9t website b\u00e1n \u00e1o m\u01b0a chuy\u00ean nghi\u1ec7p v\u00e0 hi\u1ec7u qu\u1ea3 ngay h\u00f4m nay!<\/p>\n","protected":false},"excerpt":{"rendered":"<p>D\u1ecbch v\u1ee5 thi\u1ebft k\u1ebf website b\u00e1n \u00e1o m\u01b0a s\u1eed d\u1ee5ng WordPress v\u1edbi theme Flatsome v\u00e0 UX Builder, mang \u0111\u1ebfn giao di\u1ec7n \u0111\u1eb9p, chuy\u00ean nghi\u1ec7p v\u00e0 d\u1ec5 s\u1eed d\u1ee5ng. Website t\u01b0\u01a1ng th\u00edch m\u1ecdi thi\u1ebft b\u1ecb, t\u1ed1c \u0111\u1ed9 t\u1ea3i trang nhanh, gi\u00fap kh\u00e1ch h\u00e0ng c\u00f3 tr\u1ea3i nghi\u1ec7m mua s\u1eafm thu\u1eadn l\u1ee3i v\u00e0 hi\u1ec7u qu\u1ea3.<\/p>\n","protected":false},"featured_media":8907,"comment_status":"open","ping_status":"closed","template":"","meta":[],"product_cat":[16],"product_tag":[],"class_list":{"0":"post-8906","1":"product","2":"type-product","3":"status-publish","4":"has-post-thumbnail","6":"product_cat-tat-ca","8":"first","9":"instock","10":"shipping-taxable","11":"product-type-external"},"_links":{"self":[{"href":"https:\/\/ladigi.vn\/thiet-ke-website\/wp-json\/wp\/v2\/product\/8906","targetHints":{"allow":["GET"]}}],"collection":[{"href":"https:\/\/ladigi.vn\/thiet-ke-website\/wp-json\/wp\/v2\/product"}],"about":[{"href":"https:\/\/ladigi.vn\/thiet-ke-website\/wp-json\/wp\/v2\/types\/product"}],"replies":[{"embeddable":true,"href":"https:\/\/ladigi.vn\/thiet-ke-website\/wp-json\/wp\/v2\/comments?post=8906"}],"wp:featuredmedia":[{"embeddable":true,"href":"https:\/\/ladigi.vn\/thiet-ke-website\/wp-json\/wp\/v2\/media\/8907"}],"wp:attachment":[{"href":"https:\/\/ladigi.vn\/thiet-ke-website\/wp-json\/wp\/v2\/media?parent=8906"}],"wp:term":[{"taxonomy":"product_cat","embeddable":true,"href":"https:\/\/ladigi.vn\/thiet-ke-website\/wp-json\/wp\/v2\/product_cat?post=8906"},{"taxonomy":"product_tag","embeddable":true,"href":"https:\/\/ladigi.vn\/thiet-ke-website\/wp-json\/wp\/v2\/product_tag?post=8906"}],"curies":[{"name":"wp","href":"https:\/\/api.w.org\/{rel}","templated":true}]}}