{"id":8912,"date":"2025-01-10T11:53:31","date_gmt":"2025-01-10T04:53:31","guid":{"rendered":"https:\/\/ladigi.vn\/thiet-ke-website\/?post_type=product&#038;p=8912"},"modified":"2025-01-10T11:58:22","modified_gmt":"2025-01-10T04:58:22","slug":"theme-wordpress-bach-hoa-04-do-tre-em-me-va-be-giong-con-cung","status":"publish","type":"product","link":"https:\/\/ladigi.vn\/thiet-ke-website\/mau-web\/theme-wordpress-bach-hoa-04-do-tre-em-me-va-be-giong-con-cung\/","title":{"rendered":"\u0110\u1ed3 tr\u1ebb em, m\u1eb9 v\u00e0 b\u00e9 gi\u1ed1ng con c\u01b0ng"},"content":{"rendered":"<h1>\n D\u1ecbch v\u1ee5 Thi\u1ebft k\u1ebf website Theme wordpress b\u00e1ch h\u00f3a 04 \u2013 \u0111\u1ed3 tr\u1ebb em, m\u1eb9 v\u00e0 b\u00e9 gi\u1ed1ng con c\u01b0ng<br \/>\n<\/h1>\n<p>\n B\u1ea1n \u0111ang c\u00f3 nhu c\u1ea7u t\u1ea1o m\u1ed9t website b\u00e1n h\u00e0ng chuy\u00ean v\u1ec1 \u0111\u1ed3 tr\u1ebb em, m\u1eb9 v\u00e0 b\u00e9? B\u1ea1n mu\u1ed1n giao di\u1ec7n web c\u1ee7a m\u00ecnh \u0111\u1eb9p, chuy\u00ean nghi\u1ec7p v\u00e0 d\u1ec5 s\u1eed d\u1ee5ng? H\u00e3y \u0111\u1ebfn v\u1edbi d\u1ecbch v\u1ee5 Thi\u1ebft k\u1ebf website Theme wordpress b\u00e1ch h\u00f3a 04 \u2013 \u0111\u1ed3 tr\u1ebb em, m\u1eb9 v\u00e0 b\u00e9 gi\u1ed1ng con c\u01b0ng t\u1ea1i LADIGI Agency.\n<\/p>\n<p>\n V\u1edbi giao di\u1ec7n \u0111\u01b0\u1ee3c thi\u1ebft k\u1ebf \u0111\u1eb9p m\u1eaft, tinh t\u1ebf v\u00e0 chuy\u00ean nghi\u1ec7p, website c\u1ee7a b\u1ea1n s\u1ebd thu h\u00fat ng\u01b0\u1eddi d\u00f9ng ngay t\u1eeb c\u00e1i nh\u00ecn \u0111\u1ea7u ti\u00ean. \u0110i\u1ec1u n\u00e0y s\u1ebd gi\u00fap t\u0103ng kh\u1ea3 n\u0103ng chuy\u1ec3n \u0111\u1ed5i kh\u00e1ch h\u00e0ng v\u00e0 t\u0103ng doanh thu cho doanh nghi\u1ec7p c\u1ee7a b\u1ea1n.\n<\/p>\n<p>\n Kh\u00f4ng ch\u1ec9 \u0111\u1eb9p m\u1eaft, giao di\u1ec7n web c\u00f2n \u0111\u01b0\u1ee3c t\u1ed1i \u01b0u h\u00f3a \u0111\u1ec3 t\u01b0\u01a1ng th\u00edch tr\u00ean m\u1ecdi thi\u1ebft b\u1ecb, t\u1eeb m\u00e1y t\u00ednh \u0111\u1ec3 b\u00e0n \u0111\u1ebfn \u0111i\u1ec7n tho\u1ea1i di \u0111\u1ed9ng. \u0110i\u1ec1u n\u00e0y gi\u00fap cho kh\u00e1ch h\u00e0ng c\u00f3 th\u1ec3 truy c\u1eadp v\u00e0 mua h\u00e0ng tr\u00ean website c\u1ee7a b\u1ea1n m\u1ed9t c\u00e1ch d\u1ec5 d\u00e0ng v\u00e0 thu\u1eadn ti\u1ec7n.\n<\/p>\n<p>\n M\u00e3 ngu\u1ed3n WordPress \u0111\u01b0\u1ee3c s\u1eed d\u1ee5ng v\u1edbi Theme Flatsome v\u00e0 UX Builder, gi\u00fap cho vi\u1ec7c t\u00f9y bi\u1ebfn giao di\u1ec7n tr\u1edf n\u00ean d\u1ec5 d\u00e0ng v\u00e0 linh ho\u1ea1t h\u01a1n bao gi\u1edd h\u1ebft. B\u1ea1n c\u00f3 th\u1ec3 thay \u0111\u1ed5i m\u00e0u s\u1eafc, font ch\u1eef, c\u1ea5u tr\u00fac trang v\u00e0 nhi\u1ec1u h\u01a1n th\u1ebf n\u1eefa m\u1ed9t c\u00e1ch nhanh ch\u00f3ng v\u00e0 \u0111\u01a1n gi\u1ea3n.\n<\/p>\n<p>\n Kh\u00f4ng ch\u1ec9 \u0111\u1eb9p v\u00e0 d\u1ec5 s\u1eed d\u1ee5ng, website c\u1ee7a b\u1ea1n c\u00f2n \u0111\u01b0\u1ee3c \u0111\u1ea3m b\u1ea3o t\u1ed1c \u0111\u1ed9 t\u1ea3i trang nhanh, gi\u00fap cho ng\u01b0\u1eddi d\u00f9ng c\u00f3 tr\u1ea3i nghi\u1ec7m mua h\u00e0ng tr\u00ean website c\u1ee7a b\u1ea1n m\u1ed9t c\u00e1ch m\u01b0\u1ee3t m\u00e0 v\u00e0 th\u00fa v\u1ecb h\u01a1n.\n<\/p>\n<p>\n V\u1edbi \u0111\u01a1n v\u1ecb thi\u1ebft k\u1ebf website LADIGI, b\u1ea1n s\u1ebd \u0111\u01b0\u1ee3c \u0111\u1ea3m b\u1ea3o s\u1ef1 chuy\u00ean nghi\u1ec7p v\u00e0 t\u1eadn t\u00e2m trong t\u1eebng b\u01b0\u1edbc thi\u1ebft k\u1ebf. Ch\u00fang t\u00f4i cam k\u1ebft mang \u0111\u1ebfn cho b\u1ea1n m\u1ed9t website \u0111\u1eb9p, chuy\u00ean nghi\u1ec7p v\u00e0 hi\u1ec7u qu\u1ea3.\n<\/p>\n<p>\n N\u1ebfu b\u1ea1n \u0111ang c\u00f3 nhu c\u1ea7u thi\u1ebft k\u1ebf m\u1ed9t website th\u00e2n thi\u1ec7n v\u1edbi di \u0111\u1ed9ng, h\u00e3y \u0111\u1ebfn v\u1edbi LADIGI Agency. Ch\u00fang t\u00f4i cam k\u1ebft s\u1ebd mang \u0111\u1ebfn cho b\u1ea1n m\u1ed9t website ho\u00e0n h\u1ea3o v\u00e0 \u0111\u00e1p \u1ee9ng m\u1ecdi y\u00eau c\u1ea7u c\u1ee7a b\u1ea1n.\n<\/p>\n<p>\n Xem th\u00eam th\u00f4ng tin v\u1ec1 d\u1ecbch v\u1ee5 thi\u1ebft k\u1ebf website t\u1ea1i \u0111\u00e2y:<br \/>\n <a href=\"https:\/\/ladigi.vn\/thiet-ke-website\/\"><br \/>\n  Thi\u1ebft k\u1ebf website th\u00e2n thi\u1ec7n v\u1edbi di \u0111\u1ed9ng LADIGI<br \/>\n <\/a><\/p>\n","protected":false},"excerpt":{"rendered":"<p>D\u1ecbch v\u1ee5 Thi\u1ebft k\u1ebf website Theme wordpress b\u00e1ch h\u00f3a 04 \u2013 \u0111\u1ed3 tr\u1ebb em, m\u1eb9 v\u00e0 b\u00e9 gi\u1ed1ng con c\u01b0ng l\u00e0 s\u1ef1 l\u1ef1a ch\u1ecdn ho\u00e0n h\u1ea3o cho nh\u1eefng ai mu\u1ed1n x\u00e2y d\u1ef1ng m\u1ed9t trang web b\u00e1n h\u00e0ng \u0111\u1ea7y \u0111\u1ee7 t\u00ednh n\u0103ng v\u00e0 chuy\u00ean nghi\u1ec7p. V\u1edbi giao di\u1ec7n \u0111\u1eb9p m\u1eaft v\u00e0 d\u1ec5 s\u1eed d\u1ee5ng, web s\u1ebd t\u01b0\u01a1ng th\u00edch tr\u00ean m\u1ecdi thi\u1ebft b\u1ecb, \u0111\u1ea3m b\u1ea3o tr\u1ea3i nghi\u1ec7m tuy\u1ec7t v\u1eddi cho kh\u00e1ch h\u00e0ng. S\u1eed d\u1ee5ng m\u00e3 ngu\u1ed3n Wordpress v\u1edbi Theme Flatsome v\u00e0 UX Builder, b\u1ea1n c\u00f3 th\u1ec3 t\u00f9y bi\u1ebfn web theo \u00fd mu\u1ed1n. \u0110\u1eb7c bi\u1ec7t, t\u1ed1c \u0111\u1ed9 t\u1ea3i trang nhanh s\u1ebd gi\u00fap web c\u1ee7a b\u1ea1n thu h\u00fat \u0111\u01b0\u1ee3c nhi\u1ec1u kh\u00e1ch h\u00e0ng h\u01a1n.<\/p>\n","protected":false},"featured_media":8913,"comment_status":"open","ping_status":"closed","template":"","meta":[],"product_cat":[16],"product_tag":[],"class_list":{"0":"post-8912","1":"product","2":"type-product","3":"status-publish","4":"has-post-thumbnail","6":"product_cat-tat-ca","8":"first","9":"instock","10":"shipping-taxable","11":"product-type-external"},"_links":{"self":[{"href":"https:\/\/ladigi.vn\/thiet-ke-website\/wp-json\/wp\/v2\/product\/8912","targetHints":{"allow":["GET"]}}],"collection":[{"href":"https:\/\/ladigi.vn\/thiet-ke-website\/wp-json\/wp\/v2\/product"}],"about":[{"href":"https:\/\/ladigi.vn\/thiet-ke-website\/wp-json\/wp\/v2\/types\/product"}],"replies":[{"embeddable":true,"href":"https:\/\/ladigi.vn\/thiet-ke-website\/wp-json\/wp\/v2\/comments?post=8912"}],"wp:featuredmedia":[{"embeddable":true,"href":"https:\/\/ladigi.vn\/thiet-ke-website\/wp-json\/wp\/v2\/media\/8913"}],"wp:attachment":[{"href":"https:\/\/ladigi.vn\/thiet-ke-website\/wp-json\/wp\/v2\/media?parent=8912"}],"wp:term":[{"taxonomy":"product_cat","embeddable":true,"href":"https:\/\/ladigi.vn\/thiet-ke-website\/wp-json\/wp\/v2\/product_cat?post=8912"},{"taxonomy":"product_tag","embeddable":true,"href":"https:\/\/ladigi.vn\/thiet-ke-website\/wp-json\/wp\/v2\/product_tag?post=8912"}],"curies":[{"name":"wp","href":"https:\/\/api.w.org\/{rel}","templated":true}]}}