{"id":8916,"date":"2025-01-12T13:57:06","date_gmt":"2025-01-12T06:57:06","guid":{"rendered":"https:\/\/ladigi.vn\/thiet-ke-website\/?post_type=product&#038;p=8916"},"modified":"2025-01-12T13:58:46","modified_gmt":"2025-01-12T06:58:46","slug":"theme-wordpress-nong-san-hat-dieu-01","status":"publish","type":"product","link":"https:\/\/ladigi.vn\/thiet-ke-website\/mau-web\/theme-wordpress-nong-san-hat-dieu-01\/","title":{"rendered":"N\u00f4ng s\u1ea3n h\u1ea1t \u0111i\u1ec1u"},"content":{"rendered":"<p>\n Ch\u00e0o m\u1ecdi ng\u01b0\u1eddi,\n<\/p>\n<p>\n B\u1ea1n \u0111ang t\u00ecm ki\u1ebfm m\u1ed9t giao di\u1ec7n website \u0111\u1eb9p, chuy\u00ean nghi\u1ec7p v\u00e0 d\u1ec5 s\u1eed d\u1ee5ng cho n\u00f4ng s\u1ea3n h\u1ea1t \u0111i\u1ec1u c\u1ee7a m\u00ecnh? V\u1eady th\u00ec h\u00e3y \u0111\u1ec3 ch\u00fang t\u00f4i gi\u1edbi thi\u1ec7u \u0111\u1ebfn b\u1ea1n d\u1ecbch v\u1ee5 Thi\u1ebft k\u1ebf website Theme wordpress n\u00f4ng s\u1ea3n h\u1ea1t \u0111i\u1ec1u 01 c\u1ee7a LADIGI Agency.\n<\/p>\n<p>\n V\u1edbi s\u1ef1 ph\u00e1t tri\u1ec3n c\u1ee7a c\u00f4ng ngh\u1ec7, vi\u1ec7c c\u00f3 m\u1ed9t website \u0111\u1eb9p v\u00e0 t\u01b0\u01a1ng th\u00edch tr\u00ean m\u1ecdi thi\u1ebft b\u1ecb l\u00e0 \u0111i\u1ec1u c\u1ea7n thi\u1ebft \u0111\u1ec3 thu h\u00fat kh\u00e1ch h\u00e0ng v\u00e0 t\u0103ng c\u01b0\u1eddng hi\u1ec7u qu\u1ea3 kinh doanh. Ch\u00ednh v\u00ec v\u1eady, ch\u00fang t\u00f4i \u0111\u00e3 t\u1ea1o ra m\u1ed9t giao di\u1ec7n web \u0111\u1eb9p m\u1eaft, chuy\u00ean nghi\u1ec7p v\u00e0 d\u1ec5 s\u1eed d\u1ee5ng \u0111\u1ec3 gi\u00fap b\u1ea1n n\u1ed5i b\u1eadt tr\u00ean th\u1ecb tr\u01b0\u1eddng.\n<\/p>\n<p>\n Giao di\u1ec7n web \u0111\u01b0\u1ee3c thi\u1ebft k\u1ebf b\u1eb1ng m\u00e3 ngu\u1ed3n WordPress v\u1edbi s\u1eed d\u1ee5ng Theme Flatsome v\u00e0 UX Builder, \u0111\u00e2y l\u00e0 nh\u1eefng c\u00f4ng c\u1ee5 m\u1ea1nh m\u1ebd gi\u00fap b\u1ea1n c\u00f3 th\u1ec3 t\u00f9y bi\u1ebfn v\u00e0 ch\u1ec9nh s\u1eeda giao di\u1ec7n theo \u00fd mu\u1ed1n m\u1ed9t c\u00e1ch d\u1ec5 d\u00e0ng. B\u1ea1n c\u00f3 th\u1ec3 thay \u0111\u1ed5i m\u00e0u s\u1eafc, font ch\u1eef, th\u00eam c\u00e1c t\u00ednh n\u0103ng m\u1edbi v\u00e0 nhi\u1ec1u h\u01a1n th\u1ebf n\u1eefa m\u00e0 kh\u00f4ng c\u1ea7n ph\u1ea3i c\u00f3 ki\u1ebfn th\u1ee9c v\u1ec1 l\u1eadp tr\u00ecnh.\n<\/p>\n<p>\n Kh\u00f4ng ch\u1ec9 \u0111\u1eb9p m\u1eaft v\u00e0 d\u1ec5 s\u1eed d\u1ee5ng, giao di\u1ec7n web c\u1ee7a ch\u00fang t\u00f4i c\u00f2n \u0111\u01b0\u1ee3c t\u1ed1i \u01b0u h\u00f3a \u0111\u1ec3 t\u0103ng t\u1ed1c \u0111\u1ed9 t\u1ea3i trang. \u0110i\u1ec1u n\u00e0y s\u1ebd gi\u00fap kh\u00e1ch h\u00e0ng c\u1ee7a b\u1ea1n c\u00f3 tr\u1ea3i nghi\u1ec7m t\u1ed1t h\u01a1n v\u00e0 t\u0103ng kh\u1ea3 n\u0103ng t\u01b0\u01a1ng t\u00e1c tr\u00ean website c\u1ee7a b\u1ea1n.\n<\/p>\n<p>\n V\u1edbi d\u1ecbch v\u1ee5 Thi\u1ebft k\u1ebf website Theme wordpress n\u00f4ng s\u1ea3n h\u1ea1t \u0111i\u1ec1u 01 c\u1ee7a LADIGI Agency, b\u1ea1n s\u1ebd c\u00f3 m\u1ed9t website chuy\u00ean nghi\u1ec7p v\u00e0 hi\u1ec7u qu\u1ea3 trong vi\u1ec7c qu\u1ea3ng b\u00e1 s\u1ea3n ph\u1ea9m c\u1ee7a m\u00ecnh. Ch\u00fang t\u00f4i cam k\u1ebft mang \u0111\u1ebfn cho b\u1ea1n m\u1ed9t giao di\u1ec7n web \u0111\u1eb9p m\u1eaft, t\u01b0\u01a1ng th\u00edch tr\u00ean m\u1ecdi thi\u1ebft b\u1ecb v\u00e0 t\u1ed1c \u0111\u1ed9 t\u1ea3i trang nhanh ch\u00f3ng.\n<\/p>\n<p>\n H\u00e3y \u0111\u1ec3 ch\u00fang t\u00f4i gi\u00fap b\u1ea1n c\u00f3 m\u1ed9t website ho\u00e0n h\u1ea3o cho n\u00f4ng s\u1ea3n h\u1ea1t \u0111i\u1ec1u c\u1ee7a b\u1ea1n. \u0110\u1ec3 bi\u1ebft th\u00eam th\u00f4ng tin chi ti\u1ebft v\u1ec1 d\u1ecbch v\u1ee5 thi\u1ebft k\u1ebf website c\u1ee7a ch\u00fang t\u00f4i, vui l\u00f2ng truy c\u1eadp<br \/>\n <a href=\"https:\/\/ladigi.vn\/thiet-ke-website\/\"><br \/>\n  \u0111\u01b0\u1eddng d\u1eabn<br \/>\n <\/a><br \/>\n .\n<\/p>\n<p>\n Ch\u00fang t\u00f4i lu\u00f4n s\u1eb5n s\u00e0ng h\u1ed7 tr\u1ee3 v\u00e0 \u0111\u1ed3ng h\u00e0nh c\u00f9ng b\u1ea1n tr\u00ean con \u0111\u01b0\u1eddng ph\u00e1t tri\u1ec3n kinh doanh. C\u1ea3m \u01a1n b\u1ea1n \u0111\u00e3 tin t\u01b0\u1edfng v\u00e0 l\u1ef1a ch\u1ecdn LADIGI Agency.\n<\/p>\n<p>\n Tr\u00e2n tr\u1ecdng,\n<\/p>\n<p>\n LADIGI Agency.<\/p>\n","protected":false},"excerpt":{"rendered":"<p>D\u1ecbch v\u1ee5 Thi\u1ebft k\u1ebf website Theme wordpress n\u00f4ng s\u1ea3n h\u1ea1t \u0111i\u1ec1u 01 mang \u0111\u1ebfn cho kh\u00e1ch h\u00e0ng m\u1ed9t giao di\u1ec7n web \u0111\u1eb9p v\u00e0 chuy\u00ean nghi\u1ec7p, d\u1ec5 s\u1eed d\u1ee5ng tr\u00ean m\u1ecdi thi\u1ebft b\u1ecb. S\u1eed d\u1ee5ng m\u00e3 ngu\u1ed3n Wordpress k\u1ebft h\u1ee3p v\u1edbi Theme Flatsome v\u00e0 UX Builder, ch\u00fang t\u00f4i \u0111\u1ea3m b\u1ea3o kh\u1ea3 n\u0103ng t\u00f9y bi\u1ebfn cao v\u00e0 t\u1ed1i \u01b0u h\u00f3a t\u1ed1c \u0111\u1ed9 t\u1ea3i trang. V\u1edbi d\u1ecbch v\u1ee5 c\u1ee7a ch\u00fang t\u00f4i, kh\u00e1ch h\u00e0ng c\u00f3 th\u1ec3 t\u1ef1 tin v\u1ec1 s\u1ef1 hi\u1ec7u qu\u1ea3 v\u00e0 \u0111\u1ed9 tin c\u1eady c\u1ee7a website c\u1ee7a m\u00ecnh.<\/p>\n","protected":false},"featured_media":8917,"comment_status":"open","ping_status":"closed","template":"","meta":[],"product_cat":[16],"product_tag":[],"class_list":{"0":"post-8916","1":"product","2":"type-product","3":"status-publish","4":"has-post-thumbnail","6":"product_cat-tat-ca","8":"first","9":"instock","10":"shipping-taxable","11":"product-type-external"},"_links":{"self":[{"href":"https:\/\/ladigi.vn\/thiet-ke-website\/wp-json\/wp\/v2\/product\/8916","targetHints":{"allow":["GET"]}}],"collection":[{"href":"https:\/\/ladigi.vn\/thiet-ke-website\/wp-json\/wp\/v2\/product"}],"about":[{"href":"https:\/\/ladigi.vn\/thiet-ke-website\/wp-json\/wp\/v2\/types\/product"}],"replies":[{"embeddable":true,"href":"https:\/\/ladigi.vn\/thiet-ke-website\/wp-json\/wp\/v2\/comments?post=8916"}],"wp:featuredmedia":[{"embeddable":true,"href":"https:\/\/ladigi.vn\/thiet-ke-website\/wp-json\/wp\/v2\/media\/8917"}],"wp:attachment":[{"href":"https:\/\/ladigi.vn\/thiet-ke-website\/wp-json\/wp\/v2\/media?parent=8916"}],"wp:term":[{"taxonomy":"product_cat","embeddable":true,"href":"https:\/\/ladigi.vn\/thiet-ke-website\/wp-json\/wp\/v2\/product_cat?post=8916"},{"taxonomy":"product_tag","embeddable":true,"href":"https:\/\/ladigi.vn\/thiet-ke-website\/wp-json\/wp\/v2\/product_tag?post=8916"}],"curies":[{"name":"wp","href":"https:\/\/api.w.org\/{rel}","templated":true}]}}