{"id":8924,"date":"2025-01-10T15:57:20","date_gmt":"2025-01-10T08:57:20","guid":{"rendered":"https:\/\/ladigi.vn\/thiet-ke-website\/?post_type=product&#038;p=8924"},"modified":"2025-01-11T11:24:07","modified_gmt":"2025-01-11T04:24:07","slug":"theme-wordpress-ban-bep-tu-03-bep-dien-thiet-bi-bep","status":"publish","type":"product","link":"https:\/\/ladigi.vn\/thiet-ke-website\/mau-web\/theme-wordpress-ban-bep-tu-03-bep-dien-thiet-bi-bep\/","title":{"rendered":"C\u1eeda h\u00e0ng b\u00e1n b\u1ebfp v\u00e0 thi\u1ebft b\u1ecb b\u1ebfp"},"content":{"rendered":"<p>\n Ch\u00e0o m\u1eebng qu\u00fd kh\u00e1ch \u0111\u1ebfn v\u1edbi LADIGI Agency &#8211; \u0111\u01a1n v\u1ecb chuy\u00ean cung c\u1ea5p d\u1ecbch v\u1ee5 thi\u1ebft k\u1ebf website chuy\u00ean nghi\u1ec7p v\u00e0 \u0111\u1eb3ng c\u1ea5p. Ch\u00fang t\u00f4i t\u1ef1 h\u00e0o l\u00e0 \u0111\u01a1n v\u1ecb h\u00e0ng \u0111\u1ea7u trong l\u0129nh v\u1ef1c thi\u1ebft k\u1ebf website v\u1edbi nhi\u1ec1u n\u0103m kinh nghi\u1ec7m v\u00e0 h\u00e0ng ng\u00e0n d\u1ef1 \u00e1n th\u00e0nh c\u00f4ng.\n<\/p>\n<p>\n B\u1ea1n \u0111ang c\u00f3 nhu c\u1ea7u t\u00ecm ki\u1ebfm m\u1ed9t website b\u00e1n b\u1ebfp t\u1eeb 03 \u2013 b\u1ebfp \u0111i\u1ec7n \u2013 thi\u1ebft b\u1ecb b\u1ebfp ch\u1ea5t l\u01b0\u1ee3ng, \u0111\u1eb9p v\u00e0 d\u1ec5 s\u1eed d\u1ee5ng? LADIGI s\u1ebd l\u00e0 \u0111\u01a1n v\u1ecb \u0111\u00e1ng tin c\u1eady \u0111\u1ec3 gi\u00fap b\u1ea1n th\u1ef1c hi\u1ec7n \u0111i\u1ec1u \u0111\u00f3.\n<\/p>\n<p>\n V\u1edbi s\u1ef1 ph\u00e1t tri\u1ec3n kh\u00f4ng ng\u1eebng c\u1ee7a c\u00f4ng ngh\u1ec7, website \u0111\u00e3 tr\u1edf th\u00e0nh m\u1ed9t c\u00f4ng c\u1ee5 quan tr\u1ecdng trong vi\u1ec7c kinh doanh v\u00e0 qu\u1ea3ng b\u00e1 s\u1ea3n ph\u1ea9m c\u1ee7a c\u00e1c doanh nghi\u1ec7p. V\u00ec v\u1eady, vi\u1ec7c c\u00f3 m\u1ed9t giao di\u1ec7n web \u0111\u01b0\u1ee3c thi\u1ebft k\u1ebf \u0111\u1eb9p, chuy\u00ean nghi\u1ec7p v\u00e0 d\u1ec5 s\u1eed d\u1ee5ng l\u00e0 r\u1ea5t quan tr\u1ecdng. \u0110i\u1ec1u n\u00e0y gi\u00fap thu h\u00fat kh\u00e1ch h\u00e0ng v\u00e0 t\u1ea1o d\u1ef1ng \u0111\u01b0\u1ee3c uy t\u00edn cho th\u01b0\u01a1ng hi\u1ec7u c\u1ee7a b\u1ea1n.\n<\/p>\n<p>\n V\u1edbi d\u1ecbch v\u1ee5 thi\u1ebft k\u1ebf website b\u00e1n b\u1ebfp t\u1eeb 03 \u2013 b\u1ebfp \u0111i\u1ec7n \u2013 thi\u1ebft b\u1ecb b\u1ebfp c\u1ee7a LADIGI, b\u1ea1n s\u1ebd s\u1edf h\u1eefu m\u1ed9t giao di\u1ec7n web tuy\u1ec7t \u0111\u1eb9p v\u00e0 chuy\u00ean nghi\u1ec7p. Ch\u00fang t\u00f4i s\u1eed d\u1ee5ng m\u00e3 ngu\u1ed3n WordPress v\u1edbi Theme Flatsome v\u00e0 UX Builder \u0111\u1ec3 t\u1ea1o ra nh\u1eefng giao di\u1ec7n \u0111\u1eb9p m\u1eaft v\u00e0 d\u1ec5 t\u00f9y bi\u1ebfn theo \u00fd mu\u1ed1n c\u1ee7a kh\u00e1ch h\u00e0ng.\n<\/p>\n<p>\n M\u1ed9t trong nh\u1eefng y\u1ebfu t\u1ed1 quan tr\u1ecdng c\u1ee7a m\u1ed9t website th\u00e0nh c\u00f4ng l\u00e0 t\u00ednh t\u01b0\u01a1ng th\u00edch tr\u00ean m\u1ecdi thi\u1ebft b\u1ecb. V\u1edbi s\u1ef1 ph\u00e1t tri\u1ec3n c\u1ee7a c\u00f4ng ngh\u1ec7 di \u0111\u1ed9ng, vi\u1ec7c c\u00f3 m\u1ed9t giao di\u1ec7n web t\u01b0\u01a1ng th\u00edch tr\u00ean c\u1ea3 m\u00e1y t\u00ednh v\u00e0 \u0111i\u1ec7n tho\u1ea1i l\u00e0 \u0111i\u1ec1u c\u1ea7n thi\u1ebft. V\u1edbi d\u1ecbch v\u1ee5 c\u1ee7a ch\u00fang t\u00f4i, b\u1ea1n s\u1ebd ho\u00e0n to\u00e0n y\u00ean t\u00e2m v\u1ec1 t\u00ednh t\u01b0\u01a1ng th\u00edch tr\u00ean m\u1ecdi thi\u1ebft b\u1ecb, gi\u00fap kh\u00e1ch h\u00e0ng truy c\u1eadp v\u00e0 mua h\u00e0ng d\u1ec5 d\u00e0ng h\u01a1n.\n<\/p>\n<p>\n Ngo\u00e0i ra, t\u1ed1c \u0111\u1ed9 t\u1ea3i trang c\u0169ng l\u00e0 m\u1ed9t y\u1ebfu t\u1ed1 quan tr\u1ecdng trong vi\u1ec7c thu h\u00fat v\u00e0 gi\u1eef ch\u00e2n kh\u00e1ch h\u00e0ng. V\u1edbi d\u1ecbch v\u1ee5 c\u1ee7a ch\u00fang t\u00f4i, b\u1ea1n s\u1ebd s\u1edf h\u1eefu m\u1ed9t website c\u00f3 t\u1ed1c \u0111\u1ed9 t\u1ea3i trang nhanh, gi\u00fap t\u0103ng tr\u1ea3i nghi\u1ec7m c\u1ee7a kh\u00e1ch h\u00e0ng v\u00e0 \u0111\u1ea3m b\u1ea3o kh\u00f4ng b\u1ecb m\u1ea5t m\u00e1t do th\u1eddi gian t\u1ea3i trang qu\u00e1 l\u00e2u.\n<\/p>\n<p>\n V\u1edbi \u0111\u1ed9i ng\u0169 nh\u00e2n vi\u00ean gi\u00e0u kinh nghi\u1ec7m v\u00e0 t\u00e2m huy\u1ebft, LADIGI cam k\u1ebft s\u1ebd mang \u0111\u1ebfn cho b\u1ea1n m\u1ed9t giao di\u1ec7n web \u0111\u1eb9p, chuy\u00ean nghi\u1ec7p v\u00e0 hi\u1ec7u qu\u1ea3. Ch\u00fang t\u00f4i lu\u00f4n \u0111\u1eb7t l\u1ee3i \u00edch c\u1ee7a kh\u00e1ch h\u00e0ng l\u00ean h\u00e0ng \u0111\u1ea7u v\u00e0 t\u1eadn t\u00ecnh h\u1ed7 tr\u1ee3 trong su\u1ed1t qu\u00e1 tr\u00ecnh thi\u1ebft k\u1ebf v\u00e0 ph\u00e1t tri\u1ec3n website.\n<\/p>\n<p>\n \u0110\u1eebng ng\u1ea7n ng\u1ea1i li\u00ean h\u1ec7 v\u1edbi ch\u00fang t\u00f4i ngay h\u00f4m nay \u0111\u1ec3 \u0111\u01b0\u1ee3c t\u01b0 v\u1ea5n v\u00e0 b\u00e1o gi\u00e1 d\u1ecbch v\u1ee5 thi\u1ebft k\u1ebf website b\u00e1n b\u1ebfp t\u1eeb 03 \u2013 b\u1ebfp \u0111i\u1ec7n \u2013 thi\u1ebft b\u1ecb b\u1ebfp. LADIGI s\u1ebd l\u00e0 \u0111\u1ed1i t\u00e1c \u0111\u00e1ng tin c\u1eady \u0111\u1ec3 gi\u00fap b\u1ea1n ph\u00e1t tri\u1ec3n kinh doanh v\u00e0 t\u1ea1o d\u1ef1ng th\u01b0\u01a1ng hi\u1ec7u c\u1ee7a m\u00ecnh tr\u00ean m\u00f4i tr\u01b0\u1eddng tr\u1ef1c tuy\u1ebfn.\n<\/p>\n<p>\n Xem th\u00eam th\u00f4ng tin v\u1ec1 d\u1ecbch v\u1ee5 thi\u1ebft k\u1ebf website c\u1ee7a LADIGI t\u1ea1i \u0111\u00e2y:<br \/>\n <a href=\"https:\/\/ladigi.vn\/thiet-ke-website\/\"><br \/>\n  C\u00f4ng ty l\u1eadp tr\u00ecnh website LADIGI<br \/>\n <\/a><br \/>\n . Ch\u00fang t\u00f4i cam k\u1ebft s\u1ebd mang \u0111\u1ebfn cho b\u1ea1n s\u1ef1 h\u00e0i l\u00f2ng v\u00e0 th\u00e0nh c\u00f4ng trong m\u1ecdi d\u1ef1 \u00e1n. H\u00e3y c\u00f9ng LADIGI tr\u1edf th\u00e0nh \u0111\u1ed1i t\u00e1c tin c\u1eady c\u1ee7a b\u1ea1n trong vi\u1ec7c ph\u00e1t tri\u1ec3n kinh doanh tr\u00ean m\u00f4i tr\u01b0\u1eddng tr\u1ef1c tuy\u1ebfn.<\/p>\n","protected":false},"excerpt":{"rendered":"<p>D\u1ecbch v\u1ee5 Thi\u1ebft k\u1ebf website Theme wordpress b\u00e1n b\u1ebfp t\u1eeb 03 l\u00e0 m\u1ed9t gi\u1ea3i ph\u00e1p ho\u00e0n h\u1ea3o cho nh\u1eefng ai \u0111ang t\u00ecm ki\u1ebfm m\u1ed9t giao di\u1ec7n web \u0111\u1eb9p, chuy\u00ean nghi\u1ec7p v\u00e0 d\u1ec5 s\u1eed d\u1ee5ng. V\u1edbi vi\u1ec7c t\u01b0\u01a1ng th\u00edch tr\u00ean m\u1ecdi thi\u1ebft b\u1ecb, ng\u01b0\u1eddi d\u00f9ng c\u00f3 th\u1ec3 truy c\u1eadp v\u00e0 mua s\u1eafm m\u1ecdi l\u00fac, m\u1ecdi n\u01a1i. S\u1eed d\u1ee5ng m\u00e3 ngu\u1ed3n Wordpress v\u1edbi Theme Flatsome v\u00e0 UX Builder, kh\u00e1ch h\u00e0ng c\u00f3 th\u1ec3 d\u1ec5 d\u00e0ng t\u00f9y bi\u1ebfn giao di\u1ec7n theo \u00fd mu\u1ed1n. \u0110\u1eb7c bi\u1ec7t, t\u1ed1c \u0111\u1ed9 t\u1ea3i trang nhanh s\u1ebd gi\u00fap t\u0103ng tr\u1ea3i nghi\u1ec7m c\u1ee7a ng\u01b0\u1eddi d\u00f9ng v\u00e0 c\u1ea3i thi\u1ec7n hi\u1ec7u qu\u1ea3 kinh doanh c\u1ee7a b\u1ea1n.<\/p>\n","protected":false},"featured_media":8925,"comment_status":"open","ping_status":"closed","template":"","meta":[],"product_cat":[16],"product_tag":[],"class_list":{"0":"post-8924","1":"product","2":"type-product","3":"status-publish","4":"has-post-thumbnail","6":"product_cat-tat-ca","8":"first","9":"instock","10":"shipping-taxable","11":"product-type-external"},"_links":{"self":[{"href":"https:\/\/ladigi.vn\/thiet-ke-website\/wp-json\/wp\/v2\/product\/8924","targetHints":{"allow":["GET"]}}],"collection":[{"href":"https:\/\/ladigi.vn\/thiet-ke-website\/wp-json\/wp\/v2\/product"}],"about":[{"href":"https:\/\/ladigi.vn\/thiet-ke-website\/wp-json\/wp\/v2\/types\/product"}],"replies":[{"embeddable":true,"href":"https:\/\/ladigi.vn\/thiet-ke-website\/wp-json\/wp\/v2\/comments?post=8924"}],"wp:featuredmedia":[{"embeddable":true,"href":"https:\/\/ladigi.vn\/thiet-ke-website\/wp-json\/wp\/v2\/media\/8925"}],"wp:attachment":[{"href":"https:\/\/ladigi.vn\/thiet-ke-website\/wp-json\/wp\/v2\/media?parent=8924"}],"wp:term":[{"taxonomy":"product_cat","embeddable":true,"href":"https:\/\/ladigi.vn\/thiet-ke-website\/wp-json\/wp\/v2\/product_cat?post=8924"},{"taxonomy":"product_tag","embeddable":true,"href":"https:\/\/ladigi.vn\/thiet-ke-website\/wp-json\/wp\/v2\/product_tag?post=8924"}],"curies":[{"name":"wp","href":"https:\/\/api.w.org\/{rel}","templated":true}]}}