{"id":8926,"date":"2025-01-12T18:54:13","date_gmt":"2025-01-12T11:54:13","guid":{"rendered":"https:\/\/ladigi.vn\/thiet-ke-website\/?post_type=product&#038;p=8926"},"modified":"2025-01-12T19:28:17","modified_gmt":"2025-01-12T12:28:17","slug":"theme-wordpress-xe-kia-01","status":"publish","type":"product","link":"https:\/\/ladigi.vn\/thiet-ke-website\/mau-web\/theme-wordpress-xe-kia-01\/","title":{"rendered":"Xe h\u01a1i"},"content":{"rendered":"<p>\n Ch\u00e0o c\u00e1c b\u1ea1n,\n<\/p>\n<p>\n B\u1ea1n \u0111ang t\u00ecm ki\u1ebfm m\u1ed9t d\u1ecbch v\u1ee5 thi\u1ebft k\u1ebf website chuy\u00ean nghi\u1ec7p v\u00e0 \u0111\u1eb9p m\u1eaft cho doanh nghi\u1ec7p c\u1ee7a m\u00ecnh? B\u1ea1n mu\u1ed1n c\u00f3 m\u1ed9t giao di\u1ec7n web d\u1ec5 s\u1eed d\u1ee5ng v\u00e0 t\u01b0\u01a1ng th\u00edch tr\u00ean m\u1ecdi thi\u1ebft b\u1ecb? H\u00e3y \u0111\u1ec3 LADIGI Agency gi\u00fap b\u1ea1n!\n<\/p>\n<p>\n V\u1edbi d\u1ecbch v\u1ee5 Thi\u1ebft k\u1ebf website Theme wordpress xe kia 01 c\u1ee7a ch\u00fang t\u00f4i, b\u1ea1n s\u1ebd c\u00f3 \u0111\u01b0\u1ee3c m\u1ed9t giao di\u1ec7n web \u0111\u1eb9p, chuy\u00ean nghi\u1ec7p v\u00e0 d\u1ec5 s\u1eed d\u1ee5ng. Ch\u00fang t\u00f4i s\u1eed d\u1ee5ng m\u00e3 ngu\u1ed3n WordPress v\u1edbi Theme Flatsome v\u00e0 UX Builder, gi\u00fap cho vi\u1ec7c t\u00f9y bi\u1ebfn giao di\u1ec7n web tr\u1edf n\u00ean d\u1ec5 d\u00e0ng v\u00e0 linh ho\u1ea1t.\n<\/p>\n<p>\n Kh\u00f4ng ch\u1ec9 v\u1eady, giao di\u1ec7n web c\u1ee7a ch\u00fang t\u00f4i c\u0169ng \u0111\u01b0\u1ee3c t\u1ed1i \u01b0u \u0111\u1ec3 t\u01b0\u01a1ng th\u00edch tr\u00ean m\u1ecdi thi\u1ebft b\u1ecb, t\u1eeb m\u00e1y t\u00ednh \u0111\u1ec3 b\u00e0n \u0111\u1ebfn \u0111i\u1ec7n tho\u1ea1i di \u0111\u1ed9ng. \u0110i\u1ec1u n\u00e0y gi\u00fap cho kh\u00e1ch h\u00e0ng c\u1ee7a b\u1ea1n c\u00f3 th\u1ec3 truy c\u1eadp v\u00e0 tr\u1ea3i nghi\u1ec7m website c\u1ee7a b\u1ea1n m\u1ed9t c\u00e1ch thu\u1eadn ti\u1ec7n nh\u1ea5t.\n<\/p>\n<p>\n Kh\u00f4ng ch\u1ec9 \u0111\u1eb9p v\u00e0 d\u1ec5 s\u1eed d\u1ee5ng, giao di\u1ec7n web c\u1ee7a ch\u00fang t\u00f4i c\u00f2n \u0111\u01b0\u1ee3c t\u1ed1i \u01b0u \u0111\u1ec3 t\u1ea3i trang nhanh, gi\u00fap cho kh\u00e1ch h\u00e0ng kh\u00f4ng ph\u1ea3i ch\u1edd \u0111\u1ee3i l\u00e2u \u0111\u1ec3 c\u00f3 th\u1ec3 truy c\u1eadp v\u00e0 t\u00ecm ki\u1ebfm th\u00f4ng tin tr\u00ean website c\u1ee7a b\u1ea1n.\n<\/p>\n<p>\n V\u1edbi \u0111\u1ed9i ng\u0169 thi\u1ebft k\u1ebf chuy\u00ean nghi\u1ec7p v\u00e0 kinh nghi\u1ec7m, LADIGI Agency cam k\u1ebft s\u1ebd mang \u0111\u1ebfn cho b\u1ea1n m\u1ed9t d\u1ecbch v\u1ee5 thi\u1ebft k\u1ebf website chuy\u00ean nghi\u1ec7p v\u00e0 tr\u1ecdn g\u00f3i. Ch\u00fang t\u00f4i lu\u00f4n \u0111\u1eb7t s\u1ef1 h\u00e0i l\u00f2ng c\u1ee7a kh\u00e1ch h\u00e0ng l\u00ean h\u00e0ng \u0111\u1ea7u v\u00e0 s\u1eb5n s\u00e0ng h\u1ed7 tr\u1ee3 b\u1ea1n trong qu\u00e1 tr\u00ecnh thi\u1ebft k\u1ebf v\u00e0 ph\u00e1t tri\u1ec3n website.\n<\/p>\n<p>\n H\u00e3y \u0111\u1ec3 LADIGI Agency gi\u00fap b\u1ea1n c\u00f3 m\u1ed9t giao di\u1ec7n web \u0111\u1eb9p, chuy\u00ean nghi\u1ec7p v\u00e0 t\u1ed1i \u01b0u \u0111\u1ec3 thu h\u00fat kh\u00e1ch h\u00e0ng v\u00e0 n\u00e2ng cao hi\u1ec7u qu\u1ea3 kinh doanh c\u1ee7a b\u1ea1n. \u0110\u1ec3 bi\u1ebft th\u00eam th\u00f4ng tin chi ti\u1ebft v\u1ec1 d\u1ecbch v\u1ee5 thi\u1ebft k\u1ebf website c\u1ee7a ch\u00fang t\u00f4i, vui l\u00f2ng truy c\u1eadp<br \/>\n <a href=\"https:\/\/ladigi.vn\/thiet-ke-website\/\"><br \/>\n  Thi\u1ebft k\u1ebf website chuy\u00ean nghi\u1ec7p tr\u1ecdn g\u00f3i LADIGI<br \/>\n <\/a><br \/>\n .\n<\/p>\n<p>\n H\u00e3y \u0111\u1ec3 ch\u00fang t\u00f4i gi\u00fap b\u1ea1n x\u00e2y d\u1ef1ng m\u1ed9t website ho\u00e0n h\u1ea3o cho doanh nghi\u1ec7p c\u1ee7a b\u1ea1n!<\/p>\n","protected":false},"excerpt":{"rendered":"<p>D\u1ecbch v\u1ee5 Thi\u1ebft k\u1ebf website Theme wordpress xe kia 01 l\u00e0 s\u1ef1 l\u1ef1a ch\u1ecdn ho\u00e0n h\u1ea3o cho c\u00e1c doanh nghi\u1ec7p v\u1ec1 xe h\u01a1i. V\u1edbi giao di\u1ec7n \u0111\u1eb9p, chuy\u00ean nghi\u1ec7p v\u00e0 d\u1ec5 s\u1eed d\u1ee5ng, website s\u1ebd t\u1ea1o \u1ea5n t\u01b0\u1ee3ng m\u1ea1nh m\u1ebd \u0111\u1ed1i v\u1edbi kh\u00e1ch h\u00e0ng. \u0110\u1eb7c bi\u1ec7t, giao di\u1ec7n \u0111\u01b0\u1ee3c t\u1ed1i \u01b0u \u0111\u1ec3 t\u01b0\u01a1ng th\u00edch tr\u00ean m\u1ecdi thi\u1ebft b\u1ecb, gi\u00fap kh\u00e1ch h\u00e0ng d\u1ec5 d\u00e0ng truy c\u1eadp v\u00e0 tr\u1ea3i nghi\u1ec7m s\u1ea3n ph\u1ea9m. S\u1eed d\u1ee5ng m\u00e3 ngu\u1ed3n Wordpress v\u1edbi Theme Flatsome v\u00e0 UX Builder, kh\u00e1ch h\u00e0ng c\u00f3 th\u1ec3 t\u00f9y bi\u1ebfn website theo \u00fd mu\u1ed1n m\u1ed9t c\u00e1ch d\u1ec5 d\u00e0ng. \u0110i\u1ec1u \u0111\u1eb7c bi\u1ec7t l\u00e0 t\u1ed1c \u0111\u1ed9 t\u1ea3i trang nhanh, gi\u00fap kh\u00e1ch h\u00e0ng tr\u1ea3i nghi\u1ec7m website m\u1ed9t c\u00e1ch m\u01b0\u1ee3t m\u00e0 v\u00e0 thu\u1eadn ti\u1ec7n.<\/p>\n","protected":false},"featured_media":8927,"comment_status":"open","ping_status":"closed","template":"","meta":[],"product_cat":[16],"product_tag":[],"class_list":{"0":"post-8926","1":"product","2":"type-product","3":"status-publish","4":"has-post-thumbnail","6":"product_cat-tat-ca","8":"first","9":"instock","10":"shipping-taxable","11":"product-type-external"},"_links":{"self":[{"href":"https:\/\/ladigi.vn\/thiet-ke-website\/wp-json\/wp\/v2\/product\/8926","targetHints":{"allow":["GET"]}}],"collection":[{"href":"https:\/\/ladigi.vn\/thiet-ke-website\/wp-json\/wp\/v2\/product"}],"about":[{"href":"https:\/\/ladigi.vn\/thiet-ke-website\/wp-json\/wp\/v2\/types\/product"}],"replies":[{"embeddable":true,"href":"https:\/\/ladigi.vn\/thiet-ke-website\/wp-json\/wp\/v2\/comments?post=8926"}],"wp:featuredmedia":[{"embeddable":true,"href":"https:\/\/ladigi.vn\/thiet-ke-website\/wp-json\/wp\/v2\/media\/8927"}],"wp:attachment":[{"href":"https:\/\/ladigi.vn\/thiet-ke-website\/wp-json\/wp\/v2\/media?parent=8926"}],"wp:term":[{"taxonomy":"product_cat","embeddable":true,"href":"https:\/\/ladigi.vn\/thiet-ke-website\/wp-json\/wp\/v2\/product_cat?post=8926"},{"taxonomy":"product_tag","embeddable":true,"href":"https:\/\/ladigi.vn\/thiet-ke-website\/wp-json\/wp\/v2\/product_tag?post=8926"}],"curies":[{"name":"wp","href":"https:\/\/api.w.org\/{rel}","templated":true}]}}